{"id":21847,"date":"2014-03-28T10:11:36","date_gmt":"2014-03-28T10:11:36","guid":{"rendered":"https:\/\/www.gevorest.com\/sr\/gevorest-2\/"},"modified":"2024-11-22T13:27:00","modified_gmt":"2024-11-22T13:27:00","slug":"gevorest-2","status":"publish","type":"page","link":"https:\/\/www.gevorest.com\/sr\/","title":{"rendered":"Gevorest"},"content":{"rendered":"<p>[vc_row row_type=&#8221;row&#8221; use_row_as_full_screen_section=&#8221;no&#8221; type=&#8221;grid&#8221; angled_section=&#8221;no&#8221; text_align=&#8221;left&#8221; background_image_as_pattern=&#8221;without_pattern&#8221; background_color=&#8221;#ffffff&#8221; padding_top=&#8221;97&#8243; css_animation=&#8221;&#8221;][vc_column][vc_separator type=&#8221;transparent&#8221; up=&#8221;10&#8243; down=&#8221;0&#8243;][vc_column_text]<\/p>\n<h2 style=\"text-align: center;\">DOBRO DO\u0160LI U GEVOREST<\/h2>\n<p>[\/vc_column_text][vc_separator type=&#8221;small&#8221; position=&#8221;center&#8221; up=&#8221;7&#8243; down=&#8221;38&#8243;][vc_column_text]<\/p>\n<p style=\"text-align: center;\" data-pm-slice=\"1 1 []\">Za nas je dobar san neophodan preduslov za zdraviji, srec\u0301niji i dinami\u010dniji \u017eivot. U Gevorestu slu\u017eimo kvalitetu dobrog sna, ne proizvodimo samo du\u0161eke, vec\u0301 stvaramo idealno okru\u017eenje koje pobolj\u0161ava kvalitet sna, \u010dinec\u0301i ga dragoceno\u0161\u0107u u koju vredi ulagati.<\/p>\n<p>[\/vc_column_text][vc_empty_space][vc_column_text]<\/p>\n<p style=\"text-align: center;\" data-pm-slice=\"1 1 []\">U Gevorestu kombinujemo nauku i dizajn u proizvodima koji postavljaju osnovu za dobro i zdravo iskustvo sna. Za idealan kvalitet sna, potreban vam je triptih: baza (osnova kreveta), du\u0161ek i jastuk. Savr\u0161ena kombinacija koja doprinosi apsorpciji i eliminisanju svih pritisaka na telo, uvek u cilju poravnanja ki\u010dme i vrata. Preporu\u010duje se da kupovini takvih proizvoda prethodi detaljan test uz pomoc\u0301 kvalifikovanog Gevorest konsultanta za dobar san.<\/p>\n<p>[\/vc_column_text][vc_separator type=&#8221;transparent&#8221; up=&#8221;80&#8243; down=&#8221;0&#8243;][vc_single_image image=&#8221;23018&#8243; img_size=&#8221;full&#8221; alignment=&#8221;center&#8221; qode_css_animation=&#8221;element_from_fade&#8221; qode_hover_animation=&#8221;zoom_in&#8221;][vc_separator type=&#8221;transparent&#8221; up=&#8221;80&#8243; down=&#8221;0&#8243;][\/vc_column][\/vc_row][vc_row row_type=&#8221;row&#8221; use_row_as_full_screen_section=&#8221;no&#8221; type=&#8221;grid&#8221; anchor=&#8221;portfolio&#8221; angled_section=&#8221;no&#8221; text_align=&#8221;left&#8221; background_image_as_pattern=&#8221;without_pattern&#8221; padding_top=&#8221;52&#8243; padding_bottom=&#8221;0&#8243; css_animation=&#8221;&#8221;][vc_column][vc_column_text]<\/p>\n<h2 style=\"text-align: center;\">NA\u0160I PROIZVODI<\/h2>\n<p>[\/vc_column_text][vc_separator type=&#8221;small&#8221; position=&#8221;center&#8221; up=&#8221;7&#8243; down=&#8221;45&#8243;][\/vc_column][\/vc_row][vc_row row_type=&#8221;row&#8221; use_row_as_full_screen_section=&#8221;no&#8221; type=&#8221;full_width&#8221; angled_section=&#8221;no&#8221; text_align=&#8221;left&#8221; background_image_as_pattern=&#8221;without_pattern&#8221; css_animation=&#8221;&#8221; el_class=&#8221;home-categories-grid&#8221;][vc_column width=&#8221;1\/4&#8243;]<div class=\"q_image_with_text_over \"><div class=\"shader\" style = \"background-color: rgba(0,0,0,0.1)\"><\/div><img decoding=\"async\" itemprop=\"image\" src=\"https:\/\/www.gevorest.com\/wp-content\/uploads\/2023\/11\/19\u03b67.jpg\" alt=\"\" \/><div class=\"text\"><table><tr><td><h3 class=\"caption no_icon\" style=\"\"><\/h3><\/td><\/tr><\/table><table><tr><td><div class=\"desc\">https:\/\/www.gevorest.com\/sr\/19%ce%b67\/<\/div><\/td><\/tr><\/table><\/div><\/div>[\/vc_column][vc_column width=&#8221;1\/4&#8243;]<div class=\"q_image_with_text_over \"><div class=\"shader\" style = \"background-color: rgba(0,0,0,0.1)\"><\/div><img decoding=\"async\" itemprop=\"image\" src=\"https:\/\/www.gevorest.com\/wp-content\/uploads\/2023\/11\/Mattress.jpg\" alt=\"Du\u0161eci\" \/><div class=\"text\"><table><tr><td><h2 class=\"caption no_icon\" style=\"color: #565656;\">Du\u0161eci<\/h2><\/td><\/tr><\/table><table><tr><td><div class=\"desc\">https:\/\/www.gevorest.com\/sr\/mattresses\/<\/div><\/td><\/tr><\/table><\/div><\/div>[\/vc_column][vc_column width=&#8221;1\/4&#8243;]<div class=\"q_image_with_text_over \"><div class=\"shader\" style = \"background-color: rgba(0,0,0,0.1)\"><\/div><img decoding=\"async\" itemprop=\"image\" src=\"https:\/\/www.gevorest.com\/wp-content\/uploads\/2023\/11\/Bases.jpg\" alt=\"Baze\" \/><div class=\"text\"><table><tr><td><h2 class=\"caption no_icon\" style=\"\">Baze<\/h2><\/td><\/tr><\/table><table><tr><td><div class=\"desc\">https:\/\/www.gevorest.com\/sr\/divans\/<\/div><\/td><\/tr><\/table><\/div><\/div>[\/vc_column][vc_column width=&#8221;1\/4&#8243;]<div class=\"q_image_with_text_over \"><div class=\"shader\" style = \"background-color: rgba(0,0,0,0.1)\"><\/div><img decoding=\"async\" itemprop=\"image\" src=\"https:\/\/www.gevorest.com\/wp-content\/uploads\/2023\/11\/Headboards.jpg\" alt=\"Uzglavlja\" \/><div class=\"text\"><table><tr><td><h2 class=\"caption no_icon\" style=\"\">Uzglavlja<\/h2><\/td><\/tr><\/table><table><tr><td><div class=\"desc\">https:\/\/www.gevorest.com\/sr\/headboards\/<\/div><\/td><\/tr><\/table><\/div><\/div>[\/vc_column][\/vc_row][vc_row row_type=&#8221;row&#8221; use_row_as_full_screen_section=&#8221;no&#8221; type=&#8221;full_width&#8221; angled_section=&#8221;no&#8221; text_align=&#8221;left&#8221; background_image_as_pattern=&#8221;without_pattern&#8221; css_animation=&#8221;&#8221; el_class=&#8221;home-categories-grid&#8221;][vc_column width=&#8221;1\/4&#8243;]<div class=\"q_image_with_text_over \"><div class=\"shader\" style = \"background-color: rgba(0,0,0,0.15)\"><\/div><img decoding=\"async\" itemprop=\"image\" src=\"https:\/\/www.gevorest.com\/wp-content\/uploads\/2023\/11\/Pillows.jpg\" alt=\"Jastuci\" \/><div class=\"text\"><table><tr><td><h2 class=\"caption no_icon\" style=\"color: #ffffff;\">Jastuci<\/h2><\/td><\/tr><\/table><table><tr><td><div class=\"desc\">https:\/\/www.gevorest.com\/sr\/pillows\/<\/div><\/td><\/tr><\/table><\/div><\/div>[\/vc_column][vc_column width=&#8221;1\/4&#8243;]<div class=\"q_image_with_text_over \"><div class=\"shader\" style = \"background-color: rgba(0,0,0,0.1)\"><\/div><img decoding=\"async\" itemprop=\"image\" src=\"https:\/\/www.gevorest.com\/wp-content\/uploads\/2023\/11\/Protectors.jpg\" alt=\"Za\u0161tite\" \/><div class=\"text\"><table><tr><td><h2 class=\"caption no_icon\" style=\"color: #565656;\">Za\u0161tite<\/h2><\/td><\/tr><\/table><table><tr><td><div class=\"desc\">https:\/\/www.gevorest.com\/sr\/protective-covers\/<\/div><\/td><\/tr><\/table><\/div><\/div>[\/vc_column][vc_column width=&#8221;1\/4&#8243;]<div class=\"q_image_with_text_over \"><div class=\"shader\" style = \"background-color: rgba(0,0,0,0.1)\"><\/div><img decoding=\"async\" itemprop=\"image\" src=\"https:\/\/www.gevorest.com\/wp-content\/uploads\/2023\/11\/Bed-Linen.jpg\" alt=\"Posteljina\" \/><div class=\"text\"><table><tr><td><h2 class=\"caption no_icon\" style=\"color: #565656;\">Posteljina<\/h2><\/td><\/tr><\/table><table><tr><td><div class=\"desc\">https:\/\/www.gevorest.com\/sr\/bed-linen\/<\/div><\/td><\/tr><\/table><\/div><\/div>[\/vc_column][vc_column width=&#8221;1\/4&#8243;]<div class=\"q_image_with_text_over \"><div class=\"shader\" style = \"background-color: rgba(0,0,0,0.09)\"><\/div><img decoding=\"async\" itemprop=\"image\" src=\"https:\/\/www.gevorest.com\/wp-content\/uploads\/2023\/11\/Quilts.jpg\" alt=\"Jorgani\" \/><div class=\"text\"><table><tr><td><h2 class=\"caption no_icon\" style=\"\">Jorgani<\/h2><\/td><\/tr><\/table><table><tr><td><div class=\"desc\">https:\/\/www.gevorest.com\/sr\/quilt-me\/<\/div><\/td><\/tr><\/table><\/div><\/div>[\/vc_column][\/vc_row][vc_row row_type=&#8221;row&#8221; use_row_as_full_screen_section=&#8221;no&#8221; type=&#8221;grid&#8221; angled_section=&#8221;no&#8221; text_align=&#8221;left&#8221; background_image_as_pattern=&#8221;without_pattern&#8221; background_color=&#8221;#ffffff&#8221; padding_top=&#8221;87&#8243; padding_bottom=&#8221;34&#8243; css_animation=&#8221;&#8221;][vc_column][vc_row_inner row_type=&#8221;row&#8221; type=&#8221;full_width&#8221; text_align=&#8221;left&#8221; css_animation=&#8221;&#8221;][vc_column_inner width=&#8221;1\/3&#8243;]<div class='q_icon_with_title medium normal_icon'><div class=\"icon_holder q_icon_animation\" style=\" transition-delay: 100ms; -webkit-transition-delay: 100ms; -moz-transition-delay: 100ms; -o-transition-delay: 100ms;\"><span data-icon-type=\"normal\"   style=\"font-size: 38px;\" class=\"qode_iwt_icon_holder q_font_awsome_icon fa-3x \"><i class=\"qode_icon_font_awesome fa fa-cubes qode_iwt_icon_element\" style=\"color: #c0c0c0;\" ><\/i><\/span><\/div><div class=\"icon_text_holder\" style=\"\"><div class=\"icon_text_inner\" style=\"\"><h5 class=\"icon_title\" style=\"\">RAZLI\u010cITOST<\/h5><p style=''>Mekoc\u0301a\/osec\u0301aj. Boja. Plan. Veli\u010dina. Po ceni koju \u017eelite i prilago\u0111enoj prema va\u0161im potrebama i va\u0161em \u017eivotnom stilu.<\/p><\/div><\/div><\/div>[vc_separator type=&#8221;transparent&#8221; up=&#8221;26&#8243; down=&#8221;0&#8243;][\/vc_column_inner][vc_column_inner width=&#8221;1\/3&#8243;]<div class='q_icon_with_title medium normal_icon'><div class=\"icon_holder q_icon_animation\" style=\" transition-delay: 200ms; -webkit-transition-delay: 200ms; -moz-transition-delay: 200ms; -o-transition-delay: 200ms;\"><span data-icon-type=\"normal\"   style=\"font-size: 38px;\" class=\"qode_iwt_icon_holder q_font_awsome_icon fa-3x \"><i class=\"qode_icon_font_awesome fa fa-cogs qode_iwt_icon_element\" style=\"color: #c0c0c0;\" ><\/i><\/span><\/div><div class=\"icon_text_holder\" style=\"\"><div class=\"icon_text_inner\" style=\"\"><h5 class=\"icon_title\" style=\"\">IDEALNO OKRU\u017dENJE ZA DOBAR SAN<\/h5><p style=''>Ne proizvodimo samo du\u0161eke, vec\u0301 kompletno okru\u017eenje za dobar san, sa naprednim dizajnom i visokom estetikom.<\/p><\/div><\/div><\/div>[vc_separator type=&#8221;transparent&#8221; up=&#8221;26&#8243; down=&#8221;0&#8243;][\/vc_column_inner][vc_column_inner width=&#8221;1\/3&#8243;]<div class='q_icon_with_title medium normal_icon'><div class=\"icon_holder q_icon_animation\" style=\" transition-delay: 300ms; -webkit-transition-delay: 300ms; -moz-transition-delay: 300ms; -o-transition-delay: 300ms;\"><span data-icon-type=\"normal\"   style=\"font-size: 38px;\" class=\"qode_iwt_icon_holder q_font_awsome_icon fa-3x \"><i class=\"qode_icon_font_awesome fa fa-bed qode_iwt_icon_element\" style=\"color: #c0c0c0;\" ><\/i><\/span><\/div><div class=\"icon_text_holder\" style=\"\"><div class=\"icon_text_inner\" style=\"\"><h5 class=\"icon_title\" style=\"\">ARHITEKTURA JEDNE STRANE<\/h5><p style=''>Arhitekturom jedne strane posti\u017eemo harmoni\u010dnu funkciju svih materijala, u\u017eivajuc\u0301i u maksimalnom komforu i odgovarajuc\u0301oj potpori uz istovremeno povec\u0301anje trajnosti du\u0161eka.<\/p><\/div><\/div><\/div>[vc_separator type=&#8221;transparent&#8221; up=&#8221;26&#8243; down=&#8221;0&#8243;][\/vc_column_inner][\/vc_row_inner][vc_row_inner row_type=&#8221;row&#8221; type=&#8221;full_width&#8221; text_align=&#8221;left&#8221; css_animation=&#8221;&#8221;][vc_column_inner width=&#8221;1\/3&#8243;]<div class='q_icon_with_title medium normal_icon'><div class=\"icon_holder q_icon_animation\" style=\" transition-delay: 400ms; -webkit-transition-delay: 400ms; -moz-transition-delay: 400ms; -o-transition-delay: 400ms;\"><span data-icon-type=\"normal\"   style=\"font-size: 38px;\" class=\"qode_iwt_icon_holder q_font_awsome_icon fa-3x \"><i class=\"qode_icon_font_awesome fa fa-thumb-tack qode_iwt_icon_element\" style=\"color: #c0c0c0;\" ><\/i><\/span><\/div><div class=\"icon_text_holder\" style=\"\"><div class=\"icon_text_inner\" style=\"\"><h5 class=\"icon_title\" style=\"\">IZABERITE SVOJU ... STRANU!<\/h5><p style=''>Kada spavate, ne pravite kompromise...odaberite mekoc\u0301u SVOJE strane i u\u017eivajte u snu onako kako \u017eelite.<\/p><\/div><\/div><\/div>[vc_separator type=&#8221;transparent&#8221; up=&#8221;26&#8243; down=&#8221;0&#8243;][\/vc_column_inner][vc_column_inner width=&#8221;1\/3&#8243;]<div class='q_icon_with_title medium normal_icon'><div class=\"icon_holder q_icon_animation\" style=\" transition-delay: 500ms; -webkit-transition-delay: 500ms; -moz-transition-delay: 500ms; -o-transition-delay: 500ms;\"><span data-icon-type=\"normal\"   style=\"font-size: 38px;\" class=\"qode_iwt_icon_holder q_font_awsome_icon fa-3x \"><i class=\"qode_icon_font_awesome fa fa-check qode_iwt_icon_element\" style=\"color: #c0c0c0;\" ><\/i><\/span><\/div><div class=\"icon_text_holder\" style=\"\"><div class=\"icon_text_inner\" style=\"\"><h5 class=\"icon_title\" style=\"\">KVALITET<\/h5><p style=''>Nenadma\u0161an kvalitet kroz kontinuirano istra\u017eivanje, visoku estetiku, kori\u0161c\u0301enjem najboljih materijala na tr\u017ei\u0161tu tokom vremena.<\/p><\/div><\/div><\/div>[vc_separator type=&#8221;transparent&#8221; up=&#8221;26&#8243; down=&#8221;0&#8243;][\/vc_column_inner][vc_column_inner width=&#8221;1\/3&#8243;]<div class='q_icon_with_title medium normal_icon'><div class=\"icon_holder q_icon_animation\" style=\" transition-delay: 600ms; -webkit-transition-delay: 600ms; -moz-transition-delay: 600ms; -o-transition-delay: 600ms;\"><span data-icon-type=\"normal\"   style=\"font-size: 38px;\" class=\"qode_iwt_icon_holder q_font_awsome_icon fa-3x \"><i class=\"qode_icon_font_awesome fa fa-truck qode_iwt_icon_element\" style=\"color: #c0c0c0;\" ><\/i><\/span><\/div><div class=\"icon_text_holder\" style=\"\"><div class=\"icon_text_inner\" style=\"\"><h5 class=\"icon_title\" style=\"\">BESPLATNA DOSTAVA I UGRADNJA<\/h5><p style=''>Besplatno dostavljamo \u0161irom Beograda, donosec\u0301i idealno iskustvo dobrog sna na va\u0161a vrata!<\/p><\/div><\/div><\/div>[vc_separator type=&#8221;transparent&#8221; up=&#8221;26&#8243; down=&#8221;0&#8243;][\/vc_column_inner][\/vc_row_inner][\/vc_column][\/vc_row][vc_row row_type=&#8221;row&#8221; use_row_as_full_screen_section=&#8221;no&#8221; type=&#8221;grid&#8221; angled_section=&#8221;no&#8221; text_align=&#8221;left&#8221; background_image_as_pattern=&#8221;without_pattern&#8221; padding_top=&#8221;54&#8243; padding_bottom=&#8221;58&#8243; css_animation=&#8221;&#8221;][vc_column][vc_column_text]<\/p>\n<h4 style=\"text-align: center;\"><\/h4>\n<p>[\/vc_column_text][\/vc_column][\/vc_row]<\/p>\n","protected":false},"excerpt":{"rendered":"<p>[vc_row row_type=&#8221;row&#8221; use_row_as_full_screen_section=&#8221;no&#8221; type=&#8221;grid&#8221; angled_section=&#8221;no&#8221; text_align=&#8221;left&#8221; background_image_as_pattern=&#8221;without_pattern&#8221; background_color=&#8221;#ffffff&#8221; padding_top=&#8221;97&#8243; css_animation=&#8221;&#8221;][vc_column][vc_separator type=&#8221;transparent&#8221; up=&#8221;10&#8243; down=&#8221;0&#8243;][vc_column_text] DOBRO DO\u0160LI U GEVOREST [\/vc_column_text][vc_separator type=&#8221;small&#8221; position=&#8221;center&#8221; up=&#8221;7&#8243; down=&#8221;38&#8243;][vc_column_text] Za nas je dobar san neophodan preduslov za zdraviji, srec\u0301niji i dinami\u010dniji \u017eivot. U Gevorestu slu\u017eimo kvalitetu dobrog sna, ne proizvodimo samo du\u0161eke,&#8230;<\/p>\n","protected":false},"author":1,"featured_media":0,"parent":0,"menu_order":0,"comment_status":"open","ping_status":"open","template":"full_width.php","meta":{"footnotes":""},"class_list":["post-21847","page","type-page","status-publish","hentry"],"yoast_head":"<!-- This site is optimized with the Yoast SEO plugin v27.2 - https:\/\/yoast.com\/product\/yoast-seo-wordpress\/ -->\n<title>GEVOREST Pru\u017ea vrhunsko iskustvo dobrog sna od 1967.<\/title>\n<meta name=\"description\" content=\"\u03a3\u03c4\u03b7\u03bd Gevorest \u03c0\u03c1\u03bf\u03c3\u03c6\u03ad\u03c1\u03bf\u03c5\u03bc\u03b5; \u03a3\u03c4\u03c1\u03ce\u03bc\u03b1\u03c4\u03b1 \u039a\u03cd\u03c0\u03c1\u03bf\u03c2 , \u03b2\u03b1\u03c3\u03b5\u03b9\u03c2, \u03bd\u03c4\u03b9\u03b2\u03b1\u03bd\u03b9\u03b1, \u03ba\u03b5\u03c6\u03b1\u03bb\u03b1\u03c1\u03b9\u03b5\u03c2, \u03ba\u03c1\u03b5\u03b2\u03ac\u03c4\u03b9\u03b1, \u03c3\u03b5\u03bd\u03c4\u03cc\u03bd\u03b9\u03b1, \u03c0\u03b1\u03c0\u03bb\u03ce\u03bc\u03b1\u03c4\u03b1, \u03bc\u03b1\u03be\u03b9\u03bb\u03b1\u03c1\u03b9\u03b1, \u03c0\u03c1\u03bf\u03c3\u03c4\u03b1\u03c4\u03b5\u03c5\u03c4\u03b9\u03ba\u03b1 \u03c3\u03c4\u03c1\u03c9\u03bc\u03b1\u03c4\u03bf\u03c2 \u03ba\u03b1\u03b9 \u03bb\u03b5\u03c5\u03ba\u03ac \u03b5\u03af\u03b4\u03b7\" \/>\n<meta name=\"robots\" content=\"index, follow, max-snippet:-1, max-image-preview:large, max-video-preview:-1\" \/>\n<link rel=\"canonical\" href=\"https:\/\/www.gevorest.com\/sr\/\" \/>\n<meta property=\"og:locale\" content=\"sr_RS\" \/>\n<meta property=\"og:type\" content=\"article\" \/>\n<meta property=\"og:title\" content=\"GEVOREST Pru\u017ea vrhunsko iskustvo dobrog sna od 1967.\" \/>\n<meta property=\"og:description\" content=\"\u03a3\u03c4\u03b7\u03bd Gevorest \u03c0\u03c1\u03bf\u03c3\u03c6\u03ad\u03c1\u03bf\u03c5\u03bc\u03b5; \u03a3\u03c4\u03c1\u03ce\u03bc\u03b1\u03c4\u03b1 \u039a\u03cd\u03c0\u03c1\u03bf\u03c2 , \u03b2\u03b1\u03c3\u03b5\u03b9\u03c2, \u03bd\u03c4\u03b9\u03b2\u03b1\u03bd\u03b9\u03b1, \u03ba\u03b5\u03c6\u03b1\u03bb\u03b1\u03c1\u03b9\u03b5\u03c2, \u03ba\u03c1\u03b5\u03b2\u03ac\u03c4\u03b9\u03b1, \u03c3\u03b5\u03bd\u03c4\u03cc\u03bd\u03b9\u03b1, \u03c0\u03b1\u03c0\u03bb\u03ce\u03bc\u03b1\u03c4\u03b1, \u03bc\u03b1\u03be\u03b9\u03bb\u03b1\u03c1\u03b9\u03b1, \u03c0\u03c1\u03bf\u03c3\u03c4\u03b1\u03c4\u03b5\u03c5\u03c4\u03b9\u03ba\u03b1 \u03c3\u03c4\u03c1\u03c9\u03bc\u03b1\u03c4\u03bf\u03c2 \u03ba\u03b1\u03b9 \u03bb\u03b5\u03c5\u03ba\u03ac \u03b5\u03af\u03b4\u03b7\" \/>\n<meta property=\"og:url\" content=\"https:\/\/www.gevorest.com\/sr\/\" \/>\n<meta property=\"og:site_name\" content=\"Gevorest\" \/>\n<meta property=\"article:modified_time\" content=\"2024-11-22T13:27:00+00:00\" \/>\n<meta name=\"twitter:card\" content=\"summary_large_image\" \/>\n<meta name=\"twitter:label1\" content=\"Est. reading time\" \/>\n\t<meta name=\"twitter:data1\" content=\"5 minutes\" \/>\n<script type=\"application\/ld+json\" class=\"yoast-schema-graph\">{\"@context\":\"https:\/\/schema.org\",\"@graph\":[{\"@type\":\"WebPage\",\"@id\":\"https:\/\/www.gevorest.com\/sr\/\",\"url\":\"https:\/\/www.gevorest.com\/sr\/\",\"name\":\"GEVOREST Pru\u017ea vrhunsko iskustvo dobrog sna od 1967.\",\"isPartOf\":{\"@id\":\"https:\/\/www.gevorest.com\/#website\"},\"datePublished\":\"2014-03-28T10:11:36+00:00\",\"dateModified\":\"2024-11-22T13:27:00+00:00\",\"description\":\"\u03a3\u03c4\u03b7\u03bd Gevorest \u03c0\u03c1\u03bf\u03c3\u03c6\u03ad\u03c1\u03bf\u03c5\u03bc\u03b5; \u03a3\u03c4\u03c1\u03ce\u03bc\u03b1\u03c4\u03b1 \u039a\u03cd\u03c0\u03c1\u03bf\u03c2 , \u03b2\u03b1\u03c3\u03b5\u03b9\u03c2, \u03bd\u03c4\u03b9\u03b2\u03b1\u03bd\u03b9\u03b1, \u03ba\u03b5\u03c6\u03b1\u03bb\u03b1\u03c1\u03b9\u03b5\u03c2, \u03ba\u03c1\u03b5\u03b2\u03ac\u03c4\u03b9\u03b1, \u03c3\u03b5\u03bd\u03c4\u03cc\u03bd\u03b9\u03b1, \u03c0\u03b1\u03c0\u03bb\u03ce\u03bc\u03b1\u03c4\u03b1, \u03bc\u03b1\u03be\u03b9\u03bb\u03b1\u03c1\u03b9\u03b1, \u03c0\u03c1\u03bf\u03c3\u03c4\u03b1\u03c4\u03b5\u03c5\u03c4\u03b9\u03ba\u03b1 \u03c3\u03c4\u03c1\u03c9\u03bc\u03b1\u03c4\u03bf\u03c2 \u03ba\u03b1\u03b9 \u03bb\u03b5\u03c5\u03ba\u03ac \u03b5\u03af\u03b4\u03b7\",\"breadcrumb\":{\"@id\":\"https:\/\/www.gevorest.com\/sr\/#breadcrumb\"},\"inLanguage\":\"sr-RS\",\"potentialAction\":[{\"@type\":\"ReadAction\",\"target\":[\"https:\/\/www.gevorest.com\/sr\/\"]}]},{\"@type\":\"BreadcrumbList\",\"@id\":\"https:\/\/www.gevorest.com\/sr\/#breadcrumb\",\"itemListElement\":[{\"@type\":\"ListItem\",\"position\":1,\"name\":\"Home\",\"item\":\"https:\/\/www.gevorest.com\/sr\/\"},{\"@type\":\"ListItem\",\"position\":2,\"name\":\"Gevorest\"}]},{\"@type\":\"WebSite\",\"@id\":\"https:\/\/www.gevorest.com\/#website\",\"url\":\"https:\/\/www.gevorest.com\/\",\"name\":\"Gevorest\",\"description\":\"Serves the Quality of Sleep since 1967\",\"publisher\":{\"@id\":\"https:\/\/www.gevorest.com\/#organization\"},\"potentialAction\":[{\"@type\":\"SearchAction\",\"target\":{\"@type\":\"EntryPoint\",\"urlTemplate\":\"https:\/\/www.gevorest.com\/?s={search_term_string}\"},\"query-input\":{\"@type\":\"PropertyValueSpecification\",\"valueRequired\":true,\"valueName\":\"search_term_string\"}}],\"inLanguage\":\"sr-RS\"},{\"@type\":\"Organization\",\"@id\":\"https:\/\/www.gevorest.com\/#organization\",\"name\":\"Gevorest\",\"url\":\"https:\/\/www.gevorest.com\/\",\"logo\":{\"@type\":\"ImageObject\",\"inLanguage\":\"sr-RS\",\"@id\":\"https:\/\/www.gevorest.com\/#\/schema\/logo\/image\/\",\"url\":\"https:\/\/www.gevorest.com\/wp-content\/uploads\/2018\/06\/gevorest_logo_2018.png\",\"contentUrl\":\"https:\/\/www.gevorest.com\/wp-content\/uploads\/2018\/06\/gevorest_logo_2018.png\",\"width\":1282,\"height\":423,\"caption\":\"Gevorest\"},\"image\":{\"@id\":\"https:\/\/www.gevorest.com\/#\/schema\/logo\/image\/\"}}]}<\/script>\n<!-- \/ Yoast SEO plugin. -->","yoast_head_json":{"title":"GEVOREST Pru\u017ea vrhunsko iskustvo dobrog sna od 1967.","description":"\u03a3\u03c4\u03b7\u03bd Gevorest \u03c0\u03c1\u03bf\u03c3\u03c6\u03ad\u03c1\u03bf\u03c5\u03bc\u03b5; \u03a3\u03c4\u03c1\u03ce\u03bc\u03b1\u03c4\u03b1 \u039a\u03cd\u03c0\u03c1\u03bf\u03c2 , \u03b2\u03b1\u03c3\u03b5\u03b9\u03c2, \u03bd\u03c4\u03b9\u03b2\u03b1\u03bd\u03b9\u03b1, \u03ba\u03b5\u03c6\u03b1\u03bb\u03b1\u03c1\u03b9\u03b5\u03c2, \u03ba\u03c1\u03b5\u03b2\u03ac\u03c4\u03b9\u03b1, \u03c3\u03b5\u03bd\u03c4\u03cc\u03bd\u03b9\u03b1, \u03c0\u03b1\u03c0\u03bb\u03ce\u03bc\u03b1\u03c4\u03b1, \u03bc\u03b1\u03be\u03b9\u03bb\u03b1\u03c1\u03b9\u03b1, \u03c0\u03c1\u03bf\u03c3\u03c4\u03b1\u03c4\u03b5\u03c5\u03c4\u03b9\u03ba\u03b1 \u03c3\u03c4\u03c1\u03c9\u03bc\u03b1\u03c4\u03bf\u03c2 \u03ba\u03b1\u03b9 \u03bb\u03b5\u03c5\u03ba\u03ac \u03b5\u03af\u03b4\u03b7","robots":{"index":"index","follow":"follow","max-snippet":"max-snippet:-1","max-image-preview":"max-image-preview:large","max-video-preview":"max-video-preview:-1"},"canonical":"https:\/\/www.gevorest.com\/sr\/","og_locale":"sr_RS","og_type":"article","og_title":"GEVOREST Pru\u017ea vrhunsko iskustvo dobrog sna od 1967.","og_description":"\u03a3\u03c4\u03b7\u03bd Gevorest \u03c0\u03c1\u03bf\u03c3\u03c6\u03ad\u03c1\u03bf\u03c5\u03bc\u03b5; \u03a3\u03c4\u03c1\u03ce\u03bc\u03b1\u03c4\u03b1 \u039a\u03cd\u03c0\u03c1\u03bf\u03c2 , \u03b2\u03b1\u03c3\u03b5\u03b9\u03c2, \u03bd\u03c4\u03b9\u03b2\u03b1\u03bd\u03b9\u03b1, \u03ba\u03b5\u03c6\u03b1\u03bb\u03b1\u03c1\u03b9\u03b5\u03c2, \u03ba\u03c1\u03b5\u03b2\u03ac\u03c4\u03b9\u03b1, \u03c3\u03b5\u03bd\u03c4\u03cc\u03bd\u03b9\u03b1, \u03c0\u03b1\u03c0\u03bb\u03ce\u03bc\u03b1\u03c4\u03b1, \u03bc\u03b1\u03be\u03b9\u03bb\u03b1\u03c1\u03b9\u03b1, \u03c0\u03c1\u03bf\u03c3\u03c4\u03b1\u03c4\u03b5\u03c5\u03c4\u03b9\u03ba\u03b1 \u03c3\u03c4\u03c1\u03c9\u03bc\u03b1\u03c4\u03bf\u03c2 \u03ba\u03b1\u03b9 \u03bb\u03b5\u03c5\u03ba\u03ac \u03b5\u03af\u03b4\u03b7","og_url":"https:\/\/www.gevorest.com\/sr\/","og_site_name":"Gevorest","article_modified_time":"2024-11-22T13:27:00+00:00","twitter_card":"summary_large_image","twitter_misc":{"Est. reading time":"5 minutes"},"schema":{"@context":"https:\/\/schema.org","@graph":[{"@type":"WebPage","@id":"https:\/\/www.gevorest.com\/sr\/","url":"https:\/\/www.gevorest.com\/sr\/","name":"GEVOREST Pru\u017ea vrhunsko iskustvo dobrog sna od 1967.","isPartOf":{"@id":"https:\/\/www.gevorest.com\/#website"},"datePublished":"2014-03-28T10:11:36+00:00","dateModified":"2024-11-22T13:27:00+00:00","description":"\u03a3\u03c4\u03b7\u03bd Gevorest \u03c0\u03c1\u03bf\u03c3\u03c6\u03ad\u03c1\u03bf\u03c5\u03bc\u03b5; \u03a3\u03c4\u03c1\u03ce\u03bc\u03b1\u03c4\u03b1 \u039a\u03cd\u03c0\u03c1\u03bf\u03c2 , \u03b2\u03b1\u03c3\u03b5\u03b9\u03c2, \u03bd\u03c4\u03b9\u03b2\u03b1\u03bd\u03b9\u03b1, \u03ba\u03b5\u03c6\u03b1\u03bb\u03b1\u03c1\u03b9\u03b5\u03c2, \u03ba\u03c1\u03b5\u03b2\u03ac\u03c4\u03b9\u03b1, \u03c3\u03b5\u03bd\u03c4\u03cc\u03bd\u03b9\u03b1, \u03c0\u03b1\u03c0\u03bb\u03ce\u03bc\u03b1\u03c4\u03b1, \u03bc\u03b1\u03be\u03b9\u03bb\u03b1\u03c1\u03b9\u03b1, \u03c0\u03c1\u03bf\u03c3\u03c4\u03b1\u03c4\u03b5\u03c5\u03c4\u03b9\u03ba\u03b1 \u03c3\u03c4\u03c1\u03c9\u03bc\u03b1\u03c4\u03bf\u03c2 \u03ba\u03b1\u03b9 \u03bb\u03b5\u03c5\u03ba\u03ac \u03b5\u03af\u03b4\u03b7","breadcrumb":{"@id":"https:\/\/www.gevorest.com\/sr\/#breadcrumb"},"inLanguage":"sr-RS","potentialAction":[{"@type":"ReadAction","target":["https:\/\/www.gevorest.com\/sr\/"]}]},{"@type":"BreadcrumbList","@id":"https:\/\/www.gevorest.com\/sr\/#breadcrumb","itemListElement":[{"@type":"ListItem","position":1,"name":"Home","item":"https:\/\/www.gevorest.com\/sr\/"},{"@type":"ListItem","position":2,"name":"Gevorest"}]},{"@type":"WebSite","@id":"https:\/\/www.gevorest.com\/#website","url":"https:\/\/www.gevorest.com\/","name":"Gevorest","description":"Serves the Quality of Sleep since 1967","publisher":{"@id":"https:\/\/www.gevorest.com\/#organization"},"potentialAction":[{"@type":"SearchAction","target":{"@type":"EntryPoint","urlTemplate":"https:\/\/www.gevorest.com\/?s={search_term_string}"},"query-input":{"@type":"PropertyValueSpecification","valueRequired":true,"valueName":"search_term_string"}}],"inLanguage":"sr-RS"},{"@type":"Organization","@id":"https:\/\/www.gevorest.com\/#organization","name":"Gevorest","url":"https:\/\/www.gevorest.com\/","logo":{"@type":"ImageObject","inLanguage":"sr-RS","@id":"https:\/\/www.gevorest.com\/#\/schema\/logo\/image\/","url":"https:\/\/www.gevorest.com\/wp-content\/uploads\/2018\/06\/gevorest_logo_2018.png","contentUrl":"https:\/\/www.gevorest.com\/wp-content\/uploads\/2018\/06\/gevorest_logo_2018.png","width":1282,"height":423,"caption":"Gevorest"},"image":{"@id":"https:\/\/www.gevorest.com\/#\/schema\/logo\/image\/"}}]}},"_links":{"self":[{"href":"https:\/\/www.gevorest.com\/sr\/wp-json\/wp\/v2\/pages\/21847","targetHints":{"allow":["GET"]}}],"collection":[{"href":"https:\/\/www.gevorest.com\/sr\/wp-json\/wp\/v2\/pages"}],"about":[{"href":"https:\/\/www.gevorest.com\/sr\/wp-json\/wp\/v2\/types\/page"}],"author":[{"embeddable":true,"href":"https:\/\/www.gevorest.com\/sr\/wp-json\/wp\/v2\/users\/1"}],"replies":[{"embeddable":true,"href":"https:\/\/www.gevorest.com\/sr\/wp-json\/wp\/v2\/comments?post=21847"}],"version-history":[{"count":0,"href":"https:\/\/www.gevorest.com\/sr\/wp-json\/wp\/v2\/pages\/21847\/revisions"}],"wp:attachment":[{"href":"https:\/\/www.gevorest.com\/sr\/wp-json\/wp\/v2\/media?parent=21847"}],"curies":[{"name":"wp","href":"https:\/\/api.w.org\/{rel}","templated":true}]}}