{"id":21867,"date":"2016-07-25T19:44:46","date_gmt":"2016-07-25T19:44:46","guid":{"rendered":"https:\/\/www.gevorest.com\/sr\/19%ce%b67\/"},"modified":"2025-03-12T10:56:08","modified_gmt":"2025-03-12T10:56:08","slug":"19%ce%b67","status":"publish","type":"page","link":"https:\/\/www.gevorest.com\/sr\/19%ce%b67\/","title":{"rendered":"19\u03b67"},"content":{"rendered":"<p>[vc_row row_type=&#8221;row&#8221; use_row_as_full_screen_section=&#8221;no&#8221; type=&#8221;grid&#8221; angled_section=&#8221;no&#8221; text_align=&#8221;left&#8221; background_image_as_pattern=&#8221;without_pattern&#8221; background_color=&#8221;#ffffff&#8221; padding_top=&#8221;30&#8243; css_animation=&#8221;&#8221;][vc_column][vc_column_text]<\/p>\n<h2 style=\"text-align: center;\">\u00ab\u010cUDESNI SVET BROJEVA!\u00bb<\/h2>\n<p>[\/vc_column_text][vc_separator type=&#8221;small&#8221; position=&#8221;center&#8221; up=&#8221;7&#8243; down=&#8221;38&#8243;][vc_column_text]<\/p>\n<h4 style=\"text-align: center;\">Sve oko nas je izra\u017eeno brojevima: oblici, koli\u010dine, visine, te\u017eine, dubine, \u0161irine, zapremine, udaljenosti, vrednosti i mno\u0161tvo drugih brojeva koji opisuju mnoge i raznolike odnose izme\u0111u ljudi i sredine u kojoj \u017eive.<\/h4>\n<p>[\/vc_column_text][vc_separator type=&#8221;transparent&#8221; up=&#8221;35&#8243; down=&#8221;22&#8243;][vc_single_image image=&#8221;15957&#8243; img_size=&#8221;full&#8221; alignment=&#8221;center&#8221; qode_css_animation=&#8221;element_from_bottom&#8221; transition_delay=&#8221;0.3&#8243;][\/vc_column][\/vc_row][vc_row row_type=&#8221;row&#8221; use_row_as_full_screen_section=&#8221;no&#8221; type=&#8221;grid&#8221; angled_section=&#8221;no&#8221; text_align=&#8221;left&#8221; background_image_as_pattern=&#8221;without_pattern&#8221; padding_top=&#8221;20&#8243; padding_bottom=&#8221;20&#8243; css_animation=&#8221;&#8221;][vc_column][vc_column_text]<\/p>\n<h2 style=\"text-align: center;\">ZA\u0160TO BISTE \u00abIMENOVALI\u00bb SVOJ DU\u0160EK 19\u03967;<\/h2>\n<p>[\/vc_column_text][vc_separator type=&#8221;small&#8221; position=&#8221;center&#8221; up=&#8221;7&#8243; down=&#8221;38&#8243;][\/vc_column][\/vc_row][vc_row row_type=&#8221;row&#8221; use_row_as_full_screen_section=&#8221;no&#8221; type=&#8221;grid&#8221; angled_section=&#8221;no&#8221; text_align=&#8221;left&#8221; background_image_as_pattern=&#8221;without_pattern&#8221; padding_top=&#8221;20&#8243; css_animation=&#8221;&#8221;][vc_column width=&#8221;1\/2&#8243;][vc_column_text]<strong>Po\u010detna jedinica (1)<\/strong>: predstavlja godinu 1967 kada je GEVOREST osnovan.<br \/>\n1967. godine proizveli smo na\u0161 prvi du\u0161ek. Odnosno, neki od na\u0161ih \u00abPionirskih kolega\u00bb su tada sanjali, zami\u0161ljali, dizajnirali, testirali, me\u0161ali materijale svojim trudom, kreativno\u0161c\u0301u i naporom i rezultat dose\u017ee do na\u0161ih dana\u0161njih dana. Gevorest je od tada &#8220;Pionir&#8221; u kiparskoj industriji dobrog sna ! Danas, Gevorest ponovo kreira taj prvi set za dobar san, sa svom svojom odgovorno\u0161c\u0301u koju nosi sa sobom mnogo godina!<br \/>\nDakle, 1. je prvi!<\/p>\n<p>&nbsp;<\/p>\n<p><strong>Broj (9)<\/strong>: je \u00abtehni\u010dki deo\u00bb i predstavlja 8 nivoa Udobnosti &amp; Podr\u0161ke u imenu 19z7,<br \/>\nplus 1 nivo individualnosti u ose\u0107aju. To jest, broj 9 predstavlja Tehni\u010dke podatke du\u0161eka![\/vc_column_text][vc_separator type=&#8221;transparent&#8221; up=&#8221;89&#8243; down=&#8221;0&#8243;][\/vc_column][vc_column width=&#8221;1\/2&#8243;][vc_column_text]<strong>Slovo (Z)<\/strong>: Slovo (Z) je \u0161esto slovo gr\u010dke azbuke. Dobar san daje: \u017eivot, vitalnost, \u017eivost, podmla\u0111ivanje. Energija zna\u010di: pravim, stvaram, kre\u0107em se, osec\u0301am, radim, razmi\u0161ljam, napredujem, igram se, boli me, prenosim na drugog, brinem se, prenosim, izmi\u0161ljam, patim se, poma\u017eem, sumnjam, preduzimam, di\u0161em, me\u0161am, predajem, ohrabrujem, promovi\u0161em, takmi\u010dim se, obavezujem se, razumem, odgovaram, inspiri\u0161em se, procenjujem, borim se, odgovoran sam, vi\u010dem, ispunjavam, treniram, znam, probam, grabim, ose\u0107am, u\u010dim, guram, oslobadjam se, eksperimenti\u0161em, povla\u010dim, napredujem, odu\u0161evljavam se, smejem se, zabavljam se &#8230; jednom re\u010dju \u2026 \u017divim!<\/p>\n<p>&nbsp;<\/p>\n<p><strong>Broj (7)<\/strong>:\u00a0predstavlja 7 elemenata pore\u0111enja : Estetika, Izgled, Detalj, Arhitektura, Nauka, Razli\u010ditost, Gevorest[\/vc_column_text][vc_separator type=&#8221;transparent&#8221; up=&#8221;40&#8243; down=&#8221;0&#8243;][\/vc_column][\/vc_row][vc_row row_type=&#8221;row&#8221; use_row_as_full_screen_section=&#8221;no&#8221; type=&#8221;full_width&#8221; angled_section=&#8221;no&#8221; text_align=&#8221;left&#8221; background_image_as_pattern=&#8221;without_pattern&#8221; padding_top=&#8221;0&#8243; padding_bottom=&#8221;0&#8243; css_animation=&#8221;&#8221;][vc_column]<div class=\"call_to_action normal\" style=\"background-color: #c0c0c0;\"><div class=\"container_inner\"><div class=\"text_wrapper \"><div class=\"call_to_action_text \" style=\"\">Ukratko, imamo: 1. set za spavanje \u2013 sa 9 tehni\u010dkih prednosti \u2013 koji nudi \u017eivotnu energiju \u2013 u 7 elemenata pore\u0111enja. 19z7!!!<\/div><\/div><\/div><\/div>[\/vc_column][\/vc_row][vc_row row_type=&#8221;row&#8221; use_row_as_full_screen_section=&#8221;no&#8221; type=&#8221;grid&#8221; angled_section=&#8221;no&#8221; text_align=&#8221;left&#8221; background_image_as_pattern=&#8221;without_pattern&#8221; background_color=&#8221;#ffffff&#8221; padding_top=&#8221;87&#8243; padding_bottom=&#8221;15&#8243; css_animation=&#8221;&#8221;][vc_column][vc_column_text]<\/p>\n<h2 style=\"text-align: center;\">TEHNI\u010cKE KARAKTERISTIKE<\/h2>\n<p>[\/vc_column_text][vc_separator type=&#8221;small&#8221; position=&#8221;center&#8221; up=&#8221;7&#8243; down=&#8221;38&#8243;][\/vc_column][\/vc_row][vc_row row_type=&#8221;row&#8221; use_row_as_full_screen_section=&#8221;no&#8221; type=&#8221;grid&#8221; angled_section=&#8221;no&#8221; text_align=&#8221;left&#8221; background_image_as_pattern=&#8221;without_pattern&#8221; background_color=&#8221;#ffffff&#8221; padding_bottom=&#8221;30&#8243; css_animation=&#8221;&#8221;][vc_column width=&#8221;1\/4&#8243;][vc_accordion active_tab=&#8221;1&#8243; collapsible=&#8221;yes&#8221; style=&#8221;boxed_accordion&#8221; el_class=&#8221;details-accordion&#8221;][vc_accordion_tab title=&#8221;VELI\u010cINE&#8221;][vc_column_text]<\/p>\n<ul>\n<li>92 x 192 x 67 cm<\/li>\n<li>107 x 192 x 67 cm<\/li>\n<li>137 x 192 x 67 cm<\/li>\n<li>153 x 192 x 67 cm<\/li>\n<li>160 x 200 x 67 cm<\/li>\n<li>180 x 200 x 67 cm<\/li>\n<\/ul>\n<p>Pored navedenih veli\u010dina, mogu se proizvesti i veli\u010dine po narud\u017ebi.[\/vc_column_text][\/vc_accordion_tab][vc_accordion_tab title=&#8221;OPRUGE&#8221;][vc_column_text]Nezavisne opruge koje idealno i ciljano podupiru telo u svakom njegovom delu, obezbe\u0111ujuc\u0301i nam pobolj\u0161anu anatomsku i ortopedsku podr\u0161ku. Njihova konstrukcija ih \u010dini idealnim za parove zbog smanjenog prenosa pritiska i osec\u0301aja pokreta sa jedne strane du\u0161eka na drugu.[\/vc_column_text][\/vc_accordion_tab][vc_accordion_tab title=&#8221;DOSTUPNOST BOJE BORDER&#8221;][vc_column_text]Izbor od 7 obojenih rombova \u00a0i 3 \u00a0jednobojna dezena.[\/vc_column_text][\/vc_accordion_tab][vc_accordion_tab title=&#8221;TKANINA POVR\u0160INE ZA SPAVANJE&#8221;][vc_column_text]Pletena tkanina od organskog pamuka sa pobolj\u0161anim kona\u010dnim osec\u0301ajem mekoc\u0301e koju du\u0161ek daje. Obogac\u0301ena Aloe Verom i prirodnim uljima koja spre\u010davaju rast klica i mikroorganizama.[\/vc_column_text][\/vc_accordion_tab][vc_accordion_tab title=&#8221;HLADJENJE -NADDU\u0160EK &#8220;][vc_column_text]Memorijska pena za hla\u0111enje sa strukturom otvorenih c\u0301elija je pogodna za klimatske uslove Kipra. Prilago\u0111ava se oblinama tela, smanjuje pritisak i povec\u0301ava udobnost bez izazivanja ose\u0107aja toplote.[\/vc_column_text][\/vc_accordion_tab][\/vc_accordion][\/vc_column][vc_column width=&#8221;1\/4&#8243;][vc_accordion active_tab=&#8221;1&#8243; collapsible=&#8221;yes&#8221; style=&#8221;boxed_accordion&#8221; el_class=&#8221;details-accordion&#8221;][vc_accordion_tab title=&#8221;OKOLNO OJA\u010cANJE&#8221;][vc_column_text]Oja\u010danje okolne ivice sun\u0111erom doprinosi izdr\u017eljivosti du\u0161eka, kao i dr\u017eanju na\u0161eg tela u stabilnom i udobnom polo\u017eaju sve do ivice du\u0161eka, kako bi se iskoristila celokupna povr\u0161ina du\u0161eka, u\u017eivajuc\u0301i u svim materijalima do ivice.[\/vc_column_text][\/vc_accordion_tab][vc_accordion_tab title=&#8221;PENASTI MATERIJALVISOKOG STEPENA OBNAVLJANJA SA 5 ZONA&#8221;][vc_column_text]Penasti materijal visokog stepena obnavljanja sa 5 zona koje doprinose anatomiji du\u0161eka. U kombinaciji sa strukturom otvorenih c\u0301elija omoguc\u0301ava slobodan prolaz vazduha i brzo uklanjanje toplote i vlage.[\/vc_column_text][\/vc_accordion_tab][vc_accordion_tab title=&#8221;UDOBNOST I PODR\u0160KA&#8221;][vc_column_text]U kombinaciji sa dvostrukim nezavisnim oprugama du\u0161eka, maksimalno se pove\u0107ava udobnost i podr\u0161ka.[\/vc_column_text][\/vc_accordion_tab][vc_accordion_tab title=&#8221;MEKO\u0106A&#8221;][vc_column_text]<\/p>\n<ul>\n<li>Meko \u2013 Srednje<\/li>\n<li>Srednje \u2013 Tvrdo<\/li>\n<\/ul>\n<p>[\/vc_column_text][\/vc_accordion_tab][vc_accordion_tab title=&#8221;LATEKS&#8221;][vc_column_text]Visoko elasti\u010dan penasti materijal tipa lateksa koji zna\u010dajno doprinosi anatomiji du\u0161eka, zahvaljujuc\u0301i njegovoj odli\u010dnoj ventilaciji, omoguc\u0301ava slobodan prolaz vazduha i brzo uklanjanje toplote i vlage.[\/vc_column_text][\/vc_accordion_tab][\/vc_accordion][\/vc_column][vc_column width=&#8221;2\/4&#8243;][vc_single_image image=&#8221;16049&#8243; img_size=&#8221;full&#8221; qode_css_animation=&#8221;&#8221;][\/vc_column][\/vc_row]<\/p>\n","protected":false},"excerpt":{"rendered":"<p>[vc_row row_type=&#8221;row&#8221; use_row_as_full_screen_section=&#8221;no&#8221; type=&#8221;grid&#8221; angled_section=&#8221;no&#8221; text_align=&#8221;left&#8221; background_image_as_pattern=&#8221;without_pattern&#8221; background_color=&#8221;#ffffff&#8221; padding_top=&#8221;30&#8243; css_animation=&#8221;&#8221;][vc_column][vc_column_text] \u00ab\u010cUDESNI SVET BROJEVA!\u00bb [\/vc_column_text][vc_separator type=&#8221;small&#8221; position=&#8221;center&#8221; up=&#8221;7&#8243; down=&#8221;38&#8243;][vc_column_text] Sve oko nas je izra\u017eeno brojevima: oblici, koli\u010dine, visine, te\u017eine, dubine, \u0161irine, zapremine, udaljenosti, vrednosti i mno\u0161tvo drugih brojeva koji opisuju mnoge i raznolike odnose izme\u0111u ljudi&#8230;<\/p>\n","protected":false},"author":1,"featured_media":0,"parent":0,"menu_order":0,"comment_status":"open","ping_status":"open","template":"full_width.php","meta":{"footnotes":""},"class_list":["post-21867","page","type-page","status-publish","hentry"],"yoast_head":"<!-- This site is optimized with the Yoast SEO plugin v27.5 - https:\/\/yoast.com\/product\/yoast-seo-wordpress\/ -->\n<title>19\u03b67 - Gevorest<\/title>\n<meta name=\"description\" content=\"19\u03b67, \u03c3\u03c4\u03c1\u03ce\u03bc\u03b1, \u039a\u03cd\u03c0\u03c1\u03bf\u03c2, \u03c3\u03cd\u03c3\u03c4\u03b7\u03bc\u03b1 \u03cd\u03c0\u03bd\u03bf\u03c5\" \/>\n<meta name=\"robots\" content=\"index, follow, max-snippet:-1, max-image-preview:large, max-video-preview:-1\" \/>\n<link rel=\"canonical\" href=\"https:\/\/www.gevorest.com\/sr\/19\u03b67\/\" \/>\n<meta property=\"og:locale\" content=\"sr_RS\" \/>\n<meta property=\"og:type\" content=\"article\" \/>\n<meta property=\"og:title\" content=\"19\u03b67 - Gevorest\" \/>\n<meta property=\"og:description\" content=\"19\u03b67, \u03c3\u03c4\u03c1\u03ce\u03bc\u03b1, \u039a\u03cd\u03c0\u03c1\u03bf\u03c2, \u03c3\u03cd\u03c3\u03c4\u03b7\u03bc\u03b1 \u03cd\u03c0\u03bd\u03bf\u03c5\" \/>\n<meta property=\"og:url\" content=\"https:\/\/www.gevorest.com\/sr\/19\u03b67\/\" \/>\n<meta property=\"og:site_name\" content=\"Gevorest\" \/>\n<meta property=\"article:modified_time\" content=\"2025-03-12T10:56:08+00:00\" \/>\n<meta name=\"twitter:card\" content=\"summary_large_image\" \/>\n<meta name=\"twitter:label1\" content=\"Est. reading time\" \/>\n\t<meta name=\"twitter:data1\" content=\"4 minutes\" \/>\n<script type=\"application\/ld+json\" class=\"yoast-schema-graph\">{\"@context\":\"https:\\\/\\\/schema.org\",\"@graph\":[{\"@type\":\"WebPage\",\"@id\":\"https:\\\/\\\/www.gevorest.com\\\/sr\\\/19%ce%b67\\\/\",\"url\":\"https:\\\/\\\/www.gevorest.com\\\/sr\\\/19%ce%b67\\\/\",\"name\":\"19\u03b67 - Gevorest\",\"isPartOf\":{\"@id\":\"https:\\\/\\\/www.gevorest.com\\\/#website\"},\"datePublished\":\"2016-07-25T19:44:46+00:00\",\"dateModified\":\"2025-03-12T10:56:08+00:00\",\"description\":\"19\u03b67, \u03c3\u03c4\u03c1\u03ce\u03bc\u03b1, \u039a\u03cd\u03c0\u03c1\u03bf\u03c2, \u03c3\u03cd\u03c3\u03c4\u03b7\u03bc\u03b1 \u03cd\u03c0\u03bd\u03bf\u03c5\",\"breadcrumb\":{\"@id\":\"https:\\\/\\\/www.gevorest.com\\\/sr\\\/19%ce%b67\\\/#breadcrumb\"},\"inLanguage\":\"sr-RS\",\"potentialAction\":[{\"@type\":\"ReadAction\",\"target\":[\"https:\\\/\\\/www.gevorest.com\\\/sr\\\/19%ce%b67\\\/\"]}]},{\"@type\":\"BreadcrumbList\",\"@id\":\"https:\\\/\\\/www.gevorest.com\\\/sr\\\/19%ce%b67\\\/#breadcrumb\",\"itemListElement\":[{\"@type\":\"ListItem\",\"position\":1,\"name\":\"Home\",\"item\":\"https:\\\/\\\/www.gevorest.com\\\/sr\\\/\"},{\"@type\":\"ListItem\",\"position\":2,\"name\":\"19\u03b67\"}]},{\"@type\":\"WebSite\",\"@id\":\"https:\\\/\\\/www.gevorest.com\\\/#website\",\"url\":\"https:\\\/\\\/www.gevorest.com\\\/\",\"name\":\"Gevorest\",\"description\":\"Serves the Quality of Sleep since 1967\",\"publisher\":{\"@id\":\"https:\\\/\\\/www.gevorest.com\\\/#organization\"},\"potentialAction\":[{\"@type\":\"SearchAction\",\"target\":{\"@type\":\"EntryPoint\",\"urlTemplate\":\"https:\\\/\\\/www.gevorest.com\\\/?s={search_term_string}\"},\"query-input\":{\"@type\":\"PropertyValueSpecification\",\"valueRequired\":true,\"valueName\":\"search_term_string\"}}],\"inLanguage\":\"sr-RS\"},{\"@type\":\"Organization\",\"@id\":\"https:\\\/\\\/www.gevorest.com\\\/#organization\",\"name\":\"Gevorest\",\"url\":\"https:\\\/\\\/www.gevorest.com\\\/\",\"logo\":{\"@type\":\"ImageObject\",\"inLanguage\":\"sr-RS\",\"@id\":\"https:\\\/\\\/www.gevorest.com\\\/#\\\/schema\\\/logo\\\/image\\\/\",\"url\":\"https:\\\/\\\/www.gevorest.com\\\/wp-content\\\/uploads\\\/2018\\\/06\\\/gevorest_logo_2018.png\",\"contentUrl\":\"https:\\\/\\\/www.gevorest.com\\\/wp-content\\\/uploads\\\/2018\\\/06\\\/gevorest_logo_2018.png\",\"width\":1282,\"height\":423,\"caption\":\"Gevorest\"},\"image\":{\"@id\":\"https:\\\/\\\/www.gevorest.com\\\/#\\\/schema\\\/logo\\\/image\\\/\"}}]}<\/script>\n<!-- \/ Yoast SEO plugin. -->","yoast_head_json":{"title":"19\u03b67 - Gevorest","description":"19\u03b67, \u03c3\u03c4\u03c1\u03ce\u03bc\u03b1, \u039a\u03cd\u03c0\u03c1\u03bf\u03c2, \u03c3\u03cd\u03c3\u03c4\u03b7\u03bc\u03b1 \u03cd\u03c0\u03bd\u03bf\u03c5","robots":{"index":"index","follow":"follow","max-snippet":"max-snippet:-1","max-image-preview":"max-image-preview:large","max-video-preview":"max-video-preview:-1"},"canonical":"https:\/\/www.gevorest.com\/sr\/19\u03b67\/","og_locale":"sr_RS","og_type":"article","og_title":"19\u03b67 - Gevorest","og_description":"19\u03b67, \u03c3\u03c4\u03c1\u03ce\u03bc\u03b1, \u039a\u03cd\u03c0\u03c1\u03bf\u03c2, \u03c3\u03cd\u03c3\u03c4\u03b7\u03bc\u03b1 \u03cd\u03c0\u03bd\u03bf\u03c5","og_url":"https:\/\/www.gevorest.com\/sr\/19\u03b67\/","og_site_name":"Gevorest","article_modified_time":"2025-03-12T10:56:08+00:00","twitter_card":"summary_large_image","twitter_misc":{"Est. reading time":"4 minutes"},"schema":{"@context":"https:\/\/schema.org","@graph":[{"@type":"WebPage","@id":"https:\/\/www.gevorest.com\/sr\/19%ce%b67\/","url":"https:\/\/www.gevorest.com\/sr\/19%ce%b67\/","name":"19\u03b67 - Gevorest","isPartOf":{"@id":"https:\/\/www.gevorest.com\/#website"},"datePublished":"2016-07-25T19:44:46+00:00","dateModified":"2025-03-12T10:56:08+00:00","description":"19\u03b67, \u03c3\u03c4\u03c1\u03ce\u03bc\u03b1, \u039a\u03cd\u03c0\u03c1\u03bf\u03c2, \u03c3\u03cd\u03c3\u03c4\u03b7\u03bc\u03b1 \u03cd\u03c0\u03bd\u03bf\u03c5","breadcrumb":{"@id":"https:\/\/www.gevorest.com\/sr\/19%ce%b67\/#breadcrumb"},"inLanguage":"sr-RS","potentialAction":[{"@type":"ReadAction","target":["https:\/\/www.gevorest.com\/sr\/19%ce%b67\/"]}]},{"@type":"BreadcrumbList","@id":"https:\/\/www.gevorest.com\/sr\/19%ce%b67\/#breadcrumb","itemListElement":[{"@type":"ListItem","position":1,"name":"Home","item":"https:\/\/www.gevorest.com\/sr\/"},{"@type":"ListItem","position":2,"name":"19\u03b67"}]},{"@type":"WebSite","@id":"https:\/\/www.gevorest.com\/#website","url":"https:\/\/www.gevorest.com\/","name":"Gevorest","description":"Serves the Quality of Sleep since 1967","publisher":{"@id":"https:\/\/www.gevorest.com\/#organization"},"potentialAction":[{"@type":"SearchAction","target":{"@type":"EntryPoint","urlTemplate":"https:\/\/www.gevorest.com\/?s={search_term_string}"},"query-input":{"@type":"PropertyValueSpecification","valueRequired":true,"valueName":"search_term_string"}}],"inLanguage":"sr-RS"},{"@type":"Organization","@id":"https:\/\/www.gevorest.com\/#organization","name":"Gevorest","url":"https:\/\/www.gevorest.com\/","logo":{"@type":"ImageObject","inLanguage":"sr-RS","@id":"https:\/\/www.gevorest.com\/#\/schema\/logo\/image\/","url":"https:\/\/www.gevorest.com\/wp-content\/uploads\/2018\/06\/gevorest_logo_2018.png","contentUrl":"https:\/\/www.gevorest.com\/wp-content\/uploads\/2018\/06\/gevorest_logo_2018.png","width":1282,"height":423,"caption":"Gevorest"},"image":{"@id":"https:\/\/www.gevorest.com\/#\/schema\/logo\/image\/"}}]}},"_links":{"self":[{"href":"https:\/\/www.gevorest.com\/sr\/wp-json\/wp\/v2\/pages\/21867","targetHints":{"allow":["GET"]}}],"collection":[{"href":"https:\/\/www.gevorest.com\/sr\/wp-json\/wp\/v2\/pages"}],"about":[{"href":"https:\/\/www.gevorest.com\/sr\/wp-json\/wp\/v2\/types\/page"}],"author":[{"embeddable":true,"href":"https:\/\/www.gevorest.com\/sr\/wp-json\/wp\/v2\/users\/1"}],"replies":[{"embeddable":true,"href":"https:\/\/www.gevorest.com\/sr\/wp-json\/wp\/v2\/comments?post=21867"}],"version-history":[{"count":0,"href":"https:\/\/www.gevorest.com\/sr\/wp-json\/wp\/v2\/pages\/21867\/revisions"}],"wp:attachment":[{"href":"https:\/\/www.gevorest.com\/sr\/wp-json\/wp\/v2\/media?parent=21867"}],"curies":[{"name":"wp","href":"https:\/\/api.w.org\/{rel}","templated":true}]}}