{"id":22026,"date":"2016-07-04T03:28:35","date_gmt":"2016-07-04T03:28:35","guid":{"rendered":"https:\/\/www.gevorest.com\/sr\/mattresses-kids\/"},"modified":"2024-09-18T05:06:50","modified_gmt":"2024-09-18T05:06:50","slug":"mattresses-kids","status":"publish","type":"page","link":"https:\/\/www.gevorest.com\/sr\/mattresses-kids\/","title":{"rendered":"Mattresses &#8211; Kids"},"content":{"rendered":"<p>[vc_row row_type=&#8221;row&#8221; use_row_as_full_screen_section=&#8221;no&#8221; type=&#8221;grid&#8221; angled_section=&#8221;no&#8221; text_align=&#8221;left&#8221; background_image_as_pattern=&#8221;without_pattern&#8221; background_color=&#8221;#ffffff&#8221; padding_top=&#8221;87&#8243; padding_bottom=&#8221;0&#8243; css_animation=&#8221;&#8221;][vc_column][vc_row_inner row_type=&#8221;row&#8221; type=&#8221;full_width&#8221; text_align=&#8221;left&#8221; css_animation=&#8221;&#8221;][vc_column_inner][vc_column_text]<\/p>\n<h2 style=\"text-align: center;\">IDEALNI DU\u0160EK ZA VA\u0160E DETE JE DUGORO\u010cNA INVESTICIJA ZA NJEGOVU BUDUC\u0301NOST I NJEGOV PRAVILAN RAZVOJ.<\/h2>\n<p>[\/vc_column_text][\/vc_column_inner][\/vc_row_inner][vc_separator type=&#8221;small&#8221; position=&#8221;center&#8221; up=&#8221;7&#8243; down=&#8221;38&#8243;][vc_column_text]<\/p>\n<h4 style=\"text-align: center;\">Ni\u0161ta se ne mo\u017ee porediti sa vredno\u0161c\u0301u dobrog i konstruktivnog sna na\u0161e dece. Spavanje na\u0161e dece je dragocena roba za njihov pravilan razvoj. U Gevorestu verujemo da su deca na\u0161a buduc\u0301nost i ulo\u017eili smo u razvoj odgovarajuc\u0301ih du\u0161eka sa hipoalergenim 3D tkaninama i prirodnim uljima koja spre\u010davaju rast bakterija i drugih mikroorganizama. De\u010dija kolekcija je za decu od 2 i vi\u0161e godina. U ovom kriti\u010dnom razvojnom dobu, na\u0161i du\u0161eci rade u skladu sa anatomijom tela bez izazivanja pritiska na telo deteta.<\/h4>\n<p>[\/vc_column_text][vc_separator type=&#8221;transparent&#8221; up=&#8221;35&#8243; down=&#8221;22&#8243;][\/vc_column][\/vc_row][vc_row row_type=&#8221;row&#8221; use_row_as_full_screen_section=&#8221;no&#8221; type=&#8221;full_width&#8221; angled_section=&#8221;no&#8221; text_align=&#8221;left&#8221; background_image_as_pattern=&#8221;without_pattern&#8221; css_animation=&#8221;&#8221;][vc_column][vc_empty_space][\/vc_column][\/vc_row][vc_row row_type=&#8221;row&#8221; use_row_as_full_screen_section=&#8221;no&#8221; type=&#8221;grid&#8221; angled_section=&#8221;no&#8221; text_align=&#8221;left&#8221; background_image_as_pattern=&#8221;without_pattern&#8221; padding_top=&#8221;0&#8243; padding_bottom=&#8221;0&#8243; css_animation=&#8221;&#8221;][vc_column width=&#8221;2\/12&#8243;][\/vc_column][vc_column width=&#8221;8\/12&#8243;]<div class='projects_holder_outer v2 portfolio_with_space portfolio_standard '><div class='projects_holder portfolio_main_holder clearfix v2 standard portfolio_full_image '>\n<article class='mix portfolio_category_361 ' style=''><div class=\"item_holder thin_plus_only\"><div class=\"text_holder\"><div class=\"text_holder_outer\"><div class=\"text_holder_inner\"><span class=\"thin_plus_only_icon\">+<\/span><\/div><\/div><\/div><a itemprop=\"url\" class=\"portfolio_link_class\" title=\"Enjoy\" href=\"https:\/\/www.gevorest.com\/sr\/portfolio_page\/enjoy\/\"><\/a><div  class=\"portfolio_shader\"><\/div><div class=\"image_holder\"><span class=\"image\"><img loading=\"lazy\" decoding=\"async\" width=\"1600\" height=\"900\" src=\"https:\/\/www.gevorest.com\/wp-content\/uploads\/2016\/07\/Enjoy-side.png\" class=\"attachment-full size-full wp-post-image\" alt=\"\" srcset=\"https:\/\/www.gevorest.com\/wp-content\/uploads\/2016\/07\/Enjoy-side.png 1600w, https:\/\/www.gevorest.com\/wp-content\/uploads\/2016\/07\/Enjoy-side-300x169.png 300w, https:\/\/www.gevorest.com\/wp-content\/uploads\/2016\/07\/Enjoy-side-1024x576.png 1024w, https:\/\/www.gevorest.com\/wp-content\/uploads\/2016\/07\/Enjoy-side-768x432.png 768w, https:\/\/www.gevorest.com\/wp-content\/uploads\/2016\/07\/Enjoy-side-1536x864.png 1536w, https:\/\/www.gevorest.com\/wp-content\/uploads\/2016\/07\/Enjoy-side-700x394.png 700w, https:\/\/www.gevorest.com\/wp-content\/uploads\/2016\/07\/Enjoy-side-539x303.png 539w\" sizes=\"auto, (max-width: 1600px) 100vw, 1600px\" \/><\/span><\/div><\/div><div class='portfolio_description ' ><h5 itemprop=\"headings\" class=\"portfolio_title entry_title\"><a itemprop=\"url\" href=\"https:\/\/www.gevorest.com\/sr\/portfolio_page\/enjoy\/\" target=\"_self\" >Enjoy<\/a><\/h5><span class=\"project_category\" >Mattresses &#8211; Kids Line<\/span><\/div><\/article>\n<article class='mix portfolio_category_361 ' style=''><div class=\"item_holder thin_plus_only\"><div class=\"text_holder\"><div class=\"text_holder_outer\"><div class=\"text_holder_inner\"><span class=\"thin_plus_only_icon\">+<\/span><\/div><\/div><\/div><a itemprop=\"url\" class=\"portfolio_link_class\" title=\"Moment\" href=\"https:\/\/www.gevorest.com\/sr\/portfolio_page\/moment\/\"><\/a><div  class=\"portfolio_shader\"><\/div><div class=\"image_holder\"><span class=\"image\"><img loading=\"lazy\" decoding=\"async\" width=\"1600\" height=\"900\" src=\"https:\/\/www.gevorest.com\/wp-content\/uploads\/2016\/07\/Moment-side.png\" class=\"attachment-full size-full wp-post-image\" alt=\"\" srcset=\"https:\/\/www.gevorest.com\/wp-content\/uploads\/2016\/07\/Moment-side.png 1600w, https:\/\/www.gevorest.com\/wp-content\/uploads\/2016\/07\/Moment-side-300x169.png 300w, https:\/\/www.gevorest.com\/wp-content\/uploads\/2016\/07\/Moment-side-1024x576.png 1024w, https:\/\/www.gevorest.com\/wp-content\/uploads\/2016\/07\/Moment-side-768x432.png 768w, https:\/\/www.gevorest.com\/wp-content\/uploads\/2016\/07\/Moment-side-1536x864.png 1536w, https:\/\/www.gevorest.com\/wp-content\/uploads\/2016\/07\/Moment-side-700x394.png 700w, https:\/\/www.gevorest.com\/wp-content\/uploads\/2016\/07\/Moment-side-539x303.png 539w\" sizes=\"auto, (max-width: 1600px) 100vw, 1600px\" \/><\/span><\/div><\/div><div class='portfolio_description ' ><h5 itemprop=\"headings\" class=\"portfolio_title entry_title\"><a itemprop=\"url\" href=\"https:\/\/www.gevorest.com\/sr\/portfolio_page\/moment\/\" target=\"_self\" >Moment<\/a><\/h5><span class=\"project_category\" >Mattresses &#8211; Kids Line<\/span><\/div><\/article>\n<article class='mix portfolio_category_361 ' style=''><div class=\"item_holder thin_plus_only\"><div class=\"text_holder\"><div class=\"text_holder_outer\"><div class=\"text_holder_inner\"><span class=\"thin_plus_only_icon\">+<\/span><\/div><\/div><\/div><a itemprop=\"url\" class=\"portfolio_link_class\" title=\"Wizard\" href=\"https:\/\/www.gevorest.com\/sr\/portfolio_page\/wizard\/\"><\/a><div  class=\"portfolio_shader\"><\/div><div class=\"image_holder\"><span class=\"image\"><img loading=\"lazy\" decoding=\"async\" width=\"1600\" height=\"900\" src=\"https:\/\/www.gevorest.com\/wp-content\/uploads\/2016\/07\/Wizard-side.png\" class=\"attachment-full size-full wp-post-image\" alt=\"\" srcset=\"https:\/\/www.gevorest.com\/wp-content\/uploads\/2016\/07\/Wizard-side.png 1600w, https:\/\/www.gevorest.com\/wp-content\/uploads\/2016\/07\/Wizard-side-300x169.png 300w, https:\/\/www.gevorest.com\/wp-content\/uploads\/2016\/07\/Wizard-side-1024x576.png 1024w, https:\/\/www.gevorest.com\/wp-content\/uploads\/2016\/07\/Wizard-side-768x432.png 768w, https:\/\/www.gevorest.com\/wp-content\/uploads\/2016\/07\/Wizard-side-1536x864.png 1536w, https:\/\/www.gevorest.com\/wp-content\/uploads\/2016\/07\/Wizard-side-700x394.png 700w, https:\/\/www.gevorest.com\/wp-content\/uploads\/2016\/07\/Wizard-side-539x303.png 539w\" sizes=\"auto, (max-width: 1600px) 100vw, 1600px\" \/><\/span><\/div><\/div><div class='portfolio_description ' ><h5 itemprop=\"headings\" class=\"portfolio_title entry_title\"><a itemprop=\"url\" href=\"https:\/\/www.gevorest.com\/sr\/portfolio_page\/wizard\/\" target=\"_self\" >Wizard<\/a><\/h5><span class=\"project_category\" >Mattresses &#8211; Kids Line<\/span><\/div><\/article>\n<div class='filler'><\/div>\n<div class='filler'><\/div>\n<\/div><\/div>[\/vc_column][vc_column width=&#8221;2\/12&#8243;][\/vc_column][\/vc_row][vc_row row_type=&#8221;row&#8221; use_row_as_full_screen_section=&#8221;no&#8221; type=&#8221;full_width&#8221; angled_section=&#8221;no&#8221; text_align=&#8221;left&#8221; background_image_as_pattern=&#8221;without_pattern&#8221; css_animation=&#8221;&#8221;][vc_column][vc_empty_space][\/vc_column][\/vc_row]<\/p>\n","protected":false},"excerpt":{"rendered":"<p>[vc_row row_type=&#8221;row&#8221; use_row_as_full_screen_section=&#8221;no&#8221; type=&#8221;grid&#8221; angled_section=&#8221;no&#8221; text_align=&#8221;left&#8221; background_image_as_pattern=&#8221;without_pattern&#8221; background_color=&#8221;#ffffff&#8221; padding_top=&#8221;87&#8243; padding_bottom=&#8221;0&#8243; css_animation=&#8221;&#8221;][vc_column][vc_row_inner row_type=&#8221;row&#8221; type=&#8221;full_width&#8221; text_align=&#8221;left&#8221; css_animation=&#8221;&#8221;][vc_column_inner][vc_column_text] IDEALNI DU\u0160EK ZA VA\u0160E DETE JE DUGORO\u010cNA INVESTICIJA ZA NJEGOVU BUDUC\u0301NOST I NJEGOV PRAVILAN RAZVOJ. [\/vc_column_text][\/vc_column_inner][\/vc_row_inner][vc_separator type=&#8221;small&#8221; position=&#8221;center&#8221; up=&#8221;7&#8243; down=&#8221;38&#8243;][vc_column_text] Ni\u0161ta se ne mo\u017ee porediti sa vredno\u0161c\u0301u dobrog i konstruktivnog&#8230;<\/p>\n","protected":false},"author":1,"featured_media":0,"parent":0,"menu_order":0,"comment_status":"open","ping_status":"open","template":"full_width.php","meta":{"footnotes":""},"class_list":["post-22026","page","type-page","status-publish","hentry"],"yoast_head":"<!-- This site is optimized with the Yoast SEO plugin v27.2 - https:\/\/yoast.com\/product\/yoast-seo-wordpress\/ -->\n<title>Mattresses - Kids - Gevorest<\/title>\n<meta name=\"robots\" content=\"index, follow, max-snippet:-1, max-image-preview:large, max-video-preview:-1\" \/>\n<link rel=\"canonical\" href=\"https:\/\/www.gevorest.com\/sr\/mattresses-kids\/\" \/>\n<meta property=\"og:locale\" content=\"sr_RS\" \/>\n<meta property=\"og:type\" content=\"article\" \/>\n<meta property=\"og:title\" content=\"Mattresses - Kids - Gevorest\" \/>\n<meta property=\"og:description\" content=\"[vc_row row_type=&#8221;row&#8221; use_row_as_full_screen_section=&#8221;no&#8221; type=&#8221;grid&#8221; angled_section=&#8221;no&#8221; text_align=&#8221;left&#8221; background_image_as_pattern=&#8221;without_pattern&#8221; background_color=&#8221;#ffffff&#8221; padding_top=&#8221;87&#8243; padding_bottom=&#8221;0&#8243; css_animation=&#8221;&#8221;][vc_column][vc_row_inner row_type=&#8221;row&#8221; type=&#8221;full_width&#8221; text_align=&#8221;left&#8221; css_animation=&#8221;&#8221;][vc_column_inner][vc_column_text] IDEALNI DU\u0160EK ZA VA\u0160E DETE JE DUGORO\u010cNA INVESTICIJA ZA NJEGOVU BUDUC\u0301NOST I NJEGOV PRAVILAN RAZVOJ. [\/vc_column_text][\/vc_column_inner][\/vc_row_inner][vc_separator type=&#8221;small&#8221; position=&#8221;center&#8221; up=&#8221;7&#8243; down=&#8221;38&#8243;][vc_column_text] Ni\u0161ta se ne mo\u017ee porediti sa vredno\u0161c\u0301u dobrog i konstruktivnog...\" \/>\n<meta property=\"og:url\" content=\"https:\/\/www.gevorest.com\/sr\/mattresses-kids\/\" \/>\n<meta property=\"og:site_name\" content=\"Gevorest\" \/>\n<meta property=\"article:modified_time\" content=\"2024-09-18T05:06:50+00:00\" \/>\n<meta name=\"twitter:card\" content=\"summary_large_image\" \/>\n<meta name=\"twitter:label1\" content=\"Est. reading time\" \/>\n\t<meta name=\"twitter:data1\" content=\"1 minute\" \/>\n<script type=\"application\/ld+json\" class=\"yoast-schema-graph\">{\"@context\":\"https:\/\/schema.org\",\"@graph\":[{\"@type\":\"WebPage\",\"@id\":\"https:\/\/www.gevorest.com\/sr\/mattresses-kids\/\",\"url\":\"https:\/\/www.gevorest.com\/sr\/mattresses-kids\/\",\"name\":\"Mattresses - Kids - Gevorest\",\"isPartOf\":{\"@id\":\"https:\/\/www.gevorest.com\/#website\"},\"datePublished\":\"2016-07-04T03:28:35+00:00\",\"dateModified\":\"2024-09-18T05:06:50+00:00\",\"breadcrumb\":{\"@id\":\"https:\/\/www.gevorest.com\/sr\/mattresses-kids\/#breadcrumb\"},\"inLanguage\":\"sr-RS\",\"potentialAction\":[{\"@type\":\"ReadAction\",\"target\":[\"https:\/\/www.gevorest.com\/sr\/mattresses-kids\/\"]}]},{\"@type\":\"BreadcrumbList\",\"@id\":\"https:\/\/www.gevorest.com\/sr\/mattresses-kids\/#breadcrumb\",\"itemListElement\":[{\"@type\":\"ListItem\",\"position\":1,\"name\":\"Home\",\"item\":\"https:\/\/www.gevorest.com\/sr\/\"},{\"@type\":\"ListItem\",\"position\":2,\"name\":\"Mattresses &#8211; Kids\"}]},{\"@type\":\"WebSite\",\"@id\":\"https:\/\/www.gevorest.com\/#website\",\"url\":\"https:\/\/www.gevorest.com\/\",\"name\":\"Gevorest\",\"description\":\"Serves the Quality of Sleep since 1967\",\"publisher\":{\"@id\":\"https:\/\/www.gevorest.com\/#organization\"},\"potentialAction\":[{\"@type\":\"SearchAction\",\"target\":{\"@type\":\"EntryPoint\",\"urlTemplate\":\"https:\/\/www.gevorest.com\/?s={search_term_string}\"},\"query-input\":{\"@type\":\"PropertyValueSpecification\",\"valueRequired\":true,\"valueName\":\"search_term_string\"}}],\"inLanguage\":\"sr-RS\"},{\"@type\":\"Organization\",\"@id\":\"https:\/\/www.gevorest.com\/#organization\",\"name\":\"Gevorest\",\"url\":\"https:\/\/www.gevorest.com\/\",\"logo\":{\"@type\":\"ImageObject\",\"inLanguage\":\"sr-RS\",\"@id\":\"https:\/\/www.gevorest.com\/#\/schema\/logo\/image\/\",\"url\":\"https:\/\/www.gevorest.com\/wp-content\/uploads\/2018\/06\/gevorest_logo_2018.png\",\"contentUrl\":\"https:\/\/www.gevorest.com\/wp-content\/uploads\/2018\/06\/gevorest_logo_2018.png\",\"width\":1282,\"height\":423,\"caption\":\"Gevorest\"},\"image\":{\"@id\":\"https:\/\/www.gevorest.com\/#\/schema\/logo\/image\/\"}}]}<\/script>\n<!-- \/ Yoast SEO plugin. -->","yoast_head_json":{"title":"Mattresses - Kids - Gevorest","robots":{"index":"index","follow":"follow","max-snippet":"max-snippet:-1","max-image-preview":"max-image-preview:large","max-video-preview":"max-video-preview:-1"},"canonical":"https:\/\/www.gevorest.com\/sr\/mattresses-kids\/","og_locale":"sr_RS","og_type":"article","og_title":"Mattresses - Kids - Gevorest","og_description":"[vc_row row_type=&#8221;row&#8221; use_row_as_full_screen_section=&#8221;no&#8221; type=&#8221;grid&#8221; angled_section=&#8221;no&#8221; text_align=&#8221;left&#8221; background_image_as_pattern=&#8221;without_pattern&#8221; background_color=&#8221;#ffffff&#8221; padding_top=&#8221;87&#8243; padding_bottom=&#8221;0&#8243; css_animation=&#8221;&#8221;][vc_column][vc_row_inner row_type=&#8221;row&#8221; type=&#8221;full_width&#8221; text_align=&#8221;left&#8221; css_animation=&#8221;&#8221;][vc_column_inner][vc_column_text] IDEALNI DU\u0160EK ZA VA\u0160E DETE JE DUGORO\u010cNA INVESTICIJA ZA NJEGOVU BUDUC\u0301NOST I NJEGOV PRAVILAN RAZVOJ. [\/vc_column_text][\/vc_column_inner][\/vc_row_inner][vc_separator type=&#8221;small&#8221; position=&#8221;center&#8221; up=&#8221;7&#8243; down=&#8221;38&#8243;][vc_column_text] Ni\u0161ta se ne mo\u017ee porediti sa vredno\u0161c\u0301u dobrog i konstruktivnog...","og_url":"https:\/\/www.gevorest.com\/sr\/mattresses-kids\/","og_site_name":"Gevorest","article_modified_time":"2024-09-18T05:06:50+00:00","twitter_card":"summary_large_image","twitter_misc":{"Est. reading time":"1 minute"},"schema":{"@context":"https:\/\/schema.org","@graph":[{"@type":"WebPage","@id":"https:\/\/www.gevorest.com\/sr\/mattresses-kids\/","url":"https:\/\/www.gevorest.com\/sr\/mattresses-kids\/","name":"Mattresses - Kids - Gevorest","isPartOf":{"@id":"https:\/\/www.gevorest.com\/#website"},"datePublished":"2016-07-04T03:28:35+00:00","dateModified":"2024-09-18T05:06:50+00:00","breadcrumb":{"@id":"https:\/\/www.gevorest.com\/sr\/mattresses-kids\/#breadcrumb"},"inLanguage":"sr-RS","potentialAction":[{"@type":"ReadAction","target":["https:\/\/www.gevorest.com\/sr\/mattresses-kids\/"]}]},{"@type":"BreadcrumbList","@id":"https:\/\/www.gevorest.com\/sr\/mattresses-kids\/#breadcrumb","itemListElement":[{"@type":"ListItem","position":1,"name":"Home","item":"https:\/\/www.gevorest.com\/sr\/"},{"@type":"ListItem","position":2,"name":"Mattresses &#8211; Kids"}]},{"@type":"WebSite","@id":"https:\/\/www.gevorest.com\/#website","url":"https:\/\/www.gevorest.com\/","name":"Gevorest","description":"Serves the Quality of Sleep since 1967","publisher":{"@id":"https:\/\/www.gevorest.com\/#organization"},"potentialAction":[{"@type":"SearchAction","target":{"@type":"EntryPoint","urlTemplate":"https:\/\/www.gevorest.com\/?s={search_term_string}"},"query-input":{"@type":"PropertyValueSpecification","valueRequired":true,"valueName":"search_term_string"}}],"inLanguage":"sr-RS"},{"@type":"Organization","@id":"https:\/\/www.gevorest.com\/#organization","name":"Gevorest","url":"https:\/\/www.gevorest.com\/","logo":{"@type":"ImageObject","inLanguage":"sr-RS","@id":"https:\/\/www.gevorest.com\/#\/schema\/logo\/image\/","url":"https:\/\/www.gevorest.com\/wp-content\/uploads\/2018\/06\/gevorest_logo_2018.png","contentUrl":"https:\/\/www.gevorest.com\/wp-content\/uploads\/2018\/06\/gevorest_logo_2018.png","width":1282,"height":423,"caption":"Gevorest"},"image":{"@id":"https:\/\/www.gevorest.com\/#\/schema\/logo\/image\/"}}]}},"_links":{"self":[{"href":"https:\/\/www.gevorest.com\/sr\/wp-json\/wp\/v2\/pages\/22026","targetHints":{"allow":["GET"]}}],"collection":[{"href":"https:\/\/www.gevorest.com\/sr\/wp-json\/wp\/v2\/pages"}],"about":[{"href":"https:\/\/www.gevorest.com\/sr\/wp-json\/wp\/v2\/types\/page"}],"author":[{"embeddable":true,"href":"https:\/\/www.gevorest.com\/sr\/wp-json\/wp\/v2\/users\/1"}],"replies":[{"embeddable":true,"href":"https:\/\/www.gevorest.com\/sr\/wp-json\/wp\/v2\/comments?post=22026"}],"version-history":[{"count":0,"href":"https:\/\/www.gevorest.com\/sr\/wp-json\/wp\/v2\/pages\/22026\/revisions"}],"wp:attachment":[{"href":"https:\/\/www.gevorest.com\/sr\/wp-json\/wp\/v2\/media?parent=22026"}],"curies":[{"name":"wp","href":"https:\/\/api.w.org\/{rel}","templated":true}]}}