{"id":22042,"date":"2016-06-20T16:17:12","date_gmt":"2016-06-20T16:17:12","guid":{"rendered":"https:\/\/www.gevorest.com\/sr\/divans\/"},"modified":"2024-09-01T07:25:24","modified_gmt":"2024-09-01T07:25:24","slug":"divans","status":"publish","type":"page","link":"https:\/\/www.gevorest.com\/sr\/divans\/","title":{"rendered":"Baze kreveta"},"content":{"rendered":"<p>[vc_row row_type=&#8221;row&#8221; use_row_as_full_screen_section=&#8221;no&#8221; type=&#8221;grid&#8221; angled_section=&#8221;no&#8221; text_align=&#8221;left&#8221; background_image_as_pattern=&#8221;without_pattern&#8221; background_color=&#8221;#ffffff&#8221; padding_top=&#8221;30&#8243; padding_bottom=&#8221;30&#8243; css_animation=&#8221;&#8221;][vc_column][\/vc_column][\/vc_row][vc_row row_type=&#8221;row&#8221; use_row_as_full_screen_section=&#8221;no&#8221; type=&#8221;grid&#8221; angled_section=&#8221;no&#8221; text_align=&#8221;left&#8221; background_image_as_pattern=&#8221;without_pattern&#8221; background_color=&#8221;#ffffff&#8221; padding_top=&#8221;75&#8243; css_animation=&#8221;&#8221;][vc_column][vc_row_inner row_type=&#8221;row&#8221; type=&#8221;full_width&#8221; text_align=&#8221;center&#8221; css_animation=&#8221;&#8221;][vc_column_inner][vc_separator type=&#8221;transparent&#8221; up=&#8221;10&#8243; down=&#8221;0&#8243;][vc_column_text]<\/p>\n<h2 style=\"text-align: center;\">BAZA (OSNOVA)<\/h2>\n<p>[\/vc_column_text][vc_separator type=&#8221;small&#8221; position=&#8221;center&#8221; up=&#8221;7&#8243; down=&#8221;38&#8243;][vc_column_text]<\/p>\n<h4 style=\"text-align: center;\">Za idealan kvalitet sna potrebni su vam: baza (osnova), du\u0161ek i jastuk.<\/h4>\n<p>&nbsp;<\/p>\n<p style=\"text-align: center;\">Odgovarajuc\u0301a kombinacija ove tri stvari doprinosi apsorpciji i eliminisanju svih pritisaka na na\u0161e telo, uvek nastojec\u0301i da odr\u017ee ki\u010dmu u prirodnom polo\u017eaju (vidi dijagram). Za izbor navedenih neophodan uslov je njihovo temeljno ispitivanje.<\/p>\n<p>[\/vc_column_text][vc_separator type=&#8221;transparent&#8221; up=&#8221;59&#8243; down=&#8221;0&#8243;][\/vc_column_inner][\/vc_row_inner][\/vc_column][\/vc_row][vc_row row_type=&#8221;row&#8221; use_row_as_full_screen_section=&#8221;no&#8221; type=&#8221;full_width&#8221; angled_section=&#8221;no&#8221; text_align=&#8221;left&#8221; background_image_as_pattern=&#8221;without_pattern&#8221; padding_top=&#8221;52&#8243; css_animation=&#8221;&#8221;][vc_column][vc_column_text]<\/p>\n<h2 style=\"text-align: center;\">NA\u0160E KOLEKCIJE<\/h2>\n<p>[\/vc_column_text][vc_separator type=&#8221;small&#8221; position=&#8221;center&#8221; up=&#8221;7&#8243; down=&#8221;45&#8243;][\/vc_column][\/vc_row][vc_row row_type=&#8221;row&#8221; use_row_as_full_screen_section=&#8221;no&#8221; type=&#8221;full_width&#8221; angled_section=&#8221;no&#8221; text_align=&#8221;left&#8221; background_image_as_pattern=&#8221;without_pattern&#8221; padding_top=&#8221;0&#8243; padding_bottom=&#8221;0&#8243; css_animation=&#8221;&#8221;][vc_column width=&#8221;2\/12&#8243;][\/vc_column][vc_column width=&#8221;2\/12&#8243;][vc_single_image image=&#8221;16024&#8243; img_size=&#8221;medium&#8221; alignment=&#8221;center&#8221; onclick=&#8221;custom_link&#8221; qode_css_animation=&#8221;&#8221; link=&#8221;https:\/\/www.gevorest.com\/sr\/divans-ypnos\/&#8221;][\/vc_column][vc_column width=&#8221;2\/12&#8243;][vc_single_image image=&#8221;16025&#8243; img_size=&#8221;medium&#8221; alignment=&#8221;center&#8221; onclick=&#8221;custom_link&#8221; qode_css_animation=&#8221;&#8221; link=&#8221;https:\/\/www.gevorest.com\/sr\/divans-relax-line\/&#8221;][\/vc_column][vc_column width=&#8221;2\/12&#8243;][vc_single_image image=&#8221;16026&#8243; img_size=&#8221;medium&#8221; alignment=&#8221;center&#8221; onclick=&#8221;custom_link&#8221; qode_css_animation=&#8221;&#8221; link=&#8221;https:\/\/www.gevorest.com\/sr\/divans-anesis-line\/&#8221;][\/vc_column][vc_column width=&#8221;2\/12&#8243;][vc_single_image image=&#8221;16317&#8243; img_size=&#8221;medium&#8221; alignment=&#8221;center&#8221; onclick=&#8221;custom_link&#8221; qode_css_animation=&#8221;&#8221; link=&#8221;https:\/\/www.gevorest.com\/sr\/divans-specialty\/&#8221;][\/vc_column][vc_column width=&#8221;2\/12&#8243;][\/vc_column][\/vc_row][vc_row row_type=&#8221;row&#8221; use_row_as_full_screen_section=&#8221;no&#8221; type=&#8221;full_width&#8221; angled_section=&#8221;no&#8221; text_align=&#8221;left&#8221; background_image_as_pattern=&#8221;without_pattern&#8221; css_animation=&#8221;&#8221;][vc_column][vc_empty_space][\/vc_column][\/vc_row][vc_row row_type=&#8221;row&#8221; use_row_as_full_screen_section=&#8221;no&#8221; type=&#8221;grid&#8221; angled_section=&#8221;no&#8221; text_align=&#8221;left&#8221; background_image_as_pattern=&#8221;without_pattern&#8221; background_color=&#8221;#ffffff&#8221; padding_top=&#8221;75&#8243; css_animation=&#8221;&#8221;][vc_column width=&#8221;1\/2&#8243;][vc_single_image image=&#8221;16492&#8243; img_size=&#8221;full&#8221; qode_css_animation=&#8221;&#8221;][\/vc_column][vc_column width=&#8221;1\/2&#8243;][vc_row_inner row_type=&#8221;row&#8221; type=&#8221;full_width&#8221; text_align=&#8221;center&#8221; css_animation=&#8221;&#8221;][vc_column_inner][vc_separator type=&#8221;transparent&#8221; up=&#8221;10&#8243; down=&#8221;0&#8243;][vc_column_text]<\/p>\n<h2 style=\"text-align: center;\">ZA VA\u0160U BAZU (OSNOVU)<br \/>\nMO\u017dE\u0160 DA IZABERE\u0160:<\/h2>\n<p>[\/vc_column_text][vc_separator type=&#8221;small&#8221; position=&#8221;center&#8221; up=&#8221;7&#8243; down=&#8221;38&#8243;][vc_column_text]<\/p>\n<ul>\n<li style=\"text-align: left;\"><strong>Tip baze (osnove):<\/strong> sa nezavisnim oprugama ili drvenim.<\/li>\n<li style=\"text-align: left;\"><span style=\"text-align: center; line-height: 1.5;\"><strong>Veli\u010dina:<\/strong> Mo\u017eete je naru\u010diti u bilo kojoj dimenziji .<\/span><\/li>\n<li style=\"text-align: left;\"><strong>Osnovna visina baze:<\/strong> u kombinaciji sa visinom noge koju odaberete.<\/li>\n<li style=\"text-align: left;\"><strong>Dizajn noge i visina.<\/strong><\/li>\n<li style=\"text-align: left;\"><strong>Boja:<\/strong> Tkanine i ko\u017ea u razli\u010ditim dezenima i bojama.<\/li>\n<li style=\"text-align: left;\"><strong>Uzglavlje:<\/strong> iz kolekcije \u03a5pnos, Relax ili Anesis.<\/li>\n<\/ul>\n<p>[\/vc_column_text][vc_separator type=&#8221;transparent&#8221; up=&#8221;59&#8243; down=&#8221;0&#8243;][\/vc_column_inner][\/vc_row_inner][\/vc_column][\/vc_row][vc_row row_type=&#8221;row&#8221; use_row_as_full_screen_section=&#8221;no&#8221; type=&#8221;grid&#8221; angled_section=&#8221;no&#8221; text_align=&#8221;left&#8221; background_image_as_pattern=&#8221;without_pattern&#8221; background_color=&#8221;#ffffff&#8221; padding_top=&#8221;0&#8243; padding_bottom=&#8221;0&#8243; css_animation=&#8221;&#8221;][vc_column][vc_separator type=&#8221;transparent&#8221; up=&#8221;59&#8243; down=&#8221;0&#8243;][qode_circles columns=&#8221;three_columns&#8221; circle_line=&#8221;no_line&#8221;][qode_circle type=&#8221;image_type&#8221; title=&#8221;DU\u0160EK &amp; JASTUK&#8221; text=&#8221;Pa\u017eljivo odabrani i uvek obu\u010deni u za\u0161titni materijal. Uverite se da du\u0161ek i jastuk pravilno podupiru ki\u010dmu i vrat, da su udobni i da odgovaraju va\u0161im li\u010dnim potrebama.&#8221; image=&#8221;16130&#8243;][qode_circle type=&#8221;image_type&#8221; title=&#8221;BAZA (KREVET)&#8221; text=&#8221;Jedna ravna povr\u0161ina neophodan je uslov za pravilno funkcionisanje du\u0161eka.<\/p>\n<p>&#8221; image=&#8221;16128&#8243;][qode_circle type=&#8221;image_type&#8221; title=&#8221;OBUCITE SVOJU SPAVAC\u0301U SOBU &#8220;U NAJBOLJE&#8220;&#8221; text=&#8221;Da biste izabrali \u010dar\u0161ave i jastu\u010dnice upotrebite sav svoj dobar ukus. Postoje hiljade dizajna, kombinacija i boja koje c\u0301e va\u0161oj spavac\u0301oj sobi dati karakter, lepotu i lepu atmosferu!&#8221; image=&#8221;16502&#8243;][\/qode_circles][\/vc_column][\/vc_row][vc_row row_type=&#8221;row&#8221; use_row_as_full_screen_section=&#8221;no&#8221; type=&#8221;full_width&#8221; angled_section=&#8221;no&#8221; text_align=&#8221;left&#8221; background_image_as_pattern=&#8221;without_pattern&#8221; background_color=&#8221;#f9f9f9&#8243; css_animation=&#8221;&#8221;][vc_column][vc_empty_space][\/vc_column][\/vc_row]<\/p>\n","protected":false},"excerpt":{"rendered":"<p>[vc_row row_type=&#8221;row&#8221; use_row_as_full_screen_section=&#8221;no&#8221; type=&#8221;grid&#8221; angled_section=&#8221;no&#8221; text_align=&#8221;left&#8221; background_image_as_pattern=&#8221;without_pattern&#8221; background_color=&#8221;#ffffff&#8221; padding_top=&#8221;30&#8243; padding_bottom=&#8221;30&#8243; css_animation=&#8221;&#8221;][vc_column][\/vc_column][\/vc_row][vc_row row_type=&#8221;row&#8221; use_row_as_full_screen_section=&#8221;no&#8221; type=&#8221;grid&#8221; angled_section=&#8221;no&#8221; text_align=&#8221;left&#8221; background_image_as_pattern=&#8221;without_pattern&#8221; background_color=&#8221;#ffffff&#8221; padding_top=&#8221;75&#8243; css_animation=&#8221;&#8221;][vc_column][vc_row_inner row_type=&#8221;row&#8221; type=&#8221;full_width&#8221; text_align=&#8221;center&#8221; css_animation=&#8221;&#8221;][vc_column_inner][vc_separator type=&#8221;transparent&#8221; up=&#8221;10&#8243; down=&#8221;0&#8243;][vc_column_text] BAZA (OSNOVA) [\/vc_column_text][vc_separator type=&#8221;small&#8221; position=&#8221;center&#8221; up=&#8221;7&#8243; down=&#8221;38&#8243;][vc_column_text] Za idealan kvalitet sna potrebni su vam: baza (osnova), du\u0161ek i&#8230;<\/p>\n","protected":false},"author":1,"featured_media":0,"parent":0,"menu_order":0,"comment_status":"open","ping_status":"open","template":"full_width.php","meta":{"footnotes":""},"class_list":["post-22042","page","type-page","status-publish","hentry"],"yoast_head":"<!-- This site is optimized with the Yoast SEO plugin v27.2 - https:\/\/yoast.com\/product\/yoast-seo-wordpress\/ -->\n<title>\u039d\u03c4\u03b9\u03b2\u03ac\u03bd\u03b9\u03b1 \u039a\u03cd\u03c0\u03c1\u03bf\u03c2 \u03b1\u03c0\u03bf \u03c4\u03b7\u03bd Gevorest - \u0397 \u03ba\u03b1\u03bb\u03cd\u03c4\u03b5\u03c1\u03b7 \u03a0\u03bf\u03b9\u03cc\u03c4\u03b7\u03c4\u03b1 \u038e\u03c0\u03bd\u03bf\u03c5<\/title>\n<meta name=\"description\" content=\"\u0391\u03b3\u03cc\u03c1\u03b1\u03c3\u03b5 \u03bd\u03c4\u03b9\u03b2\u03ac\u03bd\u03b9\u03b1 \u03c3\u03c4\u03b7\u03bd \u039a\u03cd\u03c0\u03c1\u03bf \u03b1\u03c0\u03bf \u03c4\u03b7\u03bd Gevorest Cyprus. \u0397 \u03ba\u03b1\u03bb\u03cd\u03c4\u03b5\u03c1\u03b7 \u03c0\u03bf\u03b9\u03cc\u03c4\u03b7\u03c4\u03b1 \u03cd\u03c0\u03bd\u03bf\u03c5 \u03c3\u03c4\u03b7\u03bd \u039a\u03cd\u03c0\u03c1\u03bf. \u039a\u03c1\u03b5\u03b2\u03ac\u03c4\u03b9\u03b1, \u03a3\u03c4\u03c1\u03ce\u03bc\u03b1\u03c4\u03b1 \u03ba\u03b1\u03b9 \u03bd\u03c4\u03b9\u03b2\u03ac\u03bd\u03b9\u03b1 \u03c3\u03c4\u03b7\u03bd \u039a\u03cd\u03c0\u03c1\u03bf\" \/>\n<meta name=\"robots\" content=\"index, follow, max-snippet:-1, max-image-preview:large, max-video-preview:-1\" \/>\n<link rel=\"canonical\" href=\"https:\/\/www.gevorest.com\/sr\/divans\/\" \/>\n<meta property=\"og:locale\" content=\"sr_RS\" \/>\n<meta property=\"og:type\" content=\"article\" \/>\n<meta property=\"og:title\" content=\"\u039d\u03c4\u03b9\u03b2\u03ac\u03bd\u03b9\u03b1 \u039a\u03cd\u03c0\u03c1\u03bf\u03c2 \u03b1\u03c0\u03bf \u03c4\u03b7\u03bd Gevorest - \u0397 \u03ba\u03b1\u03bb\u03cd\u03c4\u03b5\u03c1\u03b7 \u03a0\u03bf\u03b9\u03cc\u03c4\u03b7\u03c4\u03b1 \u038e\u03c0\u03bd\u03bf\u03c5\" \/>\n<meta property=\"og:description\" content=\"\u0391\u03b3\u03cc\u03c1\u03b1\u03c3\u03b5 \u03bd\u03c4\u03b9\u03b2\u03ac\u03bd\u03b9\u03b1 \u03c3\u03c4\u03b7\u03bd \u039a\u03cd\u03c0\u03c1\u03bf \u03b1\u03c0\u03bf \u03c4\u03b7\u03bd Gevorest Cyprus. \u0397 \u03ba\u03b1\u03bb\u03cd\u03c4\u03b5\u03c1\u03b7 \u03c0\u03bf\u03b9\u03cc\u03c4\u03b7\u03c4\u03b1 \u03cd\u03c0\u03bd\u03bf\u03c5 \u03c3\u03c4\u03b7\u03bd \u039a\u03cd\u03c0\u03c1\u03bf. \u039a\u03c1\u03b5\u03b2\u03ac\u03c4\u03b9\u03b1, \u03a3\u03c4\u03c1\u03ce\u03bc\u03b1\u03c4\u03b1 \u03ba\u03b1\u03b9 \u03bd\u03c4\u03b9\u03b2\u03ac\u03bd\u03b9\u03b1 \u03c3\u03c4\u03b7\u03bd \u039a\u03cd\u03c0\u03c1\u03bf\" \/>\n<meta property=\"og:url\" content=\"https:\/\/www.gevorest.com\/sr\/divans\/\" \/>\n<meta property=\"og:site_name\" content=\"Gevorest\" \/>\n<meta property=\"article:modified_time\" content=\"2024-09-01T07:25:24+00:00\" \/>\n<meta name=\"twitter:card\" content=\"summary_large_image\" \/>\n<meta name=\"twitter:label1\" content=\"Est. reading time\" \/>\n\t<meta name=\"twitter:data1\" content=\"4 minutes\" \/>\n<script type=\"application\/ld+json\" class=\"yoast-schema-graph\">{\"@context\":\"https:\/\/schema.org\",\"@graph\":[{\"@type\":\"WebPage\",\"@id\":\"https:\/\/www.gevorest.com\/sr\/divans\/\",\"url\":\"https:\/\/www.gevorest.com\/sr\/divans\/\",\"name\":\"\u039d\u03c4\u03b9\u03b2\u03ac\u03bd\u03b9\u03b1 \u039a\u03cd\u03c0\u03c1\u03bf\u03c2 \u03b1\u03c0\u03bf \u03c4\u03b7\u03bd Gevorest - \u0397 \u03ba\u03b1\u03bb\u03cd\u03c4\u03b5\u03c1\u03b7 \u03a0\u03bf\u03b9\u03cc\u03c4\u03b7\u03c4\u03b1 \u038e\u03c0\u03bd\u03bf\u03c5\",\"isPartOf\":{\"@id\":\"https:\/\/www.gevorest.com\/#website\"},\"datePublished\":\"2016-06-20T16:17:12+00:00\",\"dateModified\":\"2024-09-01T07:25:24+00:00\",\"description\":\"\u0391\u03b3\u03cc\u03c1\u03b1\u03c3\u03b5 \u03bd\u03c4\u03b9\u03b2\u03ac\u03bd\u03b9\u03b1 \u03c3\u03c4\u03b7\u03bd \u039a\u03cd\u03c0\u03c1\u03bf \u03b1\u03c0\u03bf \u03c4\u03b7\u03bd Gevorest Cyprus. \u0397 \u03ba\u03b1\u03bb\u03cd\u03c4\u03b5\u03c1\u03b7 \u03c0\u03bf\u03b9\u03cc\u03c4\u03b7\u03c4\u03b1 \u03cd\u03c0\u03bd\u03bf\u03c5 \u03c3\u03c4\u03b7\u03bd \u039a\u03cd\u03c0\u03c1\u03bf. \u039a\u03c1\u03b5\u03b2\u03ac\u03c4\u03b9\u03b1, \u03a3\u03c4\u03c1\u03ce\u03bc\u03b1\u03c4\u03b1 \u03ba\u03b1\u03b9 \u03bd\u03c4\u03b9\u03b2\u03ac\u03bd\u03b9\u03b1 \u03c3\u03c4\u03b7\u03bd \u039a\u03cd\u03c0\u03c1\u03bf\",\"breadcrumb\":{\"@id\":\"https:\/\/www.gevorest.com\/sr\/divans\/#breadcrumb\"},\"inLanguage\":\"sr-RS\",\"potentialAction\":[{\"@type\":\"ReadAction\",\"target\":[\"https:\/\/www.gevorest.com\/sr\/divans\/\"]}]},{\"@type\":\"BreadcrumbList\",\"@id\":\"https:\/\/www.gevorest.com\/sr\/divans\/#breadcrumb\",\"itemListElement\":[{\"@type\":\"ListItem\",\"position\":1,\"name\":\"Home\",\"item\":\"https:\/\/www.gevorest.com\/sr\/\"},{\"@type\":\"ListItem\",\"position\":2,\"name\":\"Baze kreveta\"}]},{\"@type\":\"WebSite\",\"@id\":\"https:\/\/www.gevorest.com\/#website\",\"url\":\"https:\/\/www.gevorest.com\/\",\"name\":\"Gevorest\",\"description\":\"Serves the Quality of Sleep since 1967\",\"publisher\":{\"@id\":\"https:\/\/www.gevorest.com\/#organization\"},\"potentialAction\":[{\"@type\":\"SearchAction\",\"target\":{\"@type\":\"EntryPoint\",\"urlTemplate\":\"https:\/\/www.gevorest.com\/?s={search_term_string}\"},\"query-input\":{\"@type\":\"PropertyValueSpecification\",\"valueRequired\":true,\"valueName\":\"search_term_string\"}}],\"inLanguage\":\"sr-RS\"},{\"@type\":\"Organization\",\"@id\":\"https:\/\/www.gevorest.com\/#organization\",\"name\":\"Gevorest\",\"url\":\"https:\/\/www.gevorest.com\/\",\"logo\":{\"@type\":\"ImageObject\",\"inLanguage\":\"sr-RS\",\"@id\":\"https:\/\/www.gevorest.com\/#\/schema\/logo\/image\/\",\"url\":\"https:\/\/www.gevorest.com\/wp-content\/uploads\/2018\/06\/gevorest_logo_2018.png\",\"contentUrl\":\"https:\/\/www.gevorest.com\/wp-content\/uploads\/2018\/06\/gevorest_logo_2018.png\",\"width\":1282,\"height\":423,\"caption\":\"Gevorest\"},\"image\":{\"@id\":\"https:\/\/www.gevorest.com\/#\/schema\/logo\/image\/\"}}]}<\/script>\n<!-- \/ Yoast SEO plugin. -->","yoast_head_json":{"title":"\u039d\u03c4\u03b9\u03b2\u03ac\u03bd\u03b9\u03b1 \u039a\u03cd\u03c0\u03c1\u03bf\u03c2 \u03b1\u03c0\u03bf \u03c4\u03b7\u03bd Gevorest - \u0397 \u03ba\u03b1\u03bb\u03cd\u03c4\u03b5\u03c1\u03b7 \u03a0\u03bf\u03b9\u03cc\u03c4\u03b7\u03c4\u03b1 \u038e\u03c0\u03bd\u03bf\u03c5","description":"\u0391\u03b3\u03cc\u03c1\u03b1\u03c3\u03b5 \u03bd\u03c4\u03b9\u03b2\u03ac\u03bd\u03b9\u03b1 \u03c3\u03c4\u03b7\u03bd \u039a\u03cd\u03c0\u03c1\u03bf \u03b1\u03c0\u03bf \u03c4\u03b7\u03bd Gevorest Cyprus. \u0397 \u03ba\u03b1\u03bb\u03cd\u03c4\u03b5\u03c1\u03b7 \u03c0\u03bf\u03b9\u03cc\u03c4\u03b7\u03c4\u03b1 \u03cd\u03c0\u03bd\u03bf\u03c5 \u03c3\u03c4\u03b7\u03bd \u039a\u03cd\u03c0\u03c1\u03bf. \u039a\u03c1\u03b5\u03b2\u03ac\u03c4\u03b9\u03b1, \u03a3\u03c4\u03c1\u03ce\u03bc\u03b1\u03c4\u03b1 \u03ba\u03b1\u03b9 \u03bd\u03c4\u03b9\u03b2\u03ac\u03bd\u03b9\u03b1 \u03c3\u03c4\u03b7\u03bd \u039a\u03cd\u03c0\u03c1\u03bf","robots":{"index":"index","follow":"follow","max-snippet":"max-snippet:-1","max-image-preview":"max-image-preview:large","max-video-preview":"max-video-preview:-1"},"canonical":"https:\/\/www.gevorest.com\/sr\/divans\/","og_locale":"sr_RS","og_type":"article","og_title":"\u039d\u03c4\u03b9\u03b2\u03ac\u03bd\u03b9\u03b1 \u039a\u03cd\u03c0\u03c1\u03bf\u03c2 \u03b1\u03c0\u03bf \u03c4\u03b7\u03bd Gevorest - \u0397 \u03ba\u03b1\u03bb\u03cd\u03c4\u03b5\u03c1\u03b7 \u03a0\u03bf\u03b9\u03cc\u03c4\u03b7\u03c4\u03b1 \u038e\u03c0\u03bd\u03bf\u03c5","og_description":"\u0391\u03b3\u03cc\u03c1\u03b1\u03c3\u03b5 \u03bd\u03c4\u03b9\u03b2\u03ac\u03bd\u03b9\u03b1 \u03c3\u03c4\u03b7\u03bd \u039a\u03cd\u03c0\u03c1\u03bf \u03b1\u03c0\u03bf \u03c4\u03b7\u03bd Gevorest Cyprus. \u0397 \u03ba\u03b1\u03bb\u03cd\u03c4\u03b5\u03c1\u03b7 \u03c0\u03bf\u03b9\u03cc\u03c4\u03b7\u03c4\u03b1 \u03cd\u03c0\u03bd\u03bf\u03c5 \u03c3\u03c4\u03b7\u03bd \u039a\u03cd\u03c0\u03c1\u03bf. \u039a\u03c1\u03b5\u03b2\u03ac\u03c4\u03b9\u03b1, \u03a3\u03c4\u03c1\u03ce\u03bc\u03b1\u03c4\u03b1 \u03ba\u03b1\u03b9 \u03bd\u03c4\u03b9\u03b2\u03ac\u03bd\u03b9\u03b1 \u03c3\u03c4\u03b7\u03bd \u039a\u03cd\u03c0\u03c1\u03bf","og_url":"https:\/\/www.gevorest.com\/sr\/divans\/","og_site_name":"Gevorest","article_modified_time":"2024-09-01T07:25:24+00:00","twitter_card":"summary_large_image","twitter_misc":{"Est. reading time":"4 minutes"},"schema":{"@context":"https:\/\/schema.org","@graph":[{"@type":"WebPage","@id":"https:\/\/www.gevorest.com\/sr\/divans\/","url":"https:\/\/www.gevorest.com\/sr\/divans\/","name":"\u039d\u03c4\u03b9\u03b2\u03ac\u03bd\u03b9\u03b1 \u039a\u03cd\u03c0\u03c1\u03bf\u03c2 \u03b1\u03c0\u03bf \u03c4\u03b7\u03bd Gevorest - \u0397 \u03ba\u03b1\u03bb\u03cd\u03c4\u03b5\u03c1\u03b7 \u03a0\u03bf\u03b9\u03cc\u03c4\u03b7\u03c4\u03b1 \u038e\u03c0\u03bd\u03bf\u03c5","isPartOf":{"@id":"https:\/\/www.gevorest.com\/#website"},"datePublished":"2016-06-20T16:17:12+00:00","dateModified":"2024-09-01T07:25:24+00:00","description":"\u0391\u03b3\u03cc\u03c1\u03b1\u03c3\u03b5 \u03bd\u03c4\u03b9\u03b2\u03ac\u03bd\u03b9\u03b1 \u03c3\u03c4\u03b7\u03bd \u039a\u03cd\u03c0\u03c1\u03bf \u03b1\u03c0\u03bf \u03c4\u03b7\u03bd Gevorest Cyprus. \u0397 \u03ba\u03b1\u03bb\u03cd\u03c4\u03b5\u03c1\u03b7 \u03c0\u03bf\u03b9\u03cc\u03c4\u03b7\u03c4\u03b1 \u03cd\u03c0\u03bd\u03bf\u03c5 \u03c3\u03c4\u03b7\u03bd \u039a\u03cd\u03c0\u03c1\u03bf. \u039a\u03c1\u03b5\u03b2\u03ac\u03c4\u03b9\u03b1, \u03a3\u03c4\u03c1\u03ce\u03bc\u03b1\u03c4\u03b1 \u03ba\u03b1\u03b9 \u03bd\u03c4\u03b9\u03b2\u03ac\u03bd\u03b9\u03b1 \u03c3\u03c4\u03b7\u03bd \u039a\u03cd\u03c0\u03c1\u03bf","breadcrumb":{"@id":"https:\/\/www.gevorest.com\/sr\/divans\/#breadcrumb"},"inLanguage":"sr-RS","potentialAction":[{"@type":"ReadAction","target":["https:\/\/www.gevorest.com\/sr\/divans\/"]}]},{"@type":"BreadcrumbList","@id":"https:\/\/www.gevorest.com\/sr\/divans\/#breadcrumb","itemListElement":[{"@type":"ListItem","position":1,"name":"Home","item":"https:\/\/www.gevorest.com\/sr\/"},{"@type":"ListItem","position":2,"name":"Baze kreveta"}]},{"@type":"WebSite","@id":"https:\/\/www.gevorest.com\/#website","url":"https:\/\/www.gevorest.com\/","name":"Gevorest","description":"Serves the Quality of Sleep since 1967","publisher":{"@id":"https:\/\/www.gevorest.com\/#organization"},"potentialAction":[{"@type":"SearchAction","target":{"@type":"EntryPoint","urlTemplate":"https:\/\/www.gevorest.com\/?s={search_term_string}"},"query-input":{"@type":"PropertyValueSpecification","valueRequired":true,"valueName":"search_term_string"}}],"inLanguage":"sr-RS"},{"@type":"Organization","@id":"https:\/\/www.gevorest.com\/#organization","name":"Gevorest","url":"https:\/\/www.gevorest.com\/","logo":{"@type":"ImageObject","inLanguage":"sr-RS","@id":"https:\/\/www.gevorest.com\/#\/schema\/logo\/image\/","url":"https:\/\/www.gevorest.com\/wp-content\/uploads\/2018\/06\/gevorest_logo_2018.png","contentUrl":"https:\/\/www.gevorest.com\/wp-content\/uploads\/2018\/06\/gevorest_logo_2018.png","width":1282,"height":423,"caption":"Gevorest"},"image":{"@id":"https:\/\/www.gevorest.com\/#\/schema\/logo\/image\/"}}]}},"_links":{"self":[{"href":"https:\/\/www.gevorest.com\/sr\/wp-json\/wp\/v2\/pages\/22042","targetHints":{"allow":["GET"]}}],"collection":[{"href":"https:\/\/www.gevorest.com\/sr\/wp-json\/wp\/v2\/pages"}],"about":[{"href":"https:\/\/www.gevorest.com\/sr\/wp-json\/wp\/v2\/types\/page"}],"author":[{"embeddable":true,"href":"https:\/\/www.gevorest.com\/sr\/wp-json\/wp\/v2\/users\/1"}],"replies":[{"embeddable":true,"href":"https:\/\/www.gevorest.com\/sr\/wp-json\/wp\/v2\/comments?post=22042"}],"version-history":[{"count":0,"href":"https:\/\/www.gevorest.com\/sr\/wp-json\/wp\/v2\/pages\/22042\/revisions"}],"wp:attachment":[{"href":"https:\/\/www.gevorest.com\/sr\/wp-json\/wp\/v2\/media?parent=22042"}],"curies":[{"name":"wp","href":"https:\/\/api.w.org\/{rel}","templated":true}]}}