{"id":22048,"date":"2016-06-20T17:20:26","date_gmt":"2016-06-20T17:20:26","guid":{"rendered":"https:\/\/www.gevorest.com\/sr\/divans-ypnos\/"},"modified":"2023-12-07T13:29:57","modified_gmt":"2023-12-07T13:29:57","slug":"divans-ypnos","status":"publish","type":"page","link":"https:\/\/www.gevorest.com\/sr\/divans-ypnos\/","title":{"rendered":"Divans &#8211; Ypnos Line"},"content":{"rendered":"<p>[vc_row row_type=&#8221;row&#8221; use_row_as_full_screen_section=&#8221;no&#8221; type=&#8221;grid&#8221; angled_section=&#8221;no&#8221; text_align=&#8221;left&#8221; background_image_as_pattern=&#8221;without_pattern&#8221; background_color=&#8221;#ffffff&#8221; padding_top=&#8221;25&#8243; css_animation=&#8221;&#8221;][vc_column][vc_column_text]<\/p>\n<h2 style=\"text-align: center;\">RAVNE BAZE SA NEZAVISNIM OPRUGAMA<\/h2>\n<p>[\/vc_column_text][vc_separator type=&#8221;small&#8221; position=&#8221;center&#8221; up=&#8221;7&#8243; down=&#8221;25&#8243;][\/vc_column][\/vc_row][vc_row row_type=&#8221;row&#8221; use_row_as_full_screen_section=&#8221;no&#8221; type=&#8221;grid&#8221; angled_section=&#8221;no&#8221; text_align=&#8221;left&#8221; background_image_as_pattern=&#8221;without_pattern&#8221; background_color=&#8221;#ffffff&#8221; padding_top=&#8221;30&#8243; css_animation=&#8221;&#8221;][vc_column width=&#8221;1\/2&#8243;][vc_single_image image=&#8221;16162&#8243; img_size=&#8221;full&#8221; alignment=&#8221;center&#8221; qode_css_animation=&#8221;element_from_bottom&#8221; transition_delay=&#8221;0.3&#8243;][vc_separator type=&#8221;transparent&#8221; up=&#8221;35&#8243; down=&#8221;22&#8243;][\/vc_column][vc_column width=&#8221;1\/2&#8243;][vc_row_inner row_type=&#8221;row&#8221; type=&#8221;full_width&#8221; text_align=&#8221;left&#8221; css_animation=&#8221;&#8221;][vc_column_inner]<div class='q_list circle'><\/p>\n<ul>\n<li>Izdr\u017eljive i \u010dvrste.<\/li>\n<li>Le\u017eanjem telo stvara pritisak svojom te\u017einom. Me\u0111utim, kada se udru\u017ee funkcije opruga du\u0161eka i osnove (baze) \u00a0posti\u017ee se najvec\u0301a apsorpcija, slabljenje i kona\u010dno anuliranje svih pritisaka na na\u0161e telo.<\/li>\n<li>U kombinaciji sa nezavisnim oprugama du\u0161eka iz Ypnos kolekcije oni maksimiziraju udobnost i podr\u0161ku.<\/li>\n<li>Pritisci se elimini\u0161u do maksimuma po\u0161to se apsorbuju, slabe i anuliraju \u00a0preko du\u0161eka i baze (osnove).<\/li>\n<li>Idealno su \u00a0ukombinovani sa uzglavljem \u00a0Ypnos kolekcije.<\/li>\n<\/ul>\n<p><\/div>[vc_separator type=&#8221;transparent&#8221; up=&#8221;80&#8243; down=&#8221;0&#8243;][\/vc_column_inner][\/vc_row_inner][\/vc_column][\/vc_row][vc_row row_type=&#8221;row&#8221; use_row_as_full_screen_section=&#8221;no&#8221; type=&#8221;full_width&#8221; angled_section=&#8221;no&#8221; text_align=&#8221;left&#8221; background_image_as_pattern=&#8221;without_pattern&#8221; padding_top=&#8221;52&#8243; css_animation=&#8221;&#8221;][vc_column][vc_column_text]<\/p>\n<h2 style=\"text-align: center;\">BAZE IZ YPNOS KOLEKCIJE<\/h2>\n<p>[\/vc_column_text][vc_separator type=&#8221;small&#8221; position=&#8221;center&#8221; up=&#8221;7&#8243; down=&#8221;45&#8243;][\/vc_column][\/vc_row][vc_row row_type=&#8221;row&#8221; use_row_as_full_screen_section=&#8221;no&#8221; type=&#8221;full_width&#8221; angled_section=&#8221;no&#8221; text_align=&#8221;left&#8221; background_image_as_pattern=&#8221;without_pattern&#8221; css_animation=&#8221;&#8221;][vc_column][vc_empty_space][\/vc_column][\/vc_row][vc_row row_type=&#8221;row&#8221; use_row_as_full_screen_section=&#8221;no&#8221; type=&#8221;full_width&#8221; angled_section=&#8221;no&#8221; text_align=&#8221;left&#8221; background_image_as_pattern=&#8221;without_pattern&#8221; padding_top=&#8221;0&#8243; padding_bottom=&#8221;0&#8243; css_animation=&#8221;&#8221;][vc_column width=&#8221;1\/12&#8243;][\/vc_column][vc_column width=&#8221;10\/12&#8243;]<div class='projects_holder_outer v3 portfolio_with_space portfolio_standard '><div class='projects_holder portfolio_main_holder clearfix v3 standard portfolio_full_image portfolio_one_by_one'>\n<article class='mix portfolio_category_364 ' style=''><div class='image_holder'><a itemprop='url' class='portfolio_link_for_touch' href='https:\/\/www.gevorest.com\/sr\/portfolio_page\/divans-ypnos-line\/' target='_self'><span class='image'><img loading=\"lazy\" decoding=\"async\" width=\"1100\" height=\"650\" src=\"https:\/\/www.gevorest.com\/wp-content\/uploads\/2016\/06\/Ypnos-Platinum-3.jpg\" class=\"attachment-full size-full wp-post-image\" alt=\"\" srcset=\"https:\/\/www.gevorest.com\/wp-content\/uploads\/2016\/06\/Ypnos-Platinum-3.jpg 1100w, https:\/\/www.gevorest.com\/wp-content\/uploads\/2016\/06\/Ypnos-Platinum-3-300x177.jpg 300w, https:\/\/www.gevorest.com\/wp-content\/uploads\/2016\/06\/Ypnos-Platinum-3-768x454.jpg 768w, https:\/\/www.gevorest.com\/wp-content\/uploads\/2016\/06\/Ypnos-Platinum-3-1024x605.jpg 1024w, https:\/\/www.gevorest.com\/wp-content\/uploads\/2016\/06\/Ypnos-Platinum-3-700x414.jpg 700w\" sizes=\"auto, (max-width: 1100px) 100vw, 1100px\" \/><\/span><\/a><span class='text_holder'><span class='text_outer'><span class='text_inner'><span class='feature_holder'><span class=\"feature_holder_icons\"><a itemprop='image' class='lightbox qbutton small white' title='Sueno' href='https:\/\/www.gevorest.com\/wp-content\/uploads\/2016\/06\/Ypnos-Platinum-3.jpg' data-rel='prettyPhoto[pretty_photo_gallery]'>zoom<\/a><a itemprop='url' class='preview qbutton small white' href='https:\/\/www.gevorest.com\/sr\/portfolio_page\/divans-ypnos-line\/' target='_self'>view<\/a><\/span><\/span><\/span><\/span><\/span><\/div><div class='portfolio_description '><h5 itemprop=\"headings\" class=\"portfolio_title entry_title\"><a itemprop=\"url\" href=\"https:\/\/www.gevorest.com\/sr\/portfolio_page\/divans-ypnos-line\/\"  target=\"_self\">Sueno<\/a><\/h5><span class=\"project_category\" >Sueno<\/span><\/div><\/article>\n<article class='mix portfolio_category_365 ' style=''><div class='image_holder'><a itemprop='url' class='portfolio_link_for_touch' href='https:\/\/www.gevorest.com\/sr\/portfolio_page\/sonno\/' target='_self'><span class='image'><img loading=\"lazy\" decoding=\"async\" width=\"1100\" height=\"650\" src=\"https:\/\/www.gevorest.com\/wp-content\/uploads\/2016\/06\/A60A1933-2.jpg\" class=\"attachment-full size-full wp-post-image\" alt=\"\" srcset=\"https:\/\/www.gevorest.com\/wp-content\/uploads\/2016\/06\/A60A1933-2.jpg 1100w, https:\/\/www.gevorest.com\/wp-content\/uploads\/2016\/06\/A60A1933-2-300x177.jpg 300w, https:\/\/www.gevorest.com\/wp-content\/uploads\/2016\/06\/A60A1933-2-768x454.jpg 768w, https:\/\/www.gevorest.com\/wp-content\/uploads\/2016\/06\/A60A1933-2-1024x605.jpg 1024w, https:\/\/www.gevorest.com\/wp-content\/uploads\/2016\/06\/A60A1933-2-700x414.jpg 700w\" sizes=\"auto, (max-width: 1100px) 100vw, 1100px\" \/><\/span><\/a><span class='text_holder'><span class='text_outer'><span class='text_inner'><span class='feature_holder'><span class=\"feature_holder_icons\"><a itemprop='image' class='lightbox qbutton small white' title='Sonno' href='https:\/\/www.gevorest.com\/wp-content\/uploads\/2016\/06\/A60A1933-2.jpg' data-rel='prettyPhoto[pretty_photo_gallery]'>zoom<\/a><a itemprop='url' class='preview qbutton small white' href='https:\/\/www.gevorest.com\/sr\/portfolio_page\/sonno\/' target='_self'>view<\/a><\/span><\/span><\/span><\/span><\/span><\/div><div class='portfolio_description '><h5 itemprop=\"headings\" class=\"portfolio_title entry_title\"><a itemprop=\"url\" href=\"https:\/\/www.gevorest.com\/sr\/portfolio_page\/sonno\/\"  target=\"_self\">Sonno<\/a><\/h5><span class=\"project_category\" >Sonno<\/span><\/div><\/article>\n<article class='mix portfolio_category_366 ' style=''><div class='image_holder'><a itemprop='url' class='portfolio_link_for_touch' href='https:\/\/www.gevorest.com\/sr\/portfolio_page\/sen\/' target='_self'><span class='image'><img loading=\"lazy\" decoding=\"async\" width=\"1280\" height=\"800\" src=\"https:\/\/www.gevorest.com\/wp-content\/uploads\/2016\/06\/Ypnos-pearl-front-3-1.jpg\" class=\"attachment-full size-full wp-post-image\" alt=\"\" srcset=\"https:\/\/www.gevorest.com\/wp-content\/uploads\/2016\/06\/Ypnos-pearl-front-3-1.jpg 1280w, https:\/\/www.gevorest.com\/wp-content\/uploads\/2016\/06\/Ypnos-pearl-front-3-1-300x188.jpg 300w, https:\/\/www.gevorest.com\/wp-content\/uploads\/2016\/06\/Ypnos-pearl-front-3-1-1024x640.jpg 1024w, https:\/\/www.gevorest.com\/wp-content\/uploads\/2016\/06\/Ypnos-pearl-front-3-1-768x480.jpg 768w, https:\/\/www.gevorest.com\/wp-content\/uploads\/2016\/06\/Ypnos-pearl-front-3-1-700x438.jpg 700w\" sizes=\"auto, (max-width: 1280px) 100vw, 1280px\" \/><\/span><\/a><span class='text_holder'><span class='text_outer'><span class='text_inner'><span class='feature_holder'><span class=\"feature_holder_icons\"><a itemprop='image' class='lightbox qbutton small white' title='Sen' href='https:\/\/www.gevorest.com\/wp-content\/uploads\/2016\/06\/Ypnos-pearl-front-3-1.jpg' data-rel='prettyPhoto[pretty_photo_gallery]'>zoom<\/a><a itemprop='url' class='preview qbutton small white' href='https:\/\/www.gevorest.com\/sr\/portfolio_page\/sen\/' target='_self'>view<\/a><\/span><\/span><\/span><\/span><\/span><\/div><div class='portfolio_description '><h5 itemprop=\"headings\" class=\"portfolio_title entry_title\"><a itemprop=\"url\" href=\"https:\/\/www.gevorest.com\/sr\/portfolio_page\/sen\/\"  target=\"_self\">Sen<\/a><\/h5><span class=\"project_category\" >Sen<\/span><\/div><\/article>\n<article class='mix portfolio_category_368 ' style=''><div class='image_holder'><a itemprop='url' class='portfolio_link_for_touch' href='https:\/\/www.gevorest.com\/sr\/portfolio_page\/somnus\/' target='_self'><span class='image'><img loading=\"lazy\" decoding=\"async\" width=\"1382\" height=\"922\" src=\"https:\/\/www.gevorest.com\/wp-content\/uploads\/2018\/11\/A60A9990.jpg\" class=\"attachment-full size-full wp-post-image\" alt=\"\" srcset=\"https:\/\/www.gevorest.com\/wp-content\/uploads\/2018\/11\/A60A9990.jpg 1382w, https:\/\/www.gevorest.com\/wp-content\/uploads\/2018\/11\/A60A9990-300x200.jpg 300w, https:\/\/www.gevorest.com\/wp-content\/uploads\/2018\/11\/A60A9990-768x512.jpg 768w, https:\/\/www.gevorest.com\/wp-content\/uploads\/2018\/11\/A60A9990-1024x683.jpg 1024w, https:\/\/www.gevorest.com\/wp-content\/uploads\/2018\/11\/A60A9990-700x467.jpg 700w\" sizes=\"auto, (max-width: 1382px) 100vw, 1382px\" \/><\/span><\/a><span class='text_holder'><span class='text_outer'><span class='text_inner'><span class='feature_holder'><span class=\"feature_holder_icons\"><a itemprop='image' class='lightbox qbutton small white' title='Somnus' href='https:\/\/www.gevorest.com\/wp-content\/uploads\/2018\/11\/A60A9990.jpg' data-rel='prettyPhoto[pretty_photo_gallery]'>zoom<\/a><a itemprop='url' class='preview qbutton small white' href='https:\/\/www.gevorest.com\/sr\/portfolio_page\/somnus\/' target='_self'>view<\/a><\/span><\/span><\/span><\/span><\/span><\/div><div class='portfolio_description '><h5 itemprop=\"headings\" class=\"portfolio_title entry_title\"><a itemprop=\"url\" href=\"https:\/\/www.gevorest.com\/sr\/portfolio_page\/somnus\/\"  target=\"_self\">Somnus<\/a><\/h5><span class=\"project_category\" >Somnus<\/span><\/div><\/article>\n<article class='mix portfolio_category_369 ' style=''><div class='image_holder'><a itemprop='url' class='portfolio_link_for_touch' href='https:\/\/www.gevorest.com\/sr\/portfolio_page\/sova\/' target='_self'><span class='image'><img loading=\"lazy\" decoding=\"async\" width=\"1382\" height=\"922\" src=\"https:\/\/www.gevorest.com\/wp-content\/uploads\/2018\/11\/A60A0084a.jpg\" class=\"attachment-full size-full wp-post-image\" alt=\"\" srcset=\"https:\/\/www.gevorest.com\/wp-content\/uploads\/2018\/11\/A60A0084a.jpg 1382w, https:\/\/www.gevorest.com\/wp-content\/uploads\/2018\/11\/A60A0084a-300x200.jpg 300w, https:\/\/www.gevorest.com\/wp-content\/uploads\/2018\/11\/A60A0084a-768x512.jpg 768w, https:\/\/www.gevorest.com\/wp-content\/uploads\/2018\/11\/A60A0084a-1024x683.jpg 1024w, https:\/\/www.gevorest.com\/wp-content\/uploads\/2018\/11\/A60A0084a-700x467.jpg 700w\" sizes=\"auto, (max-width: 1382px) 100vw, 1382px\" \/><\/span><\/a><span class='text_holder'><span class='text_outer'><span class='text_inner'><span class='feature_holder'><span class=\"feature_holder_icons\"><a itemprop='image' class='lightbox qbutton small white' title='Sova' href='https:\/\/www.gevorest.com\/wp-content\/uploads\/2018\/11\/A60A0084a.jpg' data-rel='prettyPhoto[pretty_photo_gallery]'>zoom<\/a><a itemprop='url' class='preview qbutton small white' href='https:\/\/www.gevorest.com\/sr\/portfolio_page\/sova\/' target='_self'>view<\/a><\/span><\/span><\/span><\/span><\/span><\/div><div class='portfolio_description '><h5 itemprop=\"headings\" class=\"portfolio_title entry_title\"><a itemprop=\"url\" href=\"https:\/\/www.gevorest.com\/sr\/portfolio_page\/sova\/\"  target=\"_self\">Sova<\/a><\/h5><span class=\"project_category\" >Sova<\/span><\/div><\/article>\n<div class='filler'><\/div>\n<div class='filler'><\/div>\n<div class='filler'><\/div>\n<\/div><\/div>[\/vc_column][vc_column width=&#8221;1\/12&#8243;][\/vc_column][\/vc_row][vc_row row_type=&#8221;row&#8221; use_row_as_full_screen_section=&#8221;no&#8221; type=&#8221;full_width&#8221; angled_section=&#8221;no&#8221; text_align=&#8221;left&#8221; background_image_as_pattern=&#8221;without_pattern&#8221; padding_top=&#8221;0&#8243; padding_bottom=&#8221;0&#8243; css_animation=&#8221;&#8221;][vc_column]<div class=\"call_to_action normal\" style=\"background-color: #c0c0c0;\"><div class=\"container_inner\"><div class=\"text_wrapper \"><div class=\"call_to_action_text  font_size_inherit\" style=\"font-size:20px;\"><strong>Pa\u017enja: Jedna cela ravna povr\u0161ina je neophodan uslov za pravilno funkcionisanje du\u0161eka.<\/strong><\/p>\n<p>*Sueno na \u0161panskom zna\u010di San (Ypnos), Sonno na italijanskom zna\u010di San (Ypnos), Sen na poljskom zna\u010di San (Ypnos).<br \/>\n<\/div><\/div><\/div><\/div>[\/vc_column][\/vc_row]<\/p>\n","protected":false},"excerpt":{"rendered":"<p>[vc_row row_type=&#8221;row&#8221; use_row_as_full_screen_section=&#8221;no&#8221; type=&#8221;grid&#8221; angled_section=&#8221;no&#8221; text_align=&#8221;left&#8221; background_image_as_pattern=&#8221;without_pattern&#8221; background_color=&#8221;#ffffff&#8221; padding_top=&#8221;25&#8243; css_animation=&#8221;&#8221;][vc_column][vc_column_text] RAVNE BAZE SA NEZAVISNIM OPRUGAMA [\/vc_column_text][vc_separator type=&#8221;small&#8221; position=&#8221;center&#8221; up=&#8221;7&#8243; down=&#8221;25&#8243;][\/vc_column][\/vc_row][vc_row row_type=&#8221;row&#8221; use_row_as_full_screen_section=&#8221;no&#8221; type=&#8221;grid&#8221; angled_section=&#8221;no&#8221; text_align=&#8221;left&#8221; background_image_as_pattern=&#8221;without_pattern&#8221; background_color=&#8221;#ffffff&#8221; padding_top=&#8221;30&#8243; css_animation=&#8221;&#8221;][vc_column width=&#8221;1\/2&#8243;][vc_single_image image=&#8221;16162&#8243; img_size=&#8221;full&#8221; alignment=&#8221;center&#8221; qode_css_animation=&#8221;element_from_bottom&#8221; transition_delay=&#8221;0.3&#8243;][vc_separator type=&#8221;transparent&#8221; up=&#8221;35&#8243; down=&#8221;22&#8243;][\/vc_column][vc_column width=&#8221;1\/2&#8243;][vc_row_inner row_type=&#8221;row&#8221; type=&#8221;full_width&#8221; text_align=&#8221;left&#8221; css_animation=&#8221;&#8221;][vc_column_inner][vc_separator type=&#8221;transparent&#8221; up=&#8221;80&#8243;&#8230;<\/p>\n","protected":false},"author":1,"featured_media":0,"parent":0,"menu_order":0,"comment_status":"open","ping_status":"open","template":"full_width.php","meta":{"footnotes":""},"class_list":["post-22048","page","type-page","status-publish","hentry"],"yoast_head":"<!-- This site is optimized with the Yoast SEO plugin v27.2 - https:\/\/yoast.com\/product\/yoast-seo-wordpress\/ -->\n<title>Divans - Ypnos Line - Gevorest<\/title>\n<meta name=\"robots\" content=\"index, follow, max-snippet:-1, max-image-preview:large, max-video-preview:-1\" \/>\n<link rel=\"canonical\" href=\"https:\/\/www.gevorest.com\/sr\/divans-ypnos\/\" \/>\n<meta property=\"og:locale\" content=\"sr_RS\" \/>\n<meta property=\"og:type\" content=\"article\" \/>\n<meta property=\"og:title\" content=\"Divans - Ypnos Line - Gevorest\" \/>\n<meta property=\"og:description\" content=\"[vc_row row_type=&#8221;row&#8221; use_row_as_full_screen_section=&#8221;no&#8221; type=&#8221;grid&#8221; angled_section=&#8221;no&#8221; text_align=&#8221;left&#8221; background_image_as_pattern=&#8221;without_pattern&#8221; background_color=&#8221;#ffffff&#8221; padding_top=&#8221;25&#8243; css_animation=&#8221;&#8221;][vc_column][vc_column_text] RAVNE BAZE SA NEZAVISNIM OPRUGAMA [\/vc_column_text][vc_separator type=&#8221;small&#8221; position=&#8221;center&#8221; up=&#8221;7&#8243; down=&#8221;25&#8243;][\/vc_column][\/vc_row][vc_row row_type=&#8221;row&#8221; use_row_as_full_screen_section=&#8221;no&#8221; type=&#8221;grid&#8221; angled_section=&#8221;no&#8221; text_align=&#8221;left&#8221; background_image_as_pattern=&#8221;without_pattern&#8221; background_color=&#8221;#ffffff&#8221; padding_top=&#8221;30&#8243; css_animation=&#8221;&#8221;][vc_column width=&#8221;1\/2&#8243;][vc_single_image image=&#8221;16162&#8243; img_size=&#8221;full&#8221; alignment=&#8221;center&#8221; qode_css_animation=&#8221;element_from_bottom&#8221; transition_delay=&#8221;0.3&#8243;][vc_separator type=&#8221;transparent&#8221; up=&#8221;35&#8243; down=&#8221;22&#8243;][\/vc_column][vc_column width=&#8221;1\/2&#8243;][vc_row_inner row_type=&#8221;row&#8221; type=&#8221;full_width&#8221; text_align=&#8221;left&#8221; css_animation=&#8221;&#8221;][vc_column_inner][vc_separator type=&#8221;transparent&#8221; up=&#8221;80&#8243;...\" \/>\n<meta property=\"og:url\" content=\"https:\/\/www.gevorest.com\/sr\/divans-ypnos\/\" \/>\n<meta property=\"og:site_name\" content=\"Gevorest\" \/>\n<meta property=\"article:modified_time\" content=\"2023-12-07T13:29:57+00:00\" \/>\n<meta name=\"twitter:card\" content=\"summary_large_image\" \/>\n<meta name=\"twitter:label1\" content=\"Est. reading time\" \/>\n\t<meta name=\"twitter:data1\" content=\"2 minutes\" \/>\n<script type=\"application\/ld+json\" class=\"yoast-schema-graph\">{\"@context\":\"https:\/\/schema.org\",\"@graph\":[{\"@type\":\"WebPage\",\"@id\":\"https:\/\/www.gevorest.com\/sr\/divans-ypnos\/\",\"url\":\"https:\/\/www.gevorest.com\/sr\/divans-ypnos\/\",\"name\":\"Divans - Ypnos Line - Gevorest\",\"isPartOf\":{\"@id\":\"https:\/\/www.gevorest.com\/#website\"},\"datePublished\":\"2016-06-20T17:20:26+00:00\",\"dateModified\":\"2023-12-07T13:29:57+00:00\",\"breadcrumb\":{\"@id\":\"https:\/\/www.gevorest.com\/sr\/divans-ypnos\/#breadcrumb\"},\"inLanguage\":\"sr-RS\",\"potentialAction\":[{\"@type\":\"ReadAction\",\"target\":[\"https:\/\/www.gevorest.com\/sr\/divans-ypnos\/\"]}]},{\"@type\":\"BreadcrumbList\",\"@id\":\"https:\/\/www.gevorest.com\/sr\/divans-ypnos\/#breadcrumb\",\"itemListElement\":[{\"@type\":\"ListItem\",\"position\":1,\"name\":\"Home\",\"item\":\"https:\/\/www.gevorest.com\/sr\/\"},{\"@type\":\"ListItem\",\"position\":2,\"name\":\"Divans &#8211; Ypnos Line\"}]},{\"@type\":\"WebSite\",\"@id\":\"https:\/\/www.gevorest.com\/#website\",\"url\":\"https:\/\/www.gevorest.com\/\",\"name\":\"Gevorest\",\"description\":\"Serves the Quality of Sleep since 1967\",\"publisher\":{\"@id\":\"https:\/\/www.gevorest.com\/#organization\"},\"potentialAction\":[{\"@type\":\"SearchAction\",\"target\":{\"@type\":\"EntryPoint\",\"urlTemplate\":\"https:\/\/www.gevorest.com\/?s={search_term_string}\"},\"query-input\":{\"@type\":\"PropertyValueSpecification\",\"valueRequired\":true,\"valueName\":\"search_term_string\"}}],\"inLanguage\":\"sr-RS\"},{\"@type\":\"Organization\",\"@id\":\"https:\/\/www.gevorest.com\/#organization\",\"name\":\"Gevorest\",\"url\":\"https:\/\/www.gevorest.com\/\",\"logo\":{\"@type\":\"ImageObject\",\"inLanguage\":\"sr-RS\",\"@id\":\"https:\/\/www.gevorest.com\/#\/schema\/logo\/image\/\",\"url\":\"https:\/\/www.gevorest.com\/wp-content\/uploads\/2018\/06\/gevorest_logo_2018.png\",\"contentUrl\":\"https:\/\/www.gevorest.com\/wp-content\/uploads\/2018\/06\/gevorest_logo_2018.png\",\"width\":1282,\"height\":423,\"caption\":\"Gevorest\"},\"image\":{\"@id\":\"https:\/\/www.gevorest.com\/#\/schema\/logo\/image\/\"}}]}<\/script>\n<!-- \/ Yoast SEO plugin. -->","yoast_head_json":{"title":"Divans - Ypnos Line - Gevorest","robots":{"index":"index","follow":"follow","max-snippet":"max-snippet:-1","max-image-preview":"max-image-preview:large","max-video-preview":"max-video-preview:-1"},"canonical":"https:\/\/www.gevorest.com\/sr\/divans-ypnos\/","og_locale":"sr_RS","og_type":"article","og_title":"Divans - Ypnos Line - Gevorest","og_description":"[vc_row row_type=&#8221;row&#8221; use_row_as_full_screen_section=&#8221;no&#8221; type=&#8221;grid&#8221; angled_section=&#8221;no&#8221; text_align=&#8221;left&#8221; background_image_as_pattern=&#8221;without_pattern&#8221; background_color=&#8221;#ffffff&#8221; padding_top=&#8221;25&#8243; css_animation=&#8221;&#8221;][vc_column][vc_column_text] RAVNE BAZE SA NEZAVISNIM OPRUGAMA [\/vc_column_text][vc_separator type=&#8221;small&#8221; position=&#8221;center&#8221; up=&#8221;7&#8243; down=&#8221;25&#8243;][\/vc_column][\/vc_row][vc_row row_type=&#8221;row&#8221; use_row_as_full_screen_section=&#8221;no&#8221; type=&#8221;grid&#8221; angled_section=&#8221;no&#8221; text_align=&#8221;left&#8221; background_image_as_pattern=&#8221;without_pattern&#8221; background_color=&#8221;#ffffff&#8221; padding_top=&#8221;30&#8243; css_animation=&#8221;&#8221;][vc_column width=&#8221;1\/2&#8243;][vc_single_image image=&#8221;16162&#8243; img_size=&#8221;full&#8221; alignment=&#8221;center&#8221; qode_css_animation=&#8221;element_from_bottom&#8221; transition_delay=&#8221;0.3&#8243;][vc_separator type=&#8221;transparent&#8221; up=&#8221;35&#8243; down=&#8221;22&#8243;][\/vc_column][vc_column width=&#8221;1\/2&#8243;][vc_row_inner row_type=&#8221;row&#8221; type=&#8221;full_width&#8221; text_align=&#8221;left&#8221; css_animation=&#8221;&#8221;][vc_column_inner][vc_separator type=&#8221;transparent&#8221; up=&#8221;80&#8243;...","og_url":"https:\/\/www.gevorest.com\/sr\/divans-ypnos\/","og_site_name":"Gevorest","article_modified_time":"2023-12-07T13:29:57+00:00","twitter_card":"summary_large_image","twitter_misc":{"Est. reading time":"2 minutes"},"schema":{"@context":"https:\/\/schema.org","@graph":[{"@type":"WebPage","@id":"https:\/\/www.gevorest.com\/sr\/divans-ypnos\/","url":"https:\/\/www.gevorest.com\/sr\/divans-ypnos\/","name":"Divans - Ypnos Line - Gevorest","isPartOf":{"@id":"https:\/\/www.gevorest.com\/#website"},"datePublished":"2016-06-20T17:20:26+00:00","dateModified":"2023-12-07T13:29:57+00:00","breadcrumb":{"@id":"https:\/\/www.gevorest.com\/sr\/divans-ypnos\/#breadcrumb"},"inLanguage":"sr-RS","potentialAction":[{"@type":"ReadAction","target":["https:\/\/www.gevorest.com\/sr\/divans-ypnos\/"]}]},{"@type":"BreadcrumbList","@id":"https:\/\/www.gevorest.com\/sr\/divans-ypnos\/#breadcrumb","itemListElement":[{"@type":"ListItem","position":1,"name":"Home","item":"https:\/\/www.gevorest.com\/sr\/"},{"@type":"ListItem","position":2,"name":"Divans &#8211; Ypnos Line"}]},{"@type":"WebSite","@id":"https:\/\/www.gevorest.com\/#website","url":"https:\/\/www.gevorest.com\/","name":"Gevorest","description":"Serves the Quality of Sleep since 1967","publisher":{"@id":"https:\/\/www.gevorest.com\/#organization"},"potentialAction":[{"@type":"SearchAction","target":{"@type":"EntryPoint","urlTemplate":"https:\/\/www.gevorest.com\/?s={search_term_string}"},"query-input":{"@type":"PropertyValueSpecification","valueRequired":true,"valueName":"search_term_string"}}],"inLanguage":"sr-RS"},{"@type":"Organization","@id":"https:\/\/www.gevorest.com\/#organization","name":"Gevorest","url":"https:\/\/www.gevorest.com\/","logo":{"@type":"ImageObject","inLanguage":"sr-RS","@id":"https:\/\/www.gevorest.com\/#\/schema\/logo\/image\/","url":"https:\/\/www.gevorest.com\/wp-content\/uploads\/2018\/06\/gevorest_logo_2018.png","contentUrl":"https:\/\/www.gevorest.com\/wp-content\/uploads\/2018\/06\/gevorest_logo_2018.png","width":1282,"height":423,"caption":"Gevorest"},"image":{"@id":"https:\/\/www.gevorest.com\/#\/schema\/logo\/image\/"}}]}},"_links":{"self":[{"href":"https:\/\/www.gevorest.com\/sr\/wp-json\/wp\/v2\/pages\/22048","targetHints":{"allow":["GET"]}}],"collection":[{"href":"https:\/\/www.gevorest.com\/sr\/wp-json\/wp\/v2\/pages"}],"about":[{"href":"https:\/\/www.gevorest.com\/sr\/wp-json\/wp\/v2\/types\/page"}],"author":[{"embeddable":true,"href":"https:\/\/www.gevorest.com\/sr\/wp-json\/wp\/v2\/users\/1"}],"replies":[{"embeddable":true,"href":"https:\/\/www.gevorest.com\/sr\/wp-json\/wp\/v2\/comments?post=22048"}],"version-history":[{"count":0,"href":"https:\/\/www.gevorest.com\/sr\/wp-json\/wp\/v2\/pages\/22048\/revisions"}],"wp:attachment":[{"href":"https:\/\/www.gevorest.com\/sr\/wp-json\/wp\/v2\/media?parent=22048"}],"curies":[{"name":"wp","href":"https:\/\/api.w.org\/{rel}","templated":true}]}}