{"id":22088,"date":"2016-06-21T13:48:04","date_gmt":"2016-06-21T13:48:04","guid":{"rendered":"https:\/\/www.gevorest.com\/sr\/headboards\/"},"modified":"2023-12-03T06:56:34","modified_gmt":"2023-12-03T06:56:34","slug":"headboards","status":"publish","type":"page","link":"https:\/\/www.gevorest.com\/sr\/headboards\/","title":{"rendered":"Headboards"},"content":{"rendered":"<p>[vc_row row_type=&#8221;row&#8221; use_row_as_full_screen_section=&#8221;no&#8221; type=&#8221;grid&#8221; angled_section=&#8221;no&#8221; text_align=&#8221;left&#8221; background_image_as_pattern=&#8221;without_pattern&#8221; background_color=&#8221;#ffffff&#8221; padding_top=&#8221;77&#8243; padding_bottom=&#8221;48&#8243; css_animation=&#8221;&#8221;][vc_column][vc_separator type=&#8221;transparent&#8221; up=&#8221;12&#8243; down=&#8221;0&#8243;][vc_column_text]<\/p>\n<h2 style=\"text-align: center;\">PROSTOR U KOJEM SPAVAMO TREBA DA BUDE ATRAKTIVAN I DA STVARA USLOVE KOJI SMIRUJU TELO I UM<\/h2>\n<p>[\/vc_column_text][vc_separator type=&#8221;small&#8221; position=&#8221;center&#8221; color=&#8221;#5b5b5b&#8221;][vc_column_text]<\/p>\n<div class=\"page\" title=\"Page 3\">\n<div class=\"layoutArea\">\n<div class=\"column\">\n<div class=\"page\" title=\"Page 7\">\n<div class=\"layoutArea\">\n<div class=\"column\">\n<p>Mra\u010dan, tih, udoban i sve\u017e prostor je taj koji c\u0301e doneti potpuni mir.<br \/>\nOvde se opu\u0161tamo, smirujemo, \u201cigramo\u201d i odmaramo se. Tu je ispisana su\u0161tinska \u201cistorija\u201d na\u0161e porodice.<br \/>\nJedna spavac\u0301a soba sa uzglavljem obi\u010dno izgleda formalnije i sofisticiranije bez obzira na dizajn, boju i veli\u010dinu uzglavlja. Uzglavlje kreveta ne mora biti u skladu sa bojom ostatka sobe niti mora biti napravljeno od materijala sli\u010dnih drugom name\u0161taju u prostoriji. Svakako treba da istakne prostoriju u celini i da se uklopi u op\u0161tu dekorativnu filozofiju prostora. Koristite uzglavlje kreveta kao centralnu ta\u010dku sobe, koja treba da odra\u017eava va\u0161 li\u010dni stil i kreativnost.<br \/>\nUzglavlje, naravno,predstavlja ne\u0161to vi\u0161e od dekorativnog elementa. Slu\u017ei kao osnova za va\u0161e jastuke dok mekani materijal od kog je napravljeno, iznutra, stvara udoban naslon sedi\u0161ta. Tako\u0111e, meka unutra\u0161njost, u kombinaciji sa blago zaobljenim uglovima \u010dine Gevorest uzglavlja bezbednim i za decu.<\/p>\n<\/div>\n<\/div>\n<\/div>\n<\/div>\n<\/div>\n<\/div>\n<p>[\/vc_column_text][vc_separator type=&#8221;transparent&#8221; up=&#8221;41&#8243; down=&#8221;0&#8243;][\/vc_column][\/vc_row][vc_row row_type=&#8221;row&#8221; use_row_as_full_screen_section=&#8221;no&#8221; type=&#8221;full_width&#8221; angled_section=&#8221;no&#8221; text_align=&#8221;left&#8221; background_image_as_pattern=&#8221;without_pattern&#8221; css_animation=&#8221;&#8221;][vc_column][vc_empty_space][\/vc_column][\/vc_row][vc_row row_type=&#8221;row&#8221; use_row_as_full_screen_section=&#8221;no&#8221; type=&#8221;full_width&#8221; angled_section=&#8221;no&#8221; text_align=&#8221;left&#8221; background_image_as_pattern=&#8221;without_pattern&#8221; css_animation=&#8221;&#8221;][vc_column][vc_column_text]<\/p>\n<h2 style=\"text-align: center;\">KOLEKCIJE UZGLAVLJA<\/h2>\n<p>[\/vc_column_text][vc_separator type=&#8221;small&#8221; position=&#8221;center&#8221; up=&#8221;7&#8243; down=&#8221;38&#8243;][\/vc_column][\/vc_row][vc_row row_type=&#8221;row&#8221; use_row_as_full_screen_section=&#8221;no&#8221; type=&#8221;grid&#8221; angled_section=&#8221;no&#8221; text_align=&#8221;left&#8221; background_image_as_pattern=&#8221;without_pattern&#8221; padding_top=&#8221;0&#8243; padding_bottom=&#8221;0&#8243; css_animation=&#8221;&#8221;][vc_column width=&#8221;1\/3&#8243;][vc_single_image image=&#8221;15188&#8243; img_size=&#8221;full&#8221; alignment=&#8221;center&#8221; onclick=&#8221;custom_link&#8221; qode_css_animation=&#8221;element_from_left&#8221; qode_hover_animation=&#8221;zoom_in&#8221; link=&#8221;https:\/\/www.gevorest.com\/sr\/headboards-ypnos\/&#8221;][\/vc_column][vc_column width=&#8221;1\/3&#8243;][vc_single_image image=&#8221;21507&#8243; img_size=&#8221;full&#8221; alignment=&#8221;center&#8221; onclick=&#8221;custom_link&#8221; qode_css_animation=&#8221;element_from_fade&#8221; qode_hover_animation=&#8221;zoom_in&#8221; link=&#8221;https:\/\/www.gevorest.com\/sr\/headboards-relax\/&#8221;][\/vc_column][vc_column width=&#8221;1\/3&#8243;][vc_single_image image=&#8221;21505&#8243; img_size=&#8221;full&#8221; alignment=&#8221;center&#8221; onclick=&#8221;custom_link&#8221; qode_css_animation=&#8221;element_from_right&#8221; qode_hover_animation=&#8221;zoom_in&#8221; link=&#8221;https:\/\/www.gevorest.com\/sr\/headboards-anesis\/&#8221;][\/vc_column][\/vc_row][vc_row row_type=&#8221;row&#8221; use_row_as_full_screen_section=&#8221;no&#8221; type=&#8221;full_width&#8221; angled_section=&#8221;no&#8221; text_align=&#8221;left&#8221; background_image_as_pattern=&#8221;without_pattern&#8221; css_animation=&#8221;&#8221;][vc_column][vc_empty_space height=&#8221;50px&#8221;][\/vc_column][\/vc_row][vc_row row_type=&#8221;row&#8221; use_row_as_full_screen_section=&#8221;no&#8221; type=&#8221;full_width&#8221; angled_section=&#8221;no&#8221; text_align=&#8221;left&#8221; background_image_as_pattern=&#8221;without_pattern&#8221; background_color=&#8221;#ffffff&#8221; css_animation=&#8221;&#8221;][vc_column][vc_empty_space][\/vc_column][\/vc_row][vc_row row_type=&#8221;row&#8221; use_row_as_full_screen_section=&#8221;no&#8221; type=&#8221;full_width&#8221; angled_section=&#8221;no&#8221; text_align=&#8221;left&#8221; background_image_as_pattern=&#8221;without_pattern&#8221; background_color=&#8221;#ffffff&#8221; padding_top=&#8221;0&#8243; padding_bottom=&#8221;0&#8243; css_animation=&#8221;&#8221;][vc_column][vc_column_text]<\/p>\n<h2 style=\"text-align: center;\">Okru\u017eenje za dobar san Gevorest<\/h2>\n<p>[\/vc_column_text][vc_separator type=&#8221;small&#8221; position=&#8221;center&#8221; up=&#8221;7&#8243; down=&#8221;38&#8243;][vc_column_text]<\/p>\n<h4 style=\"text-align: center;\">Idealna spavac\u0301a soba za bolji kvalitet sna podrazumeva sledec\u0301e:<\/h4>\n<p>[\/vc_column_text][\/vc_column][\/vc_row][vc_row row_type=&#8221;row&#8221; use_row_as_full_screen_section=&#8221;no&#8221; type=&#8221;full_width&#8221; angled_section=&#8221;no&#8221; text_align=&#8221;left&#8221; background_image_as_pattern=&#8221;without_pattern&#8221; background_color=&#8221;#ffffff&#8221; css_animation=&#8221;&#8221;][vc_column][vc_empty_space][\/vc_column][\/vc_row][vc_row row_type=&#8221;row&#8221; use_row_as_full_screen_section=&#8221;no&#8221; type=&#8221;grid&#8221; angled_section=&#8221;no&#8221; text_align=&#8221;left&#8221; background_image_as_pattern=&#8221;without_pattern&#8221; background_color=&#8221;#ffffff&#8221; padding_top=&#8221;0&#8243; padding_bottom=&#8221;0&#8243; css_animation=&#8221;&#8221;][vc_column][qode_circles columns=&#8221;three_columns&#8221; circle_line=&#8221;no_line&#8221;][qode_circle type=&#8221;image_type&#8221; title=&#8221;DU\u0160EK &amp; JASTUK&#8221; text=&#8221;Pa\u017eljivo odabrani i uvek obu\u010deni u za\u0161titni materijal. Uverite se da du\u0161ek i jastuk pravilno podupiru ki\u010dmu i vrat, da su udobni i da odgovaraju va\u0161im li\u010dnim potrebama.&#8221; image=&#8221;16130&#8243;][qode_circle type=&#8221;image_type&#8221; title=&#8221;BAZA (KREVET)&#8221; text=&#8221;Jedna ravna povr\u0161ina neophodan je uslov za pravilno funkcionisanje du\u0161eka.&#8221; image=&#8221;16128&#8243;][qode_circle type=&#8221;image_type&#8221; title=&#8221;OBUCITE SVOJU SPAVAC\u0301U SOBU &#8220;U NAJBOLJE&#8220;&#8221; text=&#8221;Da biste izabrali \u010dar\u0161ave i jastu\u010dnice upotrebite sav svoj dobar ukus. Postoje hiljade dizajna, kombinacija i boja koje c\u0301e va\u0161oj spavac\u0301oj sobi dati karakter, lepotu i lepu atmosferu!&#8221; image=&#8221;16502&#8243;][\/qode_circles][\/vc_column][\/vc_row][vc_row row_type=&#8221;parallax&#8221; parallax_content_width=&#8221;full_width&#8221; text_align=&#8221;left&#8221; background_image=&#8221;14156&#8243; full_screen_section_height=&#8221;no&#8221; section_height=&#8221;450px&#8221;][vc_column width=&#8221;1\/3&#8243;][vc_separator type=&#8221;transparent&#8221; up=&#8221;80&#8243; down=&#8221;2&#8243;][vc_row_inner row_type=&#8221;row&#8221; use_as_box=&#8221;use_row_as_box&#8221; type=&#8221;full_width&#8221; text_align=&#8221;left&#8221; css_animation=&#8221;&#8221; padding=&#8221;10&#8243;][vc_column_inner][vc_column_text]<\/p>\n<h5 style=\"text-align: center;\"><span style=\"color: #ffffff;\">OSVETLJENJE<\/span><\/h5>\n<p>[\/vc_column_text][vc_separator type=&#8221;small&#8221; position=&#8221;center&#8221; color=&#8221;#fcfcfc&#8221; up=&#8221;6&#8243;][vc_column_text]<\/p>\n<p style=\"text-align: center;\"><span style=\"color: #ffffff;\">Svetlost mo\u017ee da \u201eprobudi\u201d na\u0161 mozak mnogo pre na\u0161eg tela.\u00a0<\/span><\/p>\n<p>[\/vc_column_text][\/vc_column_inner][\/vc_row_inner][vc_separator type=&#8221;transparent&#8221; up=&#8221;39&#8243; down=&#8221;0&#8243;][vc_row_inner row_type=&#8221;row&#8221; use_as_box=&#8221;use_row_as_box&#8221; type=&#8221;full_width&#8221; text_align=&#8221;left&#8221; css_animation=&#8221;&#8221; padding=&#8221;10&#8243;][vc_column_inner][vc_column_text]<\/p>\n<h5 style=\"text-align: center;\"><span style=\"color: #ffffff;\">TEMPERATURA<\/span><\/h5>\n<p>[\/vc_column_text][vc_separator type=&#8221;small&#8221; position=&#8221;center&#8221; color=&#8221;#ffffff&#8221; up=&#8221;6&#8243;][vc_column_text]<\/p>\n<p style=\"text-align: center;\"><span style=\"color: #ffffff;\">\u00a0Veoma topla ili veoma hladna spavac\u0301a soba definitivno c\u0301e poremetiti va\u0161 san. Stoga, prilagodite njenu temperaturu na odgovarajuc\u0301i na\u010din koristec\u0301i svoju posteljinu (meke \u010dar\u0161ave, c\u0301ebad, topla c\u0301ebad i jorgane).<\/span><\/p>\n<p>[\/vc_column_text][\/vc_column_inner][\/vc_row_inner][vc_separator type=&#8221;transparent&#8221; up=&#8221;39&#8243; down=&#8221;0&#8243;][\/vc_column][vc_column width=&#8221;1\/3&#8243;][vc_separator type=&#8221;transparent&#8221; up=&#8221;80&#8243; down=&#8221;2&#8243;][vc_row_inner row_type=&#8221;row&#8221; use_as_box=&#8221;use_row_as_box&#8221; type=&#8221;full_width&#8221; text_align=&#8221;left&#8221; css_animation=&#8221;&#8221; padding=&#8221;10&#8243;][vc_column_inner][vc_column_text]<\/p>\n<h5 style=\"text-align: center;\"><span style=\"color: #ffffff;\">BUKA<\/span><\/h5>\n<p>[\/vc_column_text][vc_separator type=&#8221;small&#8221; position=&#8221;center&#8221; color=&#8221;#ffffff&#8221; up=&#8221;6&#8243;][vc_column_text]<\/p>\n<p style=\"text-align: center;\"><span style=\"color: #ffffff;\">Izolujte unutra\u0161nju i spolja\u0161nju buku dvostrukim staklom. <\/span><\/p>\n<p>[\/vc_column_text][\/vc_column_inner][\/vc_row_inner][vc_separator type=&#8221;transparent&#8221; up=&#8221;39&#8243; down=&#8221;0&#8243;][vc_row_inner row_type=&#8221;row&#8221; use_as_box=&#8221;use_row_as_box&#8221; type=&#8221;full_width&#8221; text_align=&#8221;left&#8221; css_animation=&#8221;&#8221; padding=&#8221;10&#8243;][vc_column_inner][vc_column_text]<\/p>\n<h5 style=\"text-align: center;\"><span style=\"color: #ffffff;\">BOJE<\/span><\/h5>\n<p>[\/vc_column_text][vc_separator type=&#8221;small&#8221; position=&#8221;center&#8221; color=&#8221;#ffffff&#8221; up=&#8221;6&#8243;][vc_column_text]<\/p>\n<p style=\"text-align: center;\"><span style=\"color: #ffffff;\">Obojite zidove u mekim nijansama toplih ili neutralnih boja i upotpunite ih smelijim akcentima na dekorativnim predmetima prostora, kao i na proizvodima za spavanje. <\/span><\/p>\n<p>[\/vc_column_text][\/vc_column_inner][\/vc_row_inner][vc_separator type=&#8221;transparent&#8221; up=&#8221;39&#8243; down=&#8221;0&#8243;][\/vc_column][vc_column width=&#8221;1\/3&#8243;][vc_separator type=&#8221;transparent&#8221; up=&#8221;80&#8243; down=&#8221;2&#8243;][vc_row_inner row_type=&#8221;row&#8221; use_as_box=&#8221;use_row_as_box&#8221; type=&#8221;full_width&#8221; text_align=&#8221;left&#8221; css_animation=&#8221;&#8221; padding=&#8221;10&#8243;][vc_column_inner][vc_column_text]<\/p>\n<h5 style=\"text-align: center;\"><span style=\"color: #ffffff;\">MIRIS<\/span><\/h5>\n<p>[\/vc_column_text][vc_separator type=&#8221;small&#8221; position=&#8221;center&#8221; color=&#8221;#ffffff&#8221; up=&#8221;6&#8243;][vc_column_text]<\/p>\n<p style=\"text-align: center;\"><span style=\"color: #ffffff;\">Dobra ventilacija prostora je tako\u0111e neophodna za zdrav san.\u00a0<\/span><\/p>\n<p>[\/vc_column_text][\/vc_column_inner][\/vc_row_inner][vc_separator type=&#8221;transparent&#8221; up=&#8221;39&#8243; down=&#8221;0&#8243;][vc_row_inner row_type=&#8221;row&#8221; use_as_box=&#8221;use_row_as_box&#8221; type=&#8221;full_width&#8221; text_align=&#8221;left&#8221; css_animation=&#8221;&#8221; padding=&#8221;10&#8243;][vc_column_inner][vc_column_text]<\/p>\n<h5 style=\"text-align: center;\"><span style=\"color: #ffffff;\">I\u2026 DODAJTE <\/span><\/h5>\n<p>[\/vc_column_text][vc_separator type=&#8221;small&#8221; position=&#8221;center&#8221; color=&#8221;#ffffff&#8221; up=&#8221;6&#8243;][vc_column_text]<\/p>\n<p style=\"font-weight: 300; text-align: center;\"><span style=\"color: #ffffff;\">\u201cUmetnost u snu\u201d odabirom va\u0161eg uzglavlja: \u201cModerno\u201d uzglavlje mo\u017ee da napravi veliku razliku u izgledu va\u0161e spavac\u0301e sobe&#8230; poput platna za slikanje! <\/span><\/p>\n<p>[\/vc_column_text][\/vc_column_inner][\/vc_row_inner][vc_separator type=&#8221;transparent&#8221; up=&#8221;39&#8243; down=&#8221;0&#8243;][\/vc_column][\/vc_row]<\/p>\n","protected":false},"excerpt":{"rendered":"<p>[vc_row row_type=&#8221;row&#8221; use_row_as_full_screen_section=&#8221;no&#8221; type=&#8221;grid&#8221; angled_section=&#8221;no&#8221; text_align=&#8221;left&#8221; background_image_as_pattern=&#8221;without_pattern&#8221; background_color=&#8221;#ffffff&#8221; padding_top=&#8221;77&#8243; padding_bottom=&#8221;48&#8243; css_animation=&#8221;&#8221;][vc_column][vc_separator type=&#8221;transparent&#8221; up=&#8221;12&#8243; down=&#8221;0&#8243;][vc_column_text] PROSTOR U KOJEM SPAVAMO TREBA DA BUDE ATRAKTIVAN I DA STVARA USLOVE KOJI SMIRUJU TELO I UM [\/vc_column_text][vc_separator type=&#8221;small&#8221; position=&#8221;center&#8221; color=&#8221;#5b5b5b&#8221;][vc_column_text] Mra\u010dan, tih, udoban i sve\u017e prostor je taj koji c\u0301e&#8230;<\/p>\n","protected":false},"author":1,"featured_media":0,"parent":0,"menu_order":0,"comment_status":"open","ping_status":"open","template":"full_width.php","meta":{"footnotes":""},"class_list":["post-22088","page","type-page","status-publish","hentry"],"yoast_head":"<!-- This site is optimized with the Yoast SEO plugin v27.2 - https:\/\/yoast.com\/product\/yoast-seo-wordpress\/ -->\n<title>The Best Quality of Headboards in Cyprus - Gevorest<\/title>\n<meta name=\"description\" content=\"\u0391\u03b3\u03cc\u03c1\u03b1\u03c3\u03b5 \u03ba\u03b5\u03c6\u03b1\u03bb\u03ac\u03c1\u03b9 \u03ba\u03c1\u03b5\u03b2\u03b1\u03c4\u03b9\u03bf\u03c5 \u03c3\u03c4\u03b7\u03bd \u039a\u03cd\u03c0\u03c1\u03bf. \u03a4\u03b1 \u03ba\u03b1\u03bb\u03cd\u03c4\u03b5\u03c1\u03b1 \u03c0\u03c1\u03bf\u03ca\u03cc\u03bd\u03c4\u03b1 \u03cd\u03c0\u03bd\u03bf\u03c5 \u03b1\u03c0\u03bf \u03c4\u03b7\u03bd Gevorest. \u03a3\u03c4\u03c1\u03ce\u03bc\u03b1\u03c4\u03b1, \u039b\u03b5\u03c5\u03ba\u03b1 \u03b5\u03af\u03b4\u03b7, \u03bd\u03c4\u03b9\u03b2\u03ac\u03bd\u03b9\u03b1, \u03ba\u03b5\u03c6\u03b1\u03bb\u03b1\u03c1\u03af\u03b5\u03c2\" \/>\n<meta name=\"robots\" content=\"index, follow, max-snippet:-1, max-image-preview:large, max-video-preview:-1\" \/>\n<link rel=\"canonical\" href=\"https:\/\/www.gevorest.com\/sr\/headboards\/\" \/>\n<meta property=\"og:locale\" content=\"sr_RS\" \/>\n<meta property=\"og:type\" content=\"article\" \/>\n<meta property=\"og:title\" content=\"The Best Quality of Headboards in Cyprus - Gevorest\" \/>\n<meta property=\"og:description\" content=\"\u0391\u03b3\u03cc\u03c1\u03b1\u03c3\u03b5 \u03ba\u03b5\u03c6\u03b1\u03bb\u03ac\u03c1\u03b9 \u03ba\u03c1\u03b5\u03b2\u03b1\u03c4\u03b9\u03bf\u03c5 \u03c3\u03c4\u03b7\u03bd \u039a\u03cd\u03c0\u03c1\u03bf. \u03a4\u03b1 \u03ba\u03b1\u03bb\u03cd\u03c4\u03b5\u03c1\u03b1 \u03c0\u03c1\u03bf\u03ca\u03cc\u03bd\u03c4\u03b1 \u03cd\u03c0\u03bd\u03bf\u03c5 \u03b1\u03c0\u03bf \u03c4\u03b7\u03bd Gevorest. \u03a3\u03c4\u03c1\u03ce\u03bc\u03b1\u03c4\u03b1, \u039b\u03b5\u03c5\u03ba\u03b1 \u03b5\u03af\u03b4\u03b7, \u03bd\u03c4\u03b9\u03b2\u03ac\u03bd\u03b9\u03b1, \u03ba\u03b5\u03c6\u03b1\u03bb\u03b1\u03c1\u03af\u03b5\u03c2\" \/>\n<meta property=\"og:url\" content=\"https:\/\/www.gevorest.com\/sr\/headboards\/\" \/>\n<meta property=\"og:site_name\" content=\"Gevorest\" \/>\n<meta property=\"article:modified_time\" content=\"2023-12-03T06:56:34+00:00\" \/>\n<meta name=\"twitter:card\" content=\"summary_large_image\" \/>\n<meta name=\"twitter:label1\" content=\"Est. reading time\" \/>\n\t<meta name=\"twitter:data1\" content=\"4 minutes\" \/>\n<script type=\"application\/ld+json\" class=\"yoast-schema-graph\">{\"@context\":\"https:\/\/schema.org\",\"@graph\":[{\"@type\":\"WebPage\",\"@id\":\"https:\/\/www.gevorest.com\/sr\/headboards\/\",\"url\":\"https:\/\/www.gevorest.com\/sr\/headboards\/\",\"name\":\"The Best Quality of Headboards in Cyprus - Gevorest\",\"isPartOf\":{\"@id\":\"https:\/\/www.gevorest.com\/#website\"},\"datePublished\":\"2016-06-21T13:48:04+00:00\",\"dateModified\":\"2023-12-03T06:56:34+00:00\",\"description\":\"\u0391\u03b3\u03cc\u03c1\u03b1\u03c3\u03b5 \u03ba\u03b5\u03c6\u03b1\u03bb\u03ac\u03c1\u03b9 \u03ba\u03c1\u03b5\u03b2\u03b1\u03c4\u03b9\u03bf\u03c5 \u03c3\u03c4\u03b7\u03bd \u039a\u03cd\u03c0\u03c1\u03bf. \u03a4\u03b1 \u03ba\u03b1\u03bb\u03cd\u03c4\u03b5\u03c1\u03b1 \u03c0\u03c1\u03bf\u03ca\u03cc\u03bd\u03c4\u03b1 \u03cd\u03c0\u03bd\u03bf\u03c5 \u03b1\u03c0\u03bf \u03c4\u03b7\u03bd Gevorest. \u03a3\u03c4\u03c1\u03ce\u03bc\u03b1\u03c4\u03b1, \u039b\u03b5\u03c5\u03ba\u03b1 \u03b5\u03af\u03b4\u03b7, \u03bd\u03c4\u03b9\u03b2\u03ac\u03bd\u03b9\u03b1, \u03ba\u03b5\u03c6\u03b1\u03bb\u03b1\u03c1\u03af\u03b5\u03c2\",\"breadcrumb\":{\"@id\":\"https:\/\/www.gevorest.com\/sr\/headboards\/#breadcrumb\"},\"inLanguage\":\"sr-RS\",\"potentialAction\":[{\"@type\":\"ReadAction\",\"target\":[\"https:\/\/www.gevorest.com\/sr\/headboards\/\"]}]},{\"@type\":\"BreadcrumbList\",\"@id\":\"https:\/\/www.gevorest.com\/sr\/headboards\/#breadcrumb\",\"itemListElement\":[{\"@type\":\"ListItem\",\"position\":1,\"name\":\"Home\",\"item\":\"https:\/\/www.gevorest.com\/sr\/\"},{\"@type\":\"ListItem\",\"position\":2,\"name\":\"Headboards\"}]},{\"@type\":\"WebSite\",\"@id\":\"https:\/\/www.gevorest.com\/#website\",\"url\":\"https:\/\/www.gevorest.com\/\",\"name\":\"Gevorest\",\"description\":\"Serves the Quality of Sleep since 1967\",\"publisher\":{\"@id\":\"https:\/\/www.gevorest.com\/#organization\"},\"potentialAction\":[{\"@type\":\"SearchAction\",\"target\":{\"@type\":\"EntryPoint\",\"urlTemplate\":\"https:\/\/www.gevorest.com\/?s={search_term_string}\"},\"query-input\":{\"@type\":\"PropertyValueSpecification\",\"valueRequired\":true,\"valueName\":\"search_term_string\"}}],\"inLanguage\":\"sr-RS\"},{\"@type\":\"Organization\",\"@id\":\"https:\/\/www.gevorest.com\/#organization\",\"name\":\"Gevorest\",\"url\":\"https:\/\/www.gevorest.com\/\",\"logo\":{\"@type\":\"ImageObject\",\"inLanguage\":\"sr-RS\",\"@id\":\"https:\/\/www.gevorest.com\/#\/schema\/logo\/image\/\",\"url\":\"https:\/\/www.gevorest.com\/wp-content\/uploads\/2018\/06\/gevorest_logo_2018.png\",\"contentUrl\":\"https:\/\/www.gevorest.com\/wp-content\/uploads\/2018\/06\/gevorest_logo_2018.png\",\"width\":1282,\"height\":423,\"caption\":\"Gevorest\"},\"image\":{\"@id\":\"https:\/\/www.gevorest.com\/#\/schema\/logo\/image\/\"}}]}<\/script>\n<!-- \/ Yoast SEO plugin. -->","yoast_head_json":{"title":"The Best Quality of Headboards in Cyprus - Gevorest","description":"\u0391\u03b3\u03cc\u03c1\u03b1\u03c3\u03b5 \u03ba\u03b5\u03c6\u03b1\u03bb\u03ac\u03c1\u03b9 \u03ba\u03c1\u03b5\u03b2\u03b1\u03c4\u03b9\u03bf\u03c5 \u03c3\u03c4\u03b7\u03bd \u039a\u03cd\u03c0\u03c1\u03bf. \u03a4\u03b1 \u03ba\u03b1\u03bb\u03cd\u03c4\u03b5\u03c1\u03b1 \u03c0\u03c1\u03bf\u03ca\u03cc\u03bd\u03c4\u03b1 \u03cd\u03c0\u03bd\u03bf\u03c5 \u03b1\u03c0\u03bf \u03c4\u03b7\u03bd Gevorest. \u03a3\u03c4\u03c1\u03ce\u03bc\u03b1\u03c4\u03b1, \u039b\u03b5\u03c5\u03ba\u03b1 \u03b5\u03af\u03b4\u03b7, \u03bd\u03c4\u03b9\u03b2\u03ac\u03bd\u03b9\u03b1, \u03ba\u03b5\u03c6\u03b1\u03bb\u03b1\u03c1\u03af\u03b5\u03c2","robots":{"index":"index","follow":"follow","max-snippet":"max-snippet:-1","max-image-preview":"max-image-preview:large","max-video-preview":"max-video-preview:-1"},"canonical":"https:\/\/www.gevorest.com\/sr\/headboards\/","og_locale":"sr_RS","og_type":"article","og_title":"The Best Quality of Headboards in Cyprus - Gevorest","og_description":"\u0391\u03b3\u03cc\u03c1\u03b1\u03c3\u03b5 \u03ba\u03b5\u03c6\u03b1\u03bb\u03ac\u03c1\u03b9 \u03ba\u03c1\u03b5\u03b2\u03b1\u03c4\u03b9\u03bf\u03c5 \u03c3\u03c4\u03b7\u03bd \u039a\u03cd\u03c0\u03c1\u03bf. \u03a4\u03b1 \u03ba\u03b1\u03bb\u03cd\u03c4\u03b5\u03c1\u03b1 \u03c0\u03c1\u03bf\u03ca\u03cc\u03bd\u03c4\u03b1 \u03cd\u03c0\u03bd\u03bf\u03c5 \u03b1\u03c0\u03bf \u03c4\u03b7\u03bd Gevorest. \u03a3\u03c4\u03c1\u03ce\u03bc\u03b1\u03c4\u03b1, \u039b\u03b5\u03c5\u03ba\u03b1 \u03b5\u03af\u03b4\u03b7, \u03bd\u03c4\u03b9\u03b2\u03ac\u03bd\u03b9\u03b1, \u03ba\u03b5\u03c6\u03b1\u03bb\u03b1\u03c1\u03af\u03b5\u03c2","og_url":"https:\/\/www.gevorest.com\/sr\/headboards\/","og_site_name":"Gevorest","article_modified_time":"2023-12-03T06:56:34+00:00","twitter_card":"summary_large_image","twitter_misc":{"Est. reading time":"4 minutes"},"schema":{"@context":"https:\/\/schema.org","@graph":[{"@type":"WebPage","@id":"https:\/\/www.gevorest.com\/sr\/headboards\/","url":"https:\/\/www.gevorest.com\/sr\/headboards\/","name":"The Best Quality of Headboards in Cyprus - Gevorest","isPartOf":{"@id":"https:\/\/www.gevorest.com\/#website"},"datePublished":"2016-06-21T13:48:04+00:00","dateModified":"2023-12-03T06:56:34+00:00","description":"\u0391\u03b3\u03cc\u03c1\u03b1\u03c3\u03b5 \u03ba\u03b5\u03c6\u03b1\u03bb\u03ac\u03c1\u03b9 \u03ba\u03c1\u03b5\u03b2\u03b1\u03c4\u03b9\u03bf\u03c5 \u03c3\u03c4\u03b7\u03bd \u039a\u03cd\u03c0\u03c1\u03bf. \u03a4\u03b1 \u03ba\u03b1\u03bb\u03cd\u03c4\u03b5\u03c1\u03b1 \u03c0\u03c1\u03bf\u03ca\u03cc\u03bd\u03c4\u03b1 \u03cd\u03c0\u03bd\u03bf\u03c5 \u03b1\u03c0\u03bf \u03c4\u03b7\u03bd Gevorest. \u03a3\u03c4\u03c1\u03ce\u03bc\u03b1\u03c4\u03b1, \u039b\u03b5\u03c5\u03ba\u03b1 \u03b5\u03af\u03b4\u03b7, \u03bd\u03c4\u03b9\u03b2\u03ac\u03bd\u03b9\u03b1, \u03ba\u03b5\u03c6\u03b1\u03bb\u03b1\u03c1\u03af\u03b5\u03c2","breadcrumb":{"@id":"https:\/\/www.gevorest.com\/sr\/headboards\/#breadcrumb"},"inLanguage":"sr-RS","potentialAction":[{"@type":"ReadAction","target":["https:\/\/www.gevorest.com\/sr\/headboards\/"]}]},{"@type":"BreadcrumbList","@id":"https:\/\/www.gevorest.com\/sr\/headboards\/#breadcrumb","itemListElement":[{"@type":"ListItem","position":1,"name":"Home","item":"https:\/\/www.gevorest.com\/sr\/"},{"@type":"ListItem","position":2,"name":"Headboards"}]},{"@type":"WebSite","@id":"https:\/\/www.gevorest.com\/#website","url":"https:\/\/www.gevorest.com\/","name":"Gevorest","description":"Serves the Quality of Sleep since 1967","publisher":{"@id":"https:\/\/www.gevorest.com\/#organization"},"potentialAction":[{"@type":"SearchAction","target":{"@type":"EntryPoint","urlTemplate":"https:\/\/www.gevorest.com\/?s={search_term_string}"},"query-input":{"@type":"PropertyValueSpecification","valueRequired":true,"valueName":"search_term_string"}}],"inLanguage":"sr-RS"},{"@type":"Organization","@id":"https:\/\/www.gevorest.com\/#organization","name":"Gevorest","url":"https:\/\/www.gevorest.com\/","logo":{"@type":"ImageObject","inLanguage":"sr-RS","@id":"https:\/\/www.gevorest.com\/#\/schema\/logo\/image\/","url":"https:\/\/www.gevorest.com\/wp-content\/uploads\/2018\/06\/gevorest_logo_2018.png","contentUrl":"https:\/\/www.gevorest.com\/wp-content\/uploads\/2018\/06\/gevorest_logo_2018.png","width":1282,"height":423,"caption":"Gevorest"},"image":{"@id":"https:\/\/www.gevorest.com\/#\/schema\/logo\/image\/"}}]}},"_links":{"self":[{"href":"https:\/\/www.gevorest.com\/sr\/wp-json\/wp\/v2\/pages\/22088","targetHints":{"allow":["GET"]}}],"collection":[{"href":"https:\/\/www.gevorest.com\/sr\/wp-json\/wp\/v2\/pages"}],"about":[{"href":"https:\/\/www.gevorest.com\/sr\/wp-json\/wp\/v2\/types\/page"}],"author":[{"embeddable":true,"href":"https:\/\/www.gevorest.com\/sr\/wp-json\/wp\/v2\/users\/1"}],"replies":[{"embeddable":true,"href":"https:\/\/www.gevorest.com\/sr\/wp-json\/wp\/v2\/comments?post=22088"}],"version-history":[{"count":0,"href":"https:\/\/www.gevorest.com\/sr\/wp-json\/wp\/v2\/pages\/22088\/revisions"}],"wp:attachment":[{"href":"https:\/\/www.gevorest.com\/sr\/wp-json\/wp\/v2\/media?parent=22088"}],"curies":[{"name":"wp","href":"https:\/\/api.w.org\/{rel}","templated":true}]}}