{"id":22213,"date":"2021-06-02T19:30:37","date_gmt":"2021-06-02T19:30:37","guid":{"rendered":"https:\/\/www.gevorest.com\/sr\/ypnos-protectors\/"},"modified":"2023-11-25T09:02:00","modified_gmt":"2023-11-25T09:02:00","slug":"ypnos-protectors","status":"publish","type":"page","link":"https:\/\/www.gevorest.com\/sr\/ypnos-protectors\/","title":{"rendered":"ZA\u0160TITE YPNOS"},"content":{"rendered":"<p>[vc_row row_type=&#8221;row&#8221; use_row_as_full_screen_section=&#8221;no&#8221; type=&#8221;full_width&#8221; angled_section=&#8221;no&#8221; text_align=&#8221;left&#8221; background_image_as_pattern=&#8221;without_pattern&#8221; css_animation=&#8221;&#8221;][vc_column][vc_empty_space][\/vc_column][\/vc_row][vc_row row_type=&#8221;row&#8221; use_row_as_full_screen_section=&#8221;no&#8221; type=&#8221;grid&#8221; angled_section=&#8221;no&#8221; text_align=&#8221;left&#8221; background_image_as_pattern=&#8221;without_pattern&#8221; css_animation=&#8221;&#8221;][vc_column width=&#8221;1\/3&#8243;][vc_empty_space height=&#8221;45px&#8221;][vc_column_text]<\/p>\n<h2>ZA\u0160TITE YPNOS<\/h2>\n<p>[\/vc_column_text][vc_empty_space height=&#8221;15px&#8221;][vc_column_text]Ipnos za\u0161tita za du\u0161ek \/ jastuk je napravljena od osetljivih TENCEL\u2122 i SMARTCEL\u2122 vlakana koja sadr\u017ee cink oksid i oblo\u017eena je poliuretanom, koja nudi sledec\u0301e prednosti:<\/p>\n<p>\u2013 Povr\u0161ina tkanine od 100% prirodnog porekla<\/p>\n<p>\u2013 Izuzetno ne\u017ena, idealna za osetljivu ko\u017eu<\/p>\n<p>\u2013 Termoregulaciona svojstva (reguli\u0161e promene temperature i vla\u017enosti)<\/p>\n<p>\u2013 Izuzetni upija\u010d<\/p>\n<p>\u2013 Vodootporna<\/p>\n<p>\u2013 Prozra\u010dna<\/p>\n<p>\u2013 Kozmeti\u010dko i regenerativno dejstvo \u2013 Odbija \u00a0krevetne stenice, grinje, bakterije i gljivice<\/p>\n<p>\u2013 Lako odr\u017eavanje: pogodno za ve\u0161 ma\u0161inu do 60\u00b0 i su\u0161ilicu na niskoj temperaturi.[\/vc_column_text][vc_empty_space height=&#8221;15px&#8221;][vc_column_text]<strong>Sastav proizvoda<\/strong>: Povr\u0161ina tkanine: 75% Liocell (65% TENCEL\u2122, 10% SMARTCEL\u2122 osetljivo),<\/p>\n<p>25% Modal (TENCEL\u2122) | Punjenje spolja\u0161njosti : 100% poliesterska vata | Za\u0161titna \/ vodootporna membrana: 100% poliuretan.<\/p>\n<p>&nbsp;<\/p>\n<p>Dostupna je za\u0161tita i za naddu\u0161ek.[\/vc_column_text][vc_empty_space height=&#8221;15px&#8221;][\/vc_column][vc_column width=&#8221;2\/3&#8243;][vc_single_image image=&#8221;21011&#8243; img_size=&#8221;full&#8221; alignment=&#8221;center&#8221; qode_css_animation=&#8221;element_from_right&#8221; qode_hover_animation=&#8221;zoom_in&#8221;][\/vc_column][\/vc_row][vc_row row_type=&#8221;row&#8221; use_row_as_full_screen_section=&#8221;no&#8221; type=&#8221;full_width&#8221; angled_section=&#8221;no&#8221; text_align=&#8221;left&#8221; background_image_as_pattern=&#8221;without_pattern&#8221; css_animation=&#8221;&#8221;][vc_column][vc_empty_space][\/vc_column][\/vc_row]<\/p>\n","protected":false},"excerpt":{"rendered":"<p>[vc_row row_type=&#8221;row&#8221; use_row_as_full_screen_section=&#8221;no&#8221; type=&#8221;full_width&#8221; angled_section=&#8221;no&#8221; text_align=&#8221;left&#8221; background_image_as_pattern=&#8221;without_pattern&#8221; css_animation=&#8221;&#8221;][vc_column][vc_empty_space][\/vc_column][\/vc_row][vc_row row_type=&#8221;row&#8221; use_row_as_full_screen_section=&#8221;no&#8221; type=&#8221;grid&#8221; angled_section=&#8221;no&#8221; text_align=&#8221;left&#8221; background_image_as_pattern=&#8221;without_pattern&#8221; css_animation=&#8221;&#8221;][vc_column width=&#8221;1\/3&#8243;][vc_empty_space height=&#8221;45px&#8221;][vc_column_text] ZA\u0160TITE YPNOS [\/vc_column_text][vc_empty_space height=&#8221;15px&#8221;][vc_column_text]Ipnos za\u0161tita za du\u0161ek \/ jastuk je napravljena od osetljivih TENCEL\u2122 i SMARTCEL\u2122 vlakana koja sadr\u017ee cink oksid i oblo\u017eena je poliuretanom, koja nudi sledec\u0301e&#8230;<\/p>\n","protected":false},"author":1,"featured_media":0,"parent":0,"menu_order":0,"comment_status":"closed","ping_status":"closed","template":"full_width.php","meta":{"footnotes":""},"class_list":["post-22213","page","type-page","status-publish","hentry"],"yoast_head":"<!-- This site is optimized with the Yoast SEO plugin v27.2 - https:\/\/yoast.com\/product\/yoast-seo-wordpress\/ -->\n<title>ZA\u0160TITE YPNOS - Gevorest<\/title>\n<meta name=\"robots\" content=\"index, follow, max-snippet:-1, max-image-preview:large, max-video-preview:-1\" \/>\n<link rel=\"canonical\" href=\"https:\/\/www.gevorest.com\/sr\/ypnos-protectors\/\" \/>\n<meta property=\"og:locale\" content=\"sr_RS\" \/>\n<meta property=\"og:type\" content=\"article\" \/>\n<meta property=\"og:title\" content=\"ZA\u0160TITE YPNOS - Gevorest\" \/>\n<meta property=\"og:description\" content=\"[vc_row row_type=&#8221;row&#8221; use_row_as_full_screen_section=&#8221;no&#8221; type=&#8221;full_width&#8221; angled_section=&#8221;no&#8221; text_align=&#8221;left&#8221; background_image_as_pattern=&#8221;without_pattern&#8221; css_animation=&#8221;&#8221;][vc_column][vc_empty_space][\/vc_column][\/vc_row][vc_row row_type=&#8221;row&#8221; use_row_as_full_screen_section=&#8221;no&#8221; type=&#8221;grid&#8221; angled_section=&#8221;no&#8221; text_align=&#8221;left&#8221; background_image_as_pattern=&#8221;without_pattern&#8221; css_animation=&#8221;&#8221;][vc_column width=&#8221;1\/3&#8243;][vc_empty_space height=&#8221;45px&#8221;][vc_column_text] ZA\u0160TITE YPNOS [\/vc_column_text][vc_empty_space height=&#8221;15px&#8221;][vc_column_text]Ipnos za\u0161tita za du\u0161ek \/ jastuk je napravljena od osetljivih TENCEL\u2122 i SMARTCEL\u2122 vlakana koja sadr\u017ee cink oksid i oblo\u017eena je poliuretanom, koja nudi sledec\u0301e...\" \/>\n<meta property=\"og:url\" content=\"https:\/\/www.gevorest.com\/sr\/ypnos-protectors\/\" \/>\n<meta property=\"og:site_name\" content=\"Gevorest\" \/>\n<meta property=\"article:modified_time\" content=\"2023-11-25T09:02:00+00:00\" \/>\n<meta name=\"twitter:card\" content=\"summary_large_image\" \/>\n<meta name=\"twitter:label1\" content=\"Est. reading time\" \/>\n\t<meta name=\"twitter:data1\" content=\"1 minute\" \/>\n<script type=\"application\/ld+json\" class=\"yoast-schema-graph\">{\"@context\":\"https:\/\/schema.org\",\"@graph\":[{\"@type\":\"WebPage\",\"@id\":\"https:\/\/www.gevorest.com\/sr\/ypnos-protectors\/\",\"url\":\"https:\/\/www.gevorest.com\/sr\/ypnos-protectors\/\",\"name\":\"ZA\u0160TITE YPNOS - Gevorest\",\"isPartOf\":{\"@id\":\"https:\/\/www.gevorest.com\/#website\"},\"datePublished\":\"2021-06-02T19:30:37+00:00\",\"dateModified\":\"2023-11-25T09:02:00+00:00\",\"breadcrumb\":{\"@id\":\"https:\/\/www.gevorest.com\/sr\/ypnos-protectors\/#breadcrumb\"},\"inLanguage\":\"sr-RS\",\"potentialAction\":[{\"@type\":\"ReadAction\",\"target\":[\"https:\/\/www.gevorest.com\/sr\/ypnos-protectors\/\"]}]},{\"@type\":\"BreadcrumbList\",\"@id\":\"https:\/\/www.gevorest.com\/sr\/ypnos-protectors\/#breadcrumb\",\"itemListElement\":[{\"@type\":\"ListItem\",\"position\":1,\"name\":\"Home\",\"item\":\"https:\/\/www.gevorest.com\/sr\/\"},{\"@type\":\"ListItem\",\"position\":2,\"name\":\"ZA\u0160TITE YPNOS\"}]},{\"@type\":\"WebSite\",\"@id\":\"https:\/\/www.gevorest.com\/#website\",\"url\":\"https:\/\/www.gevorest.com\/\",\"name\":\"Gevorest\",\"description\":\"Serves the Quality of Sleep since 1967\",\"publisher\":{\"@id\":\"https:\/\/www.gevorest.com\/#organization\"},\"potentialAction\":[{\"@type\":\"SearchAction\",\"target\":{\"@type\":\"EntryPoint\",\"urlTemplate\":\"https:\/\/www.gevorest.com\/?s={search_term_string}\"},\"query-input\":{\"@type\":\"PropertyValueSpecification\",\"valueRequired\":true,\"valueName\":\"search_term_string\"}}],\"inLanguage\":\"sr-RS\"},{\"@type\":\"Organization\",\"@id\":\"https:\/\/www.gevorest.com\/#organization\",\"name\":\"Gevorest\",\"url\":\"https:\/\/www.gevorest.com\/\",\"logo\":{\"@type\":\"ImageObject\",\"inLanguage\":\"sr-RS\",\"@id\":\"https:\/\/www.gevorest.com\/#\/schema\/logo\/image\/\",\"url\":\"https:\/\/www.gevorest.com\/wp-content\/uploads\/2018\/06\/gevorest_logo_2018.png\",\"contentUrl\":\"https:\/\/www.gevorest.com\/wp-content\/uploads\/2018\/06\/gevorest_logo_2018.png\",\"width\":1282,\"height\":423,\"caption\":\"Gevorest\"},\"image\":{\"@id\":\"https:\/\/www.gevorest.com\/#\/schema\/logo\/image\/\"}}]}<\/script>\n<!-- \/ Yoast SEO plugin. -->","yoast_head_json":{"title":"ZA\u0160TITE YPNOS - Gevorest","robots":{"index":"index","follow":"follow","max-snippet":"max-snippet:-1","max-image-preview":"max-image-preview:large","max-video-preview":"max-video-preview:-1"},"canonical":"https:\/\/www.gevorest.com\/sr\/ypnos-protectors\/","og_locale":"sr_RS","og_type":"article","og_title":"ZA\u0160TITE YPNOS - Gevorest","og_description":"[vc_row row_type=&#8221;row&#8221; use_row_as_full_screen_section=&#8221;no&#8221; type=&#8221;full_width&#8221; angled_section=&#8221;no&#8221; text_align=&#8221;left&#8221; background_image_as_pattern=&#8221;without_pattern&#8221; css_animation=&#8221;&#8221;][vc_column][vc_empty_space][\/vc_column][\/vc_row][vc_row row_type=&#8221;row&#8221; use_row_as_full_screen_section=&#8221;no&#8221; type=&#8221;grid&#8221; angled_section=&#8221;no&#8221; text_align=&#8221;left&#8221; background_image_as_pattern=&#8221;without_pattern&#8221; css_animation=&#8221;&#8221;][vc_column width=&#8221;1\/3&#8243;][vc_empty_space height=&#8221;45px&#8221;][vc_column_text] ZA\u0160TITE YPNOS [\/vc_column_text][vc_empty_space height=&#8221;15px&#8221;][vc_column_text]Ipnos za\u0161tita za du\u0161ek \/ jastuk je napravljena od osetljivih TENCEL\u2122 i SMARTCEL\u2122 vlakana koja sadr\u017ee cink oksid i oblo\u017eena je poliuretanom, koja nudi sledec\u0301e...","og_url":"https:\/\/www.gevorest.com\/sr\/ypnos-protectors\/","og_site_name":"Gevorest","article_modified_time":"2023-11-25T09:02:00+00:00","twitter_card":"summary_large_image","twitter_misc":{"Est. reading time":"1 minute"},"schema":{"@context":"https:\/\/schema.org","@graph":[{"@type":"WebPage","@id":"https:\/\/www.gevorest.com\/sr\/ypnos-protectors\/","url":"https:\/\/www.gevorest.com\/sr\/ypnos-protectors\/","name":"ZA\u0160TITE YPNOS - Gevorest","isPartOf":{"@id":"https:\/\/www.gevorest.com\/#website"},"datePublished":"2021-06-02T19:30:37+00:00","dateModified":"2023-11-25T09:02:00+00:00","breadcrumb":{"@id":"https:\/\/www.gevorest.com\/sr\/ypnos-protectors\/#breadcrumb"},"inLanguage":"sr-RS","potentialAction":[{"@type":"ReadAction","target":["https:\/\/www.gevorest.com\/sr\/ypnos-protectors\/"]}]},{"@type":"BreadcrumbList","@id":"https:\/\/www.gevorest.com\/sr\/ypnos-protectors\/#breadcrumb","itemListElement":[{"@type":"ListItem","position":1,"name":"Home","item":"https:\/\/www.gevorest.com\/sr\/"},{"@type":"ListItem","position":2,"name":"ZA\u0160TITE YPNOS"}]},{"@type":"WebSite","@id":"https:\/\/www.gevorest.com\/#website","url":"https:\/\/www.gevorest.com\/","name":"Gevorest","description":"Serves the Quality of Sleep since 1967","publisher":{"@id":"https:\/\/www.gevorest.com\/#organization"},"potentialAction":[{"@type":"SearchAction","target":{"@type":"EntryPoint","urlTemplate":"https:\/\/www.gevorest.com\/?s={search_term_string}"},"query-input":{"@type":"PropertyValueSpecification","valueRequired":true,"valueName":"search_term_string"}}],"inLanguage":"sr-RS"},{"@type":"Organization","@id":"https:\/\/www.gevorest.com\/#organization","name":"Gevorest","url":"https:\/\/www.gevorest.com\/","logo":{"@type":"ImageObject","inLanguage":"sr-RS","@id":"https:\/\/www.gevorest.com\/#\/schema\/logo\/image\/","url":"https:\/\/www.gevorest.com\/wp-content\/uploads\/2018\/06\/gevorest_logo_2018.png","contentUrl":"https:\/\/www.gevorest.com\/wp-content\/uploads\/2018\/06\/gevorest_logo_2018.png","width":1282,"height":423,"caption":"Gevorest"},"image":{"@id":"https:\/\/www.gevorest.com\/#\/schema\/logo\/image\/"}}]}},"_links":{"self":[{"href":"https:\/\/www.gevorest.com\/sr\/wp-json\/wp\/v2\/pages\/22213","targetHints":{"allow":["GET"]}}],"collection":[{"href":"https:\/\/www.gevorest.com\/sr\/wp-json\/wp\/v2\/pages"}],"about":[{"href":"https:\/\/www.gevorest.com\/sr\/wp-json\/wp\/v2\/types\/page"}],"author":[{"embeddable":true,"href":"https:\/\/www.gevorest.com\/sr\/wp-json\/wp\/v2\/users\/1"}],"replies":[{"embeddable":true,"href":"https:\/\/www.gevorest.com\/sr\/wp-json\/wp\/v2\/comments?post=22213"}],"version-history":[{"count":0,"href":"https:\/\/www.gevorest.com\/sr\/wp-json\/wp\/v2\/pages\/22213\/revisions"}],"wp:attachment":[{"href":"https:\/\/www.gevorest.com\/sr\/wp-json\/wp\/v2\/media?parent=22213"}],"curies":[{"name":"wp","href":"https:\/\/api.w.org\/{rel}","templated":true}]}}