{"id":22230,"date":"2016-07-25T20:04:10","date_gmt":"2016-07-25T20:04:10","guid":{"rendered":"https:\/\/www.gevorest.com\/sr\/bed-linen\/polytelia\/"},"modified":"2023-11-25T09:08:24","modified_gmt":"2023-11-25T09:08:24","slug":"polytelia","status":"publish","type":"page","link":"https:\/\/www.gevorest.com\/sr\/bed-linen\/polytelia\/","title":{"rendered":"Bed Linen &#8211; Polytelia"},"content":{"rendered":"<p>[vc_row row_type=&#8221;row&#8221; use_row_as_full_screen_section=&#8221;no&#8221; type=&#8221;grid&#8221; angled_section=&#8221;no&#8221; text_align=&#8221;left&#8221; background_image_as_pattern=&#8221;without_pattern&#8221; background_color=&#8221;#ffffff&#8221; padding_top=&#8221;30&#8243; css_animation=&#8221;&#8221;][vc_column][vc_column_text]<\/p>\n<h1 style=\"text-align: center;\">Polytelia<\/h1>\n<p>&nbsp;<\/p>\n<h2 style=\"text-align: center; text-transform: capitalize;\">Visok kvalitet. Mek dodir. Upijajuc\u0301e svojstvo. Higijena. Trajnost. Polytelia (Luksuz).<\/h2>\n<p>[\/vc_column_text][vc_separator type=&#8221;small&#8221; position=&#8221;center&#8221; up=&#8221;7&#8243; down=&#8221;38&#8243;][\/vc_column][\/vc_row][vc_row row_type=&#8221;row&#8221; use_row_as_full_screen_section=&#8221;no&#8221; type=&#8221;grid&#8221; angled_section=&#8221;no&#8221; text_align=&#8221;left&#8221; background_image_as_pattern=&#8221;without_pattern&#8221; background_color=&#8221;#ffffff&#8221; padding_top=&#8221;30&#8243; css_animation=&#8221;&#8221;][vc_column][vc_column_text]<\/p>\n<p style=\"text-align: center;\">U vremenima kada se moda menja gotovo svakog trenutka, a trendovi vremena namec\u0301u brze promene u estetici i dizajnu, Gevorest kreira Polytelia liniju posteljine, jednu luksuznu, modernu, ali i bezvremensku liniju kvalitetne posteljine.<\/p>\n<p style=\"text-align: center;\">Serija je napravljena od 100% pamu\u010dnog satena 300 TC , donosec\u0301i pravi luksuz u spavac\u0301u sobu. Serija Polytelia je namenjena korisnicima sa veoma dobrim ukusom i sa zahtevima u kvalitetu. U 7 bogatih boja za sve ukuse: Bela, Boja Slonova\u010de, Svetlo plava, Prljavo roze, Ljubi\u010dasta, Svetlo siva, Bordo.<\/p>\n<p>[\/vc_column_text][vc_separator type=&#8221;transparent&#8221; up=&#8221;35&#8243; down=&#8221;22&#8243;][\/vc_column][\/vc_row][vc_row row_type=&#8221;row&#8221; use_row_as_full_screen_section=&#8221;no&#8221; type=&#8221;grid&#8221; angled_section=&#8221;no&#8221; text_align=&#8221;left&#8221; background_image_as_pattern=&#8221;without_pattern&#8221; background_color=&#8221;#ffffff&#8221; padding_top=&#8221;30&#8243; css_animation=&#8221;&#8221;][vc_column][vc_column_text]<\/p>\n<h2 style=\"text-align: center; text-transform: none;\">\u200bBoje \u010dar\u0161ava i jorganskih navlaka.<\/h2>\n<p>[\/vc_column_text][vc_separator type=&#8221;small&#8221; position=&#8221;center&#8221; up=&#8221;7&#8243; down=&#8221;38&#8243;]<div class='projects_holder_outer v4 portfolio_with_space portfolio_standard '><div class='projects_holder portfolio_main_holder clearfix v4 standard portfolio_full_image portfolio_one_by_one'>\n<article class='mix portfolio_category_392 ' style=''><div class='image_holder'><a itemprop='url' class='portfolio_link_for_touch' href='https:\/\/www.gevorest.com\/sr\/portfolio_page\/bela\/' target='_self'><span class='image'><img loading=\"lazy\" decoding=\"async\" width=\"340\" height=\"243\" src=\"https:\/\/www.gevorest.com\/wp-content\/uploads\/2023\/02\/Polytelia-WHITE.jpg\" class=\"attachment-full size-full wp-post-image\" alt=\"\" srcset=\"https:\/\/www.gevorest.com\/wp-content\/uploads\/2023\/02\/Polytelia-WHITE.jpg 340w, https:\/\/www.gevorest.com\/wp-content\/uploads\/2023\/02\/Polytelia-WHITE-300x214.jpg 300w\" sizes=\"auto, (max-width: 340px) 100vw, 340px\" \/><\/span><\/a><span class='text_holder'><span class='text_outer'><span class='text_inner'><span class='feature_holder'><\/span><\/span><\/span><\/span><\/div><div class='portfolio_description text_align_center'><h3 itemprop=\"headings\" class=\"portfolio_title entry_title\"><a itemprop=\"url\" href=\"https:\/\/www.gevorest.com\/sr\/portfolio_page\/bela\/\"  target=\"_self\">Bela (White)<\/a><\/h3><\/div><\/article>\n<article class='mix portfolio_category_392 ' style=''><div class='image_holder'><a itemprop='url' class='portfolio_link_for_touch' href='https:\/\/www.gevorest.com\/sr\/portfolio_page\/boja-slonovace\/' target='_self'><span class='image'><img loading=\"lazy\" decoding=\"async\" width=\"340\" height=\"243\" src=\"https:\/\/www.gevorest.com\/wp-content\/uploads\/2023\/02\/Polytelia-CHAMPAGNE.jpg\" class=\"attachment-full size-full wp-post-image\" alt=\"\" srcset=\"https:\/\/www.gevorest.com\/wp-content\/uploads\/2023\/02\/Polytelia-CHAMPAGNE.jpg 340w, https:\/\/www.gevorest.com\/wp-content\/uploads\/2023\/02\/Polytelia-CHAMPAGNE-300x214.jpg 300w\" sizes=\"auto, (max-width: 340px) 100vw, 340px\" \/><\/span><\/a><span class='text_holder'><span class='text_outer'><span class='text_inner'><span class='feature_holder'><\/span><\/span><\/span><\/span><\/div><div class='portfolio_description text_align_center'><h3 itemprop=\"headings\" class=\"portfolio_title entry_title\"><a itemprop=\"url\" href=\"https:\/\/www.gevorest.com\/sr\/portfolio_page\/boja-slonovace\/\"  target=\"_self\">Boja slonova\u010de (IVORY)<\/a><\/h3><\/div><\/article>\n<article class='mix portfolio_category_392 ' style=''><div class='image_holder'><a itemprop='url' class='portfolio_link_for_touch' href='https:\/\/www.gevorest.com\/sr\/portfolio_page\/svetlo-siva-light-grey\/' target='_self'><span class='image'><img loading=\"lazy\" decoding=\"async\" width=\"340\" height=\"243\" src=\"https:\/\/www.gevorest.com\/wp-content\/uploads\/2023\/02\/Polytelia-GREY.jpg\" class=\"attachment-full size-full wp-post-image\" alt=\"\" srcset=\"https:\/\/www.gevorest.com\/wp-content\/uploads\/2023\/02\/Polytelia-GREY.jpg 340w, https:\/\/www.gevorest.com\/wp-content\/uploads\/2023\/02\/Polytelia-GREY-300x214.jpg 300w\" sizes=\"auto, (max-width: 340px) 100vw, 340px\" \/><\/span><\/a><span class='text_holder'><span class='text_outer'><span class='text_inner'><span class='feature_holder'><\/span><\/span><\/span><\/span><\/div><div class='portfolio_description text_align_center'><h3 itemprop=\"headings\" class=\"portfolio_title entry_title\"><a itemprop=\"url\" href=\"https:\/\/www.gevorest.com\/sr\/portfolio_page\/svetlo-siva-light-grey\/\"  target=\"_self\">Svetlo siva (LIGHT GREY)<\/a><\/h3><\/div><\/article>\n<article class='mix portfolio_category_392 ' style=''><div class='image_holder'><a itemprop='url' class='portfolio_link_for_touch' href='https:\/\/www.gevorest.com\/sr\/portfolio_page\/svetlo-plava-light-blue\/' target='_self'><span class='image'><img loading=\"lazy\" decoding=\"async\" width=\"340\" height=\"243\" src=\"https:\/\/www.gevorest.com\/wp-content\/uploads\/2023\/02\/Polytelia-LIGHT-BLUE.jpg\" class=\"attachment-full size-full wp-post-image\" alt=\"\" srcset=\"https:\/\/www.gevorest.com\/wp-content\/uploads\/2023\/02\/Polytelia-LIGHT-BLUE.jpg 340w, https:\/\/www.gevorest.com\/wp-content\/uploads\/2023\/02\/Polytelia-LIGHT-BLUE-300x214.jpg 300w\" sizes=\"auto, (max-width: 340px) 100vw, 340px\" \/><\/span><\/a><span class='text_holder'><span class='text_outer'><span class='text_inner'><span class='feature_holder'><\/span><\/span><\/span><\/span><\/div><div class='portfolio_description text_align_center'><h3 itemprop=\"headings\" class=\"portfolio_title entry_title\"><a itemprop=\"url\" href=\"https:\/\/www.gevorest.com\/sr\/portfolio_page\/svetlo-plava-light-blue\/\"  target=\"_self\">Svetlo plava (Light Blue)<\/a><\/h3><\/div><\/article>\n<article class='mix portfolio_category_392 ' style=''><div class='image_holder'><a itemprop='url' class='portfolio_link_for_touch' href='https:\/\/www.gevorest.com\/sr\/portfolio_page\/bordo-bordeaux\/' target='_self'><span class='image'><img loading=\"lazy\" decoding=\"async\" width=\"340\" height=\"243\" src=\"https:\/\/www.gevorest.com\/wp-content\/uploads\/2023\/02\/Polytelia-BURGANDY.jpg\" class=\"attachment-full size-full wp-post-image\" alt=\"\" srcset=\"https:\/\/www.gevorest.com\/wp-content\/uploads\/2023\/02\/Polytelia-BURGANDY.jpg 340w, https:\/\/www.gevorest.com\/wp-content\/uploads\/2023\/02\/Polytelia-BURGANDY-300x214.jpg 300w\" sizes=\"auto, (max-width: 340px) 100vw, 340px\" \/><\/span><\/a><span class='text_holder'><span class='text_outer'><span class='text_inner'><span class='feature_holder'><\/span><\/span><\/span><\/span><\/div><div class='portfolio_description text_align_center'><h3 itemprop=\"headings\" class=\"portfolio_title entry_title\"><a itemprop=\"url\" href=\"https:\/\/www.gevorest.com\/sr\/portfolio_page\/bordo-bordeaux\/\"  target=\"_self\">Bordo (Bordeaux)<\/a><\/h3><\/div><\/article>\n<article class='mix portfolio_category_392 ' style=''><div class='image_holder'><a itemprop='url' class='portfolio_link_for_touch' href='https:\/\/www.gevorest.com\/sr\/portfolio_page\/ljubicasta-purple\/' target='_self'><span class='image'><img loading=\"lazy\" decoding=\"async\" width=\"340\" height=\"243\" src=\"https:\/\/www.gevorest.com\/wp-content\/uploads\/2023\/02\/Polytelia-PURPLE.jpg\" class=\"attachment-full size-full wp-post-image\" alt=\"\" srcset=\"https:\/\/www.gevorest.com\/wp-content\/uploads\/2023\/02\/Polytelia-PURPLE.jpg 340w, https:\/\/www.gevorest.com\/wp-content\/uploads\/2023\/02\/Polytelia-PURPLE-300x214.jpg 300w\" sizes=\"auto, (max-width: 340px) 100vw, 340px\" \/><\/span><\/a><span class='text_holder'><span class='text_outer'><span class='text_inner'><span class='feature_holder'><\/span><\/span><\/span><\/span><\/div><div class='portfolio_description text_align_center'><h3 itemprop=\"headings\" class=\"portfolio_title entry_title\"><a itemprop=\"url\" href=\"https:\/\/www.gevorest.com\/sr\/portfolio_page\/ljubicasta-purple\/\"  target=\"_self\">Ljubi\u010dasta (Purple)<\/a><\/h3><\/div><\/article>\n<article class='mix portfolio_category_392 ' style=''><div class='image_holder'><a itemprop='url' class='portfolio_link_for_touch' href='https:\/\/www.gevorest.com\/sr\/portfolio_page\/prljavo-roze-light-mauve\/' target='_self'><span class='image'><img loading=\"lazy\" decoding=\"async\" width=\"340\" height=\"243\" src=\"https:\/\/www.gevorest.com\/wp-content\/uploads\/2023\/02\/Polytelia-LAVENDERjpg.jpg\" class=\"attachment-full size-full wp-post-image\" alt=\"\" srcset=\"https:\/\/www.gevorest.com\/wp-content\/uploads\/2023\/02\/Polytelia-LAVENDERjpg.jpg 340w, https:\/\/www.gevorest.com\/wp-content\/uploads\/2023\/02\/Polytelia-LAVENDERjpg-300x214.jpg 300w\" sizes=\"auto, (max-width: 340px) 100vw, 340px\" \/><\/span><\/a><span class='text_holder'><span class='text_outer'><span class='text_inner'><span class='feature_holder'><\/span><\/span><\/span><\/span><\/div><div class='portfolio_description text_align_center'><h3 itemprop=\"headings\" class=\"portfolio_title entry_title\"><a itemprop=\"url\" href=\"https:\/\/www.gevorest.com\/sr\/portfolio_page\/prljavo-roze-light-mauve\/\"  target=\"_self\">Prljavo roze (Light Mauve)<\/a><\/h3><\/div><\/article>\n<div class='filler'><\/div>\n<div class='filler'><\/div>\n<div class='filler'><\/div>\n<div class='filler'><\/div>\n<\/div><\/div>[\/vc_column][\/vc_row][vc_row row_type=&#8221;row&#8221; use_row_as_full_screen_section=&#8221;no&#8221; type=&#8221;grid&#8221; angled_section=&#8221;no&#8221; text_align=&#8221;left&#8221; background_image_as_pattern=&#8221;without_pattern&#8221; css_animation=&#8221;&#8221;][vc_column][vc_separator type=&#8221;normal&#8221; transparency=&#8221;0&#8243; up=&#8221;25&#8243; down=&#8221;25&#8243;][vc_column_text]<\/p>\n<table style=\"border: 1px solid grey;\">\n<tbody>\n<tr style=\"border-bottom: 1px solid grey;\">\n<th>Set \u010dar\u0161ava<\/th>\n<th>Niti<\/th>\n<th>Komada<\/th>\n<th>\u010car\u0161av sa lasti\u0161em + \u010dar\u0161av + Jastu\u010dnice<\/th>\n<\/tr>\n<tr>\n<td>Pojedina\u010dna\/single<\/td>\n<td>300<\/td>\n<td>3 kom<\/td>\n<td>1 x (110&#215;200+35) + 1 x (160&#215;270) + 1 x (52&#215;72)<\/td>\n<\/tr>\n<tr>\n<td>Dupla<\/td>\n<td>300<\/td>\n<td>4 kom<\/td>\n<td>1 x (140&#215;200+35) + 1 x (220&#215;270) + 2 x (52&#215;72)<\/td>\n<\/tr>\n<tr>\n<td>Extra dupla<\/td>\n<td>300<\/td>\n<td>4 kom<\/td>\n<td>1 x (160&#215;200+35) + 1 x (240&#215;270) + 2 x (52&#215;72)<\/td>\n<\/tr>\n<tr>\n<td>King<\/td>\n<td>300<\/td>\n<td>4 kom<\/td>\n<td>1 x (180&#215;200+35) + 1 x (260&#215;270) + 2 x (52&#215;72)<\/td>\n<\/tr>\n<tr>\n<td>Super king<\/td>\n<td>300<\/td>\n<td>4 kom<\/td>\n<td>1 x (200&#215;200+35) + 1 x (280&#215;270) + 2 x (52&#215;72)<\/td>\n<\/tr>\n<\/tbody>\n<\/table>\n<p>&nbsp;<\/p>\n<table style=\"border: 1px solid grey;\">\n<tbody>\n<tr style=\"border-bottom: 1px solid grey;\">\n<th>Set jorganska navlaka + \u010dar\u0161av sa lasti\u0161em<\/th>\n<th>Niti<\/th>\n<th>Komada<\/th>\n<th>\u010car\u0161av sa lasti\u0161em +jorganska navlaka+jastu\u010dnica<\/th>\n<\/tr>\n<tr>\n<td>Pojedina\u010dna\/single<\/td>\n<td>300<\/td>\n<td>3 kom<\/td>\n<td>1 x (110&#215;200+35) + 1 x (160&#215;240) + 1 x (52&#215;72)<\/td>\n<\/tr>\n<tr>\n<td>Dupla<\/td>\n<td>300<\/td>\n<td>4 kom<\/td>\n<td>1 x (140&#215;200+35) + 1 x (220&#215;240) + 2 x (52&#215;72)<\/td>\n<\/tr>\n<tr>\n<td>Extra dupla<\/td>\n<td>300<\/td>\n<td>4 kom<\/td>\n<td>1 x (160&#215;200+35) + 1 x (240&#215;240) + 2 x (52&#215;72)<\/td>\n<\/tr>\n<tr>\n<td>King<\/td>\n<td>300<\/td>\n<td>4 kom<\/td>\n<td>1 x (180&#215;200+35) + 1 x (265&#215;240) + 2 x (52&#215;72)<\/td>\n<\/tr>\n<\/tbody>\n<\/table>\n<p>&nbsp;<\/p>\n<table style=\"border: 1px solid grey;\">\n<tbody>\n<tr style=\"border-bottom: 1px solid grey;\">\n<th><b>Set jorganskih navlaka<\/b><\/th>\n<th>Niti<\/th>\n<th>Komada<\/th>\n<th>Jorganska navlaka + jastu\u010dnice<\/th>\n<\/tr>\n<tr>\n<td>Extra dupla<\/td>\n<td>300<\/td>\n<td>3 kom<\/td>\n<td>1x (240&#215;240) + 2 x (52&#215;72)<\/td>\n<\/tr>\n<tr>\n<td>King<\/td>\n<td>300<\/td>\n<td>3 kom<\/td>\n<td>1 x (265&#215;240) + 2 x (52&#215;72)<\/td>\n<\/tr>\n<\/tbody>\n<\/table>\n<p>&nbsp;<\/p>\n<p>*Dostupno je u 7 boja : Bela, \u00a0Boja slonova\u010de, Svetlo plava, \u00a0Prljavo roze, Ljubi\u010dasta, Svetlo siva, Bordo.[\/vc_column_text][vc_separator type=&#8221;normal&#8221; transparency=&#8221;0&#8243; down=&#8221;25&#8243;][\/vc_column][\/vc_row]<\/p>\n","protected":false},"excerpt":{"rendered":"<p>[vc_row row_type=&#8221;row&#8221; use_row_as_full_screen_section=&#8221;no&#8221; type=&#8221;grid&#8221; angled_section=&#8221;no&#8221; text_align=&#8221;left&#8221; background_image_as_pattern=&#8221;without_pattern&#8221; background_color=&#8221;#ffffff&#8221; padding_top=&#8221;30&#8243; css_animation=&#8221;&#8221;][vc_column][vc_column_text] Polytelia &nbsp; Visok kvalitet. Mek dodir. Upijajuc\u0301e svojstvo. Higijena. Trajnost. Polytelia (Luksuz). [\/vc_column_text][vc_separator type=&#8221;small&#8221; position=&#8221;center&#8221; up=&#8221;7&#8243; down=&#8221;38&#8243;][\/vc_column][\/vc_row][vc_row row_type=&#8221;row&#8221; use_row_as_full_screen_section=&#8221;no&#8221; type=&#8221;grid&#8221; angled_section=&#8221;no&#8221; text_align=&#8221;left&#8221; background_image_as_pattern=&#8221;without_pattern&#8221; background_color=&#8221;#ffffff&#8221; padding_top=&#8221;30&#8243; css_animation=&#8221;&#8221;][vc_column][vc_column_text] U vremenima kada se moda menja gotovo svakog trenutka,&#8230;<\/p>\n","protected":false},"author":1,"featured_media":0,"parent":22225,"menu_order":0,"comment_status":"open","ping_status":"open","template":"full_width.php","meta":{"footnotes":""},"class_list":["post-22230","page","type-page","status-publish","hentry"],"yoast_head":"<!-- This site is optimized with the Yoast SEO plugin v27.2 - https:\/\/yoast.com\/product\/yoast-seo-wordpress\/ -->\n<title>Bed Linen - Polytelia - Gevorest<\/title>\n<meta name=\"description\" content=\"\u03c3\u03b5\u03bd\u03c4\u03cc\u03bd\u03b9\u03b1, Gevorest, \u039a\u03cd\u03c0\u03c1\u03bf\u03c2,\" \/>\n<meta name=\"robots\" content=\"index, follow, max-snippet:-1, max-image-preview:large, max-video-preview:-1\" \/>\n<link rel=\"canonical\" href=\"https:\/\/www.gevorest.com\/sr\/bed-linen\/polytelia\/\" \/>\n<meta property=\"og:locale\" content=\"sr_RS\" \/>\n<meta property=\"og:type\" content=\"article\" \/>\n<meta property=\"og:title\" content=\"Bed Linen - Polytelia - Gevorest\" \/>\n<meta property=\"og:description\" content=\"\u03c3\u03b5\u03bd\u03c4\u03cc\u03bd\u03b9\u03b1, Gevorest, \u039a\u03cd\u03c0\u03c1\u03bf\u03c2,\" \/>\n<meta property=\"og:url\" content=\"https:\/\/www.gevorest.com\/sr\/bed-linen\/polytelia\/\" \/>\n<meta property=\"og:site_name\" content=\"Gevorest\" \/>\n<meta property=\"article:modified_time\" content=\"2023-11-25T09:08:24+00:00\" \/>\n<meta name=\"twitter:card\" content=\"summary_large_image\" \/>\n<meta name=\"twitter:label1\" content=\"Est. reading time\" \/>\n\t<meta name=\"twitter:data1\" content=\"2 minutes\" \/>\n<script type=\"application\/ld+json\" class=\"yoast-schema-graph\">{\"@context\":\"https:\/\/schema.org\",\"@graph\":[{\"@type\":\"WebPage\",\"@id\":\"https:\/\/www.gevorest.com\/sr\/bed-linen\/polytelia\/\",\"url\":\"https:\/\/www.gevorest.com\/sr\/bed-linen\/polytelia\/\",\"name\":\"Bed Linen - Polytelia - Gevorest\",\"isPartOf\":{\"@id\":\"https:\/\/www.gevorest.com\/#website\"},\"datePublished\":\"2016-07-25T20:04:10+00:00\",\"dateModified\":\"2023-11-25T09:08:24+00:00\",\"description\":\"\u03c3\u03b5\u03bd\u03c4\u03cc\u03bd\u03b9\u03b1, Gevorest, \u039a\u03cd\u03c0\u03c1\u03bf\u03c2,\",\"breadcrumb\":{\"@id\":\"https:\/\/www.gevorest.com\/sr\/bed-linen\/polytelia\/#breadcrumb\"},\"inLanguage\":\"sr-RS\",\"potentialAction\":[{\"@type\":\"ReadAction\",\"target\":[\"https:\/\/www.gevorest.com\/sr\/bed-linen\/polytelia\/\"]}]},{\"@type\":\"BreadcrumbList\",\"@id\":\"https:\/\/www.gevorest.com\/sr\/bed-linen\/polytelia\/#breadcrumb\",\"itemListElement\":[{\"@type\":\"ListItem\",\"position\":1,\"name\":\"Home\",\"item\":\"https:\/\/www.gevorest.com\/sr\/\"},{\"@type\":\"ListItem\",\"position\":2,\"name\":\"Posteljina\",\"item\":\"https:\/\/www.gevorest.com\/sr\/bed-linen\/\"},{\"@type\":\"ListItem\",\"position\":3,\"name\":\"Bed Linen &#8211; Polytelia\"}]},{\"@type\":\"WebSite\",\"@id\":\"https:\/\/www.gevorest.com\/#website\",\"url\":\"https:\/\/www.gevorest.com\/\",\"name\":\"Gevorest\",\"description\":\"Serves the Quality of Sleep since 1967\",\"publisher\":{\"@id\":\"https:\/\/www.gevorest.com\/#organization\"},\"potentialAction\":[{\"@type\":\"SearchAction\",\"target\":{\"@type\":\"EntryPoint\",\"urlTemplate\":\"https:\/\/www.gevorest.com\/?s={search_term_string}\"},\"query-input\":{\"@type\":\"PropertyValueSpecification\",\"valueRequired\":true,\"valueName\":\"search_term_string\"}}],\"inLanguage\":\"sr-RS\"},{\"@type\":\"Organization\",\"@id\":\"https:\/\/www.gevorest.com\/#organization\",\"name\":\"Gevorest\",\"url\":\"https:\/\/www.gevorest.com\/\",\"logo\":{\"@type\":\"ImageObject\",\"inLanguage\":\"sr-RS\",\"@id\":\"https:\/\/www.gevorest.com\/#\/schema\/logo\/image\/\",\"url\":\"https:\/\/www.gevorest.com\/wp-content\/uploads\/2018\/06\/gevorest_logo_2018.png\",\"contentUrl\":\"https:\/\/www.gevorest.com\/wp-content\/uploads\/2018\/06\/gevorest_logo_2018.png\",\"width\":1282,\"height\":423,\"caption\":\"Gevorest\"},\"image\":{\"@id\":\"https:\/\/www.gevorest.com\/#\/schema\/logo\/image\/\"}}]}<\/script>\n<!-- \/ Yoast SEO plugin. -->","yoast_head_json":{"title":"Bed Linen - Polytelia - Gevorest","description":"\u03c3\u03b5\u03bd\u03c4\u03cc\u03bd\u03b9\u03b1, Gevorest, \u039a\u03cd\u03c0\u03c1\u03bf\u03c2,","robots":{"index":"index","follow":"follow","max-snippet":"max-snippet:-1","max-image-preview":"max-image-preview:large","max-video-preview":"max-video-preview:-1"},"canonical":"https:\/\/www.gevorest.com\/sr\/bed-linen\/polytelia\/","og_locale":"sr_RS","og_type":"article","og_title":"Bed Linen - Polytelia - Gevorest","og_description":"\u03c3\u03b5\u03bd\u03c4\u03cc\u03bd\u03b9\u03b1, Gevorest, \u039a\u03cd\u03c0\u03c1\u03bf\u03c2,","og_url":"https:\/\/www.gevorest.com\/sr\/bed-linen\/polytelia\/","og_site_name":"Gevorest","article_modified_time":"2023-11-25T09:08:24+00:00","twitter_card":"summary_large_image","twitter_misc":{"Est. reading time":"2 minutes"},"schema":{"@context":"https:\/\/schema.org","@graph":[{"@type":"WebPage","@id":"https:\/\/www.gevorest.com\/sr\/bed-linen\/polytelia\/","url":"https:\/\/www.gevorest.com\/sr\/bed-linen\/polytelia\/","name":"Bed Linen - Polytelia - Gevorest","isPartOf":{"@id":"https:\/\/www.gevorest.com\/#website"},"datePublished":"2016-07-25T20:04:10+00:00","dateModified":"2023-11-25T09:08:24+00:00","description":"\u03c3\u03b5\u03bd\u03c4\u03cc\u03bd\u03b9\u03b1, Gevorest, \u039a\u03cd\u03c0\u03c1\u03bf\u03c2,","breadcrumb":{"@id":"https:\/\/www.gevorest.com\/sr\/bed-linen\/polytelia\/#breadcrumb"},"inLanguage":"sr-RS","potentialAction":[{"@type":"ReadAction","target":["https:\/\/www.gevorest.com\/sr\/bed-linen\/polytelia\/"]}]},{"@type":"BreadcrumbList","@id":"https:\/\/www.gevorest.com\/sr\/bed-linen\/polytelia\/#breadcrumb","itemListElement":[{"@type":"ListItem","position":1,"name":"Home","item":"https:\/\/www.gevorest.com\/sr\/"},{"@type":"ListItem","position":2,"name":"Posteljina","item":"https:\/\/www.gevorest.com\/sr\/bed-linen\/"},{"@type":"ListItem","position":3,"name":"Bed Linen &#8211; Polytelia"}]},{"@type":"WebSite","@id":"https:\/\/www.gevorest.com\/#website","url":"https:\/\/www.gevorest.com\/","name":"Gevorest","description":"Serves the Quality of Sleep since 1967","publisher":{"@id":"https:\/\/www.gevorest.com\/#organization"},"potentialAction":[{"@type":"SearchAction","target":{"@type":"EntryPoint","urlTemplate":"https:\/\/www.gevorest.com\/?s={search_term_string}"},"query-input":{"@type":"PropertyValueSpecification","valueRequired":true,"valueName":"search_term_string"}}],"inLanguage":"sr-RS"},{"@type":"Organization","@id":"https:\/\/www.gevorest.com\/#organization","name":"Gevorest","url":"https:\/\/www.gevorest.com\/","logo":{"@type":"ImageObject","inLanguage":"sr-RS","@id":"https:\/\/www.gevorest.com\/#\/schema\/logo\/image\/","url":"https:\/\/www.gevorest.com\/wp-content\/uploads\/2018\/06\/gevorest_logo_2018.png","contentUrl":"https:\/\/www.gevorest.com\/wp-content\/uploads\/2018\/06\/gevorest_logo_2018.png","width":1282,"height":423,"caption":"Gevorest"},"image":{"@id":"https:\/\/www.gevorest.com\/#\/schema\/logo\/image\/"}}]}},"_links":{"self":[{"href":"https:\/\/www.gevorest.com\/sr\/wp-json\/wp\/v2\/pages\/22230","targetHints":{"allow":["GET"]}}],"collection":[{"href":"https:\/\/www.gevorest.com\/sr\/wp-json\/wp\/v2\/pages"}],"about":[{"href":"https:\/\/www.gevorest.com\/sr\/wp-json\/wp\/v2\/types\/page"}],"author":[{"embeddable":true,"href":"https:\/\/www.gevorest.com\/sr\/wp-json\/wp\/v2\/users\/1"}],"replies":[{"embeddable":true,"href":"https:\/\/www.gevorest.com\/sr\/wp-json\/wp\/v2\/comments?post=22230"}],"version-history":[{"count":0,"href":"https:\/\/www.gevorest.com\/sr\/wp-json\/wp\/v2\/pages\/22230\/revisions"}],"up":[{"embeddable":true,"href":"https:\/\/www.gevorest.com\/sr\/wp-json\/wp\/v2\/pages\/22225"}],"wp:attachment":[{"href":"https:\/\/www.gevorest.com\/sr\/wp-json\/wp\/v2\/media?parent=22230"}],"curies":[{"name":"wp","href":"https:\/\/api.w.org\/{rel}","templated":true}]}}