{"id":22250,"date":"2022-05-19T04:10:56","date_gmt":"2022-05-19T04:10:56","guid":{"rendered":"https:\/\/www.gevorest.com\/sr\/bed-linen\/nef-nef\/bedroom\/"},"modified":"2023-11-22T14:23:44","modified_gmt":"2023-11-22T14:23:44","slug":"bedroom","status":"publish","type":"page","link":"https:\/\/www.gevorest.com\/sr\/bed-linen\/nef-nef\/bedroom\/","title":{"rendered":"Bed Linen &#8211; NEF-NEF &#8211; Bedroom"},"content":{"rendered":"<p>[vc_row row_type=&#8221;row&#8221; use_row_as_full_screen_section=&#8221;no&#8221; type=&#8221;grid&#8221; angled_section=&#8221;no&#8221; text_align=&#8221;left&#8221; background_image_as_pattern=&#8221;without_pattern&#8221; background_color=&#8221;#ffffff&#8221; padding_top=&#8221;30&#8243; css_animation=&#8221;&#8221;][vc_column][vc_empty_space height=&#8221;100px&#8221;][vc_column_text]<\/p>\n<h1 style=\"text-align: center;\">SPAVAC\u0301A SOBA<\/h1>\n<h2 style=\"text-align: center;\">NEF-NEF<\/h2>\n<h2 style=\"text-align: center; text-transform: capitalize;\"><\/h2>\n<p>[\/vc_column_text][vc_separator type=&#8221;small&#8221; position=&#8221;center&#8221; up=&#8221;7&#8243; down=&#8221;38&#8243;][vc_raw_html]JTNDZGl2JTNFJTBBJTNDYSUyMGhyZWYlM0QlMjJodHRwcyUzQSUyRiUyRnd3dy5nZXZvcmVzdC5jb20lMkZzciUyRmJlZC1saW5lbiUyRm5lZi1uZWYlMjIlM0VORUYtTkVGJTIwcHJvaXp2b2RpJTNDJTJGYSUzRSUyNm5ic3AlM0IlMkYlMjZuYnNwJTNCJTNDYiUzRVNwYXZhJUM0JTg3YSUyMHNvYmElM0MlMkZiJTNFJTBBJTNDJTJGZGl2JTNF[\/vc_raw_html][\/vc_column][\/vc_row][vc_row row_type=&#8221;row&#8221; use_row_as_full_screen_section=&#8221;no&#8221; type=&#8221;grid&#8221; angled_section=&#8221;no&#8221; text_align=&#8221;left&#8221; background_image_as_pattern=&#8221;without_pattern&#8221; background_color=&#8221;#ffffff&#8221; padding_top=&#8221;30&#8243; css_animation=&#8221;&#8221;][vc_column][vc_column_text]<\/p>\n<h4 style=\"text-align: center;\">Spavac\u0301a soba je mesto ekskluzivnog opu\u0161tanja, mira i odmora. Izaberite \u010dar\u0161ave, jastu\u010dnice, c\u0301ebad, pokriva\u010de i jastuke u mekim teksturama i bojama koji c\u0301e na vas ostaviti utisak \u010disto\u0107e i prefinjenosti.<\/h4>\n<p>[\/vc_column_text][\/vc_column][\/vc_row][vc_row row_type=&#8221;row&#8221; use_row_as_full_screen_section=&#8221;no&#8221; type=&#8221;full_width&#8221; angled_section=&#8221;no&#8221; text_align=&#8221;left&#8221; background_image_as_pattern=&#8221;without_pattern&#8221; css_animation=&#8221;&#8221;][vc_column][vc_separator type=&#8221;transparent&#8221; up=&#8221;35&#8243; down=&#8221;22&#8243;][\/vc_column][\/vc_row][vc_row row_type=&#8221;row&#8221; use_row_as_full_screen_section=&#8221;no&#8221; type=&#8221;grid&#8221; angled_section=&#8221;no&#8221; text_align=&#8221;left&#8221; background_image_as_pattern=&#8221;without_pattern&#8221; css_animation=&#8221;&#8221;][vc_column width=&#8221;1\/2&#8243;][vc_single_image image=&#8221;21275&#8243; img_size=&#8221;large&#8221; alignment=&#8221;center&#8221; onclick=&#8221;custom_link&#8221; qode_css_animation=&#8221;element_from_left&#8221; qode_hover_animation=&#8221;zoom_in&#8221; link=&#8221;https:\/\/www.gevorest.com\/sr\/bed-linen\/nef-nef\/bedroom\/sheets-duvet-covers-plain\/&#8221;][\/vc_column][vc_column width=&#8221;1\/2&#8243;][vc_single_image image=&#8221;21277&#8243; img_size=&#8221;large&#8221; alignment=&#8221;center&#8221; onclick=&#8221;custom_link&#8221; qode_css_animation=&#8221;element_from_left&#8221; qode_hover_animation=&#8221;zoom_in&#8221; link=&#8221;https:\/\/www.gevorest.com\/sr\/bed-linen\/nef-nef\/bedroom\/sheets-and-duvet-covers\/&#8221;][\/vc_column][\/vc_row][vc_row row_type=&#8221;row&#8221; use_row_as_full_screen_section=&#8221;no&#8221; type=&#8221;full_width&#8221; angled_section=&#8221;no&#8221; text_align=&#8221;left&#8221; background_image_as_pattern=&#8221;without_pattern&#8221; css_animation=&#8221;&#8221;][vc_column][vc_empty_space height=&#8221;25px&#8221;][\/vc_column][\/vc_row][vc_row row_type=&#8221;row&#8221; use_row_as_full_screen_section=&#8221;no&#8221; type=&#8221;grid&#8221; angled_section=&#8221;no&#8221; text_align=&#8221;left&#8221; background_image_as_pattern=&#8221;without_pattern&#8221; css_animation=&#8221;&#8221;][vc_column width=&#8221;1\/2&#8243;][vc_single_image image=&#8221;21524&#8243; img_size=&#8221;large&#8221; alignment=&#8221;center&#8221; onclick=&#8221;custom_link&#8221; qode_css_animation=&#8221;element_from_left&#8221; qode_hover_animation=&#8221;zoom_in&#8221; link=&#8221;https:\/\/www.gevorest.com\/sr\/bed-linen\/nef-nef\/bedroom\/bicolor-blankets-and-couverli\/&#8221;][\/vc_column][vc_column width=&#8221;1\/2&#8243;][vc_single_image image=&#8221;21546&#8243; img_size=&#8221;large&#8221; alignment=&#8221;center&#8221; onclick=&#8221;custom_link&#8221; qode_css_animation=&#8221;element_from_left&#8221; qode_hover_animation=&#8221;zoom_in&#8221; link=&#8221;https:\/\/www.gevorest.com\/sr\/bed-linen\/nef-nef\/bedroom\/bed-linen-nef-nef-bedroom-blankets-duvets\/&#8221;][\/vc_column][\/vc_row][vc_row row_type=&#8221;row&#8221; use_row_as_full_screen_section=&#8221;no&#8221; type=&#8221;grid&#8221; angled_section=&#8221;no&#8221; text_align=&#8221;left&#8221; background_image_as_pattern=&#8221;without_pattern&#8221; css_animation=&#8221;&#8221;][vc_column width=&#8221;1\/2&#8243; el_class=&#8221;vc_hidden-lg vc_hidden-md vc_hidden-sm vc_hidden-xs&#8221;][vc_single_image image=&#8221;18953&#8243; img_size=&#8221;large&#8221; alignment=&#8221;center&#8221; onclick=&#8221;custom_link&#8221; qode_css_animation=&#8221;element_from_left&#8221; qode_hover_animation=&#8221;zoom_in&#8221; link=&#8221;https:\/\/www.gevorest.com\/bed-linen\/nef-nef\/\u03c5\u03c0\u03bd\u03bf\u03b4\u03c9\u03bc\u03ac\u03c4\u03b9\u03bf\/\u03c3\u03b5\u03bd\u03c4\u03cc\u03bd\u03b9\u03b1-\u03c0\u03b1\u03c0\u03bb\u03c9\u03bc\u03b1\u03c4\u03bf\u03b8\u03ae\u03ba\u03b5\u03c2-\u03c6\u03b1\u03bd\u03b5\u03bb\u03ad\u03bd\u03b9\u03b1\/&#8221;][\/vc_column][vc_column width=&#8221;1\/2&#8243; el_class=&#8221;vc_hidden-lg vc_hidden-md vc_hidden-sm vc_hidden-xs&#8221;][vc_single_image image=&#8221;18953&#8243; img_size=&#8221;large&#8221; alignment=&#8221;center&#8221; onclick=&#8221;custom_link&#8221; qode_css_animation=&#8221;element_from_left&#8221; qode_hover_animation=&#8221;zoom_in&#8221; link=&#8221;https:\/\/www.gevorest.com\/bed-linen\/nef-nef\/\u03c5\u03c0\u03bd\u03bf\u03b4\u03c9\u03bc\u03ac\u03c4\u03b9\u03bf\/\u03c3\u03b5\u03bd\u03c4\u03cc\u03bd\u03b9\u03b1-\u03c0\u03b1\u03c0\u03bb\u03c9\u03bc\u03b1\u03c4\u03bf\u03b8\u03ae\u03ba\u03b5\u03c2-\u03c6\u03b1\u03bd\u03b5\u03bb\u03ad\u03bd\u03b9\u03b1\/&#8221;][\/vc_column][\/vc_row][vc_row row_type=&#8221;row&#8221; use_row_as_full_screen_section=&#8221;no&#8221; type=&#8221;full_width&#8221; angled_section=&#8221;no&#8221; text_align=&#8221;left&#8221; background_image_as_pattern=&#8221;without_pattern&#8221; css_animation=&#8221;&#8221;][vc_column][vc_empty_space height=&#8221;100px&#8221;][\/vc_column][\/vc_row]<\/p>\n","protected":false},"excerpt":{"rendered":"<p>[vc_row row_type=&#8221;row&#8221; use_row_as_full_screen_section=&#8221;no&#8221; type=&#8221;grid&#8221; angled_section=&#8221;no&#8221; text_align=&#8221;left&#8221; background_image_as_pattern=&#8221;without_pattern&#8221; background_color=&#8221;#ffffff&#8221; padding_top=&#8221;30&#8243; css_animation=&#8221;&#8221;][vc_column][vc_empty_space height=&#8221;100px&#8221;][vc_column_text] SPAVAC\u0301A SOBA NEF-NEF [\/vc_column_text][vc_separator type=&#8221;small&#8221; position=&#8221;center&#8221; up=&#8221;7&#8243; down=&#8221;38&#8243;][vc_raw_html]JTNDZGl2JTNFJTBBJTNDYSUyMGhyZWYlM0QlMjJodHRwcyUzQSUyRiUyRnd3dy5nZXZvcmVzdC5jb20lMkZzciUyRmJlZC1saW5lbiUyRm5lZi1uZWYlMjIlM0VORUYtTkVGJTIwcHJvaXp2b2RpJTNDJTJGYSUzRSUyNm5ic3AlM0IlMkYlMjZuYnNwJTNCJTNDYiUzRVNwYXZhJUM0JTg3YSUyMHNvYmElM0MlMkZiJTNFJTBBJTNDJTJGZGl2JTNF[\/vc_raw_html][\/vc_column][\/vc_row][vc_row row_type=&#8221;row&#8221; use_row_as_full_screen_section=&#8221;no&#8221; type=&#8221;grid&#8221; angled_section=&#8221;no&#8221; text_align=&#8221;left&#8221; background_image_as_pattern=&#8221;without_pattern&#8221; background_color=&#8221;#ffffff&#8221; padding_top=&#8221;30&#8243; css_animation=&#8221;&#8221;][vc_column][vc_column_text] Spavac\u0301a soba je mesto ekskluzivnog opu\u0161tanja, mira i odmora. Izaberite \u010dar\u0161ave, jastu\u010dnice, c\u0301ebad, pokriva\u010de i jastuke u&#8230;<\/p>\n","protected":false},"author":1,"featured_media":0,"parent":22241,"menu_order":0,"comment_status":"open","ping_status":"open","template":"full_width.php","meta":{"footnotes":""},"class_list":["post-22250","page","type-page","status-publish","hentry"],"yoast_head":"<!-- This site is optimized with the Yoast SEO plugin v27.2 - https:\/\/yoast.com\/product\/yoast-seo-wordpress\/ -->\n<title>Bed Linen - NEF-NEF - Bedroom - Gevorest<\/title>\n<meta name=\"description\" content=\"\u03c3\u03b5\u03bd\u03c4\u03cc\u03bd\u03b9\u03b1, Gevorest, \u039a\u03cd\u03c0\u03c1\u03bf\u03c2,\" \/>\n<meta name=\"robots\" content=\"index, follow, max-snippet:-1, max-image-preview:large, max-video-preview:-1\" \/>\n<link rel=\"canonical\" href=\"https:\/\/www.gevorest.com\/sr\/bed-linen\/nef-nef\/bedroom\/\" \/>\n<meta property=\"og:locale\" content=\"sr_RS\" \/>\n<meta property=\"og:type\" content=\"article\" \/>\n<meta property=\"og:title\" content=\"Bed Linen - NEF-NEF - Bedroom - Gevorest\" \/>\n<meta property=\"og:description\" content=\"\u03c3\u03b5\u03bd\u03c4\u03cc\u03bd\u03b9\u03b1, Gevorest, \u039a\u03cd\u03c0\u03c1\u03bf\u03c2,\" \/>\n<meta property=\"og:url\" content=\"https:\/\/www.gevorest.com\/sr\/bed-linen\/nef-nef\/bedroom\/\" \/>\n<meta property=\"og:site_name\" content=\"Gevorest\" \/>\n<meta property=\"article:modified_time\" content=\"2023-11-22T14:23:44+00:00\" \/>\n<meta name=\"twitter:card\" content=\"summary_large_image\" \/>\n<meta name=\"twitter:label1\" content=\"Est. reading time\" \/>\n\t<meta name=\"twitter:data1\" content=\"1 minute\" \/>\n<script type=\"application\/ld+json\" class=\"yoast-schema-graph\">{\"@context\":\"https:\/\/schema.org\",\"@graph\":[{\"@type\":\"WebPage\",\"@id\":\"https:\/\/www.gevorest.com\/sr\/bed-linen\/nef-nef\/bedroom\/\",\"url\":\"https:\/\/www.gevorest.com\/sr\/bed-linen\/nef-nef\/bedroom\/\",\"name\":\"Bed Linen - NEF-NEF - Bedroom - Gevorest\",\"isPartOf\":{\"@id\":\"https:\/\/www.gevorest.com\/#website\"},\"datePublished\":\"2022-05-19T04:10:56+00:00\",\"dateModified\":\"2023-11-22T14:23:44+00:00\",\"description\":\"\u03c3\u03b5\u03bd\u03c4\u03cc\u03bd\u03b9\u03b1, Gevorest, \u039a\u03cd\u03c0\u03c1\u03bf\u03c2,\",\"breadcrumb\":{\"@id\":\"https:\/\/www.gevorest.com\/sr\/bed-linen\/nef-nef\/bedroom\/#breadcrumb\"},\"inLanguage\":\"sr-RS\",\"potentialAction\":[{\"@type\":\"ReadAction\",\"target\":[\"https:\/\/www.gevorest.com\/sr\/bed-linen\/nef-nef\/bedroom\/\"]}]},{\"@type\":\"BreadcrumbList\",\"@id\":\"https:\/\/www.gevorest.com\/sr\/bed-linen\/nef-nef\/bedroom\/#breadcrumb\",\"itemListElement\":[{\"@type\":\"ListItem\",\"position\":1,\"name\":\"Home\",\"item\":\"https:\/\/www.gevorest.com\/sr\/\"},{\"@type\":\"ListItem\",\"position\":2,\"name\":\"Posteljina\",\"item\":\"https:\/\/www.gevorest.com\/sr\/bed-linen\/\"},{\"@type\":\"ListItem\",\"position\":3,\"name\":\"Bed linen &#8211; NEF-NEF\",\"item\":\"https:\/\/www.gevorest.com\/sr\/bed-linen\/nef-nef\/\"},{\"@type\":\"ListItem\",\"position\":4,\"name\":\"Bed Linen &#8211; NEF-NEF &#8211; Bedroom\"}]},{\"@type\":\"WebSite\",\"@id\":\"https:\/\/www.gevorest.com\/#website\",\"url\":\"https:\/\/www.gevorest.com\/\",\"name\":\"Gevorest\",\"description\":\"Serves the Quality of Sleep since 1967\",\"publisher\":{\"@id\":\"https:\/\/www.gevorest.com\/#organization\"},\"potentialAction\":[{\"@type\":\"SearchAction\",\"target\":{\"@type\":\"EntryPoint\",\"urlTemplate\":\"https:\/\/www.gevorest.com\/?s={search_term_string}\"},\"query-input\":{\"@type\":\"PropertyValueSpecification\",\"valueRequired\":true,\"valueName\":\"search_term_string\"}}],\"inLanguage\":\"sr-RS\"},{\"@type\":\"Organization\",\"@id\":\"https:\/\/www.gevorest.com\/#organization\",\"name\":\"Gevorest\",\"url\":\"https:\/\/www.gevorest.com\/\",\"logo\":{\"@type\":\"ImageObject\",\"inLanguage\":\"sr-RS\",\"@id\":\"https:\/\/www.gevorest.com\/#\/schema\/logo\/image\/\",\"url\":\"https:\/\/www.gevorest.com\/wp-content\/uploads\/2018\/06\/gevorest_logo_2018.png\",\"contentUrl\":\"https:\/\/www.gevorest.com\/wp-content\/uploads\/2018\/06\/gevorest_logo_2018.png\",\"width\":1282,\"height\":423,\"caption\":\"Gevorest\"},\"image\":{\"@id\":\"https:\/\/www.gevorest.com\/#\/schema\/logo\/image\/\"}}]}<\/script>\n<!-- \/ Yoast SEO plugin. -->","yoast_head_json":{"title":"Bed Linen - NEF-NEF - Bedroom - Gevorest","description":"\u03c3\u03b5\u03bd\u03c4\u03cc\u03bd\u03b9\u03b1, Gevorest, \u039a\u03cd\u03c0\u03c1\u03bf\u03c2,","robots":{"index":"index","follow":"follow","max-snippet":"max-snippet:-1","max-image-preview":"max-image-preview:large","max-video-preview":"max-video-preview:-1"},"canonical":"https:\/\/www.gevorest.com\/sr\/bed-linen\/nef-nef\/bedroom\/","og_locale":"sr_RS","og_type":"article","og_title":"Bed Linen - NEF-NEF - Bedroom - Gevorest","og_description":"\u03c3\u03b5\u03bd\u03c4\u03cc\u03bd\u03b9\u03b1, Gevorest, \u039a\u03cd\u03c0\u03c1\u03bf\u03c2,","og_url":"https:\/\/www.gevorest.com\/sr\/bed-linen\/nef-nef\/bedroom\/","og_site_name":"Gevorest","article_modified_time":"2023-11-22T14:23:44+00:00","twitter_card":"summary_large_image","twitter_misc":{"Est. reading time":"1 minute"},"schema":{"@context":"https:\/\/schema.org","@graph":[{"@type":"WebPage","@id":"https:\/\/www.gevorest.com\/sr\/bed-linen\/nef-nef\/bedroom\/","url":"https:\/\/www.gevorest.com\/sr\/bed-linen\/nef-nef\/bedroom\/","name":"Bed Linen - NEF-NEF - Bedroom - Gevorest","isPartOf":{"@id":"https:\/\/www.gevorest.com\/#website"},"datePublished":"2022-05-19T04:10:56+00:00","dateModified":"2023-11-22T14:23:44+00:00","description":"\u03c3\u03b5\u03bd\u03c4\u03cc\u03bd\u03b9\u03b1, Gevorest, \u039a\u03cd\u03c0\u03c1\u03bf\u03c2,","breadcrumb":{"@id":"https:\/\/www.gevorest.com\/sr\/bed-linen\/nef-nef\/bedroom\/#breadcrumb"},"inLanguage":"sr-RS","potentialAction":[{"@type":"ReadAction","target":["https:\/\/www.gevorest.com\/sr\/bed-linen\/nef-nef\/bedroom\/"]}]},{"@type":"BreadcrumbList","@id":"https:\/\/www.gevorest.com\/sr\/bed-linen\/nef-nef\/bedroom\/#breadcrumb","itemListElement":[{"@type":"ListItem","position":1,"name":"Home","item":"https:\/\/www.gevorest.com\/sr\/"},{"@type":"ListItem","position":2,"name":"Posteljina","item":"https:\/\/www.gevorest.com\/sr\/bed-linen\/"},{"@type":"ListItem","position":3,"name":"Bed linen &#8211; NEF-NEF","item":"https:\/\/www.gevorest.com\/sr\/bed-linen\/nef-nef\/"},{"@type":"ListItem","position":4,"name":"Bed Linen &#8211; NEF-NEF &#8211; Bedroom"}]},{"@type":"WebSite","@id":"https:\/\/www.gevorest.com\/#website","url":"https:\/\/www.gevorest.com\/","name":"Gevorest","description":"Serves the Quality of Sleep since 1967","publisher":{"@id":"https:\/\/www.gevorest.com\/#organization"},"potentialAction":[{"@type":"SearchAction","target":{"@type":"EntryPoint","urlTemplate":"https:\/\/www.gevorest.com\/?s={search_term_string}"},"query-input":{"@type":"PropertyValueSpecification","valueRequired":true,"valueName":"search_term_string"}}],"inLanguage":"sr-RS"},{"@type":"Organization","@id":"https:\/\/www.gevorest.com\/#organization","name":"Gevorest","url":"https:\/\/www.gevorest.com\/","logo":{"@type":"ImageObject","inLanguage":"sr-RS","@id":"https:\/\/www.gevorest.com\/#\/schema\/logo\/image\/","url":"https:\/\/www.gevorest.com\/wp-content\/uploads\/2018\/06\/gevorest_logo_2018.png","contentUrl":"https:\/\/www.gevorest.com\/wp-content\/uploads\/2018\/06\/gevorest_logo_2018.png","width":1282,"height":423,"caption":"Gevorest"},"image":{"@id":"https:\/\/www.gevorest.com\/#\/schema\/logo\/image\/"}}]}},"_links":{"self":[{"href":"https:\/\/www.gevorest.com\/sr\/wp-json\/wp\/v2\/pages\/22250","targetHints":{"allow":["GET"]}}],"collection":[{"href":"https:\/\/www.gevorest.com\/sr\/wp-json\/wp\/v2\/pages"}],"about":[{"href":"https:\/\/www.gevorest.com\/sr\/wp-json\/wp\/v2\/types\/page"}],"author":[{"embeddable":true,"href":"https:\/\/www.gevorest.com\/sr\/wp-json\/wp\/v2\/users\/1"}],"replies":[{"embeddable":true,"href":"https:\/\/www.gevorest.com\/sr\/wp-json\/wp\/v2\/comments?post=22250"}],"version-history":[{"count":0,"href":"https:\/\/www.gevorest.com\/sr\/wp-json\/wp\/v2\/pages\/22250\/revisions"}],"up":[{"embeddable":true,"href":"https:\/\/www.gevorest.com\/sr\/wp-json\/wp\/v2\/pages\/22241"}],"wp:attachment":[{"href":"https:\/\/www.gevorest.com\/sr\/wp-json\/wp\/v2\/media?parent=22250"}],"curies":[{"name":"wp","href":"https:\/\/api.w.org\/{rel}","templated":true}]}}