{"id":22264,"date":"2020-06-23T17:44:22","date_gmt":"2020-06-23T17:44:22","guid":{"rendered":"https:\/\/www.gevorest.com\/sr\/bed-linen\/nef-nef\/bedroom\/sheets-duvet-covers-plain\/"},"modified":"2023-11-22T14:48:29","modified_gmt":"2023-11-22T14:48:29","slug":"sheets-duvet-covers-plain","status":"publish","type":"page","link":"https:\/\/www.gevorest.com\/sr\/bed-linen\/nef-nef\/bedroom\/sheets-duvet-covers-plain\/","title":{"rendered":"Bed Linen &#8211; NEF-NEF &#8211; Bedroom- Sheets &#038; duvet-covers-plain"},"content":{"rendered":"<p>[vc_row row_type=&#8221;row&#8221; use_row_as_full_screen_section=&#8221;no&#8221; type=&#8221;grid&#8221; angled_section=&#8221;no&#8221; text_align=&#8221;left&#8221; background_image_as_pattern=&#8221;without_pattern&#8221; background_color=&#8221;#ffffff&#8221; padding_top=&#8221;30&#8243; css_animation=&#8221;&#8221;][vc_column][vc_empty_space height=&#8221;100px&#8221;][vc_column_text]<\/p>\n<h1 style=\"text-align: center;\">\u010cAR\u0160AVI &amp; JEDNOBOJNE JORGANSKE NAVLAKE<\/h1>\n<h3 style=\"text-align: center;\">SPAVAC\u0301A SOBA<\/h3>\n<h2 style=\"text-align: center;\">NEF-NEF<\/h2>\n<h2 style=\"text-align: center; text-transform: capitalize;\"><\/h2>\n<p>[\/vc_column_text][vc_separator type=&#8221;small&#8221; position=&#8221;center&#8221; up=&#8221;7&#8243; down=&#8221;38&#8243;][vc_raw_html]JTNDZGl2JTNFJTBBJTNDYSUyMGhyZWYlM0QlMjJodHRwcyUzQSUyRiUyRnd3dy5nZXZvcmVzdC5jb20lMkZzciUyRmJlZC1saW5lbiUyRm5lZi1uZWYlMjIlM0VORUYtTkVGJTIwcHJvaXp2b2RpJTNDJTJGYSUzRSUyNm5ic3AlM0IlMkYlMjZuYnNwJTNCJTNDYSUyMGhyZWYlM0QlMjJodHRwcyUzQSUyRiUyRnd3dy5nZXZvcmVzdC5jb20lMkZzciUyRmJlZC1saW5lbiUyRm5lZi1uZWYlMkZiZWRyb29tJTJGJTIyJTNFU3BhdmFjJUNDJTgxYSUyMHNvYmElM0MlMkZhJTNFJTI2bmJzcCUzQiUyRiUyNm5ic3AlM0IlM0NiJTNFJUM0JThDYXIlQzUlQTFhdmklMjAlMjYlMjBKZWRub2Jvam5lJTIwam9yZ2Fuc2tlJTIwbmF2bGFrZSUzQyUyRmIlM0UlMEElM0MlMkZkaXYlM0U=[\/vc_raw_html][\/vc_column][\/vc_row][vc_row row_type=&#8221;row&#8221; use_row_as_full_screen_section=&#8221;no&#8221; type=&#8221;grid&#8221; angled_section=&#8221;no&#8221; text_align=&#8221;left&#8221; background_image_as_pattern=&#8221;without_pattern&#8221; background_color=&#8221;#ffffff&#8221; padding_top=&#8221;30&#8243; css_animation=&#8221;&#8221;][vc_column width=&#8221;1\/2&#8243;][vc_gallery type=&#8221;flexslider_slide&#8221; interval=&#8221;3&#8243; images=&#8221;21279,21280,21281,21282,21283,21284,21285,21286,21287&#8243; img_size=&#8221;large&#8221; onclick=&#8221;&#8221; enable_drag=&#8221;no&#8221; direction_nav=&#8221;yes&#8221; control_nav=&#8221;yes&#8221;][\/vc_column][vc_column width=&#8221;1\/2&#8243;][vc_column_text]<\/p>\n<h3 style=\"text-align: left;\">Basic<\/h3>\n<p>&nbsp;<\/p>\n<p>\u0160irok izbor boja koji omoguc\u0301ava beskona\u010dne kombinacije, da menjate sliku va\u0161eg kreveta onoliko \u010desto koliko to \u017eelite. Jednobojni pamu\u010dni \u010dar\u0161avi, jorganske navlake i jastu\u010dnice serije Basic tkani su od pletenog prediva izuzetne izdr\u017eljivosti i mekoc\u0301e. Zavr\u0161na obrada je za veoma lako peglanje i za dugotrajno o\u010duvanje njihove meke teksture.<\/p>\n<p><strong>Dostupne boje:<\/strong> Mocca, White, Cream, Light Grey, Beige, Dark Grey, Black, Pink, Lavender, Apple, Red, Bordo, Green, Yellow, Sky, Aqua, Dusty Petrol, Indigo<\/p>\n<p><strong>Dostupne veli\u010dine:<\/strong><\/p>\n<ul>\n<li>\u010car\u0161av \u00a0pojedina\u010dni \/singl sa lasti\u0161em : 100\u00d7200+30<\/li>\n<li>\u010car\u0161av \u00a0Polu-dvostruki sa lasti\u0161em : 120\u00d7200+30<\/li>\n<li>\u010car\u0161av \u00a0dvostruki sa lasti\u0161em : 140\u00d7200+30 (White, Apple, L.Grey, Aqua, Beige, Lavender, Mocca, D.Grey)<\/li>\n<li>\u010car\u0161av \u00a0Extra dupli sa lasti\u0161em: 160\u00d7200+30<\/li>\n<li>\u010car\u0161av King size\u00a0 sa lasti\u0161em: 180\u00d7200+35 (D.Grey, White, Pink, Sky, L.Grey, Aqua, Beige, Apple,<\/li>\n<li>Lavender, Mocca)<\/li>\n<li>\u010car\u0161av singl : 170\u00d7270<\/li>\n<li>\u010car\u0161av dupli : 240\u00d7270<\/li>\n<li>Jorganska navlaka singl : 160\u00d7220<\/li>\n<li>Jorganska navlaka dupla: 240\u00d7220<\/li>\n<li>Jorganska navlaka King size: 260\u00d7240<\/li>\n<li>Jastu\u010dnice: set od 2 komada: 52\u00d772<\/li>\n<\/ul>\n<p>[\/vc_column_text][\/vc_column][\/vc_row][vc_row row_type=&#8221;row&#8221; use_row_as_full_screen_section=&#8221;no&#8221; type=&#8221;grid&#8221; angled_section=&#8221;no&#8221; text_align=&#8221;left&#8221; background_image_as_pattern=&#8221;without_pattern&#8221; background_color=&#8221;#ffffff&#8221; padding_top=&#8221;30&#8243; css_animation=&#8221;&#8221;][vc_column width=&#8221;1\/2&#8243;][vc_column_text]<\/p>\n<h3 style=\"text-align: left;\">Elements<\/h3>\n<p>&nbsp;<\/p>\n<p>Jednobojni \u010dar\u0161avi, jorganske navlake i jastu\u010dnice iz serije Elements su napravljeni od 100% \u010de\u0161ljanog pamu\u010dnog satena, dostupni u raznim bojama i posebno obra\u0111eni za veoma mekan osec\u0301aj.<\/p>\n<p><strong>Dostupne boje:<\/strong> Beige, White, English Rose, Dark Aqua, Grey, Bordo, Anthracite.<\/p>\n<p><strong>Dostupne veli\u010dine:<\/strong><\/p>\n<ul>\n<li>\u010car\u0161av extra dupli : 240\u00d7270<\/li>\n<li>\u010car\u0161av extra dupli sa lasti\u0161em : 160\u00d7200+35<\/li>\n<li>\u010car\u0161av King size : 280\u00d7270<\/li>\n<li>\u010car\u0161av King size sa lasti\u0161em : 180\u00d7200+35<\/li>\n<li>Extra dupla jorganska navlaka : 240\u00d7220<\/li>\n<li>Set jastu\u010dnica: 2x(52\u00d772)<\/li>\n<\/ul>\n<p>[\/vc_column_text][\/vc_column][vc_column width=&#8221;1\/2&#8243;][vc_gallery type=&#8221;flexslider_slide&#8221; interval=&#8221;3&#8243; images=&#8221;21288,21289,21290,21291,21292,21293,21294,21295,21296,21297,21298&#8243; img_size=&#8221;large&#8221; onclick=&#8221;&#8221; enable_drag=&#8221;no&#8221; direction_nav=&#8221;yes&#8221; control_nav=&#8221;yes&#8221;][\/vc_column][\/vc_row][vc_row row_type=&#8221;row&#8221; use_row_as_full_screen_section=&#8221;no&#8221; type=&#8221;grid&#8221; angled_section=&#8221;no&#8221; text_align=&#8221;left&#8221; background_image_as_pattern=&#8221;without_pattern&#8221; background_color=&#8221;#ffffff&#8221; padding_top=&#8221;30&#8243; css_animation=&#8221;&#8221;][vc_column width=&#8221;1\/2&#8243;][vc_gallery type=&#8221;flexslider_slide&#8221; interval=&#8221;3&#8243; images=&#8221;21300,21301,21302,21303,21304&#8243; img_size=&#8221;large&#8221; onclick=&#8221;&#8221; enable_drag=&#8221;no&#8221; direction_nav=&#8221;yes&#8221; control_nav=&#8221;yes&#8221;][\/vc_column][vc_column width=&#8221;1\/2&#8243;][vc_column_text]<\/p>\n<h3 style=\"text-align: left;\">Cotton Linen (PAMU\u010cNI LAN)<\/h3>\n<p>&nbsp;<\/p>\n<p>Kada se prirodni lan kombinuje sa pamukom, rezultat je mekan, hladan, izdr\u017eljiv i veoma moderan. Sa jedinstvenim, gotovo pau\u010dinastim tkanjem i posebnim detaljima, pamu\u010dno-lanena kolekcija koja uklju\u010duje \u010dar\u0161ave i jorganske navlake dac\u0301e nepretenciozan luksuz va\u0161em prostoru i jedinstven osec\u0301aj udobnosti u snu.<br \/>\nTako\u0111e ne zaboravimo da je lan odr\u017eiv materijal i da mu nije potrebno peglanje da izgleda lepo!<\/p>\n<p><strong>Dostupne veli\u010dine:<\/strong><\/p>\n<ul>\n<li>\u010car\u0161av pojedina\u010dni (singl), 170\u00d7270<\/li>\n<li>\u010car\u0161av extra dupli\u00a0 240\u00d7270<\/li>\n<li>\u010car\u0161av King size \u00a0\u00a0270\u00d7280<\/li>\n<li>Jorganska navlaka \u00a0160\u00d7220<\/li>\n<li>Jorganska navlaka extra dupla 240\u00d7220<\/li>\n<li>Jorganska navlaka king size \u00a0260\u00d7240<\/li>\n<li>Set \u00a0jastu\u010dnica 2 kom. 52\u00d772<\/li>\n<\/ul>\n<p>[\/vc_column_text][\/vc_column][\/vc_row][vc_row row_type=&#8221;row&#8221; use_row_as_full_screen_section=&#8221;no&#8221; type=&#8221;grid&#8221; angled_section=&#8221;no&#8221; text_align=&#8221;left&#8221; background_image_as_pattern=&#8221;without_pattern&#8221; background_color=&#8221;#ffffff&#8221; padding_top=&#8221;30&#8243; css_animation=&#8221;&#8221;][vc_column width=&#8221;1\/2&#8243;][vc_column_text]<\/p>\n<h3 style=\"text-align: left;\">\u017dERSEJ\/MAKO<\/h3>\n<p>&nbsp;<\/p>\n<p>\u010car\u0161avi od \u017eerseja sa lasti\u0161em 100% \u010de\u0161ljani pamuk za veoma lako peglanje.<\/p>\n<p><strong>Dostupne boje: <\/strong>Sky, Aqua, Dark Petrol, Pink, Apple, Bordo, Linen, White, Light Grey, Dark Grey.<\/p>\n<p><strong>Dostupne veli\u010dine:<\/strong><\/p>\n<ul>\n<li>\u010car\u0161av za bebe, 70\u00d7140+20 (Aqua, Linen, Pink, Sky, White, Light Grey)<\/li>\n<li>\u010car\u0161av pojedina\u010dni \u00a0(singl), 100\u00d7200+30<\/li>\n<li>Dupli \u010dar\u0161av , 140\u00d7200+30 (Light Grey, White, Aqua, Linen, Sky, Pink)<\/li>\n<li>\u010car\u0161av extra dupli\u00a0 160\u00d7200+30<\/li>\n<li>\u010car\u0161av King size, 180\u00d7200+35 (Light Grey, White, Aqua, Linen, Sky, Pink)<\/li>\n<\/ul>\n<p>[\/vc_column_text][\/vc_column][vc_column width=&#8221;1\/2&#8243;][vc_gallery type=&#8221;flexslider_slide&#8221; interval=&#8221;3&#8243; images=&#8221;21414,21415,21416,21417&#8243; img_size=&#8221;large&#8221; onclick=&#8221;&#8221; enable_drag=&#8221;no&#8221; direction_nav=&#8221;yes&#8221; control_nav=&#8221;yes&#8221;][\/vc_column][\/vc_row][vc_row row_type=&#8221;row&#8221; use_row_as_full_screen_section=&#8221;no&#8221; type=&#8221;full_width&#8221; angled_section=&#8221;no&#8221; text_align=&#8221;left&#8221; background_image_as_pattern=&#8221;without_pattern&#8221; css_animation=&#8221;&#8221;][vc_column][vc_separator type=&#8221;transparent&#8221; up=&#8221;35&#8243; down=&#8221;22&#8243;][\/vc_column][\/vc_row][vc_row row_type=&#8221;row&#8221; use_row_as_full_screen_section=&#8221;no&#8221; type=&#8221;full_width&#8221; angled_section=&#8221;no&#8221; text_align=&#8221;left&#8221; background_image_as_pattern=&#8221;without_pattern&#8221; css_animation=&#8221;&#8221;][vc_column][vc_empty_space height=&#8221;60px&#8221;][\/vc_column][\/vc_row]<\/p>\n","protected":false},"excerpt":{"rendered":"<p>[vc_row row_type=&#8221;row&#8221; use_row_as_full_screen_section=&#8221;no&#8221; type=&#8221;grid&#8221; angled_section=&#8221;no&#8221; text_align=&#8221;left&#8221; background_image_as_pattern=&#8221;without_pattern&#8221; background_color=&#8221;#ffffff&#8221; padding_top=&#8221;30&#8243; css_animation=&#8221;&#8221;][vc_column][vc_empty_space height=&#8221;100px&#8221;][vc_column_text] \u010cAR\u0160AVI &amp; JEDNOBOJNE JORGANSKE NAVLAKE SPAVAC\u0301A SOBA NEF-NEF [\/vc_column_text][vc_separator type=&#8221;small&#8221; position=&#8221;center&#8221; up=&#8221;7&#8243; down=&#8221;38&#8243;][vc_raw_html]JTNDZGl2JTNFJTBBJTNDYSUyMGhyZWYlM0QlMjJodHRwcyUzQSUyRiUyRnd3dy5nZXZvcmVzdC5jb20lMkZzciUyRmJlZC1saW5lbiUyRm5lZi1uZWYlMjIlM0VORUYtTkVGJTIwcHJvaXp2b2RpJTNDJTJGYSUzRSUyNm5ic3AlM0IlMkYlMjZuYnNwJTNCJTNDYSUyMGhyZWYlM0QlMjJodHRwcyUzQSUyRiUyRnd3dy5nZXZvcmVzdC5jb20lMkZzciUyRmJlZC1saW5lbiUyRm5lZi1uZWYlMkZiZWRyb29tJTJGJTIyJTNFU3BhdmFjJUNDJTgxYSUyMHNvYmElM0MlMkZhJTNFJTI2bmJzcCUzQiUyRiUyNm5ic3AlM0IlM0NiJTNFJUM0JThDYXIlQzUlQTFhdmklMjAlMjYlMjBKZWRub2Jvam5lJTIwam9yZ2Fuc2tlJTIwbmF2bGFrZSUzQyUyRmIlM0UlMEElM0MlMkZkaXYlM0U=[\/vc_raw_html][\/vc_column][\/vc_row][vc_row row_type=&#8221;row&#8221; use_row_as_full_screen_section=&#8221;no&#8221; type=&#8221;grid&#8221; angled_section=&#8221;no&#8221; text_align=&#8221;left&#8221; background_image_as_pattern=&#8221;without_pattern&#8221; background_color=&#8221;#ffffff&#8221; padding_top=&#8221;30&#8243; css_animation=&#8221;&#8221;][vc_column width=&#8221;1\/2&#8243;][vc_gallery type=&#8221;flexslider_slide&#8221; interval=&#8221;3&#8243; images=&#8221;21279,21280,21281,21282,21283,21284,21285,21286,21287&#8243; img_size=&#8221;large&#8221; onclick=&#8221;&#8221; enable_drag=&#8221;no&#8221; direction_nav=&#8221;yes&#8221; control_nav=&#8221;yes&#8221;][\/vc_column][vc_column width=&#8221;1\/2&#8243;][vc_column_text] Basic &nbsp;&#8230;<\/p>\n","protected":false},"author":1,"featured_media":0,"parent":22250,"menu_order":0,"comment_status":"open","ping_status":"open","template":"full_width.php","meta":{"footnotes":""},"class_list":["post-22264","page","type-page","status-publish","hentry"],"yoast_head":"<!-- This site is optimized with the Yoast SEO plugin v27.2 - https:\/\/yoast.com\/product\/yoast-seo-wordpress\/ -->\n<title>Bed Linen - NEF-NEF - Bedroom- Sheets &amp; duvet-covers-plain - Gevorest<\/title>\n<meta name=\"description\" content=\"\u03c3\u03b5\u03bd\u03c4\u03cc\u03bd\u03b9\u03b1, Gevorest, \u039a\u03cd\u03c0\u03c1\u03bf\u03c2,\" \/>\n<meta name=\"robots\" content=\"index, follow, max-snippet:-1, max-image-preview:large, max-video-preview:-1\" \/>\n<link rel=\"canonical\" href=\"https:\/\/www.gevorest.com\/sr\/bed-linen\/nef-nef\/bedroom\/sheets-duvet-covers-plain\/\" \/>\n<meta property=\"og:locale\" content=\"sr_RS\" \/>\n<meta property=\"og:type\" content=\"article\" \/>\n<meta property=\"og:title\" content=\"Bed Linen - NEF-NEF - Bedroom- Sheets &amp; duvet-covers-plain - Gevorest\" \/>\n<meta property=\"og:description\" content=\"\u03c3\u03b5\u03bd\u03c4\u03cc\u03bd\u03b9\u03b1, Gevorest, \u039a\u03cd\u03c0\u03c1\u03bf\u03c2,\" \/>\n<meta property=\"og:url\" content=\"https:\/\/www.gevorest.com\/sr\/bed-linen\/nef-nef\/bedroom\/sheets-duvet-covers-plain\/\" \/>\n<meta property=\"og:site_name\" content=\"Gevorest\" \/>\n<meta property=\"article:modified_time\" content=\"2023-11-22T14:48:29+00:00\" \/>\n<meta name=\"twitter:card\" content=\"summary_large_image\" \/>\n<meta name=\"twitter:label1\" content=\"Est. reading time\" \/>\n\t<meta name=\"twitter:data1\" content=\"3 minutes\" \/>\n<script type=\"application\/ld+json\" class=\"yoast-schema-graph\">{\"@context\":\"https:\/\/schema.org\",\"@graph\":[{\"@type\":\"WebPage\",\"@id\":\"https:\/\/www.gevorest.com\/sr\/bed-linen\/nef-nef\/bedroom\/sheets-duvet-covers-plain\/\",\"url\":\"https:\/\/www.gevorest.com\/sr\/bed-linen\/nef-nef\/bedroom\/sheets-duvet-covers-plain\/\",\"name\":\"Bed Linen - NEF-NEF - Bedroom- Sheets & duvet-covers-plain - Gevorest\",\"isPartOf\":{\"@id\":\"https:\/\/www.gevorest.com\/#website\"},\"datePublished\":\"2020-06-23T17:44:22+00:00\",\"dateModified\":\"2023-11-22T14:48:29+00:00\",\"description\":\"\u03c3\u03b5\u03bd\u03c4\u03cc\u03bd\u03b9\u03b1, Gevorest, \u039a\u03cd\u03c0\u03c1\u03bf\u03c2,\",\"breadcrumb\":{\"@id\":\"https:\/\/www.gevorest.com\/sr\/bed-linen\/nef-nef\/bedroom\/sheets-duvet-covers-plain\/#breadcrumb\"},\"inLanguage\":\"sr-RS\",\"potentialAction\":[{\"@type\":\"ReadAction\",\"target\":[\"https:\/\/www.gevorest.com\/sr\/bed-linen\/nef-nef\/bedroom\/sheets-duvet-covers-plain\/\"]}]},{\"@type\":\"BreadcrumbList\",\"@id\":\"https:\/\/www.gevorest.com\/sr\/bed-linen\/nef-nef\/bedroom\/sheets-duvet-covers-plain\/#breadcrumb\",\"itemListElement\":[{\"@type\":\"ListItem\",\"position\":1,\"name\":\"Home\",\"item\":\"https:\/\/www.gevorest.com\/sr\/\"},{\"@type\":\"ListItem\",\"position\":2,\"name\":\"Posteljina\",\"item\":\"https:\/\/www.gevorest.com\/sr\/bed-linen\/\"},{\"@type\":\"ListItem\",\"position\":3,\"name\":\"Bed linen &#8211; NEF-NEF\",\"item\":\"https:\/\/www.gevorest.com\/sr\/bed-linen\/nef-nef\/\"},{\"@type\":\"ListItem\",\"position\":4,\"name\":\"Bed Linen &#8211; NEF-NEF &#8211; Bedroom\",\"item\":\"https:\/\/www.gevorest.com\/sr\/bed-linen\/nef-nef\/bedroom\/\"},{\"@type\":\"ListItem\",\"position\":5,\"name\":\"Bed Linen &#8211; NEF-NEF &#8211; Bedroom- Sheets &#038; duvet-covers-plain\"}]},{\"@type\":\"WebSite\",\"@id\":\"https:\/\/www.gevorest.com\/#website\",\"url\":\"https:\/\/www.gevorest.com\/\",\"name\":\"Gevorest\",\"description\":\"Serves the Quality of Sleep since 1967\",\"publisher\":{\"@id\":\"https:\/\/www.gevorest.com\/#organization\"},\"potentialAction\":[{\"@type\":\"SearchAction\",\"target\":{\"@type\":\"EntryPoint\",\"urlTemplate\":\"https:\/\/www.gevorest.com\/?s={search_term_string}\"},\"query-input\":{\"@type\":\"PropertyValueSpecification\",\"valueRequired\":true,\"valueName\":\"search_term_string\"}}],\"inLanguage\":\"sr-RS\"},{\"@type\":\"Organization\",\"@id\":\"https:\/\/www.gevorest.com\/#organization\",\"name\":\"Gevorest\",\"url\":\"https:\/\/www.gevorest.com\/\",\"logo\":{\"@type\":\"ImageObject\",\"inLanguage\":\"sr-RS\",\"@id\":\"https:\/\/www.gevorest.com\/#\/schema\/logo\/image\/\",\"url\":\"https:\/\/www.gevorest.com\/wp-content\/uploads\/2018\/06\/gevorest_logo_2018.png\",\"contentUrl\":\"https:\/\/www.gevorest.com\/wp-content\/uploads\/2018\/06\/gevorest_logo_2018.png\",\"width\":1282,\"height\":423,\"caption\":\"Gevorest\"},\"image\":{\"@id\":\"https:\/\/www.gevorest.com\/#\/schema\/logo\/image\/\"}}]}<\/script>\n<!-- \/ Yoast SEO plugin. -->","yoast_head_json":{"title":"Bed Linen - NEF-NEF - Bedroom- Sheets & duvet-covers-plain - Gevorest","description":"\u03c3\u03b5\u03bd\u03c4\u03cc\u03bd\u03b9\u03b1, Gevorest, \u039a\u03cd\u03c0\u03c1\u03bf\u03c2,","robots":{"index":"index","follow":"follow","max-snippet":"max-snippet:-1","max-image-preview":"max-image-preview:large","max-video-preview":"max-video-preview:-1"},"canonical":"https:\/\/www.gevorest.com\/sr\/bed-linen\/nef-nef\/bedroom\/sheets-duvet-covers-plain\/","og_locale":"sr_RS","og_type":"article","og_title":"Bed Linen - NEF-NEF - Bedroom- Sheets & duvet-covers-plain - Gevorest","og_description":"\u03c3\u03b5\u03bd\u03c4\u03cc\u03bd\u03b9\u03b1, Gevorest, \u039a\u03cd\u03c0\u03c1\u03bf\u03c2,","og_url":"https:\/\/www.gevorest.com\/sr\/bed-linen\/nef-nef\/bedroom\/sheets-duvet-covers-plain\/","og_site_name":"Gevorest","article_modified_time":"2023-11-22T14:48:29+00:00","twitter_card":"summary_large_image","twitter_misc":{"Est. reading time":"3 minutes"},"schema":{"@context":"https:\/\/schema.org","@graph":[{"@type":"WebPage","@id":"https:\/\/www.gevorest.com\/sr\/bed-linen\/nef-nef\/bedroom\/sheets-duvet-covers-plain\/","url":"https:\/\/www.gevorest.com\/sr\/bed-linen\/nef-nef\/bedroom\/sheets-duvet-covers-plain\/","name":"Bed Linen - NEF-NEF - Bedroom- Sheets & duvet-covers-plain - Gevorest","isPartOf":{"@id":"https:\/\/www.gevorest.com\/#website"},"datePublished":"2020-06-23T17:44:22+00:00","dateModified":"2023-11-22T14:48:29+00:00","description":"\u03c3\u03b5\u03bd\u03c4\u03cc\u03bd\u03b9\u03b1, Gevorest, \u039a\u03cd\u03c0\u03c1\u03bf\u03c2,","breadcrumb":{"@id":"https:\/\/www.gevorest.com\/sr\/bed-linen\/nef-nef\/bedroom\/sheets-duvet-covers-plain\/#breadcrumb"},"inLanguage":"sr-RS","potentialAction":[{"@type":"ReadAction","target":["https:\/\/www.gevorest.com\/sr\/bed-linen\/nef-nef\/bedroom\/sheets-duvet-covers-plain\/"]}]},{"@type":"BreadcrumbList","@id":"https:\/\/www.gevorest.com\/sr\/bed-linen\/nef-nef\/bedroom\/sheets-duvet-covers-plain\/#breadcrumb","itemListElement":[{"@type":"ListItem","position":1,"name":"Home","item":"https:\/\/www.gevorest.com\/sr\/"},{"@type":"ListItem","position":2,"name":"Posteljina","item":"https:\/\/www.gevorest.com\/sr\/bed-linen\/"},{"@type":"ListItem","position":3,"name":"Bed linen &#8211; NEF-NEF","item":"https:\/\/www.gevorest.com\/sr\/bed-linen\/nef-nef\/"},{"@type":"ListItem","position":4,"name":"Bed Linen &#8211; NEF-NEF &#8211; Bedroom","item":"https:\/\/www.gevorest.com\/sr\/bed-linen\/nef-nef\/bedroom\/"},{"@type":"ListItem","position":5,"name":"Bed Linen &#8211; NEF-NEF &#8211; Bedroom- Sheets &#038; duvet-covers-plain"}]},{"@type":"WebSite","@id":"https:\/\/www.gevorest.com\/#website","url":"https:\/\/www.gevorest.com\/","name":"Gevorest","description":"Serves the Quality of Sleep since 1967","publisher":{"@id":"https:\/\/www.gevorest.com\/#organization"},"potentialAction":[{"@type":"SearchAction","target":{"@type":"EntryPoint","urlTemplate":"https:\/\/www.gevorest.com\/?s={search_term_string}"},"query-input":{"@type":"PropertyValueSpecification","valueRequired":true,"valueName":"search_term_string"}}],"inLanguage":"sr-RS"},{"@type":"Organization","@id":"https:\/\/www.gevorest.com\/#organization","name":"Gevorest","url":"https:\/\/www.gevorest.com\/","logo":{"@type":"ImageObject","inLanguage":"sr-RS","@id":"https:\/\/www.gevorest.com\/#\/schema\/logo\/image\/","url":"https:\/\/www.gevorest.com\/wp-content\/uploads\/2018\/06\/gevorest_logo_2018.png","contentUrl":"https:\/\/www.gevorest.com\/wp-content\/uploads\/2018\/06\/gevorest_logo_2018.png","width":1282,"height":423,"caption":"Gevorest"},"image":{"@id":"https:\/\/www.gevorest.com\/#\/schema\/logo\/image\/"}}]}},"_links":{"self":[{"href":"https:\/\/www.gevorest.com\/sr\/wp-json\/wp\/v2\/pages\/22264","targetHints":{"allow":["GET"]}}],"collection":[{"href":"https:\/\/www.gevorest.com\/sr\/wp-json\/wp\/v2\/pages"}],"about":[{"href":"https:\/\/www.gevorest.com\/sr\/wp-json\/wp\/v2\/types\/page"}],"author":[{"embeddable":true,"href":"https:\/\/www.gevorest.com\/sr\/wp-json\/wp\/v2\/users\/1"}],"replies":[{"embeddable":true,"href":"https:\/\/www.gevorest.com\/sr\/wp-json\/wp\/v2\/comments?post=22264"}],"version-history":[{"count":0,"href":"https:\/\/www.gevorest.com\/sr\/wp-json\/wp\/v2\/pages\/22264\/revisions"}],"up":[{"embeddable":true,"href":"https:\/\/www.gevorest.com\/sr\/wp-json\/wp\/v2\/pages\/22250"}],"wp:attachment":[{"href":"https:\/\/www.gevorest.com\/sr\/wp-json\/wp\/v2\/media?parent=22264"}],"curies":[{"name":"wp","href":"https:\/\/api.w.org\/{rel}","templated":true}]}}