{"id":22301,"date":"2016-06-22T05:43:25","date_gmt":"2016-06-22T05:43:25","guid":{"rendered":"https:\/\/www.gevorest.com\/sr\/pillow-tops\/"},"modified":"2023-11-25T09:14:28","modified_gmt":"2023-11-25T09:14:28","slug":"pillow-tops","status":"publish","type":"page","link":"https:\/\/www.gevorest.com\/sr\/pillow-tops\/","title":{"rendered":"Pillow Tops"},"content":{"rendered":"<p>[vc_row row_type=&#8221;row&#8221; use_row_as_full_screen_section=&#8221;no&#8221; type=&#8221;grid&#8221; angled_section=&#8221;no&#8221; text_align=&#8221;left&#8221; background_image_as_pattern=&#8221;without_pattern&#8221; background_color=&#8221;#ffffff&#8221; padding_top=&#8221;95&#8243; padding_bottom=&#8221;34&#8243; css_animation=&#8221;&#8221;][vc_column width=&#8221;1\/4&#8243;]<div class='q_icon_with_title medium circle center'><div class=\"icon_holder \" style=\"margin: 0 0 28px 0; \"><span data-icon-type=\"circle\"   class=\"qode_iwt_icon_holder fa-stack fa-3x \" style=\"font-size: 45px;\"><i class=\"qode_icon_font_awesome fa fa-bed qode_iwt_icon_element\" style=\"\" ><\/i><\/span><\/div><div class=\"icon_text_holder\" style=\"\"><div class=\"icon_text_inner\" style=\"\"><h3 class=\"icon_title\" style=\"\">UDOBNOST I MINIMIZACIJA TELESNOG PRITISKA<\/h3><p style=''>Naddu\u0161ek pru\u017ea dodatni nivo udobnosti i istovremeno minimizira ta\u010dke pritiska na telo. Ostale prednosti pru\u017ea meka, elasti\u010dna povr\u0161ina koja deluje zajedno sa va\u0161im telom, poma\u017euc\u0301i tako dobroj cirkulaciji krvi. Naddu\u0161ek tako\u0111e smanjuje bol u mi\u0161ic\u0301ima, pru\u017ea bolji kvalitet sna, ravnomerno raspore\u0111uje va\u0161u te\u017einu i daje miran san.<\/p><\/div><\/div><\/div>[vc_separator type=&#8221;transparent&#8221; up=&#8221;37&#8243; down=&#8221;0&#8243;][\/vc_column][vc_column width=&#8221;1\/4&#8243;]<div class='q_icon_with_title medium circle center'><div class=\"icon_holder \" style=\"margin: 0 0 28px 0; \"><span data-icon-type=\"circle\"   class=\"qode_iwt_icon_holder fa-stack fa-3x \" style=\"font-size: 45px;\"><i class=\"qode_icon_font_awesome fa fa-hdd-o qode_iwt_icon_element\" style=\"\" ><\/i><\/span><\/div><div class=\"icon_text_holder\" style=\"\"><div class=\"icon_text_inner\" style=\"\"><h3 class=\"icon_title\" style=\"\">PODR\u0160KA<\/h3><p style=''>Naddu\u0161ek podr\u017eava telo i deluje kao jastuk za telo, u su\u0161tini popunjavajuc\u0301i praznine u prirodnom obliku na\u0161eg tela (praznine u predelu zglobova nogu, karlici i ramenima). Delujuc\u0301i kao saveznik dobrog sna, naddu\u0161ek uravnote\u017euje telo i poravnava ki\u010dmu sa ostatkom tela. Naddu\u0161ek treba kombinovati sa odgovarajuc\u0301im jastukom za maksimalnu ravnote\u017eu tela.<\/p><\/div><\/div><\/div>[vc_separator type=&#8221;transparent&#8221; up=&#8221;37&#8243; down=&#8221;0&#8243;][\/vc_column][vc_column width=&#8221;1\/4&#8243;]<div class='q_icon_with_title medium circle center'><div class=\"icon_holder \" style=\"margin: 0 0 28px 0; \"><span data-icon-type=\"circle\"   class=\"qode_iwt_icon_holder fa-stack fa-3x \" style=\"font-size: 45px;\"><i class=\"qode_icon_font_awesome fa fa-bell-o qode_iwt_icon_element\" style=\"\" ><\/i><\/span><\/div><div class=\"icon_text_holder\" style=\"\"><div class=\"icon_text_inner\" style=\"\"><h3 class=\"icon_title\" style=\"\">TRAJANJE<\/h3><p style=''>Naddu\u0161ek (prostirka) dodaje godine \u017eivota va\u0161em du\u0161eku. Zajedno sa za\u0161titnom navlakom za du\u0161ek, za\u0161ti\u0107uje du\u0161ek od fiziolo\u0161ke vlage tela i od drugih te\u010dnosti.<\/p><\/div><\/div><\/div>[vc_separator type=&#8221;transparent&#8221; up=&#8221;37&#8243; down=&#8221;0&#8243;][\/vc_column][vc_column width=&#8221;1\/4&#8243;]<div class='q_icon_with_title medium circle center'><div class=\"icon_holder \" style=\"margin: 0 0 28px 0; \"><span data-icon-type=\"circle\"   class=\"qode_iwt_icon_holder fa-stack fa-3x \" style=\"font-size: 45px;\"><i class=\"qode_icon_font_awesome fa fa-picture-o qode_iwt_icon_element\" style=\"\" ><\/i><\/span><\/div><div class=\"icon_text_holder\" style=\"\"><div class=\"icon_text_inner\" style=\"\"><h3 class=\"icon_title\" style=\"\">ESTETIKA I FUNKCIONALNOST<\/h3><p style=''>Naddu\u0161ek (prostirka) dodaje dodatnu estetiku prostoru, istovremeno pru\u017eajuc\u0301i povec\u0301anu funkcionalnost.Presvla\u010denje kreveta postaje igra po\u0161to je naddu\u0161ek kompatibilan sa \u0161irokim asortimanom posteljine i \u010dar\u0161ava u manjim dimenzijama jer nema potrebe da se pokriva ceo du\u0161ek, vec\u0301 samo naddu\u0161ek.<\/p><\/div><\/div><\/div>[vc_separator type=&#8221;transparent&#8221; up=&#8221;37&#8243; down=&#8221;0&#8243;][\/vc_column][\/vc_row][vc_row row_type=&#8221;row&#8221; use_row_as_full_screen_section=&#8221;no&#8221; type=&#8221;full_width&#8221; angled_section=&#8221;no&#8221; text_align=&#8221;left&#8221; background_image_as_pattern=&#8221;without_pattern&#8221; css_animation=&#8221;&#8221;][vc_column][vc_empty_space][\/vc_column][\/vc_row][vc_row row_type=&#8221;row&#8221; use_row_as_full_screen_section=&#8221;no&#8221; type=&#8221;grid&#8221; angled_section=&#8221;no&#8221; text_align=&#8221;left&#8221; background_image_as_pattern=&#8221;without_pattern&#8221; padding_top=&#8221;0&#8243; padding_bottom=&#8221;0&#8243; css_animation=&#8221;&#8221;][vc_column]<div class='projects_holder_outer v2 portfolio_with_space portfolio_standard '><div class='projects_holder portfolio_main_holder clearfix v2 standard portfolio_full_image '>\n<article class='mix portfolio_category_393 ' style=''><div class='image_holder'><a itemprop='url' class='portfolio_link_for_touch' href='https:\/\/www.gevorest.com\/sr\/portfolio_page\/series\/' target='_self'><span class='image'><img loading=\"lazy\" decoding=\"async\" width=\"1024\" height=\"576\" src=\"https:\/\/www.gevorest.com\/wp-content\/uploads\/2016\/06\/Pillow-top-corner-on-grey_.jpg\" class=\"attachment-full size-full wp-post-image\" alt=\"\" srcset=\"https:\/\/www.gevorest.com\/wp-content\/uploads\/2016\/06\/Pillow-top-corner-on-grey_.jpg 1024w, https:\/\/www.gevorest.com\/wp-content\/uploads\/2016\/06\/Pillow-top-corner-on-grey_-300x169.jpg 300w, https:\/\/www.gevorest.com\/wp-content\/uploads\/2016\/06\/Pillow-top-corner-on-grey_-768x432.jpg 768w, https:\/\/www.gevorest.com\/wp-content\/uploads\/2016\/06\/Pillow-top-corner-on-grey_-700x394.jpg 700w, https:\/\/www.gevorest.com\/wp-content\/uploads\/2016\/06\/Pillow-top-corner-on-grey_-539x303.jpg 539w\" sizes=\"auto, (max-width: 1024px) 100vw, 1024px\" \/><\/span><\/a><span class='text_holder'><span class='text_outer'><span class='text_inner'><span class='feature_holder'><span class=\"feature_holder_icons\"><a itemprop='url' class='preview qbutton small white' href='https:\/\/www.gevorest.com\/sr\/portfolio_page\/series\/' target='_self'>view<\/a><\/span><\/span><\/span><\/span><\/span><\/div><div class='portfolio_description '><h5 itemprop=\"headings\" class=\"portfolio_title entry_title\"><a itemprop=\"url\" href=\"https:\/\/www.gevorest.com\/sr\/portfolio_page\/series\/\"  target=\"_self\">Series<\/a><\/h5><span class=\"project_category\" >Pillow Tops<\/span><\/div><\/article>\n<article class='mix portfolio_category_393 ' style=''><div class='image_holder'><a itemprop='url' class='portfolio_link_for_touch' href='https:\/\/www.gevorest.com\/sr\/portfolio_page\/latex\/' target='_self'><span class='image'><img loading=\"lazy\" decoding=\"async\" width=\"1024\" height=\"576\" src=\"https:\/\/www.gevorest.com\/wp-content\/uploads\/2016\/06\/Pillow-top-corner-on-brown_.jpg\" class=\"attachment-full size-full wp-post-image\" alt=\"\" srcset=\"https:\/\/www.gevorest.com\/wp-content\/uploads\/2016\/06\/Pillow-top-corner-on-brown_.jpg 1024w, https:\/\/www.gevorest.com\/wp-content\/uploads\/2016\/06\/Pillow-top-corner-on-brown_-300x169.jpg 300w, https:\/\/www.gevorest.com\/wp-content\/uploads\/2016\/06\/Pillow-top-corner-on-brown_-768x432.jpg 768w, https:\/\/www.gevorest.com\/wp-content\/uploads\/2016\/06\/Pillow-top-corner-on-brown_-700x394.jpg 700w, https:\/\/www.gevorest.com\/wp-content\/uploads\/2016\/06\/Pillow-top-corner-on-brown_-539x303.jpg 539w\" sizes=\"auto, (max-width: 1024px) 100vw, 1024px\" \/><\/span><\/a><span class='text_holder'><span class='text_outer'><span class='text_inner'><span class='feature_holder'><span class=\"feature_holder_icons\"><a itemprop='url' class='preview qbutton small white' href='https:\/\/www.gevorest.com\/sr\/portfolio_page\/latex\/' target='_self'>view<\/a><\/span><\/span><\/span><\/span><\/span><\/div><div class='portfolio_description '><h5 itemprop=\"headings\" class=\"portfolio_title entry_title\"><a itemprop=\"url\" href=\"https:\/\/www.gevorest.com\/sr\/portfolio_page\/latex\/\"  target=\"_self\">Latex (LATEKS)<\/a><\/h5><span class=\"project_category\" >Pillow Tops<\/span><\/div><\/article>\n<div class='filler'><\/div>\n<div class='filler'><\/div>\n<\/div><\/div>[\/vc_column][\/vc_row]<\/p>\n","protected":false},"excerpt":{"rendered":"<p>[vc_row row_type=&#8221;row&#8221; use_row_as_full_screen_section=&#8221;no&#8221; type=&#8221;grid&#8221; angled_section=&#8221;no&#8221; text_align=&#8221;left&#8221; background_image_as_pattern=&#8221;without_pattern&#8221; background_color=&#8221;#ffffff&#8221; padding_top=&#8221;95&#8243; padding_bottom=&#8221;34&#8243; css_animation=&#8221;&#8221;][vc_column width=&#8221;1\/4&#8243;][vc_separator type=&#8221;transparent&#8221; up=&#8221;37&#8243; down=&#8221;0&#8243;][\/vc_column][vc_column width=&#8221;1\/4&#8243;][vc_separator type=&#8221;transparent&#8221; up=&#8221;37&#8243; down=&#8221;0&#8243;][\/vc_column][vc_column width=&#8221;1\/4&#8243;][vc_separator type=&#8221;transparent&#8221; up=&#8221;37&#8243; down=&#8221;0&#8243;][\/vc_column][vc_column width=&#8221;1\/4&#8243;][vc_separator type=&#8221;transparent&#8221; up=&#8221;37&#8243; down=&#8221;0&#8243;][\/vc_column][\/vc_row][vc_row row_type=&#8221;row&#8221; use_row_as_full_screen_section=&#8221;no&#8221; type=&#8221;full_width&#8221; angled_section=&#8221;no&#8221; text_align=&#8221;left&#8221; background_image_as_pattern=&#8221;without_pattern&#8221; css_animation=&#8221;&#8221;][vc_column][vc_empty_space][\/vc_column][\/vc_row][vc_row row_type=&#8221;row&#8221; use_row_as_full_screen_section=&#8221;no&#8221; type=&#8221;grid&#8221; angled_section=&#8221;no&#8221; text_align=&#8221;left&#8221; background_image_as_pattern=&#8221;without_pattern&#8221; padding_top=&#8221;0&#8243; padding_bottom=&#8221;0&#8243; css_animation=&#8221;&#8221;][vc_column][\/vc_column][\/vc_row]<\/p>\n","protected":false},"author":1,"featured_media":0,"parent":0,"menu_order":0,"comment_status":"open","ping_status":"open","template":"full_width.php","meta":{"footnotes":""},"class_list":["post-22301","page","type-page","status-publish","hentry"],"yoast_head":"<!-- This site is optimized with the Yoast SEO plugin v27.2 - https:\/\/yoast.com\/product\/yoast-seo-wordpress\/ -->\n<title>Pillow Tops - Gevorest<\/title>\n<meta name=\"description\" content=\"\u03ba\u03bf\u03c1\u03c5\u03c6\u03ad\u03c2 \u03bc\u03b1\u03be\u03b9\u03bb\u03b1\u03c1\u03b9\u03ce\u03bd, Gevorest, \u039a\u03cd\u03c0\u03c1\u03bf\u03c2\" \/>\n<meta name=\"robots\" content=\"index, follow, max-snippet:-1, max-image-preview:large, max-video-preview:-1\" \/>\n<link rel=\"canonical\" href=\"https:\/\/www.gevorest.com\/sr\/pillow-tops\/\" \/>\n<meta property=\"og:locale\" content=\"sr_RS\" \/>\n<meta property=\"og:type\" content=\"article\" \/>\n<meta property=\"og:title\" content=\"Pillow Tops - Gevorest\" \/>\n<meta property=\"og:description\" content=\"\u03ba\u03bf\u03c1\u03c5\u03c6\u03ad\u03c2 \u03bc\u03b1\u03be\u03b9\u03bb\u03b1\u03c1\u03b9\u03ce\u03bd, Gevorest, \u039a\u03cd\u03c0\u03c1\u03bf\u03c2\" \/>\n<meta property=\"og:url\" content=\"https:\/\/www.gevorest.com\/sr\/pillow-tops\/\" \/>\n<meta property=\"og:site_name\" content=\"Gevorest\" \/>\n<meta property=\"article:modified_time\" content=\"2023-11-25T09:14:28+00:00\" \/>\n<meta name=\"twitter:card\" content=\"summary_large_image\" \/>\n<meta name=\"twitter:label1\" content=\"Est. reading time\" \/>\n\t<meta name=\"twitter:data1\" content=\"2 minutes\" \/>\n<script type=\"application\/ld+json\" class=\"yoast-schema-graph\">{\"@context\":\"https:\/\/schema.org\",\"@graph\":[{\"@type\":\"WebPage\",\"@id\":\"https:\/\/www.gevorest.com\/sr\/pillow-tops\/\",\"url\":\"https:\/\/www.gevorest.com\/sr\/pillow-tops\/\",\"name\":\"Pillow Tops - Gevorest\",\"isPartOf\":{\"@id\":\"https:\/\/www.gevorest.com\/#website\"},\"datePublished\":\"2016-06-22T05:43:25+00:00\",\"dateModified\":\"2023-11-25T09:14:28+00:00\",\"description\":\"\u03ba\u03bf\u03c1\u03c5\u03c6\u03ad\u03c2 \u03bc\u03b1\u03be\u03b9\u03bb\u03b1\u03c1\u03b9\u03ce\u03bd, Gevorest, \u039a\u03cd\u03c0\u03c1\u03bf\u03c2\",\"breadcrumb\":{\"@id\":\"https:\/\/www.gevorest.com\/sr\/pillow-tops\/#breadcrumb\"},\"inLanguage\":\"sr-RS\",\"potentialAction\":[{\"@type\":\"ReadAction\",\"target\":[\"https:\/\/www.gevorest.com\/sr\/pillow-tops\/\"]}]},{\"@type\":\"BreadcrumbList\",\"@id\":\"https:\/\/www.gevorest.com\/sr\/pillow-tops\/#breadcrumb\",\"itemListElement\":[{\"@type\":\"ListItem\",\"position\":1,\"name\":\"Home\",\"item\":\"https:\/\/www.gevorest.com\/sr\/\"},{\"@type\":\"ListItem\",\"position\":2,\"name\":\"Pillow Tops\"}]},{\"@type\":\"WebSite\",\"@id\":\"https:\/\/www.gevorest.com\/#website\",\"url\":\"https:\/\/www.gevorest.com\/\",\"name\":\"Gevorest\",\"description\":\"Serves the Quality of Sleep since 1967\",\"publisher\":{\"@id\":\"https:\/\/www.gevorest.com\/#organization\"},\"potentialAction\":[{\"@type\":\"SearchAction\",\"target\":{\"@type\":\"EntryPoint\",\"urlTemplate\":\"https:\/\/www.gevorest.com\/?s={search_term_string}\"},\"query-input\":{\"@type\":\"PropertyValueSpecification\",\"valueRequired\":true,\"valueName\":\"search_term_string\"}}],\"inLanguage\":\"sr-RS\"},{\"@type\":\"Organization\",\"@id\":\"https:\/\/www.gevorest.com\/#organization\",\"name\":\"Gevorest\",\"url\":\"https:\/\/www.gevorest.com\/\",\"logo\":{\"@type\":\"ImageObject\",\"inLanguage\":\"sr-RS\",\"@id\":\"https:\/\/www.gevorest.com\/#\/schema\/logo\/image\/\",\"url\":\"https:\/\/www.gevorest.com\/wp-content\/uploads\/2018\/06\/gevorest_logo_2018.png\",\"contentUrl\":\"https:\/\/www.gevorest.com\/wp-content\/uploads\/2018\/06\/gevorest_logo_2018.png\",\"width\":1282,\"height\":423,\"caption\":\"Gevorest\"},\"image\":{\"@id\":\"https:\/\/www.gevorest.com\/#\/schema\/logo\/image\/\"}}]}<\/script>\n<!-- \/ Yoast SEO plugin. -->","yoast_head_json":{"title":"Pillow Tops - Gevorest","description":"\u03ba\u03bf\u03c1\u03c5\u03c6\u03ad\u03c2 \u03bc\u03b1\u03be\u03b9\u03bb\u03b1\u03c1\u03b9\u03ce\u03bd, Gevorest, \u039a\u03cd\u03c0\u03c1\u03bf\u03c2","robots":{"index":"index","follow":"follow","max-snippet":"max-snippet:-1","max-image-preview":"max-image-preview:large","max-video-preview":"max-video-preview:-1"},"canonical":"https:\/\/www.gevorest.com\/sr\/pillow-tops\/","og_locale":"sr_RS","og_type":"article","og_title":"Pillow Tops - Gevorest","og_description":"\u03ba\u03bf\u03c1\u03c5\u03c6\u03ad\u03c2 \u03bc\u03b1\u03be\u03b9\u03bb\u03b1\u03c1\u03b9\u03ce\u03bd, Gevorest, \u039a\u03cd\u03c0\u03c1\u03bf\u03c2","og_url":"https:\/\/www.gevorest.com\/sr\/pillow-tops\/","og_site_name":"Gevorest","article_modified_time":"2023-11-25T09:14:28+00:00","twitter_card":"summary_large_image","twitter_misc":{"Est. reading time":"2 minutes"},"schema":{"@context":"https:\/\/schema.org","@graph":[{"@type":"WebPage","@id":"https:\/\/www.gevorest.com\/sr\/pillow-tops\/","url":"https:\/\/www.gevorest.com\/sr\/pillow-tops\/","name":"Pillow Tops - Gevorest","isPartOf":{"@id":"https:\/\/www.gevorest.com\/#website"},"datePublished":"2016-06-22T05:43:25+00:00","dateModified":"2023-11-25T09:14:28+00:00","description":"\u03ba\u03bf\u03c1\u03c5\u03c6\u03ad\u03c2 \u03bc\u03b1\u03be\u03b9\u03bb\u03b1\u03c1\u03b9\u03ce\u03bd, Gevorest, \u039a\u03cd\u03c0\u03c1\u03bf\u03c2","breadcrumb":{"@id":"https:\/\/www.gevorest.com\/sr\/pillow-tops\/#breadcrumb"},"inLanguage":"sr-RS","potentialAction":[{"@type":"ReadAction","target":["https:\/\/www.gevorest.com\/sr\/pillow-tops\/"]}]},{"@type":"BreadcrumbList","@id":"https:\/\/www.gevorest.com\/sr\/pillow-tops\/#breadcrumb","itemListElement":[{"@type":"ListItem","position":1,"name":"Home","item":"https:\/\/www.gevorest.com\/sr\/"},{"@type":"ListItem","position":2,"name":"Pillow Tops"}]},{"@type":"WebSite","@id":"https:\/\/www.gevorest.com\/#website","url":"https:\/\/www.gevorest.com\/","name":"Gevorest","description":"Serves the Quality of Sleep since 1967","publisher":{"@id":"https:\/\/www.gevorest.com\/#organization"},"potentialAction":[{"@type":"SearchAction","target":{"@type":"EntryPoint","urlTemplate":"https:\/\/www.gevorest.com\/?s={search_term_string}"},"query-input":{"@type":"PropertyValueSpecification","valueRequired":true,"valueName":"search_term_string"}}],"inLanguage":"sr-RS"},{"@type":"Organization","@id":"https:\/\/www.gevorest.com\/#organization","name":"Gevorest","url":"https:\/\/www.gevorest.com\/","logo":{"@type":"ImageObject","inLanguage":"sr-RS","@id":"https:\/\/www.gevorest.com\/#\/schema\/logo\/image\/","url":"https:\/\/www.gevorest.com\/wp-content\/uploads\/2018\/06\/gevorest_logo_2018.png","contentUrl":"https:\/\/www.gevorest.com\/wp-content\/uploads\/2018\/06\/gevorest_logo_2018.png","width":1282,"height":423,"caption":"Gevorest"},"image":{"@id":"https:\/\/www.gevorest.com\/#\/schema\/logo\/image\/"}}]}},"_links":{"self":[{"href":"https:\/\/www.gevorest.com\/sr\/wp-json\/wp\/v2\/pages\/22301","targetHints":{"allow":["GET"]}}],"collection":[{"href":"https:\/\/www.gevorest.com\/sr\/wp-json\/wp\/v2\/pages"}],"about":[{"href":"https:\/\/www.gevorest.com\/sr\/wp-json\/wp\/v2\/types\/page"}],"author":[{"embeddable":true,"href":"https:\/\/www.gevorest.com\/sr\/wp-json\/wp\/v2\/users\/1"}],"replies":[{"embeddable":true,"href":"https:\/\/www.gevorest.com\/sr\/wp-json\/wp\/v2\/comments?post=22301"}],"version-history":[{"count":0,"href":"https:\/\/www.gevorest.com\/sr\/wp-json\/wp\/v2\/pages\/22301\/revisions"}],"wp:attachment":[{"href":"https:\/\/www.gevorest.com\/sr\/wp-json\/wp\/v2\/media?parent=22301"}],"curies":[{"name":"wp","href":"https:\/\/api.w.org\/{rel}","templated":true}]}}