{"id":22329,"date":"2021-02-11T19:59:32","date_gmt":"2021-02-11T19:59:32","guid":{"rendered":"https:\/\/www.gevorest.com\/sr\/individual-comfort\/"},"modified":"2023-11-22T16:54:38","modified_gmt":"2023-11-22T16:54:38","slug":"individual-comfort","status":"publish","type":"page","link":"https:\/\/www.gevorest.com\/sr\/individual-comfort\/","title":{"rendered":"Individual Comfort"},"content":{"rendered":"<p>[vc_row row_type=&#8221;row&#8221; use_row_as_full_screen_section=&#8221;no&#8221; type=&#8221;grid&#8221; angled_section=&#8221;no&#8221; text_align=&#8221;left&#8221; background_image_as_pattern=&#8221;without_pattern&#8221; padding_top=&#8221;20&#8243; css_animation=&#8221;&#8221;][vc_column width=&#8221;1\/2&#8243;][vc_separator type=&#8221;transparent&#8221; up=&#8221;21&#8243; down=&#8221;0&#8243;][vc_column_text]<\/p>\n<h2><strong>INDIVIDUAL COMFORT! JEDAN DU\u0160EK\u2026 DVA RAZLI\u010cITA OSEC\u0301AJA<\/strong><\/h2>\n<p>[\/vc_column_text][vc_separator type=&#8221;transparent&#8221; up=&#8221;12&#8243; down=&#8221;0&#8243;][vc_column_text]Procenjuje se da je bra\u010dni \u017eivot ili zajedni\u010dki \u017eivot u trajanju od oko 20 godina, imao vi\u0161e od 50 hiljada sati zajedni\u010dkog sna.<\/p>\n<p>Ali \u0161ta ako postoje razli\u010dite potrebe, navike i preferencije u snu? Treba li par da kupi 2 du\u0161eka razli\u010dite mekoc\u0301e ili da neko od njih dvoje napravi kompromis i \u017ertvuje kvalitet svog sna? \u010cinjenica je da svako od nas ima razli\u010dite potrebe za spavanjem, a one su uglavnom odre\u0111ene tipom tela, ali i ose\u0107ajem koji o\u010dekujemo od svog du\u0161eka.<\/p>\n<p>Me\u0111utim, bez obzira na telesnu gra\u0111u, ose\u0107aje i navike spavanja, idealan du\u0161ek trebao bi nam ponuditi slede\u0107e:[\/vc_column_text][vc_separator type=&#8221;transparent&#8221; up=&#8221;12&#8243; down=&#8221;0&#8243;][vc_column_text]<\/p>\n<ol>\n<li>Uklanjanje i poni\u0161tavanje svih pritisaka i nelagodnosti na telo, minimiziranjem okretanja tokom noc\u0301i.<\/li>\n<li>Sloboda kretanja tela bez upadanja u du\u0161ek.<\/li>\n<li>Izolacija bilo kakvog pokreta na du\u0161eku, bilo na\u0161eg ili na\u0161eg partnera.<\/li>\n<li>Pravilno prilago\u0111avanje du\u0161eka anatomiji tela postizanjem odr\u017eavanja ki\u010dme u prirodnom polo\u017eaju.<\/li>\n<li>Maksimiziranje povr\u0161ine za spavanje, odr\u017eavajuc\u0301i na\u0161e telo stabilnim i udobnim sve do ivice du\u0161eka.<\/li>\n<\/ol>\n<p>[\/vc_column_text]<blockquote class=' with_quote_icon' style=''><i class='fa fa-quote-right pull-left' style=''><\/i><h5 class='blockquote-text' style=''>Gevorest centri za dobar san \u0161irom Kipra imaju du\u0161eke Individual Comfort.<\/h5><\/blockquote>[\/vc_column][vc_column width=&#8221;1\/2&#8243;][vc_row_inner row_type=&#8221;row&#8221; type=&#8221;full_width&#8221; text_align=&#8221;right&#8221; css_animation=&#8221;&#8221;][vc_column_inner][vc_video link=&#8221;https:\/\/www.youtube.com\/watch?v=393jErDYUWM&#8221;][\/vc_column_inner][\/vc_row_inner][vc_separator type=&#8221;transparent&#8221; up=&#8221;41&#8243; down=&#8221;0&#8243;][vc_column_text]Zato smo mi ovde u Gevorestu, nakon mnogih istra\u017eivanja i eksperimenata, do\u0161li do pionirske inovacije Individual Comfort. Dizajnirali smo du\u0161eke sa razli\u010ditim i personalizovanim osec\u0301ajem na svakoj strani du\u0161eka, zadovoljavajuc\u0301i tako parove sa razli\u010ditim tipovima tela, razli\u010ditim indeksom telesne mase, kao i razli\u010ditim ukusima za osec\u0301aj i mekoc\u0301u, bez kompromisa u pogledu nivoa udobnosti i podr\u0161ke.[\/vc_column_text][vc_separator type=&#8221;transparent&#8221; up=&#8221;12&#8243; down=&#8221;0&#8243;][vc_column_text]Udoban i prijatan san je \u017eivotna vrednost, zbog \u010dega mi kao konsultanti za dobar san sa velikim zadovoljstvom obave\u0161tavamo one koji svoj du\u0161ek dele sa svojim partnerom &#8230;. da mo\u017eemo staviti ta\u010dku na no\u0107i sa nemirnim snom.<\/p>\n<p>Gevorest centri za dobar san \u0161irom Kipra imaju du\u0161eke Individual Comfort.[\/vc_column_text][\/vc_column][\/vc_row][vc_row row_type=&#8221;row&#8221; use_row_as_full_screen_section=&#8221;no&#8221; type=&#8221;grid&#8221; angled_section=&#8221;no&#8221; text_align=&#8221;center&#8221; background_image_as_pattern=&#8221;without_pattern&#8221; css_animation=&#8221;&#8221;][vc_column][vc_separator type=&#8221;transparent&#8221; up=&#8221;12&#8243; down=&#8221;0&#8243;][vc_separator type=&#8221;transparent&#8221; up=&#8221;12&#8243; down=&#8221;0&#8243;][vc_separator type=&#8221;transparent&#8221; up=&#8221;12&#8243; down=&#8221;0&#8243;]<a  itemprop=\"url\" href=\"https:\/\/www.gevorest.com\/en\/catalogue\/\" target=\"_self\"  class=\"qbutton  large center white enlarge\" style=\"margin: 10px auto; \">SEE OUR CATALOGUES<i class=\"qode_icon_font_awesome fa fa-file-pdf-o qode_button_icon_element\" style=\"\" ><\/i><\/a>[vc_separator type=&#8221;transparent&#8221; up=&#8221;12&#8243; down=&#8221;0&#8243;][vc_separator type=&#8221;transparent&#8221; up=&#8221;12&#8243; down=&#8221;0&#8243;][vc_separator type=&#8221;transparent&#8221; up=&#8221;12&#8243; down=&#8221;0&#8243;][vc_column_text]<\/p>\n<h4 style=\"text-align: center;\">Posetite nas za probu! \u010cekamo vas.<\/h4>\n<p>[\/vc_column_text][vc_separator type=&#8221;transparent&#8221; up=&#8221;12&#8243; down=&#8221;0&#8243;][vc_separator type=&#8221;transparent&#8221; up=&#8221;12&#8243; down=&#8221;0&#8243;][vc_separator type=&#8221;transparent&#8221; up=&#8221;12&#8243; down=&#8221;0&#8243;][\/vc_column][\/vc_row]<\/p>\n","protected":false},"excerpt":{"rendered":"<p>[vc_row row_type=&#8221;row&#8221; use_row_as_full_screen_section=&#8221;no&#8221; type=&#8221;grid&#8221; angled_section=&#8221;no&#8221; text_align=&#8221;left&#8221; background_image_as_pattern=&#8221;without_pattern&#8221; padding_top=&#8221;20&#8243; css_animation=&#8221;&#8221;][vc_column width=&#8221;1\/2&#8243;][vc_separator type=&#8221;transparent&#8221; up=&#8221;21&#8243; down=&#8221;0&#8243;][vc_column_text] INDIVIDUAL COMFORT! JEDAN DU\u0160EK\u2026 DVA RAZLI\u010cITA OSEC\u0301AJA [\/vc_column_text][vc_separator type=&#8221;transparent&#8221; up=&#8221;12&#8243; down=&#8221;0&#8243;][vc_column_text]Procenjuje se da je bra\u010dni \u017eivot ili zajedni\u010dki \u017eivot u trajanju od oko 20 godina, imao vi\u0161e od 50 hiljada sati zajedni\u010dkog&#8230;<\/p>\n","protected":false},"author":1,"featured_media":0,"parent":0,"menu_order":0,"comment_status":"open","ping_status":"open","template":"full_width.php","meta":{"footnotes":""},"class_list":["post-22329","page","type-page","status-publish","hentry"],"yoast_head":"<!-- This site is optimized with the Yoast SEO plugin v27.2 - https:\/\/yoast.com\/product\/yoast-seo-wordpress\/ -->\n<title>Individual Comfort - Gevorest<\/title>\n<meta name=\"robots\" content=\"index, follow, max-snippet:-1, max-image-preview:large, max-video-preview:-1\" \/>\n<link rel=\"canonical\" href=\"https:\/\/www.gevorest.com\/sr\/individual-comfort\/\" \/>\n<meta property=\"og:locale\" content=\"sr_RS\" \/>\n<meta property=\"og:type\" content=\"article\" \/>\n<meta property=\"og:title\" content=\"Individual Comfort - Gevorest\" \/>\n<meta property=\"og:description\" content=\"[vc_row row_type=&#8221;row&#8221; use_row_as_full_screen_section=&#8221;no&#8221; type=&#8221;grid&#8221; angled_section=&#8221;no&#8221; text_align=&#8221;left&#8221; background_image_as_pattern=&#8221;without_pattern&#8221; padding_top=&#8221;20&#8243; css_animation=&#8221;&#8221;][vc_column width=&#8221;1\/2&#8243;][vc_separator type=&#8221;transparent&#8221; up=&#8221;21&#8243; down=&#8221;0&#8243;][vc_column_text] INDIVIDUAL COMFORT! JEDAN DU\u0160EK\u2026 DVA RAZLI\u010cITA OSEC\u0301AJA [\/vc_column_text][vc_separator type=&#8221;transparent&#8221; up=&#8221;12&#8243; down=&#8221;0&#8243;][vc_column_text]Procenjuje se da je bra\u010dni \u017eivot ili zajedni\u010dki \u017eivot u trajanju od oko 20 godina, imao vi\u0161e od 50 hiljada sati zajedni\u010dkog...\" \/>\n<meta property=\"og:url\" content=\"https:\/\/www.gevorest.com\/sr\/individual-comfort\/\" \/>\n<meta property=\"og:site_name\" content=\"Gevorest\" \/>\n<meta property=\"article:modified_time\" content=\"2023-11-22T16:54:38+00:00\" \/>\n<meta property=\"og:image\" content=\"https:\/\/www.gevorest.com\/wp-content\/uploads\/2021\/02\/IC21_sn_1200x630.jpg\" \/>\n\t<meta property=\"og:image:width\" content=\"1200\" \/>\n\t<meta property=\"og:image:height\" content=\"631\" \/>\n\t<meta property=\"og:image:type\" content=\"image\/jpeg\" \/>\n<meta name=\"twitter:card\" content=\"summary_large_image\" \/>\n<meta name=\"twitter:image\" content=\"https:\/\/www.gevorest.com\/wp-content\/uploads\/2021\/02\/IC21_sn_1200x630.jpg\" \/>\n<meta name=\"twitter:label1\" content=\"Est. reading time\" \/>\n\t<meta name=\"twitter:data1\" content=\"2 minutes\" \/>\n<script type=\"application\/ld+json\" class=\"yoast-schema-graph\">{\"@context\":\"https:\/\/schema.org\",\"@graph\":[{\"@type\":\"WebPage\",\"@id\":\"https:\/\/www.gevorest.com\/sr\/individual-comfort\/\",\"url\":\"https:\/\/www.gevorest.com\/sr\/individual-comfort\/\",\"name\":\"Individual Comfort - Gevorest\",\"isPartOf\":{\"@id\":\"https:\/\/www.gevorest.com\/#website\"},\"datePublished\":\"2021-02-11T19:59:32+00:00\",\"dateModified\":\"2023-11-22T16:54:38+00:00\",\"breadcrumb\":{\"@id\":\"https:\/\/www.gevorest.com\/sr\/individual-comfort\/#breadcrumb\"},\"inLanguage\":\"sr-RS\",\"potentialAction\":[{\"@type\":\"ReadAction\",\"target\":[\"https:\/\/www.gevorest.com\/sr\/individual-comfort\/\"]}]},{\"@type\":\"BreadcrumbList\",\"@id\":\"https:\/\/www.gevorest.com\/sr\/individual-comfort\/#breadcrumb\",\"itemListElement\":[{\"@type\":\"ListItem\",\"position\":1,\"name\":\"Home\",\"item\":\"https:\/\/www.gevorest.com\/sr\/\"},{\"@type\":\"ListItem\",\"position\":2,\"name\":\"Individual Comfort\"}]},{\"@type\":\"WebSite\",\"@id\":\"https:\/\/www.gevorest.com\/#website\",\"url\":\"https:\/\/www.gevorest.com\/\",\"name\":\"Gevorest\",\"description\":\"Serves the Quality of Sleep since 1967\",\"publisher\":{\"@id\":\"https:\/\/www.gevorest.com\/#organization\"},\"potentialAction\":[{\"@type\":\"SearchAction\",\"target\":{\"@type\":\"EntryPoint\",\"urlTemplate\":\"https:\/\/www.gevorest.com\/?s={search_term_string}\"},\"query-input\":{\"@type\":\"PropertyValueSpecification\",\"valueRequired\":true,\"valueName\":\"search_term_string\"}}],\"inLanguage\":\"sr-RS\"},{\"@type\":\"Organization\",\"@id\":\"https:\/\/www.gevorest.com\/#organization\",\"name\":\"Gevorest\",\"url\":\"https:\/\/www.gevorest.com\/\",\"logo\":{\"@type\":\"ImageObject\",\"inLanguage\":\"sr-RS\",\"@id\":\"https:\/\/www.gevorest.com\/#\/schema\/logo\/image\/\",\"url\":\"https:\/\/www.gevorest.com\/wp-content\/uploads\/2018\/06\/gevorest_logo_2018.png\",\"contentUrl\":\"https:\/\/www.gevorest.com\/wp-content\/uploads\/2018\/06\/gevorest_logo_2018.png\",\"width\":1282,\"height\":423,\"caption\":\"Gevorest\"},\"image\":{\"@id\":\"https:\/\/www.gevorest.com\/#\/schema\/logo\/image\/\"}}]}<\/script>\n<!-- \/ Yoast SEO plugin. -->","yoast_head_json":{"title":"Individual Comfort - Gevorest","robots":{"index":"index","follow":"follow","max-snippet":"max-snippet:-1","max-image-preview":"max-image-preview:large","max-video-preview":"max-video-preview:-1"},"canonical":"https:\/\/www.gevorest.com\/sr\/individual-comfort\/","og_locale":"sr_RS","og_type":"article","og_title":"Individual Comfort - Gevorest","og_description":"[vc_row row_type=&#8221;row&#8221; use_row_as_full_screen_section=&#8221;no&#8221; type=&#8221;grid&#8221; angled_section=&#8221;no&#8221; text_align=&#8221;left&#8221; background_image_as_pattern=&#8221;without_pattern&#8221; padding_top=&#8221;20&#8243; css_animation=&#8221;&#8221;][vc_column width=&#8221;1\/2&#8243;][vc_separator type=&#8221;transparent&#8221; up=&#8221;21&#8243; down=&#8221;0&#8243;][vc_column_text] INDIVIDUAL COMFORT! JEDAN DU\u0160EK\u2026 DVA RAZLI\u010cITA OSEC\u0301AJA [\/vc_column_text][vc_separator type=&#8221;transparent&#8221; up=&#8221;12&#8243; down=&#8221;0&#8243;][vc_column_text]Procenjuje se da je bra\u010dni \u017eivot ili zajedni\u010dki \u017eivot u trajanju od oko 20 godina, imao vi\u0161e od 50 hiljada sati zajedni\u010dkog...","og_url":"https:\/\/www.gevorest.com\/sr\/individual-comfort\/","og_site_name":"Gevorest","article_modified_time":"2023-11-22T16:54:38+00:00","og_image":[{"width":1200,"height":631,"url":"https:\/\/www.gevorest.com\/wp-content\/uploads\/2021\/02\/IC21_sn_1200x630.jpg","type":"image\/jpeg"}],"twitter_card":"summary_large_image","twitter_image":"https:\/\/www.gevorest.com\/wp-content\/uploads\/2021\/02\/IC21_sn_1200x630.jpg","twitter_misc":{"Est. reading time":"2 minutes"},"schema":{"@context":"https:\/\/schema.org","@graph":[{"@type":"WebPage","@id":"https:\/\/www.gevorest.com\/sr\/individual-comfort\/","url":"https:\/\/www.gevorest.com\/sr\/individual-comfort\/","name":"Individual Comfort - Gevorest","isPartOf":{"@id":"https:\/\/www.gevorest.com\/#website"},"datePublished":"2021-02-11T19:59:32+00:00","dateModified":"2023-11-22T16:54:38+00:00","breadcrumb":{"@id":"https:\/\/www.gevorest.com\/sr\/individual-comfort\/#breadcrumb"},"inLanguage":"sr-RS","potentialAction":[{"@type":"ReadAction","target":["https:\/\/www.gevorest.com\/sr\/individual-comfort\/"]}]},{"@type":"BreadcrumbList","@id":"https:\/\/www.gevorest.com\/sr\/individual-comfort\/#breadcrumb","itemListElement":[{"@type":"ListItem","position":1,"name":"Home","item":"https:\/\/www.gevorest.com\/sr\/"},{"@type":"ListItem","position":2,"name":"Individual Comfort"}]},{"@type":"WebSite","@id":"https:\/\/www.gevorest.com\/#website","url":"https:\/\/www.gevorest.com\/","name":"Gevorest","description":"Serves the Quality of Sleep since 1967","publisher":{"@id":"https:\/\/www.gevorest.com\/#organization"},"potentialAction":[{"@type":"SearchAction","target":{"@type":"EntryPoint","urlTemplate":"https:\/\/www.gevorest.com\/?s={search_term_string}"},"query-input":{"@type":"PropertyValueSpecification","valueRequired":true,"valueName":"search_term_string"}}],"inLanguage":"sr-RS"},{"@type":"Organization","@id":"https:\/\/www.gevorest.com\/#organization","name":"Gevorest","url":"https:\/\/www.gevorest.com\/","logo":{"@type":"ImageObject","inLanguage":"sr-RS","@id":"https:\/\/www.gevorest.com\/#\/schema\/logo\/image\/","url":"https:\/\/www.gevorest.com\/wp-content\/uploads\/2018\/06\/gevorest_logo_2018.png","contentUrl":"https:\/\/www.gevorest.com\/wp-content\/uploads\/2018\/06\/gevorest_logo_2018.png","width":1282,"height":423,"caption":"Gevorest"},"image":{"@id":"https:\/\/www.gevorest.com\/#\/schema\/logo\/image\/"}}]}},"_links":{"self":[{"href":"https:\/\/www.gevorest.com\/sr\/wp-json\/wp\/v2\/pages\/22329","targetHints":{"allow":["GET"]}}],"collection":[{"href":"https:\/\/www.gevorest.com\/sr\/wp-json\/wp\/v2\/pages"}],"about":[{"href":"https:\/\/www.gevorest.com\/sr\/wp-json\/wp\/v2\/types\/page"}],"author":[{"embeddable":true,"href":"https:\/\/www.gevorest.com\/sr\/wp-json\/wp\/v2\/users\/1"}],"replies":[{"embeddable":true,"href":"https:\/\/www.gevorest.com\/sr\/wp-json\/wp\/v2\/comments?post=22329"}],"version-history":[{"count":0,"href":"https:\/\/www.gevorest.com\/sr\/wp-json\/wp\/v2\/pages\/22329\/revisions"}],"wp:attachment":[{"href":"https:\/\/www.gevorest.com\/sr\/wp-json\/wp\/v2\/media?parent=22329"}],"curies":[{"name":"wp","href":"https:\/\/api.w.org\/{rel}","templated":true}]}}