{"id":22333,"date":"2021-05-12T19:48:42","date_gmt":"2021-05-12T19:48:42","guid":{"rendered":"https:\/\/www.gevorest.com\/sr\/ypnos-gold\/"},"modified":"2024-03-15T05:31:01","modified_gmt":"2024-03-15T05:31:01","slug":"ypnos-gold","status":"publish","type":"page","link":"https:\/\/www.gevorest.com\/sr\/ypnos-gold\/","title":{"rendered":"It\u2019s Ypnos Gold Time!"},"content":{"rendered":"<p>[vc_row row_type=&#8221;row&#8221; use_row_as_full_screen_section=&#8221;no&#8221; type=&#8221;grid&#8221; angled_section=&#8221;no&#8221; text_align=&#8221;left&#8221; background_image_as_pattern=&#8221;without_pattern&#8221; padding_top=&#8221;20&#8243; padding_bottom=&#8221;0&#8243; css_animation=&#8221;&#8221;][vc_column width=&#8221;1\/2&#8243;][vc_separator type=&#8221;transparent&#8221; up=&#8221;21&#8243; down=&#8221;0&#8243;][vc_column_text]<\/p>\n<h2 style=\"text-align: left;\" data-pm-slice=\"1 1 [&quot;bulletList&quot;,null,&quot;listItem&quot;,null]\">It\u2019s Ypnos Gold Time!<\/h2>\n<p>[\/vc_column_text][vc_separator type=&#8221;transparent&#8221; up=&#8221;12&#8243; down=&#8221;0&#8243;][vc_column_text]Dizajn du\u0161eka je proces koji po\u010dinje dubokim prou\u010davanjem i razumevanjem na\u010dina na koji ga svako od nas koristi. Dizajn nije samo ukras, niti mora biti nu\u017eno povezan sa izgledom proizvoda. Dizajn se prvenstveno odnosi na funkciju proizvoda i da biste dizajnirali ne\u0161to zaista dobro, morate to da \u201cdobijete\u201d , shvatite o \u010demu se radi, istra\u017eite, testirate, kombinujete materijale, planove, mi\u0161ljenja, stavove. Potrebni su ljudi sa stra\u0161c\u0301u i posvec\u0301eno\u0161c\u0301u da se ceo proces zavr\u0161i jedinstvenim i sjajnim dizajnom.<\/p>\n<p><strong>Dizajn se uglavnom bavi detaljima!<\/strong><br \/>\n<strong>To je to za&#8230; Ypnos (san) Gold!<\/strong>[\/vc_column_text][vc_separator type=&#8221;transparent&#8221; up=&#8221;12&#8243; down=&#8221;0&#8243;][vc_column_text]<\/p>\n<h3 class=\"BodyA\"><span lang=\"EN-US\">YPNOS GOLD\u2026 BESKRAJNE MOGUC\u0301NOSTI DIZAJNA!<\/span><\/h3>\n<p>[\/vc_column_text][vc_separator type=&#8221;transparent&#8221; up=&#8221;12&#8243; down=&#8221;0&#8243;][vc_video link=&#8221;https:\/\/www.youtube.com\/watch?v=DSrYifheRxo&#8221;][vc_separator type=&#8221;transparent&#8221; up=&#8221;12&#8243; down=&#8221;0&#8243;][vc_column_text]Shvatajuc\u0301i individualnu estetiku na\u0161ih kupaca i bezbroj moguc\u0301nosti dizajna, kreirali smo neverovatnu raznolikost personalizovanih du\u0161eka. The Ypnos du\u0161eci se mogu prilagoditi svakom raspolo\u017eenju, dizajnu spavac\u0301e sobe i estetici. Mo\u017eete da izaberete:<\/p>\n<ul>\n<li>Veli\u010dina du\u0161eka \u2013 u bilo kojoj dimenziji<\/li>\n<li>Mekoc\u0301a \u2013 meka\/srednja, srednja\/\u010dvrsta, \u010dvrsta<\/li>\n<li>Individualni komfor \u2013 razli\u010dita mekoc\u0301a za svaku stranu du\u0161eka, u skladu sa va\u0161im prohtevima kao para, tipom tela i telesnom masom<\/li>\n<li>Idealna boja tapacirunga za okolne ivice du\u0161eka \u2013 izbor jednobojnih tkanina ili tkanina sa uzorkom rombova u raznim bojama<\/li>\n<li>Baza (osnova) Ypnos (san) kolekcije \u2013 vrsta, veli\u010dina, dizajn, boja, vrsta tkanine<\/li>\n<li>Ypnos kolekcija uzglavlja \u2013 tip, veli\u010dina, dizajn, boja, vrsta tkanine<\/li>\n<\/ul>\n<p>[\/vc_column_text][vc_column_text]Za nas je dobar san preduslov za zdraviji, srec\u0301niji i dinami\u010dniji \u017eivot. U Gevorestu slu\u017eimo kvalitetnom snu i ne bavimo se samo \u00a0proizvodnjom \u00a0du\u0161eka, nego \u00a0stvaramo idealno okru\u017eenje koje pobolj\u0161ava kvalitet sna, \u010dinec\u0301i ga \u00a0vrednom robom u koju vredi ulagati.[\/vc_column_text][\/vc_column][vc_column width=&#8221;1\/2&#8243;][vc_row_inner row_type=&#8221;row&#8221; type=&#8221;full_width&#8221; text_align=&#8221;right&#8221; css_animation=&#8221;&#8221;][vc_column_inner][vc_video link=&#8221;https:\/\/www.youtube.com\/watch?v=o5PcA-yh65A&#8221;][\/vc_column_inner][\/vc_row_inner][vc_separator type=&#8221;transparent&#8221; up=&#8221;41&#8243; down=&#8221;0&#8243;][vc_column_text]Zevanje je prirodna ljudska funkcija. Tokom godina, svako \u201cdizajnira\u201d zevanje koje mu odgovara i uklapa se u sopstvene prirodne potrebe. Zevanje mo\u017ee, ali i ne mora biti prac\u0301eno istezanjem. Mo\u017ee biti proprac\u0301eno raznim zvucima ili u\u010dtivo &#8220;sakriveno&#8221;. U trenutku zevanja u\u0161i nam se &#8220;zatvaraju&#8221; izolujuc\u0301i nas od ostatka sveta i zbog toga je zevanje \u00a0tako li\u010dno. Tako\u0111e, mo\u017ee doc\u0301i sa mnogo grimasa jer nema ni pravila ni smernica. Zevanje vam daje \u00a0razlog za va\u0161u najzlatniju mutaciju&#8230; za va\u0161u najvi\u0161u lifestile verziju ! \u00a0Nije bitno ko si, gde si, s kim si, \u0161ta radi\u0161 i koliko je sati&#8230; Kad stigne ono zlatno vreme za spavanje i kad prvi put zevne\u0161, vreme je za va\u0161 omiljeni du\u0161ek!<\/p>\n<p>&#8230;vreme je za Ypnos \/san Gold!<\/p>\n<p>&nbsp;<\/p>\n<p>To kako osec\u0301a\u0161 jedan dobar du\u0161ek je me\u0161avina osec\u0301anja koju nije lako razdvojiti i analizirati. \u0160to se ti\u010de proizvodnje, napravljene su zna\u010dajne promene, toliko velike da neki govore o \u00ab<em>Eri posle<\/em> Y<em>pnos<\/em>\/<em>san gold<\/em>\u00bb. Tradicionalna dvostrana konstrukcija\u00a0 du\u0161eka zamenjena je jednostranom arhitektonskom, a tradicionalna bela tkanina zamenjena je bogatom i sa modernim bojama. Usledilo je beskrajno testiranje materijala kako bi se prona\u0161le najbolje moguc\u0301e kombinacije maksimalne udobnosti i podr\u0161ke. Kada proizvodite proizvod, znate da c\u0301ete biti ocenjeni na osnovu njegovih performansi i morate se fokusirati na rezultat, postajuc\u0301i i sami merilo kvaliteta. Pre nekoliko godina, kada smo po\u010deli da ga dizajniramo, nismo \u017eeleli samo da stvorimo odli\u010dan proizvod, \u017eeleli smo da stvorimo&#8230; neuporediv proizvod. A rezultat je&#8230; o\u010digledan!!!<\/p>\n<p>U tome ste pomogli vi, kupci koji birate na\u0161e proizvode koji su nastali nakon mnogo razmi\u0161ljanja i kreativnosti !!![\/vc_column_text][vc_separator type=&#8221;transparent&#8221; up=&#8221;12&#8243; down=&#8221;0&#8243;][\/vc_column][\/vc_row][vc_row row_type=&#8221;row&#8221; use_row_as_full_screen_section=&#8221;no&#8221; type=&#8221;grid&#8221; angled_section=&#8221;no&#8221; text_align=&#8221;center&#8221; background_image_as_pattern=&#8221;without_pattern&#8221; css_animation=&#8221;&#8221;][vc_column][vc_separator type=&#8221;transparent&#8221; up=&#8221;12&#8243; down=&#8221;0&#8243;][vc_separator type=&#8221;transparent&#8221; up=&#8221;12&#8243; down=&#8221;0&#8243;]<a  itemprop=\"url\" href=\"https:\/\/www.gevorest.com\/sr\/mattresses-ypnos\" target=\"_self\"  class=\"qbutton  large center white enlarge\" style=\"margin: 10px auto; \">KOLEKCIJE YPNOS<\/a>[vc_separator type=&#8221;transparent&#8221; up=&#8221;12&#8243; down=&#8221;0&#8243;][vc_separator type=&#8221;transparent&#8221; up=&#8221;12&#8243; down=&#8221;0&#8243;][\/vc_column][\/vc_row]<\/p>\n","protected":false},"excerpt":{"rendered":"<p>[vc_row row_type=&#8221;row&#8221; use_row_as_full_screen_section=&#8221;no&#8221; type=&#8221;grid&#8221; angled_section=&#8221;no&#8221; text_align=&#8221;left&#8221; background_image_as_pattern=&#8221;without_pattern&#8221; padding_top=&#8221;20&#8243; padding_bottom=&#8221;0&#8243; css_animation=&#8221;&#8221;][vc_column width=&#8221;1\/2&#8243;][vc_separator type=&#8221;transparent&#8221; up=&#8221;21&#8243; down=&#8221;0&#8243;][vc_column_text] It\u2019s Ypnos Gold Time! [\/vc_column_text][vc_separator type=&#8221;transparent&#8221; up=&#8221;12&#8243; down=&#8221;0&#8243;][vc_column_text]Dizajn du\u0161eka je proces koji po\u010dinje dubokim prou\u010davanjem i razumevanjem na\u010dina na koji ga svako od nas koristi. Dizajn nije samo ukras, niti mora&#8230;<\/p>\n","protected":false},"author":1,"featured_media":0,"parent":0,"menu_order":0,"comment_status":"open","ping_status":"open","template":"full_width.php","meta":{"footnotes":""},"class_list":["post-22333","page","type-page","status-publish","hentry"],"yoast_head":"<!-- This site is optimized with the Yoast SEO plugin v27.2 - https:\/\/yoast.com\/product\/yoast-seo-wordpress\/ -->\n<title>It\u2019s Ypnos Gold Time! - Gevorest<\/title>\n<meta name=\"robots\" content=\"index, follow, max-snippet:-1, max-image-preview:large, max-video-preview:-1\" \/>\n<link rel=\"canonical\" href=\"https:\/\/www.gevorest.com\/sr\/ypnos-gold\/\" \/>\n<meta property=\"og:locale\" content=\"sr_RS\" \/>\n<meta property=\"og:type\" content=\"article\" \/>\n<meta property=\"og:title\" content=\"It\u2019s Ypnos Gold Time!\" \/>\n<meta property=\"og:description\" content=\"[vc_row row_type=&#8221;row&#8221; use_row_as_full_screen_section=&#8221;no&#8221; type=&#8221;grid&#8221; angled_section=&#8221;no&#8221; text_align=&#8221;left&#8221; background_image_as_pattern=&#8221;without_pattern&#8221; padding_top=&#8221;20&#8243; padding_bottom=&#8221;0&#8243; css_animation=&#8221;&#8221;][vc_column width=&#8221;1\/2&#8243;][vc_separator type=&#8221;transparent&#8221; up=&#8221;21&#8243; down=&#8221;0&#8243;][vc_column_text] It\u2019s Ypnos Gold Time! [\/vc_column_text][vc_separator type=&#8221;transparent&#8221; up=&#8221;12&#8243; down=&#8221;0&#8243;][vc_column_text]Dizajn du\u0161eka je proces koji po\u010dinje dubokim prou\u010davanjem i razumevanjem na\u010dina na koji ga svako od nas koristi. Dizajn nije samo ukras, niti mora...\" \/>\n<meta property=\"og:url\" content=\"https:\/\/www.gevorest.com\/sr\/ypnos-gold\/\" \/>\n<meta property=\"og:site_name\" content=\"Gevorest\" \/>\n<meta property=\"article:modified_time\" content=\"2024-03-15T05:31:01+00:00\" \/>\n<meta property=\"og:image\" content=\"https:\/\/www.gevorest.com\/wp-content\/uploads\/2021\/05\/Website-630x1200-GREEKldpi-min.jpg\" \/>\n\t<meta property=\"og:image:width\" content=\"1201\" \/>\n\t<meta property=\"og:image:height\" content=\"631\" \/>\n\t<meta property=\"og:image:type\" content=\"image\/jpeg\" \/>\n<meta name=\"twitter:card\" content=\"summary_large_image\" \/>\n<meta name=\"twitter:image\" content=\"https:\/\/www.gevorest.com\/wp-content\/uploads\/2021\/02\/IC21_sn_1200x630.jpg\" \/>\n<meta name=\"twitter:label1\" content=\"Est. reading time\" \/>\n\t<meta name=\"twitter:data1\" content=\"4 minutes\" \/>\n<script type=\"application\/ld+json\" class=\"yoast-schema-graph\">{\"@context\":\"https:\/\/schema.org\",\"@graph\":[{\"@type\":\"WebPage\",\"@id\":\"https:\/\/www.gevorest.com\/sr\/ypnos-gold\/\",\"url\":\"https:\/\/www.gevorest.com\/sr\/ypnos-gold\/\",\"name\":\"It\u2019s Ypnos Gold Time! - Gevorest\",\"isPartOf\":{\"@id\":\"https:\/\/www.gevorest.com\/#website\"},\"datePublished\":\"2021-05-12T19:48:42+00:00\",\"dateModified\":\"2024-03-15T05:31:01+00:00\",\"breadcrumb\":{\"@id\":\"https:\/\/www.gevorest.com\/sr\/ypnos-gold\/#breadcrumb\"},\"inLanguage\":\"sr-RS\",\"potentialAction\":[{\"@type\":\"ReadAction\",\"target\":[\"https:\/\/www.gevorest.com\/sr\/ypnos-gold\/\"]}]},{\"@type\":\"BreadcrumbList\",\"@id\":\"https:\/\/www.gevorest.com\/sr\/ypnos-gold\/#breadcrumb\",\"itemListElement\":[{\"@type\":\"ListItem\",\"position\":1,\"name\":\"Home\",\"item\":\"https:\/\/www.gevorest.com\/sr\/\"},{\"@type\":\"ListItem\",\"position\":2,\"name\":\"It\u2019s Ypnos Gold Time!\"}]},{\"@type\":\"WebSite\",\"@id\":\"https:\/\/www.gevorest.com\/#website\",\"url\":\"https:\/\/www.gevorest.com\/\",\"name\":\"Gevorest\",\"description\":\"Serves the Quality of Sleep since 1967\",\"publisher\":{\"@id\":\"https:\/\/www.gevorest.com\/#organization\"},\"potentialAction\":[{\"@type\":\"SearchAction\",\"target\":{\"@type\":\"EntryPoint\",\"urlTemplate\":\"https:\/\/www.gevorest.com\/?s={search_term_string}\"},\"query-input\":{\"@type\":\"PropertyValueSpecification\",\"valueRequired\":true,\"valueName\":\"search_term_string\"}}],\"inLanguage\":\"sr-RS\"},{\"@type\":\"Organization\",\"@id\":\"https:\/\/www.gevorest.com\/#organization\",\"name\":\"Gevorest\",\"url\":\"https:\/\/www.gevorest.com\/\",\"logo\":{\"@type\":\"ImageObject\",\"inLanguage\":\"sr-RS\",\"@id\":\"https:\/\/www.gevorest.com\/#\/schema\/logo\/image\/\",\"url\":\"https:\/\/www.gevorest.com\/wp-content\/uploads\/2018\/06\/gevorest_logo_2018.png\",\"contentUrl\":\"https:\/\/www.gevorest.com\/wp-content\/uploads\/2018\/06\/gevorest_logo_2018.png\",\"width\":1282,\"height\":423,\"caption\":\"Gevorest\"},\"image\":{\"@id\":\"https:\/\/www.gevorest.com\/#\/schema\/logo\/image\/\"}}]}<\/script>\n<!-- \/ Yoast SEO plugin. -->","yoast_head_json":{"title":"It\u2019s Ypnos Gold Time! - Gevorest","robots":{"index":"index","follow":"follow","max-snippet":"max-snippet:-1","max-image-preview":"max-image-preview:large","max-video-preview":"max-video-preview:-1"},"canonical":"https:\/\/www.gevorest.com\/sr\/ypnos-gold\/","og_locale":"sr_RS","og_type":"article","og_title":"It\u2019s Ypnos Gold Time!","og_description":"[vc_row row_type=&#8221;row&#8221; use_row_as_full_screen_section=&#8221;no&#8221; type=&#8221;grid&#8221; angled_section=&#8221;no&#8221; text_align=&#8221;left&#8221; background_image_as_pattern=&#8221;without_pattern&#8221; padding_top=&#8221;20&#8243; padding_bottom=&#8221;0&#8243; css_animation=&#8221;&#8221;][vc_column width=&#8221;1\/2&#8243;][vc_separator type=&#8221;transparent&#8221; up=&#8221;21&#8243; down=&#8221;0&#8243;][vc_column_text] It\u2019s Ypnos Gold Time! [\/vc_column_text][vc_separator type=&#8221;transparent&#8221; up=&#8221;12&#8243; down=&#8221;0&#8243;][vc_column_text]Dizajn du\u0161eka je proces koji po\u010dinje dubokim prou\u010davanjem i razumevanjem na\u010dina na koji ga svako od nas koristi. Dizajn nije samo ukras, niti mora...","og_url":"https:\/\/www.gevorest.com\/sr\/ypnos-gold\/","og_site_name":"Gevorest","article_modified_time":"2024-03-15T05:31:01+00:00","og_image":[{"width":1201,"height":631,"url":"https:\/\/www.gevorest.com\/wp-content\/uploads\/2021\/05\/Website-630x1200-GREEKldpi-min.jpg","type":"image\/jpeg"}],"twitter_card":"summary_large_image","twitter_image":"https:\/\/www.gevorest.com\/wp-content\/uploads\/2021\/02\/IC21_sn_1200x630.jpg","twitter_misc":{"Est. reading time":"4 minutes"},"schema":{"@context":"https:\/\/schema.org","@graph":[{"@type":"WebPage","@id":"https:\/\/www.gevorest.com\/sr\/ypnos-gold\/","url":"https:\/\/www.gevorest.com\/sr\/ypnos-gold\/","name":"It\u2019s Ypnos Gold Time! - Gevorest","isPartOf":{"@id":"https:\/\/www.gevorest.com\/#website"},"datePublished":"2021-05-12T19:48:42+00:00","dateModified":"2024-03-15T05:31:01+00:00","breadcrumb":{"@id":"https:\/\/www.gevorest.com\/sr\/ypnos-gold\/#breadcrumb"},"inLanguage":"sr-RS","potentialAction":[{"@type":"ReadAction","target":["https:\/\/www.gevorest.com\/sr\/ypnos-gold\/"]}]},{"@type":"BreadcrumbList","@id":"https:\/\/www.gevorest.com\/sr\/ypnos-gold\/#breadcrumb","itemListElement":[{"@type":"ListItem","position":1,"name":"Home","item":"https:\/\/www.gevorest.com\/sr\/"},{"@type":"ListItem","position":2,"name":"It\u2019s Ypnos Gold Time!"}]},{"@type":"WebSite","@id":"https:\/\/www.gevorest.com\/#website","url":"https:\/\/www.gevorest.com\/","name":"Gevorest","description":"Serves the Quality of Sleep since 1967","publisher":{"@id":"https:\/\/www.gevorest.com\/#organization"},"potentialAction":[{"@type":"SearchAction","target":{"@type":"EntryPoint","urlTemplate":"https:\/\/www.gevorest.com\/?s={search_term_string}"},"query-input":{"@type":"PropertyValueSpecification","valueRequired":true,"valueName":"search_term_string"}}],"inLanguage":"sr-RS"},{"@type":"Organization","@id":"https:\/\/www.gevorest.com\/#organization","name":"Gevorest","url":"https:\/\/www.gevorest.com\/","logo":{"@type":"ImageObject","inLanguage":"sr-RS","@id":"https:\/\/www.gevorest.com\/#\/schema\/logo\/image\/","url":"https:\/\/www.gevorest.com\/wp-content\/uploads\/2018\/06\/gevorest_logo_2018.png","contentUrl":"https:\/\/www.gevorest.com\/wp-content\/uploads\/2018\/06\/gevorest_logo_2018.png","width":1282,"height":423,"caption":"Gevorest"},"image":{"@id":"https:\/\/www.gevorest.com\/#\/schema\/logo\/image\/"}}]}},"_links":{"self":[{"href":"https:\/\/www.gevorest.com\/sr\/wp-json\/wp\/v2\/pages\/22333","targetHints":{"allow":["GET"]}}],"collection":[{"href":"https:\/\/www.gevorest.com\/sr\/wp-json\/wp\/v2\/pages"}],"about":[{"href":"https:\/\/www.gevorest.com\/sr\/wp-json\/wp\/v2\/types\/page"}],"author":[{"embeddable":true,"href":"https:\/\/www.gevorest.com\/sr\/wp-json\/wp\/v2\/users\/1"}],"replies":[{"embeddable":true,"href":"https:\/\/www.gevorest.com\/sr\/wp-json\/wp\/v2\/comments?post=22333"}],"version-history":[{"count":0,"href":"https:\/\/www.gevorest.com\/sr\/wp-json\/wp\/v2\/pages\/22333\/revisions"}],"wp:attachment":[{"href":"https:\/\/www.gevorest.com\/sr\/wp-json\/wp\/v2\/media?parent=22333"}],"curies":[{"name":"wp","href":"https:\/\/api.w.org\/{rel}","templated":true}]}}