{"id":22337,"date":"2021-07-31T09:39:45","date_gmt":"2021-07-31T09:39:45","guid":{"rendered":"https:\/\/www.gevorest.com\/sr\/is-your-pillow-innocent\/"},"modified":"2025-03-17T20:46:52","modified_gmt":"2025-03-17T20:46:52","slug":"is-your-pillow-innocent","status":"publish","type":"page","link":"https:\/\/www.gevorest.com\/sr\/is-your-pillow-innocent\/","title":{"rendered":"\u0399s your pillow Innocent?"},"content":{"rendered":"<p>[vc_row row_type=&#8221;row&#8221; use_row_as_full_screen_section=&#8221;no&#8221; type=&#8221;grid&#8221; angled_section=&#8221;no&#8221; text_align=&#8221;left&#8221; background_image_as_pattern=&#8221;without_pattern&#8221; padding_top=&#8221;20&#8243; padding_bottom=&#8221;0&#8243; css_animation=&#8221;&#8221;][vc_column width=&#8221;1\/2&#8243;][vc_separator type=&#8221;transparent&#8221; up=&#8221;21&#8243; down=&#8221;0&#8243;][vc_column_text]<\/p>\n<h2 style=\"text-align: left;\" data-pm-slice=\"1 1 [&quot;bulletList&quot;,null,&quot;listItem&quot;,null]\">\u0399s your pillow Innocent?<\/h2>\n<p>[\/vc_column_text][vc_separator type=&#8221;transparent&#8221; up=&#8221;12&#8243; down=&#8221;0&#8243;][vc_column_text]<\/p>\n<p data-pm-slice=\"1 1 []\">Miran i zadovoljavajuc\u0301i san zavisi od mnogo faktora, ali nec\u0301ete se lako nac\u0301i u \u2019Morfeusovom\u2019 zagrljaju ako vam glava nije spu\u0161tena na odgovaraju\u0107i jastuk Innocent.<\/p>\n<p data-pm-slice=\"1 1 []\">U Gevorestu verujemo da nikada nec\u0301ete pronac\u0301i ono \u0161to je pravo za vas,<br \/>\nako ga prvo ne isprobate temeljno, naravno uz pomoc\u0301 Gevorest-ovih savetnika za dobar san !<\/p>\n<p>&nbsp;<\/p>\n<p data-pm-slice=\"1 1 []\">U na\u0161im centrima za dobar san nac\u0301i c\u0301ete mnogo razli\u010ditih tipova Innocent jastuka, kako biste izabrali pravi za vas. Na kraju krajeva, na\u0161 jedini cilj je da vam to obezbedimo, da u\u017eivate u savr\u0161enom snu. Zato u Gevorestu stalno ula\u017eemo u va\u0161e zdravlje i dobrobit, \u010dinec\u0301i va\u0161 odmor na\u0161im prvim prioritetom.<\/p>\n<p>[\/vc_column_text][vc_separator type=&#8221;transparent&#8221; up=&#8221;12&#8243; down=&#8221;0&#8243;][vc_separator type=&#8221;transparent&#8221; up=&#8221;12&#8243; down=&#8221;0&#8243;][vc_column_text]<\/p>\n<h4 style=\"text-align: left;\"><strong>Za\u0161tita jastuka i zdravlja<\/strong><\/h4>\n<p>[\/vc_column_text][vc_separator type=&#8221;transparent&#8221; up=&#8221;12&#8243; down=&#8221;0&#8243;][vc_column_text]<\/p>\n<p data-pm-slice=\"1 1 []\">Upotreba za\u0161titne navlake za jastuk se smatra neophodnom. \u0160titi od raznih izlu\u010devina, poput znoja ili pljuva\u010dke i istovremeno odr\u017eava jastuk \u010distim bez potrebe za \u010destim pranjem.<\/p>\n<p>[\/vc_column_text][vc_separator type=&#8221;transparent&#8221; up=&#8221;12&#8243; down=&#8221;0&#8243;][vc_separator type=&#8221;transparent&#8221; up=&#8221;12&#8243; down=&#8221;0&#8243;][vc_column_text]<\/p>\n<h4 style=\"text-align: left;\"><strong>Kriterijumi za izbor odgovarajuc\u0301eg jastuka<\/strong><\/h4>\n<p>[\/vc_column_text][vc_separator type=&#8221;transparent&#8221; up=&#8221;12&#8243; down=&#8221;0&#8243;][vc_column_text]<\/p>\n<ol>\n<li>Polo\u017eaj za spavanje u kojem obi\u010dno spavate<\/li>\n<li>Va\u0161 tip tela \u2013 tj. rastojanje izme\u0111u ramena i vrata<\/li>\n<li>Mekoc\u0301a du\u0161eka koji imate<\/li>\n<\/ol>\n<p>[\/vc_column_text][vc_separator type=&#8221;transparent&#8221; up=&#8221;12&#8243; down=&#8221;0&#8243;][vc_video link=&#8221;https:\/\/www.youtube.com\/watch?v=1uYQ_wD1BgA&#8221; align=&#8221;center&#8221;][\/vc_column][vc_column width=&#8221;1\/2&#8243;][vc_separator type=&#8221;transparent&#8221; up=&#8221;21&#8243; down=&#8221;0&#8243;][vc_row_inner row_type=&#8221;row&#8221; type=&#8221;full_width&#8221; text_align=&#8221;right&#8221; css_animation=&#8221;&#8221;][vc_column_inner][vc_column_text]<\/p>\n<h4 style=\"text-align: left;\"><strong>Kada treba da promenim jastuk?<\/strong><\/h4>\n<p>[\/vc_column_text][vc_separator type=&#8221;transparent&#8221; up=&#8221;10&#8243; down=&#8221;0&#8243;][\/vc_column_inner][\/vc_row_inner][vc_column_text]<\/p>\n<ol>\n<li style=\"list-style-type: none;\" data-pm-slice=\"1 1 []\">\n<ol>\n<li>Prilikom kupovine novog du\u0161eka. U zavisnosti od mekoc\u0301e novog du\u0161eka i polo\u017eaja za spavanje u kojem obi\u010dno spavamo,\u00a0 menja se rastojanje izme\u0111u ramena i vrata. U idealnom slu\u010daju, uz kupovinu novog du\u0161eka, biramo i odgovarajuc\u0301i jastuk, uvek nakon \u0161to ga detaljno testiramo.<\/li>\n<li>Kada osetimo bol u vratu, glavobolju ili utrnulost u rukama. \u010cesto se suo\u010davamo sa zdravstvenim problemima sa neprijatnim posledicama na na\u0161 svakodnevni li\u010dni i profesionalni \u017eivot. Neprikladan jastuk mo\u017ee pogor\u0161ati ili \u010dak stvoriti gore navedeno.<\/li>\n<li>Kad se vi\u0161e ne odmaramo. Vremenom i svakodnevnom upotrebom, materijali jastuka se kvare, ometajuc\u0301i na\u0161 san tokom noc\u0301i.<\/li>\n<li>Zaprljan je. Tokom noc\u0301i se jako znojimo i taj znoj se prenosi na jastuk i on postaje \u017eut.<\/li>\n<li>Ako vam lekar to preporu\u010di. Gastroezofagealna refluksna bolest je stanje koje poga\u0111a veliki broj ljudi, uglavnom starijih, gojaznih, \u017eena u trudnoc\u0301i, ali i mladih i dece. Innocent Breath je jedan od na\u0161ih Innocent jastuka koji je trouglasti, dizajniran tako da spre\u010di \u00a0komunikaciju\u00a0 \u017eeluda\u010dne kiseline sa jednjakom. Jastuci se \u00a0kontaminiraju \u00a0gljivicama.<\/li>\n<\/ol>\n<\/li>\n<\/ol>\n<p>&nbsp;<\/p>\n<p data-pm-slice=\"1 1 []\">Gljivice \u00a0koje pre\u017eivljavaju na jastucima se hrane \u00a0izmetom insekata koji \u017eive u pra\u0161ini i \u00a0ljuspicama ljudske ko\u017ee. Sa njima dakle, \u00a0svako ve\u010de delimo \u00a0na\u0161 jastuk, zbog \u010dega preporu\u010dujemo da menjate va\u0161 jastuk svake dve do tri godine najvi\u0161e.<\/p>\n<p>Ne potcenjujemo \u00a0intimni odnos koji svi imamo sa svojim jastukom \u2013 priznajemo ga&#8230;pla\u010demo \u00a0na njemu, grlimo ga. Va\u017eno je znati kada ga \u00a0treba menjati, a isto je va\u017eno, da kada ga menjamo, uzmemo onaj koji odgovara svakom od nas, temeljno ga testirajuc\u0301i.[\/vc_column_text][vc_separator type=&#8221;transparent&#8221; up=&#8221;12&#8243; down=&#8221;0&#8243;][vc_video link=&#8221;https:\/\/www.youtube.com\/watch?v=TgLnRVMOKeY&#8221; align=&#8221;center&#8221;][\/vc_column][\/vc_row][vc_row row_type=&#8221;row&#8221; use_row_as_full_screen_section=&#8221;no&#8221; type=&#8221;grid&#8221; angled_section=&#8221;no&#8221; text_align=&#8221;center&#8221; background_image_as_pattern=&#8221;without_pattern&#8221; css_animation=&#8221;&#8221;][vc_column][vc_separator type=&#8221;transparent&#8221; up=&#8221;25&#8243; down=&#8221;0&#8243;][vc_separator type=&#8221;transparent&#8221; up=&#8221;12&#8243; down=&#8221;0&#8243;]<a  itemprop=\"url\" href=\"https:\/\/www.gevorest.com\/en\/innocent-pillow-brochure\/\" target=\"_self\"  class=\"qbutton  large center white enlarge\" style=\"margin: 10px auto; \">IS YOUR PILLOW INNOCENT - BROCHURE<\/a>[vc_separator type=&#8221;transparent&#8221; up=&#8221;12&#8243; down=&#8221;0&#8243;]<a  itemprop=\"url\" href=\"https:\/\/www.gevorest.com\/sr\/pillows\/\" target=\"_self\"  class=\"qbutton  medium center white enlarge\" style=\"font-style: normal; font-weight: 400; margin: 10px auto; \">KOLEKCIJE JASTUCI<\/a>[vc_separator type=&#8221;transparent&#8221; up=&#8221;12&#8243; down=&#8221;0&#8243;][vc_separator type=&#8221;transparent&#8221; up=&#8221;12&#8243; down=&#8221;0&#8243;][\/vc_column][\/vc_row]<\/p>\n","protected":false},"excerpt":{"rendered":"<p>[vc_row row_type=&#8221;row&#8221; use_row_as_full_screen_section=&#8221;no&#8221; type=&#8221;grid&#8221; angled_section=&#8221;no&#8221; text_align=&#8221;left&#8221; background_image_as_pattern=&#8221;without_pattern&#8221; padding_top=&#8221;20&#8243; padding_bottom=&#8221;0&#8243; css_animation=&#8221;&#8221;][vc_column width=&#8221;1\/2&#8243;][vc_separator type=&#8221;transparent&#8221; up=&#8221;21&#8243; down=&#8221;0&#8243;][vc_column_text] \u0399s your pillow Innocent? [\/vc_column_text][vc_separator type=&#8221;transparent&#8221; up=&#8221;12&#8243; down=&#8221;0&#8243;][vc_column_text] Miran i zadovoljavajuc\u0301i san zavisi od mnogo faktora, ali nec\u0301ete se lako nac\u0301i u \u2019Morfeusovom\u2019 zagrljaju ako vam glava nije spu\u0161tena na odgovaraju\u0107i&#8230;<\/p>\n","protected":false},"author":1,"featured_media":0,"parent":0,"menu_order":0,"comment_status":"open","ping_status":"open","template":"full_width.php","meta":{"footnotes":""},"class_list":["post-22337","page","type-page","status-publish","hentry"],"yoast_head":"<!-- This site is optimized with the Yoast SEO plugin v27.2 - https:\/\/yoast.com\/product\/yoast-seo-wordpress\/ -->\n<title>\u0399s your pillow Innocent? - Gevorest<\/title>\n<meta name=\"robots\" content=\"index, follow, max-snippet:-1, max-image-preview:large, max-video-preview:-1\" \/>\n<link rel=\"canonical\" href=\"https:\/\/www.gevorest.com\/sr\/is-your-pillow-innocent\/\" \/>\n<meta property=\"og:locale\" content=\"sr_RS\" \/>\n<meta property=\"og:type\" content=\"article\" \/>\n<meta property=\"og:title\" content=\"\u0399s your pillow Innocent?\" \/>\n<meta property=\"og:description\" content=\"[vc_row row_type=&#8221;row&#8221; use_row_as_full_screen_section=&#8221;no&#8221; type=&#8221;grid&#8221; angled_section=&#8221;no&#8221; text_align=&#8221;left&#8221; background_image_as_pattern=&#8221;without_pattern&#8221; padding_top=&#8221;20&#8243; padding_bottom=&#8221;0&#8243; css_animation=&#8221;&#8221;][vc_column width=&#8221;1\/2&#8243;][vc_separator type=&#8221;transparent&#8221; up=&#8221;21&#8243; down=&#8221;0&#8243;][vc_column_text] \u0399s your pillow Innocent? [\/vc_column_text][vc_separator type=&#8221;transparent&#8221; up=&#8221;12&#8243; down=&#8221;0&#8243;][vc_column_text] Miran i zadovoljavajuc\u0301i san zavisi od mnogo faktora, ali nec\u0301ete se lako nac\u0301i u \u2019Morfeusovom\u2019 zagrljaju ako vam glava nije spu\u0161tena na odgovaraju\u0107i...\" \/>\n<meta property=\"og:url\" content=\"https:\/\/www.gevorest.com\/sr\/is-your-pillow-innocent\/\" \/>\n<meta property=\"og:site_name\" content=\"Gevorest\" \/>\n<meta property=\"article:modified_time\" content=\"2025-03-17T20:46:52+00:00\" \/>\n<meta property=\"og:image\" content=\"https:\/\/www.gevorest.com\/wp-content\/uploads\/2021\/08\/is_your_pillow_innocent_sn.jpg\" \/>\n\t<meta property=\"og:image:width\" content=\"1200\" \/>\n\t<meta property=\"og:image:height\" content=\"630\" \/>\n\t<meta property=\"og:image:type\" content=\"image\/jpeg\" \/>\n<meta name=\"twitter:card\" content=\"summary_large_image\" \/>\n<meta name=\"twitter:title\" content=\"\u0399s your pillow Innocent?\" \/>\n<meta name=\"twitter:image\" content=\"https:\/\/www.gevorest.com\/wp-content\/uploads\/2021\/08\/is_your_pillow_innocent_sn.jpg\" \/>\n<meta name=\"twitter:label1\" content=\"Est. reading time\" \/>\n\t<meta name=\"twitter:data1\" content=\"3 minutes\" \/>\n<script type=\"application\/ld+json\" class=\"yoast-schema-graph\">{\"@context\":\"https:\/\/schema.org\",\"@graph\":[{\"@type\":\"WebPage\",\"@id\":\"https:\/\/www.gevorest.com\/sr\/is-your-pillow-innocent\/\",\"url\":\"https:\/\/www.gevorest.com\/sr\/is-your-pillow-innocent\/\",\"name\":\"\u0399s your pillow Innocent? - Gevorest\",\"isPartOf\":{\"@id\":\"https:\/\/www.gevorest.com\/#website\"},\"datePublished\":\"2021-07-31T09:39:45+00:00\",\"dateModified\":\"2025-03-17T20:46:52+00:00\",\"breadcrumb\":{\"@id\":\"https:\/\/www.gevorest.com\/sr\/is-your-pillow-innocent\/#breadcrumb\"},\"inLanguage\":\"sr-RS\",\"potentialAction\":[{\"@type\":\"ReadAction\",\"target\":[\"https:\/\/www.gevorest.com\/sr\/is-your-pillow-innocent\/\"]}]},{\"@type\":\"BreadcrumbList\",\"@id\":\"https:\/\/www.gevorest.com\/sr\/is-your-pillow-innocent\/#breadcrumb\",\"itemListElement\":[{\"@type\":\"ListItem\",\"position\":1,\"name\":\"Home\",\"item\":\"https:\/\/www.gevorest.com\/sr\/\"},{\"@type\":\"ListItem\",\"position\":2,\"name\":\"\u0399s your pillow Innocent?\"}]},{\"@type\":\"WebSite\",\"@id\":\"https:\/\/www.gevorest.com\/#website\",\"url\":\"https:\/\/www.gevorest.com\/\",\"name\":\"Gevorest\",\"description\":\"Serves the Quality of Sleep since 1967\",\"publisher\":{\"@id\":\"https:\/\/www.gevorest.com\/#organization\"},\"potentialAction\":[{\"@type\":\"SearchAction\",\"target\":{\"@type\":\"EntryPoint\",\"urlTemplate\":\"https:\/\/www.gevorest.com\/?s={search_term_string}\"},\"query-input\":{\"@type\":\"PropertyValueSpecification\",\"valueRequired\":true,\"valueName\":\"search_term_string\"}}],\"inLanguage\":\"sr-RS\"},{\"@type\":\"Organization\",\"@id\":\"https:\/\/www.gevorest.com\/#organization\",\"name\":\"Gevorest\",\"url\":\"https:\/\/www.gevorest.com\/\",\"logo\":{\"@type\":\"ImageObject\",\"inLanguage\":\"sr-RS\",\"@id\":\"https:\/\/www.gevorest.com\/#\/schema\/logo\/image\/\",\"url\":\"https:\/\/www.gevorest.com\/wp-content\/uploads\/2018\/06\/gevorest_logo_2018.png\",\"contentUrl\":\"https:\/\/www.gevorest.com\/wp-content\/uploads\/2018\/06\/gevorest_logo_2018.png\",\"width\":1282,\"height\":423,\"caption\":\"Gevorest\"},\"image\":{\"@id\":\"https:\/\/www.gevorest.com\/#\/schema\/logo\/image\/\"}}]}<\/script>\n<!-- \/ Yoast SEO plugin. -->","yoast_head_json":{"title":"\u0399s your pillow Innocent? - Gevorest","robots":{"index":"index","follow":"follow","max-snippet":"max-snippet:-1","max-image-preview":"max-image-preview:large","max-video-preview":"max-video-preview:-1"},"canonical":"https:\/\/www.gevorest.com\/sr\/is-your-pillow-innocent\/","og_locale":"sr_RS","og_type":"article","og_title":"\u0399s your pillow Innocent?","og_description":"[vc_row row_type=&#8221;row&#8221; use_row_as_full_screen_section=&#8221;no&#8221; type=&#8221;grid&#8221; angled_section=&#8221;no&#8221; text_align=&#8221;left&#8221; background_image_as_pattern=&#8221;without_pattern&#8221; padding_top=&#8221;20&#8243; padding_bottom=&#8221;0&#8243; css_animation=&#8221;&#8221;][vc_column width=&#8221;1\/2&#8243;][vc_separator type=&#8221;transparent&#8221; up=&#8221;21&#8243; down=&#8221;0&#8243;][vc_column_text] \u0399s your pillow Innocent? [\/vc_column_text][vc_separator type=&#8221;transparent&#8221; up=&#8221;12&#8243; down=&#8221;0&#8243;][vc_column_text] Miran i zadovoljavajuc\u0301i san zavisi od mnogo faktora, ali nec\u0301ete se lako nac\u0301i u \u2019Morfeusovom\u2019 zagrljaju ako vam glava nije spu\u0161tena na odgovaraju\u0107i...","og_url":"https:\/\/www.gevorest.com\/sr\/is-your-pillow-innocent\/","og_site_name":"Gevorest","article_modified_time":"2025-03-17T20:46:52+00:00","og_image":[{"width":1200,"height":630,"url":"https:\/\/www.gevorest.com\/wp-content\/uploads\/2021\/08\/is_your_pillow_innocent_sn.jpg","type":"image\/jpeg"}],"twitter_card":"summary_large_image","twitter_title":"\u0399s your pillow Innocent?","twitter_image":"https:\/\/www.gevorest.com\/wp-content\/uploads\/2021\/08\/is_your_pillow_innocent_sn.jpg","twitter_misc":{"Est. reading time":"3 minutes"},"schema":{"@context":"https:\/\/schema.org","@graph":[{"@type":"WebPage","@id":"https:\/\/www.gevorest.com\/sr\/is-your-pillow-innocent\/","url":"https:\/\/www.gevorest.com\/sr\/is-your-pillow-innocent\/","name":"\u0399s your pillow Innocent? - Gevorest","isPartOf":{"@id":"https:\/\/www.gevorest.com\/#website"},"datePublished":"2021-07-31T09:39:45+00:00","dateModified":"2025-03-17T20:46:52+00:00","breadcrumb":{"@id":"https:\/\/www.gevorest.com\/sr\/is-your-pillow-innocent\/#breadcrumb"},"inLanguage":"sr-RS","potentialAction":[{"@type":"ReadAction","target":["https:\/\/www.gevorest.com\/sr\/is-your-pillow-innocent\/"]}]},{"@type":"BreadcrumbList","@id":"https:\/\/www.gevorest.com\/sr\/is-your-pillow-innocent\/#breadcrumb","itemListElement":[{"@type":"ListItem","position":1,"name":"Home","item":"https:\/\/www.gevorest.com\/sr\/"},{"@type":"ListItem","position":2,"name":"\u0399s your pillow Innocent?"}]},{"@type":"WebSite","@id":"https:\/\/www.gevorest.com\/#website","url":"https:\/\/www.gevorest.com\/","name":"Gevorest","description":"Serves the Quality of Sleep since 1967","publisher":{"@id":"https:\/\/www.gevorest.com\/#organization"},"potentialAction":[{"@type":"SearchAction","target":{"@type":"EntryPoint","urlTemplate":"https:\/\/www.gevorest.com\/?s={search_term_string}"},"query-input":{"@type":"PropertyValueSpecification","valueRequired":true,"valueName":"search_term_string"}}],"inLanguage":"sr-RS"},{"@type":"Organization","@id":"https:\/\/www.gevorest.com\/#organization","name":"Gevorest","url":"https:\/\/www.gevorest.com\/","logo":{"@type":"ImageObject","inLanguage":"sr-RS","@id":"https:\/\/www.gevorest.com\/#\/schema\/logo\/image\/","url":"https:\/\/www.gevorest.com\/wp-content\/uploads\/2018\/06\/gevorest_logo_2018.png","contentUrl":"https:\/\/www.gevorest.com\/wp-content\/uploads\/2018\/06\/gevorest_logo_2018.png","width":1282,"height":423,"caption":"Gevorest"},"image":{"@id":"https:\/\/www.gevorest.com\/#\/schema\/logo\/image\/"}}]}},"_links":{"self":[{"href":"https:\/\/www.gevorest.com\/sr\/wp-json\/wp\/v2\/pages\/22337","targetHints":{"allow":["GET"]}}],"collection":[{"href":"https:\/\/www.gevorest.com\/sr\/wp-json\/wp\/v2\/pages"}],"about":[{"href":"https:\/\/www.gevorest.com\/sr\/wp-json\/wp\/v2\/types\/page"}],"author":[{"embeddable":true,"href":"https:\/\/www.gevorest.com\/sr\/wp-json\/wp\/v2\/users\/1"}],"replies":[{"embeddable":true,"href":"https:\/\/www.gevorest.com\/sr\/wp-json\/wp\/v2\/comments?post=22337"}],"version-history":[{"count":0,"href":"https:\/\/www.gevorest.com\/sr\/wp-json\/wp\/v2\/pages\/22337\/revisions"}],"wp:attachment":[{"href":"https:\/\/www.gevorest.com\/sr\/wp-json\/wp\/v2\/media?parent=22337"}],"curies":[{"name":"wp","href":"https:\/\/api.w.org\/{rel}","templated":true}]}}