{"id":22350,"date":"2020-10-12T18:54:18","date_gmt":"2020-10-12T18:54:18","guid":{"rendered":"https:\/\/www.gevorest.com\/sr\/useful-information\/"},"modified":"2023-11-22T17:59:57","modified_gmt":"2023-11-22T17:59:57","slug":"useful-information","status":"publish","type":"page","link":"https:\/\/www.gevorest.com\/sr\/useful-information\/","title":{"rendered":"Useful Information"},"content":{"rendered":"<h2><span lang=\"EN-US\" style=\"text-transform: uppercase;\">KORISNE INFORMACIJE<\/span><\/h2>\n<p>&nbsp;<\/p>\n<h4>a) <strong>Kako mogu da izmerim dimenzije du\u0161eka?<\/strong><\/h4>\n<p>Dimenzije du\u0161eka uvek merimo, za du\u017einu i \u0161irinu, od \u0161ava ivice u cm (slika 1)<\/p>\n<p><a href=\"https:\/\/www.gevorest.com\/wp-content\/uploads\/2023\/07\/Bed-diagrams-04-english-01.png\"><img loading=\"lazy\" decoding=\"async\" class=\"alignnone wp-image-21652 size-full\" src=\"https:\/\/www.gevorest.com\/wp-content\/uploads\/2023\/07\/Bed-diagrams-04-english-01.png\" alt=\"\" width=\"1119\" height=\"654\" srcset=\"https:\/\/www.gevorest.com\/wp-content\/uploads\/2023\/07\/Bed-diagrams-04-english-01.png 1119w, https:\/\/www.gevorest.com\/wp-content\/uploads\/2023\/07\/Bed-diagrams-04-english-01-300x175.png 300w, https:\/\/www.gevorest.com\/wp-content\/uploads\/2023\/07\/Bed-diagrams-04-english-01-1024x598.png 1024w, https:\/\/www.gevorest.com\/wp-content\/uploads\/2023\/07\/Bed-diagrams-04-english-01-768x449.png 768w, https:\/\/www.gevorest.com\/wp-content\/uploads\/2023\/07\/Bed-diagrams-04-english-01-700x409.png 700w\" sizes=\"auto, (max-width: 1119px) 100vw, 1119px\" \/><\/a><\/p>\n<h4><strong>b) <\/strong>Kako mogu da izmerim visinu du\u0161eka?<\/h4>\n<p>Uputstvo: Uzmite jedan mali pravougaonik od drveta ili metala koji se obi\u010dno koristi za crtanje pravih linija i postavite ga po \u0161irini du\u0161eka. Uzmite metar ili lenjir i izmerite visinu du\u0161eka od \u0161ava ivice \u00a0na bazi do pravougaonog lenjira od drveta ili metala koji ste postavili po\u00a0 \u0161irini du\u0161eka, da biste prona\u0161li kona\u010dnu visinu (slika 2) . Veoma je va\u017eno da se merenje obavi 8-10 sati nakon poslednje upotrebe du\u0161eka.<\/p>\n<p><a href=\"https:\/\/www.gevorest.com\/wp-content\/uploads\/2023\/07\/Bed-diagrams-03-english-01.png\"><img loading=\"lazy\" decoding=\"async\" class=\"alignnone wp-image-21651 size-full\" src=\"https:\/\/www.gevorest.com\/wp-content\/uploads\/2023\/07\/Bed-diagrams-03-english-01.png\" alt=\"\" width=\"1119\" height=\"654\" srcset=\"https:\/\/www.gevorest.com\/wp-content\/uploads\/2023\/07\/Bed-diagrams-03-english-01.png 1119w, https:\/\/www.gevorest.com\/wp-content\/uploads\/2023\/07\/Bed-diagrams-03-english-01-300x175.png 300w, https:\/\/www.gevorest.com\/wp-content\/uploads\/2023\/07\/Bed-diagrams-03-english-01-1024x598.png 1024w, https:\/\/www.gevorest.com\/wp-content\/uploads\/2023\/07\/Bed-diagrams-03-english-01-768x449.png 768w, https:\/\/www.gevorest.com\/wp-content\/uploads\/2023\/07\/Bed-diagrams-03-english-01-700x409.png 700w\" sizes=\"auto, (max-width: 1119px) 100vw, 1119px\" \/><\/a><\/p>\n<p><strong>c) Merenje vidnog trajnog sleganja povr\u0161ine du\u0161eka preko 2 cm (slika 3).<\/strong><\/p>\n<p>Uputstvo: Uzmite jedan mali pravougaonik od drveta ili metala koji se obi\u010dno koristi za crtanje pravih linija \u00a0i postavite ga\u00a0 po \u0161irini du\u0161eka. Uzmite metar ili lenjir i ne pritiskajuc\u0301i ga na du\u0161ek, izmerite razmak sleganja \u00a0da se utvrdi da li je preko 2 cm.Veoma je va\u017eno da se merenje obavi 8 sati nakon poslednje upotrebe du\u0161eka. U slu\u010daju sleganja preko 2 cm, treba proveriti prikladnost osnove du\u0161eka prema dijagramu 4.<\/p>\n<p><a href=\"https:\/\/www.gevorest.com\/wp-content\/uploads\/2023\/07\/Bed-diagrams-06.png\"><img loading=\"lazy\" decoding=\"async\" class=\"alignnone wp-image-21627 size-full\" src=\"https:\/\/www.gevorest.com\/wp-content\/uploads\/2023\/07\/Bed-diagrams-06.png\" alt=\"\" width=\"1493\" height=\"654\" srcset=\"https:\/\/www.gevorest.com\/wp-content\/uploads\/2023\/07\/Bed-diagrams-06.png 1493w, https:\/\/www.gevorest.com\/wp-content\/uploads\/2023\/07\/Bed-diagrams-06-300x131.png 300w, https:\/\/www.gevorest.com\/wp-content\/uploads\/2023\/07\/Bed-diagrams-06-1024x449.png 1024w, https:\/\/www.gevorest.com\/wp-content\/uploads\/2023\/07\/Bed-diagrams-06-768x336.png 768w, https:\/\/www.gevorest.com\/wp-content\/uploads\/2023\/07\/Bed-diagrams-06-700x307.png 700w\" sizes=\"auto, (max-width: 1493px) 100vw, 1493px\" \/><\/a><\/p>\n<p>&nbsp;<\/p>\n<p>&nbsp;<\/p>\n<p><strong>d) Uverite se da je va\u0161a osnova jedna cela ravna povr\u0161ina (slika 4)<\/strong><\/p>\n<p>Proverili ste bazu du\u0161eka. Uverite se da je osnova cela ravna povr\u0161ina i da je stabilna tako da ne izobli\u010di potporne materijale \u0161to uzrokuje probleme u funkcija du\u0161eka.<\/p>\n<p><a href=\"https:\/\/www.gevorest.com\/wp-content\/uploads\/2023\/07\/Bed-diagrams-01.png\"><img loading=\"lazy\" decoding=\"async\" class=\"alignnone wp-image-21628 size-full\" src=\"https:\/\/www.gevorest.com\/wp-content\/uploads\/2023\/07\/Bed-diagrams-01.png\" alt=\"\" width=\"1119\" height=\"654\" srcset=\"https:\/\/www.gevorest.com\/wp-content\/uploads\/2023\/07\/Bed-diagrams-01.png 1119w, https:\/\/www.gevorest.com\/wp-content\/uploads\/2023\/07\/Bed-diagrams-01-300x175.png 300w, https:\/\/www.gevorest.com\/wp-content\/uploads\/2023\/07\/Bed-diagrams-01-1024x598.png 1024w, https:\/\/www.gevorest.com\/wp-content\/uploads\/2023\/07\/Bed-diagrams-01-768x449.png 768w, https:\/\/www.gevorest.com\/wp-content\/uploads\/2023\/07\/Bed-diagrams-01-700x409.png 700w\" sizes=\"auto, (max-width: 1119px) 100vw, 1119px\" \/><\/a><\/p>\n<p><a href=\"https:\/\/www.gevorest.com\/wp-content\/uploads\/2023\/07\/Bed-diagrams-02.png\"><img loading=\"lazy\" decoding=\"async\" class=\"alignnone wp-image-21629 size-full\" src=\"https:\/\/www.gevorest.com\/wp-content\/uploads\/2023\/07\/Bed-diagrams-02.png\" alt=\"\" width=\"1119\" height=\"654\" srcset=\"https:\/\/www.gevorest.com\/wp-content\/uploads\/2023\/07\/Bed-diagrams-02.png 1119w, https:\/\/www.gevorest.com\/wp-content\/uploads\/2023\/07\/Bed-diagrams-02-300x175.png 300w, https:\/\/www.gevorest.com\/wp-content\/uploads\/2023\/07\/Bed-diagrams-02-1024x598.png 1024w, https:\/\/www.gevorest.com\/wp-content\/uploads\/2023\/07\/Bed-diagrams-02-768x449.png 768w, https:\/\/www.gevorest.com\/wp-content\/uploads\/2023\/07\/Bed-diagrams-02-700x409.png 700w\" sizes=\"auto, (max-width: 1119px) 100vw, 1119px\" \/><\/a><\/p>\n<p>&nbsp;<\/p>\n<h4><strong>e) Uverite se da koristite pravi jastuk za svoj du\u0161ek (slika 5)<\/strong><\/h4>\n<p>Kada je du\u0161ek mekan, uranjanje tela je vec\u0301e. U ovom slu\u010daju, rastojanje izme\u0111u ramena i vrata se smanjuje, tako da jastuk mora biti nizak. Kada je du\u0161ek \u00a0srednje\u00a0 tvrd do tvrd, uranjanje \u00a0je manje . U ovom slu\u010daju je prikladniji visok jastuk.<\/p>\n<p><a href=\"https:\/\/www.gevorest.com\/wp-content\/uploads\/2023\/07\/\u03a3\u03c7\u03b5\u03b4\u03b9\u03b1\u03b3\u03c1\u03ac\u03bc\u03bc\u03b1\u03c4\u03b1-English.png\"><img loading=\"lazy\" decoding=\"async\" class=\"alignnone wp-image-21650 size-full\" src=\"https:\/\/www.gevorest.com\/wp-content\/uploads\/2023\/07\/\u03a3\u03c7\u03b5\u03b4\u03b9\u03b1\u03b3\u03c1\u03ac\u03bc\u03bc\u03b1\u03c4\u03b1-English.png\" alt=\"\" width=\"975\" height=\"1180\" srcset=\"https:\/\/www.gevorest.com\/wp-content\/uploads\/2023\/07\/\u03a3\u03c7\u03b5\u03b4\u03b9\u03b1\u03b3\u03c1\u03ac\u03bc\u03bc\u03b1\u03c4\u03b1-English.png 975w, https:\/\/www.gevorest.com\/wp-content\/uploads\/2023\/07\/\u03a3\u03c7\u03b5\u03b4\u03b9\u03b1\u03b3\u03c1\u03ac\u03bc\u03bc\u03b1\u03c4\u03b1-English-248x300.png 248w, https:\/\/www.gevorest.com\/wp-content\/uploads\/2023\/07\/\u03a3\u03c7\u03b5\u03b4\u03b9\u03b1\u03b3\u03c1\u03ac\u03bc\u03bc\u03b1\u03c4\u03b1-English-846x1024.png 846w, https:\/\/www.gevorest.com\/wp-content\/uploads\/2023\/07\/\u03a3\u03c7\u03b5\u03b4\u03b9\u03b1\u03b3\u03c1\u03ac\u03bc\u03bc\u03b1\u03c4\u03b1-English-768x929.png 768w, https:\/\/www.gevorest.com\/wp-content\/uploads\/2023\/07\/\u03a3\u03c7\u03b5\u03b4\u03b9\u03b1\u03b3\u03c1\u03ac\u03bc\u03bc\u03b1\u03c4\u03b1-English-700x847.png 700w\" sizes=\"auto, (max-width: 975px) 100vw, 975px\" \/><\/a><\/p>\n<p>&nbsp;<\/p>\n<p>&nbsp;<\/p>\n","protected":false},"excerpt":{"rendered":"<p>KORISNE INFORMACIJE &nbsp; a) Kako mogu da izmerim dimenzije du\u0161eka? Dimenzije du\u0161eka uvek merimo, za du\u017einu i \u0161irinu, od \u0161ava ivice u cm (slika 1) b) Kako mogu da izmerim visinu du\u0161eka? Uputstvo: Uzmite jedan mali pravougaonik od drveta ili metala koji se obi\u010dno koristi&#8230;<\/p>\n","protected":false},"author":1,"featured_media":0,"parent":0,"menu_order":0,"comment_status":"closed","ping_status":"closed","template":"","meta":{"footnotes":""},"class_list":["post-22350","page","type-page","status-publish","hentry"],"yoast_head":"<!-- This site is optimized with the Yoast SEO plugin v27.2 - https:\/\/yoast.com\/product\/yoast-seo-wordpress\/ -->\n<title>Useful Information - Gevorest<\/title>\n<meta name=\"robots\" content=\"index, follow, max-snippet:-1, max-image-preview:large, max-video-preview:-1\" \/>\n<link rel=\"canonical\" href=\"https:\/\/www.gevorest.com\/sr\/useful-information\/\" \/>\n<meta property=\"og:locale\" content=\"sr_RS\" \/>\n<meta property=\"og:type\" content=\"article\" \/>\n<meta property=\"og:title\" content=\"Useful Information - Gevorest\" \/>\n<meta property=\"og:description\" content=\"KORISNE INFORMACIJE &nbsp; a) Kako mogu da izmerim dimenzije du\u0161eka? Dimenzije du\u0161eka uvek merimo, za du\u017einu i \u0161irinu, od \u0161ava ivice u cm (slika 1) b) Kako mogu da izmerim visinu du\u0161eka? Uputstvo: Uzmite jedan mali pravougaonik od drveta ili metala koji se obi\u010dno koristi...\" \/>\n<meta property=\"og:url\" content=\"https:\/\/www.gevorest.com\/sr\/useful-information\/\" \/>\n<meta property=\"og:site_name\" content=\"Gevorest\" \/>\n<meta property=\"article:modified_time\" content=\"2023-11-22T17:59:57+00:00\" \/>\n<meta property=\"og:image\" content=\"https:\/\/www.gevorest.com\/wp-content\/uploads\/2023\/07\/Bed-diagrams-04-english-01.png\" \/>\n<meta name=\"twitter:card\" content=\"summary_large_image\" \/>\n<meta name=\"twitter:label1\" content=\"Est. reading time\" \/>\n\t<meta name=\"twitter:data1\" content=\"4 minutes\" \/>\n<script type=\"application\/ld+json\" class=\"yoast-schema-graph\">{\"@context\":\"https:\/\/schema.org\",\"@graph\":[{\"@type\":\"WebPage\",\"@id\":\"https:\/\/www.gevorest.com\/sr\/useful-information\/\",\"url\":\"https:\/\/www.gevorest.com\/sr\/useful-information\/\",\"name\":\"Useful Information - Gevorest\",\"isPartOf\":{\"@id\":\"https:\/\/www.gevorest.com\/#website\"},\"primaryImageOfPage\":{\"@id\":\"https:\/\/www.gevorest.com\/sr\/useful-information\/#primaryimage\"},\"image\":{\"@id\":\"https:\/\/www.gevorest.com\/sr\/useful-information\/#primaryimage\"},\"thumbnailUrl\":\"https:\/\/www.gevorest.com\/wp-content\/uploads\/2023\/07\/Bed-diagrams-04-english-01.png\",\"datePublished\":\"2020-10-12T18:54:18+00:00\",\"dateModified\":\"2023-11-22T17:59:57+00:00\",\"breadcrumb\":{\"@id\":\"https:\/\/www.gevorest.com\/sr\/useful-information\/#breadcrumb\"},\"inLanguage\":\"sr-RS\",\"potentialAction\":[{\"@type\":\"ReadAction\",\"target\":[\"https:\/\/www.gevorest.com\/sr\/useful-information\/\"]}]},{\"@type\":\"ImageObject\",\"inLanguage\":\"sr-RS\",\"@id\":\"https:\/\/www.gevorest.com\/sr\/useful-information\/#primaryimage\",\"url\":\"https:\/\/www.gevorest.com\/wp-content\/uploads\/2023\/07\/Bed-diagrams-04-english-01.png\",\"contentUrl\":\"https:\/\/www.gevorest.com\/wp-content\/uploads\/2023\/07\/Bed-diagrams-04-english-01.png\"},{\"@type\":\"BreadcrumbList\",\"@id\":\"https:\/\/www.gevorest.com\/sr\/useful-information\/#breadcrumb\",\"itemListElement\":[{\"@type\":\"ListItem\",\"position\":1,\"name\":\"Home\",\"item\":\"https:\/\/www.gevorest.com\/sr\/\"},{\"@type\":\"ListItem\",\"position\":2,\"name\":\"Useful Information\"}]},{\"@type\":\"WebSite\",\"@id\":\"https:\/\/www.gevorest.com\/#website\",\"url\":\"https:\/\/www.gevorest.com\/\",\"name\":\"Gevorest\",\"description\":\"Serves the Quality of Sleep since 1967\",\"publisher\":{\"@id\":\"https:\/\/www.gevorest.com\/#organization\"},\"potentialAction\":[{\"@type\":\"SearchAction\",\"target\":{\"@type\":\"EntryPoint\",\"urlTemplate\":\"https:\/\/www.gevorest.com\/?s={search_term_string}\"},\"query-input\":{\"@type\":\"PropertyValueSpecification\",\"valueRequired\":true,\"valueName\":\"search_term_string\"}}],\"inLanguage\":\"sr-RS\"},{\"@type\":\"Organization\",\"@id\":\"https:\/\/www.gevorest.com\/#organization\",\"name\":\"Gevorest\",\"url\":\"https:\/\/www.gevorest.com\/\",\"logo\":{\"@type\":\"ImageObject\",\"inLanguage\":\"sr-RS\",\"@id\":\"https:\/\/www.gevorest.com\/#\/schema\/logo\/image\/\",\"url\":\"https:\/\/www.gevorest.com\/wp-content\/uploads\/2018\/06\/gevorest_logo_2018.png\",\"contentUrl\":\"https:\/\/www.gevorest.com\/wp-content\/uploads\/2018\/06\/gevorest_logo_2018.png\",\"width\":1282,\"height\":423,\"caption\":\"Gevorest\"},\"image\":{\"@id\":\"https:\/\/www.gevorest.com\/#\/schema\/logo\/image\/\"}}]}<\/script>\n<!-- \/ Yoast SEO plugin. -->","yoast_head_json":{"title":"Useful Information - Gevorest","robots":{"index":"index","follow":"follow","max-snippet":"max-snippet:-1","max-image-preview":"max-image-preview:large","max-video-preview":"max-video-preview:-1"},"canonical":"https:\/\/www.gevorest.com\/sr\/useful-information\/","og_locale":"sr_RS","og_type":"article","og_title":"Useful Information - Gevorest","og_description":"KORISNE INFORMACIJE &nbsp; a) Kako mogu da izmerim dimenzije du\u0161eka? Dimenzije du\u0161eka uvek merimo, za du\u017einu i \u0161irinu, od \u0161ava ivice u cm (slika 1) b) Kako mogu da izmerim visinu du\u0161eka? Uputstvo: Uzmite jedan mali pravougaonik od drveta ili metala koji se obi\u010dno koristi...","og_url":"https:\/\/www.gevorest.com\/sr\/useful-information\/","og_site_name":"Gevorest","article_modified_time":"2023-11-22T17:59:57+00:00","og_image":[{"url":"https:\/\/www.gevorest.com\/wp-content\/uploads\/2023\/07\/Bed-diagrams-04-english-01.png","type":"","width":"","height":""}],"twitter_card":"summary_large_image","twitter_misc":{"Est. reading time":"4 minutes"},"schema":{"@context":"https:\/\/schema.org","@graph":[{"@type":"WebPage","@id":"https:\/\/www.gevorest.com\/sr\/useful-information\/","url":"https:\/\/www.gevorest.com\/sr\/useful-information\/","name":"Useful Information - Gevorest","isPartOf":{"@id":"https:\/\/www.gevorest.com\/#website"},"primaryImageOfPage":{"@id":"https:\/\/www.gevorest.com\/sr\/useful-information\/#primaryimage"},"image":{"@id":"https:\/\/www.gevorest.com\/sr\/useful-information\/#primaryimage"},"thumbnailUrl":"https:\/\/www.gevorest.com\/wp-content\/uploads\/2023\/07\/Bed-diagrams-04-english-01.png","datePublished":"2020-10-12T18:54:18+00:00","dateModified":"2023-11-22T17:59:57+00:00","breadcrumb":{"@id":"https:\/\/www.gevorest.com\/sr\/useful-information\/#breadcrumb"},"inLanguage":"sr-RS","potentialAction":[{"@type":"ReadAction","target":["https:\/\/www.gevorest.com\/sr\/useful-information\/"]}]},{"@type":"ImageObject","inLanguage":"sr-RS","@id":"https:\/\/www.gevorest.com\/sr\/useful-information\/#primaryimage","url":"https:\/\/www.gevorest.com\/wp-content\/uploads\/2023\/07\/Bed-diagrams-04-english-01.png","contentUrl":"https:\/\/www.gevorest.com\/wp-content\/uploads\/2023\/07\/Bed-diagrams-04-english-01.png"},{"@type":"BreadcrumbList","@id":"https:\/\/www.gevorest.com\/sr\/useful-information\/#breadcrumb","itemListElement":[{"@type":"ListItem","position":1,"name":"Home","item":"https:\/\/www.gevorest.com\/sr\/"},{"@type":"ListItem","position":2,"name":"Useful Information"}]},{"@type":"WebSite","@id":"https:\/\/www.gevorest.com\/#website","url":"https:\/\/www.gevorest.com\/","name":"Gevorest","description":"Serves the Quality of Sleep since 1967","publisher":{"@id":"https:\/\/www.gevorest.com\/#organization"},"potentialAction":[{"@type":"SearchAction","target":{"@type":"EntryPoint","urlTemplate":"https:\/\/www.gevorest.com\/?s={search_term_string}"},"query-input":{"@type":"PropertyValueSpecification","valueRequired":true,"valueName":"search_term_string"}}],"inLanguage":"sr-RS"},{"@type":"Organization","@id":"https:\/\/www.gevorest.com\/#organization","name":"Gevorest","url":"https:\/\/www.gevorest.com\/","logo":{"@type":"ImageObject","inLanguage":"sr-RS","@id":"https:\/\/www.gevorest.com\/#\/schema\/logo\/image\/","url":"https:\/\/www.gevorest.com\/wp-content\/uploads\/2018\/06\/gevorest_logo_2018.png","contentUrl":"https:\/\/www.gevorest.com\/wp-content\/uploads\/2018\/06\/gevorest_logo_2018.png","width":1282,"height":423,"caption":"Gevorest"},"image":{"@id":"https:\/\/www.gevorest.com\/#\/schema\/logo\/image\/"}}]}},"_links":{"self":[{"href":"https:\/\/www.gevorest.com\/sr\/wp-json\/wp\/v2\/pages\/22350","targetHints":{"allow":["GET"]}}],"collection":[{"href":"https:\/\/www.gevorest.com\/sr\/wp-json\/wp\/v2\/pages"}],"about":[{"href":"https:\/\/www.gevorest.com\/sr\/wp-json\/wp\/v2\/types\/page"}],"author":[{"embeddable":true,"href":"https:\/\/www.gevorest.com\/sr\/wp-json\/wp\/v2\/users\/1"}],"replies":[{"embeddable":true,"href":"https:\/\/www.gevorest.com\/sr\/wp-json\/wp\/v2\/comments?post=22350"}],"version-history":[{"count":0,"href":"https:\/\/www.gevorest.com\/sr\/wp-json\/wp\/v2\/pages\/22350\/revisions"}],"wp:attachment":[{"href":"https:\/\/www.gevorest.com\/sr\/wp-json\/wp\/v2\/media?parent=22350"}],"curies":[{"name":"wp","href":"https:\/\/api.w.org\/{rel}","templated":true}]}}