{"id":22354,"date":"2020-10-12T17:30:38","date_gmt":"2020-10-12T17:30:38","guid":{"rendered":"https:\/\/www.gevorest.com\/sr\/instructions-for-products-care-proper-use\/"},"modified":"2023-11-22T18:10:20","modified_gmt":"2023-11-22T18:10:20","slug":"instructions-for-products-care-proper-use","status":"publish","type":"page","link":"https:\/\/www.gevorest.com\/sr\/instructions-for-products-care-proper-use\/","title":{"rendered":"UPUTSTVA ZA ODR\u017dAVANJE PROIZVODA &#038; PRAVILNU UPOTREBU"},"content":{"rendered":"<h2>ODR\u017dAVANJE PROIZVODA: PRE NJIHOVE UPOTREBE I ZA VREME NJIHOVE UPOTREBE PRVI PUT<\/h2>\n<p>Uklonite najlon za pakovanje sa proizvoda kako biste izbegli vlagu, u naredna \u010detiri sata od trenutka isporuke. Preporu\u010duje se, kao kod svih novih proizvoda 2-3 dana pre njihove upotrebe i za vreme njihove upotrebe, provetravanje. Svi novi materijali imaju svoj miris koji postepeno nestaje.<br \/>\nUverite se da je prostor gde c\u0301e proizvod biti postavljen, bez vlage i bu\u0111i, dovoljno provetren da bi se uklonili svi postojec\u0301i mirisi. U slu\u010daju ako je potrebna bilo kakva popravka ili farbanje prostorije, preporu\u010duje se da se to uradi pre isporuke proizvoda.Na\u0161em novom du\u0161eku je potreban kratak period od oko 15 dana da se prilagodi na\u0161em telu radi njegove udobnosti i podr\u0161ke.<\/p>\n<p>&nbsp;<\/p>\n<p>&nbsp;<\/p>\n<h2>JEDNA IDEALNO RAVNA POVR\u0160INA JE PODR\u0160KA DU\u0160EKU<\/h2>\n<p>Svaka neodgovarajuc\u0301a povr\u0161ina (osnova du\u0161eka) mo\u017ee o\u0161tetiti ili promeniti udobnost i potporu du\u0161eka (<a href=\"https:\/\/www.gevorest.com\/sr\/useful-information\/\">slika 4 \u2013 korisne informacije<\/a>). Odgovarajuc\u0301a \u00a0ravna povr\u0161ina u koordinaciji sa funkcijom du\u0161eka maksimiziraju udobnost i podr\u0161ku koju pru\u017eaju, dok u isto vreme jedna \u00a0\u00a0ravna povr\u0161ina obezbe\u0111uje konstrukcijski kvalitet du\u0161eka. Za vi\u0161e informacija konsultujte Gevorest.<\/p>\n<p>&nbsp;<\/p>\n<p>&nbsp;<\/p>\n<h2>POTREBA ZAMENE JASTUKA, PRILIKOM KUPOVINE NOVOG DU\u0160EKA<\/h2>\n<p>Prilikom kupovine novog du\u0161eka, u zavisnosti od njegove mekoc\u0301e i polo\u017eaja spavanja koji obi\u010dno zauzimamo, menja se i razmak izme\u0111u ramena i vrata. (<a href=\"https:\/\/www.gevorest.com\/sr\/useful-information\/\">slika 5 \u2013 korisne informacije<\/a>). Ako jastuk nije prikladan za na\u0161 novi du\u0161ek, mo\u017eemo osetiti nelagodnost. Za vi\u0161e informacija, konsultujte Gevorest.<\/p>\n<h2><\/h2>\n<p>&nbsp;<\/p>\n<h2>NEOPHODNA UPOTREBA ZA\u0160TITNE NAVLAKE ZA DU\u0160EK I JASTUK<\/h2>\n<p>Noc\u0301no znojenje je uobi\u010dajena pojava. Znoj \u00a0stvara vlagu unutar du\u0161eka i jastuka i istovremeno pravi mrlje. Kori\u0161c\u0301enjem za\u0161titne navlake odr\u017eavamo du\u0161ek i jastuk \u010distim i suvim, obezbe\u0111ujuc\u0301i zdravo okru\u017eenje za spavanje. Za\u0161titna navlaka se preporu\u010duje da bude od 100% pamu\u010dne tkanine kako bi bila prozra\u010dna i hipoalergena, a istovremeno potpuno vodootporna. Bilo koja za\u0161titna navlaka \u00a0\u00a0nije vodootporna i ne \u0161titi na\u0161 du\u0161ek ili jastuk.<\/p>\n<p>&nbsp;<\/p>\n<p>&nbsp;<\/p>\n<h2>SKLADI\u0160TENJE I TRANSPORT DU\u0160EKA<\/h2>\n<p>Ne preklapajte du\u0161ek prilikom transporta ili skladi\u0161tenja. Kada se preklopi izazivaju se trajna te\u0161ka o\u0161tec\u0301enja. Transport, pa \u010dak i skladi\u0161tenje du\u0161eka \u00a0uvek treba da se vr\u0161i u pravoj \/ linijskoj formi. Izbegavajte upotrebu najlonske ambala\u017ee za skladi\u0161tenje du\u0161eka jer postoji moguc\u0301nost nakupljanja vlage u proizvodu.<\/p>\n<p>&nbsp;<\/p>\n<p>&nbsp;<\/p>\n<h2>ODR\u017dAVANJE I \u010cISTOC\u0301A PROIZVODA<\/h2>\n<p>Izbegavajte kori\u0161c\u0301enje hemijskih sredstava za \u010di\u0161c\u0301enje ili pare u slu\u010daju mrlja na proizvodima. Upotreba bilo kakvog sredstva \u00a0za \u010di\u0161c\u0301enje ili pare mo\u017ee o\u0161tetiti tkaninu, udobnost i potporne materijale proizvoda ako se radi o du\u0161eku. Za dodatno osve\u017eavanje preporu\u010duje \u00a0se samo upotreba usisiva\u010da. \u0160to se ti\u010de du\u0161eka, preporu\u010duje se da se \u010dar\u0161avi i za\u0161titna navlaka \u010desto skidaju. Da\u0161ak sve\u017eeg vazduha c\u0301e du\u0161eku dati osec\u0301aj sve\u017eine.<\/p>\n<p>&nbsp;<\/p>\n<p>&nbsp;<\/p>\n<h2>DRUGA VA\u017dNA UPUTSTVA ZA NEGU I ZA\u0160TITU PROIZVODA<\/h2>\n<ul>\n<li>Nemojte skakati ili stajati na du\u0161eku jer to mo\u017ee o\u0161tetiti \u00a0materijale koji doprinose udobnosti.<\/li>\n<li>Nemojte brisati pod sa previ\u0161e vode ispod osnove du\u0161eka.<\/li>\n<li>Nemojte le\u017eati direktno na golom du\u0161eku i nemojte ga \u010detkati jer postoji velika \u0161ansa da se u\u0107eba.<\/li>\n<li>Dr\u017eite proizvode dalje od izvora toplote ili vatre.<\/li>\n<li>Nemojte pu\u0161iti u spavac\u0301oj sobi, a posebno ne na du\u0161eku.<\/li>\n<li>Nemojte peglati na du\u0161eku.<\/li>\n<\/ul>\n<p>&nbsp;<\/p>\n<p>&nbsp;<\/p>\n","protected":false},"excerpt":{"rendered":"<p>ODR\u017dAVANJE PROIZVODA: PRE NJIHOVE UPOTREBE I ZA VREME NJIHOVE UPOTREBE PRVI PUT Uklonite najlon za pakovanje sa proizvoda kako biste izbegli vlagu, u naredna \u010detiri sata od trenutka isporuke. Preporu\u010duje se, kao kod svih novih proizvoda 2-3 dana pre njihove upotrebe i za vreme njihove&#8230;<\/p>\n","protected":false},"author":1,"featured_media":0,"parent":0,"menu_order":0,"comment_status":"closed","ping_status":"closed","template":"","meta":{"footnotes":""},"class_list":["post-22354","page","type-page","status-publish","hentry"],"yoast_head":"<!-- This site is optimized with the Yoast SEO plugin v27.2 - https:\/\/yoast.com\/product\/yoast-seo-wordpress\/ -->\n<title>UPUTSTVA ZA ODR\u017dAVANJE PROIZVODA &amp; PRAVILNU UPOTREBU - Gevorest<\/title>\n<meta name=\"robots\" content=\"index, follow, max-snippet:-1, max-image-preview:large, max-video-preview:-1\" \/>\n<link rel=\"canonical\" href=\"https:\/\/www.gevorest.com\/sr\/instructions-for-products-care-proper-use\/\" \/>\n<meta property=\"og:locale\" content=\"sr_RS\" \/>\n<meta property=\"og:type\" content=\"article\" \/>\n<meta property=\"og:title\" content=\"UPUTSTVA ZA ODR\u017dAVANJE PROIZVODA &amp; PRAVILNU UPOTREBU - Gevorest\" \/>\n<meta property=\"og:description\" content=\"ODR\u017dAVANJE PROIZVODA: PRE NJIHOVE UPOTREBE I ZA VREME NJIHOVE UPOTREBE PRVI PUT Uklonite najlon za pakovanje sa proizvoda kako biste izbegli vlagu, u naredna \u010detiri sata od trenutka isporuke. Preporu\u010duje se, kao kod svih novih proizvoda 2-3 dana pre njihove upotrebe i za vreme njihove...\" \/>\n<meta property=\"og:url\" content=\"https:\/\/www.gevorest.com\/sr\/instructions-for-products-care-proper-use\/\" \/>\n<meta property=\"og:site_name\" content=\"Gevorest\" \/>\n<meta property=\"article:modified_time\" content=\"2023-11-22T18:10:20+00:00\" \/>\n<meta name=\"twitter:card\" content=\"summary_large_image\" \/>\n<meta name=\"twitter:label1\" content=\"Est. reading time\" \/>\n\t<meta name=\"twitter:data1\" content=\"4 minutes\" \/>\n<script type=\"application\/ld+json\" class=\"yoast-schema-graph\">{\"@context\":\"https:\/\/schema.org\",\"@graph\":[{\"@type\":\"WebPage\",\"@id\":\"https:\/\/www.gevorest.com\/sr\/instructions-for-products-care-proper-use\/\",\"url\":\"https:\/\/www.gevorest.com\/sr\/instructions-for-products-care-proper-use\/\",\"name\":\"UPUTSTVA ZA ODR\u017dAVANJE PROIZVODA & PRAVILNU UPOTREBU - Gevorest\",\"isPartOf\":{\"@id\":\"https:\/\/www.gevorest.com\/#website\"},\"datePublished\":\"2020-10-12T17:30:38+00:00\",\"dateModified\":\"2023-11-22T18:10:20+00:00\",\"breadcrumb\":{\"@id\":\"https:\/\/www.gevorest.com\/sr\/instructions-for-products-care-proper-use\/#breadcrumb\"},\"inLanguage\":\"sr-RS\",\"potentialAction\":[{\"@type\":\"ReadAction\",\"target\":[\"https:\/\/www.gevorest.com\/sr\/instructions-for-products-care-proper-use\/\"]}]},{\"@type\":\"BreadcrumbList\",\"@id\":\"https:\/\/www.gevorest.com\/sr\/instructions-for-products-care-proper-use\/#breadcrumb\",\"itemListElement\":[{\"@type\":\"ListItem\",\"position\":1,\"name\":\"Home\",\"item\":\"https:\/\/www.gevorest.com\/sr\/\"},{\"@type\":\"ListItem\",\"position\":2,\"name\":\"UPUTSTVA ZA ODR\u017dAVANJE PROIZVODA &#038; PRAVILNU UPOTREBU\"}]},{\"@type\":\"WebSite\",\"@id\":\"https:\/\/www.gevorest.com\/#website\",\"url\":\"https:\/\/www.gevorest.com\/\",\"name\":\"Gevorest\",\"description\":\"Serves the Quality of Sleep since 1967\",\"publisher\":{\"@id\":\"https:\/\/www.gevorest.com\/#organization\"},\"potentialAction\":[{\"@type\":\"SearchAction\",\"target\":{\"@type\":\"EntryPoint\",\"urlTemplate\":\"https:\/\/www.gevorest.com\/?s={search_term_string}\"},\"query-input\":{\"@type\":\"PropertyValueSpecification\",\"valueRequired\":true,\"valueName\":\"search_term_string\"}}],\"inLanguage\":\"sr-RS\"},{\"@type\":\"Organization\",\"@id\":\"https:\/\/www.gevorest.com\/#organization\",\"name\":\"Gevorest\",\"url\":\"https:\/\/www.gevorest.com\/\",\"logo\":{\"@type\":\"ImageObject\",\"inLanguage\":\"sr-RS\",\"@id\":\"https:\/\/www.gevorest.com\/#\/schema\/logo\/image\/\",\"url\":\"https:\/\/www.gevorest.com\/wp-content\/uploads\/2018\/06\/gevorest_logo_2018.png\",\"contentUrl\":\"https:\/\/www.gevorest.com\/wp-content\/uploads\/2018\/06\/gevorest_logo_2018.png\",\"width\":1282,\"height\":423,\"caption\":\"Gevorest\"},\"image\":{\"@id\":\"https:\/\/www.gevorest.com\/#\/schema\/logo\/image\/\"}}]}<\/script>\n<!-- \/ Yoast SEO plugin. -->","yoast_head_json":{"title":"UPUTSTVA ZA ODR\u017dAVANJE PROIZVODA & PRAVILNU UPOTREBU - Gevorest","robots":{"index":"index","follow":"follow","max-snippet":"max-snippet:-1","max-image-preview":"max-image-preview:large","max-video-preview":"max-video-preview:-1"},"canonical":"https:\/\/www.gevorest.com\/sr\/instructions-for-products-care-proper-use\/","og_locale":"sr_RS","og_type":"article","og_title":"UPUTSTVA ZA ODR\u017dAVANJE PROIZVODA & PRAVILNU UPOTREBU - Gevorest","og_description":"ODR\u017dAVANJE PROIZVODA: PRE NJIHOVE UPOTREBE I ZA VREME NJIHOVE UPOTREBE PRVI PUT Uklonite najlon za pakovanje sa proizvoda kako biste izbegli vlagu, u naredna \u010detiri sata od trenutka isporuke. Preporu\u010duje se, kao kod svih novih proizvoda 2-3 dana pre njihove upotrebe i za vreme njihove...","og_url":"https:\/\/www.gevorest.com\/sr\/instructions-for-products-care-proper-use\/","og_site_name":"Gevorest","article_modified_time":"2023-11-22T18:10:20+00:00","twitter_card":"summary_large_image","twitter_misc":{"Est. reading time":"4 minutes"},"schema":{"@context":"https:\/\/schema.org","@graph":[{"@type":"WebPage","@id":"https:\/\/www.gevorest.com\/sr\/instructions-for-products-care-proper-use\/","url":"https:\/\/www.gevorest.com\/sr\/instructions-for-products-care-proper-use\/","name":"UPUTSTVA ZA ODR\u017dAVANJE PROIZVODA & PRAVILNU UPOTREBU - Gevorest","isPartOf":{"@id":"https:\/\/www.gevorest.com\/#website"},"datePublished":"2020-10-12T17:30:38+00:00","dateModified":"2023-11-22T18:10:20+00:00","breadcrumb":{"@id":"https:\/\/www.gevorest.com\/sr\/instructions-for-products-care-proper-use\/#breadcrumb"},"inLanguage":"sr-RS","potentialAction":[{"@type":"ReadAction","target":["https:\/\/www.gevorest.com\/sr\/instructions-for-products-care-proper-use\/"]}]},{"@type":"BreadcrumbList","@id":"https:\/\/www.gevorest.com\/sr\/instructions-for-products-care-proper-use\/#breadcrumb","itemListElement":[{"@type":"ListItem","position":1,"name":"Home","item":"https:\/\/www.gevorest.com\/sr\/"},{"@type":"ListItem","position":2,"name":"UPUTSTVA ZA ODR\u017dAVANJE PROIZVODA &#038; PRAVILNU UPOTREBU"}]},{"@type":"WebSite","@id":"https:\/\/www.gevorest.com\/#website","url":"https:\/\/www.gevorest.com\/","name":"Gevorest","description":"Serves the Quality of Sleep since 1967","publisher":{"@id":"https:\/\/www.gevorest.com\/#organization"},"potentialAction":[{"@type":"SearchAction","target":{"@type":"EntryPoint","urlTemplate":"https:\/\/www.gevorest.com\/?s={search_term_string}"},"query-input":{"@type":"PropertyValueSpecification","valueRequired":true,"valueName":"search_term_string"}}],"inLanguage":"sr-RS"},{"@type":"Organization","@id":"https:\/\/www.gevorest.com\/#organization","name":"Gevorest","url":"https:\/\/www.gevorest.com\/","logo":{"@type":"ImageObject","inLanguage":"sr-RS","@id":"https:\/\/www.gevorest.com\/#\/schema\/logo\/image\/","url":"https:\/\/www.gevorest.com\/wp-content\/uploads\/2018\/06\/gevorest_logo_2018.png","contentUrl":"https:\/\/www.gevorest.com\/wp-content\/uploads\/2018\/06\/gevorest_logo_2018.png","width":1282,"height":423,"caption":"Gevorest"},"image":{"@id":"https:\/\/www.gevorest.com\/#\/schema\/logo\/image\/"}}]}},"_links":{"self":[{"href":"https:\/\/www.gevorest.com\/sr\/wp-json\/wp\/v2\/pages\/22354","targetHints":{"allow":["GET"]}}],"collection":[{"href":"https:\/\/www.gevorest.com\/sr\/wp-json\/wp\/v2\/pages"}],"about":[{"href":"https:\/\/www.gevorest.com\/sr\/wp-json\/wp\/v2\/types\/page"}],"author":[{"embeddable":true,"href":"https:\/\/www.gevorest.com\/sr\/wp-json\/wp\/v2\/users\/1"}],"replies":[{"embeddable":true,"href":"https:\/\/www.gevorest.com\/sr\/wp-json\/wp\/v2\/comments?post=22354"}],"version-history":[{"count":0,"href":"https:\/\/www.gevorest.com\/sr\/wp-json\/wp\/v2\/pages\/22354\/revisions"}],"wp:attachment":[{"href":"https:\/\/www.gevorest.com\/sr\/wp-json\/wp\/v2\/media?parent=22354"}],"curies":[{"name":"wp","href":"https:\/\/api.w.org\/{rel}","templated":true}]}}