{"id":23054,"date":"2021-07-20T18:45:46","date_gmt":"2021-07-20T18:45:46","guid":{"rendered":"https:\/\/www.gevorest.com\/sr\/cookie-policy\/"},"modified":"2025-02-04T19:43:04","modified_gmt":"2025-02-04T19:43:04","slug":"cookie-policy","status":"publish","type":"page","link":"https:\/\/www.gevorest.com\/sr\/cookie-policy\/","title":{"rendered":"Politika kola\u010di\u0107a"},"content":{"rendered":"<p><span lang=\"EN-GB\" style=\"font-size: 11.0pt; font-family: 'Myriad Pro',sans-serif;\">Molimo vas da pa\u017eljivo pro\u010ditate ovu politiku kola\u010di\u0107a jer sadr\u017ei va\u017ene informacije o tome ko smo mi i kako koristimo kola\u010di\u0107e na na\u0161oj veb stranici. Ova politika treba da se pro\u010dita zajedno sa <\/span><span lang=\"EN-GB\"><a href=\"https:\/\/www.gevorest.com\" target=\"_new\"><span style=\"font-size: 11.0pt; font-family: 'Myriad Pro',sans-serif;\">https:\/\/www.gevorest.com<\/span><\/a><\/span><span lang=\"EN-GB\" style=\"font-size: 11.0pt; font-family: 'Myriad Pro',sans-serif;\">, koja obja\u0161njava kako i za\u0161to prikupljamo, \u010duvamo, koristimo i delimo li\u010dne informacije, kao i va\u0161a prava u vezi sa tim informacijama i na\u010dinima da nas kontaktirate ili se obratite nadle\u017enim organima u slu\u010daju pritu\u017ebe.<\/span><\/p>\n<p>&nbsp;<\/p>\n<h3>1. Ko smo mi<\/h3>\n<p><span lang=\"EN-GB\" style=\"font-size: 11.0pt; font-family: 'Myriad Pro',sans-serif;\">Ovom veb stranicom upravlja <strong><span style=\"font-family: 'Myriad Pro',sans-serif;\">GEVOREST MARKETING LTD<\/span><\/strong> (\u201eMi\u201c, \u201enas\u201c, \u201eKompanija\u201c ili \u201eGevorest\u201c). U Gevorestu spajamo nauku i dizajn kako bismo kreirali proizvode koji postavljaju temelje za opu\u0161taju\u0107e i zdravo iskustvo spavanja. Za idealan kvalitet sna neophodni su: baza (divan), du\u0161ek i jastuk. Savr\u0161ena kombinacija ova tri elementa doprinosi apsorpciji i eliminaciji svih pritisaka na telo, uvek sa ciljem pravilnog poravnanja ki\u010dme i vrata. Preporu\u010duje se da pre kupovine ovih elemenata obavezno obavite odgovaraju\u0107e isprobavanje uz pomo\u0107 kvalifikovanog Gevorest savetnika za spavanje.<\/span><\/p>\n<p><strong><span lang=\"EN-GB\" style=\"font-size: 11.0pt; font-family: 'Myriad Pro',sans-serif;\">Na\u0161a veb stranica<\/span><\/strong><span lang=\"EN-GB\" style=\"font-size: 11.0pt; font-family: 'Myriad Pro',sans-serif;\"><br \/>\nOva politika kola\u010di\u0107a odnosi se samo na kori\u0161\u0107enje na\u0161e veb stranice, <\/span><span lang=\"EN-GB\"><a href=\"https:\/\/www.gevorest.com\" target=\"_new\"><span style=\"font-size: 11.0pt; font-family: 'Myriad Pro',sans-serif;\">https:\/\/www.gevorest.com<\/span><\/a><\/span><span lang=\"EN-GB\" style=\"font-size: 11.0pt; font-family: 'Myriad Pro',sans-serif;\">.<\/span><\/p>\n<p><span lang=\"EN-GB\" style=\"font-size: 11.0pt; font-family: 'Myriad Pro',sans-serif;\">Na na\u0161oj veb stranici mogu se nalaziti linkovi ka drugim sajtovima u vlasni\u0161tvu i pod upravom tre\u0107ih strana kako bismo vam omogu\u0107ili dodatne proizvode i usluge. Ove tre\u0107e strane mogu tako\u0111e koristiti kola\u010di\u0107e ili sli\u010dne tehnologije u skladu sa sopstvenim zasebnim politikama. Za informacije o privatnosti koje se odnose na ove sajtove, molimo vas da pogledate njihove politike privatnosti.<\/span><\/p>\n<p>&nbsp;<\/p>\n<h3>2. Kola\u010di\u0107i<\/h3>\n<p><span lang=\"EN-GB\" style=\"font-size: 11.0pt; font-family: 'Myriad Pro',sans-serif;\">Kola\u010di\u0107 je mala tekstualna datoteka koja se postavlja na va\u0161 ure\u0111aj (npr. ra\u010dunar, pametni telefon ili drugi elektronski ure\u0111aj) kada koristite na\u0161u veb stranicu. Kola\u010di\u0107e koristimo kako bismo vas i va\u0161 ure\u0111aj prepoznali i sa\u010duvali informacije o va\u0161im preferencijama ili pro\u0161lim aktivnostima.<\/span><\/p>\n<p><span lang=\"EN-GB\" style=\"font-size: 11.0pt; font-family: 'Myriad Pro',sans-serif;\">Na primer, mo\u017eemo pratiti koliko puta pose\u0107ujete na\u0161u veb stranicu, koje stranice pose\u0107ujete, podatke o saobra\u0107aju, lokaciju i izvor domena va\u0161eg internet provajdera. Ove informacije nam poma\u017eu da razumemo va\u0161e aktivnosti i pobolj\u0161amo na\u0161e usluge. Deo ovih podataka bi\u0107e agregiran ili statisti\u010dki, \u0161to zna\u010di da ne mo\u017eemo identifikovati vas kao pojedinca.<\/span><\/p>\n<p><span lang=\"EN-GB\" style=\"font-size: 11.0pt; font-family: 'Myriad Pro',sans-serif;\">Za vi\u0161e informacija o kori\u0161\u0107enju kola\u010di\u0107a, uklju\u010duju\u0107i detaljan spisak informacija koje mi i tre\u0107e strane mo\u017eemo prikupiti putem kola\u010di\u0107a, pogledajte dole.<\/span><\/p>\n<p><span lang=\"EN-GB\" style=\"font-size: 11.0pt; font-family: 'Myriad Pro',sans-serif;\">Za dodatne informacije o kola\u010di\u0107ima uop\u0161te, uklju\u010duju\u0107i kako da ih kontroli\u0161ete i upravljate njima, posetite vodi\u010d o kola\u010di\u0107ima objavljen od strane Kancelarije komesara za za\u0161titu li\u010dnih podataka Kipra na <\/span><span lang=\"EN-GB\"><a href=\"http:\/\/www.aboutcookies.org\" target=\"_new\"><span style=\"font-size: 11.0pt; font-family: 'Myriad Pro',sans-serif;\">www.aboutcookies.org<\/span><\/a><\/span><span lang=\"EN-GB\" style=\"font-size: 11.0pt; font-family: 'Myriad Pro',sans-serif;\">.<\/span><\/p>\n<p>&nbsp;<\/p>\n<h3>3. Saglasnost za kori\u0161\u0107enje kola\u010di\u0107a i promena postavki<\/h3>\n<p><span lang=\"EN-GB\" style=\"font-size: 11.0pt; font-family: 'Myriad Pro',sans-serif;\">Tra\u017ei\u0107emo va\u0161u saglasnost za postavljanje kola\u010di\u0107a ili sli\u010dnih tehnologija na va\u0161 ure\u0111aj, osim u slu\u010dajevima kada su oni neophodni za pru\u017eanje usluge koju ste zatra\u017eili (npr. za dodavanje stavki u korpu i zavr\u0161etak procesa kupovine).<\/span><\/p>\n<p><span lang=\"EN-GB\" style=\"font-size: 11.0pt; font-family: 'Myriad Pro',sans-serif;\">Saglasnost za kori\u0161\u0107enje kola\u010di\u0107a mo\u017eete povu\u0107i ili upravljati preferencijama za kola\u010di\u0107e koriste\u0107i na\u0161u privatnu kontrolnu tablu putem ikone na dnu bilo koje stranice. Mo\u017eda \u0107e biti potrebno da osve\u017eite stranicu kako bi a\u017eurirane postavke stupile na snagu.<\/span><\/p>\n<p>&nbsp;<\/p>\n<h3>4. Na\u0161a upotreba kola\u010di\u0107a<\/h3>\n<p><span lang=\"EN-GB\" style=\"font-size: 11.0pt; font-family: 'Myriad Pro',sans-serif;\">Tabela ispod pru\u017ea vi\u0161e informacija o kola\u010di\u0107ima koje koristimo i njihovoj svrsi:<\/span><br \/>\n&nbsp;<\/p>\n<table class=\"plain\">\n<thead>\n<tr>\n<td><strong>Kola\u010di\u0107i koje koristimo<\/strong><\/td>\n<td><strong>Naziv<\/strong><\/td>\n<td><strong>Svrha<\/strong><\/td>\n<td><strong>Da li je kola\u010di\u0107 neophodan za pru\u017eanje usluge koju ste zatra\u017eili i da li \u0107emo tra\u017eiti va\u0161u saglasnost pre nego \u0161to postavimo kola\u010di\u0107<\/strong><\/td>\n<\/tr>\n<\/thead>\n<tbody>\n<tr>\n<td>\u00a0Univerzalna analitika (Google)<\/td>\n<td>_utma<\/td>\n<td>Ovaj kola\u010di\u0107 postavlja Google Analytics i koristi se za razlikovanje korisnika i sesija. Kola\u010di\u0107 se kreira kada se izvr\u0161i JavaScript biblioteka i kada ne postoje postoje\u0107i __utma kola\u010di\u0107i. Kola\u010di\u0107 se a\u017eurira svaki put kada se podaci po\u0161alju Google Analytics-u.<\/td>\n<td>Da, neophodan (zbog toga ne\u0107emo tra\u017eiti va\u0161u saglasnost pre postavljanja ovog kola\u010di\u0107a)<\/td>\n<\/tr>\n<tr>\n<td>Univerzalna analitika (Google)<\/td>\n<td><em>_utmc<\/em><\/td>\n<td>Kola\u010di\u0107 postavlja Google Analytics i bri\u0161e se kada korisnik zatvori pregleda\u010d. Ovaj kola\u010di\u0107 se ne koristi od strane ga.js. Kola\u010di\u0107 se koristi za omogu\u0107avanje interoperabilnosti sa urchin.js, \u0161to je starija verzija Google Analytics-a, i koristi se u kombinaciji sa __utmb kola\u010di\u0107em za odre\u0111ivanje novih sesija\/poseta.<\/td>\n<td>Da, esencijalno (zato ne\u0107emo tra\u017eiti va\u0161 pristanak pre nego \u0161to postavimo ovaj kola\u010di\u0107).<\/td>\n<\/tr>\n<tr>\n<td>Univerzalna analitika (Google)<\/td>\n<td><em>_utmz<\/em><\/td>\n<td>Ovaj kola\u010di\u0107 postavlja Google Universal Analytics kako bi ograni\u010dio brzinu zahteva i smanjio prikupljanje podataka na sajtovima sa visokim saobra\u0107ajem.<\/td>\n<td>Da, esencijalno (zbog toga ne\u0107emo tra\u017eiti va\u0161 pristanak pre nego \u0161to postavimo ovaj kola\u010di\u0107).<\/td>\n<\/tr>\n<tr>\n<td>Univerzalna analitika (Google)<\/td>\n<td><em>_utmt<\/em><\/td>\n<td>Kola\u010di\u0107 postavlja Google Analytics i koristi se za ograni\u010davanje brzine zahteva.<\/td>\n<td>Da, esencijalno (stoga ne\u0107emo tra\u017eiti va\u0161 pristanak pre nego \u0161to postavimo ovaj kola\u010di\u0107).<\/td>\n<\/tr>\n<tr>\n<td>Univerzalna analitika (Google)<\/td>\n<td><em>_utmb<\/em><\/td>\n<td>Kola\u010di\u0107 postavlja Google Analytics. Ovaj kola\u010di\u0107 se koristi za odre\u0111ivanje novih sesija\/poseta. Kola\u010di\u0107 se kreira kada JavaScript biblioteka izvr\u0161i i kada ne postoje postoje\u0107i __utma kola\u010di\u0107i. Kola\u010di\u0107 se a\u017eurira svaki put kada se podaci \u0161alju Google Analytics-u.<\/td>\n<td>Da, esencijalan (zato ne\u0107emo tra\u017eiti va\u0161 pristanak pre nego \u0161to postavimo ovaj kola\u010di\u0107).<\/td>\n<\/tr>\n<tr>\n<td>Google reCaptcha<\/td>\n<td><em>_GRECAPTCHA<\/em><\/td>\n<td>Ovaj kola\u010di\u0107 postavlja Google. Pored odre\u0111enih standardnih Google kola\u010di\u0107a, reCAPTCHA postavlja neophodan kola\u010di\u0107 (_GRECAPTCHA) prilikom izvr\u0161avanja u svrhu pru\u017eanja svoje analize rizika.<\/td>\n<td>Da, neophodan (zbog toga ne\u0107emo tra\u017eiti va\u0161 pristanak pre nego \u0161to postavimo ovaj kola\u010di\u0107).<\/td>\n<\/tr>\n<\/tbody>\n<\/table>\n<p>&nbsp;<\/p>\n<p>&nbsp;<\/p>\n<h3>5. Pristup kola\u010di\u0107ima tre\u0107ih strana<\/h3>\n<p>Kola\u010di\u0107e koje koristimo koristi\u0107emo mi i tre\u0107e strane navedene u tabeli isklju\u010divo za svrhe navedene u ovoj politici kola\u010di\u0107a. Ti kola\u010di\u0107i ne\u0107e biti dostupni drugim tre\u0107im stranama.<br \/>\n&nbsp;<\/p>\n<h3><\/h3>\n<h3>6. Isklju\u010divanje svih kola\u010di\u0107a i posledice<\/h3>\n<p>Ako ne \u017eelite da prihvatite kola\u010di\u0107e, mo\u017eete promeniti postavke u pretra\u017eiva\u010du tako da kola\u010di\u0107i (uklju\u010duju\u0107i i neophodne) ne budu prihva\u0107eni. Imajte na umu da u tom slu\u010daju mo\u017eda ne\u0107ete mo\u0107i koristiti sve funkcije na\u0161e veb stranice.<br \/>\n&nbsp;<\/p>\n<h3><\/h3>\n<h3>7. Kako da nas kontaktirate<\/h3>\n<p>Ako imate pitanja o ovoj politici kola\u010di\u0107a ili informacijama koje posedujemo o vama, kontaktirajte na\u0161eg slu\u017ebenika za za\u0161titu podataka putem:<\/p>\n<ul>\n<li><strong>Email-a<\/strong>: DPO@gevorest.com<\/li>\n<li><strong>Adrese<\/strong>: Kyriacou Matsi, Dalco Building, Monagroulli Industrial Area, 4524, Limassol, Kipar<\/li>\n<li><strong>Telefona<\/strong>: 22587100<\/li>\n<\/ul>\n<p>&nbsp;<\/p>\n<h3><\/h3>\n<h3>8. Izmene ove politike<\/h3>\n<p>Ova politika je objavljena 18. maja 2021. godine.<\/p>\n<p>Ovu politiku mo\u017eemo povremeno izmeniti. Kada to u\u010dinimo, obavesti\u0107emo vas putem obave\u0161tenja na sajtu prilikom posete na\u0161em sajtu.<\/p>\n<p>&nbsp;<\/p>\n","protected":false},"excerpt":{"rendered":"<p>Molimo vas da pa\u017eljivo pro\u010ditate ovu politiku kola\u010di\u0107a jer sadr\u017ei va\u017ene informacije o tome ko smo mi i kako koristimo kola\u010di\u0107e na na\u0161oj veb stranici. Ova politika treba da se pro\u010dita zajedno sa https:\/\/www.gevorest.com, koja obja\u0161njava kako i za\u0161to prikupljamo, \u010duvamo, koristimo i delimo li\u010dne&#8230;<\/p>\n","protected":false},"author":1,"featured_media":0,"parent":0,"menu_order":0,"comment_status":"closed","ping_status":"closed","template":"","meta":{"footnotes":""},"class_list":["post-23054","page","type-page","status-publish","hentry"],"yoast_head":"<!-- This site is optimized with the Yoast SEO plugin v27.2 - https:\/\/yoast.com\/product\/yoast-seo-wordpress\/ -->\n<title>Politika kola\u010di\u0107a - Gevorest<\/title>\n<meta name=\"robots\" content=\"index, follow, max-snippet:-1, max-image-preview:large, max-video-preview:-1\" \/>\n<link rel=\"canonical\" href=\"https:\/\/www.gevorest.com\/sr\/cookie-policy\/\" \/>\n<meta property=\"og:locale\" content=\"sr_RS\" \/>\n<meta property=\"og:type\" content=\"article\" \/>\n<meta property=\"og:title\" content=\"Politika kola\u010di\u0107a - Gevorest\" \/>\n<meta property=\"og:description\" content=\"Molimo vas da pa\u017eljivo pro\u010ditate ovu politiku kola\u010di\u0107a jer sadr\u017ei va\u017ene informacije o tome ko smo mi i kako koristimo kola\u010di\u0107e na na\u0161oj veb stranici. Ova politika treba da se pro\u010dita zajedno sa https:\/\/www.gevorest.com, koja obja\u0161njava kako i za\u0161to prikupljamo, \u010duvamo, koristimo i delimo li\u010dne...\" \/>\n<meta property=\"og:url\" content=\"https:\/\/www.gevorest.com\/sr\/cookie-policy\/\" \/>\n<meta property=\"og:site_name\" content=\"Gevorest\" \/>\n<meta property=\"article:modified_time\" content=\"2025-02-04T19:43:04+00:00\" \/>\n<meta name=\"twitter:card\" content=\"summary_large_image\" \/>\n<meta name=\"twitter:label1\" content=\"Est. reading time\" \/>\n\t<meta name=\"twitter:data1\" content=\"6 minutes\" \/>\n<script type=\"application\/ld+json\" class=\"yoast-schema-graph\">{\"@context\":\"https:\/\/schema.org\",\"@graph\":[{\"@type\":\"WebPage\",\"@id\":\"https:\/\/www.gevorest.com\/sr\/cookie-policy\/\",\"url\":\"https:\/\/www.gevorest.com\/sr\/cookie-policy\/\",\"name\":\"Politika kola\u010di\u0107a - Gevorest\",\"isPartOf\":{\"@id\":\"https:\/\/www.gevorest.com\/#website\"},\"datePublished\":\"2021-07-20T18:45:46+00:00\",\"dateModified\":\"2025-02-04T19:43:04+00:00\",\"breadcrumb\":{\"@id\":\"https:\/\/www.gevorest.com\/sr\/cookie-policy\/#breadcrumb\"},\"inLanguage\":\"sr-RS\",\"potentialAction\":[{\"@type\":\"ReadAction\",\"target\":[\"https:\/\/www.gevorest.com\/sr\/cookie-policy\/\"]}]},{\"@type\":\"BreadcrumbList\",\"@id\":\"https:\/\/www.gevorest.com\/sr\/cookie-policy\/#breadcrumb\",\"itemListElement\":[{\"@type\":\"ListItem\",\"position\":1,\"name\":\"Home\",\"item\":\"https:\/\/www.gevorest.com\/sr\/\"},{\"@type\":\"ListItem\",\"position\":2,\"name\":\"Politika kola\u010di\u0107a\"}]},{\"@type\":\"WebSite\",\"@id\":\"https:\/\/www.gevorest.com\/#website\",\"url\":\"https:\/\/www.gevorest.com\/\",\"name\":\"Gevorest\",\"description\":\"Serves the Quality of Sleep since 1967\",\"publisher\":{\"@id\":\"https:\/\/www.gevorest.com\/#organization\"},\"potentialAction\":[{\"@type\":\"SearchAction\",\"target\":{\"@type\":\"EntryPoint\",\"urlTemplate\":\"https:\/\/www.gevorest.com\/?s={search_term_string}\"},\"query-input\":{\"@type\":\"PropertyValueSpecification\",\"valueRequired\":true,\"valueName\":\"search_term_string\"}}],\"inLanguage\":\"sr-RS\"},{\"@type\":\"Organization\",\"@id\":\"https:\/\/www.gevorest.com\/#organization\",\"name\":\"Gevorest\",\"url\":\"https:\/\/www.gevorest.com\/\",\"logo\":{\"@type\":\"ImageObject\",\"inLanguage\":\"sr-RS\",\"@id\":\"https:\/\/www.gevorest.com\/#\/schema\/logo\/image\/\",\"url\":\"https:\/\/www.gevorest.com\/wp-content\/uploads\/2018\/06\/gevorest_logo_2018.png\",\"contentUrl\":\"https:\/\/www.gevorest.com\/wp-content\/uploads\/2018\/06\/gevorest_logo_2018.png\",\"width\":1282,\"height\":423,\"caption\":\"Gevorest\"},\"image\":{\"@id\":\"https:\/\/www.gevorest.com\/#\/schema\/logo\/image\/\"}}]}<\/script>\n<!-- \/ Yoast SEO plugin. -->","yoast_head_json":{"title":"Politika kola\u010di\u0107a - Gevorest","robots":{"index":"index","follow":"follow","max-snippet":"max-snippet:-1","max-image-preview":"max-image-preview:large","max-video-preview":"max-video-preview:-1"},"canonical":"https:\/\/www.gevorest.com\/sr\/cookie-policy\/","og_locale":"sr_RS","og_type":"article","og_title":"Politika kola\u010di\u0107a - Gevorest","og_description":"Molimo vas da pa\u017eljivo pro\u010ditate ovu politiku kola\u010di\u0107a jer sadr\u017ei va\u017ene informacije o tome ko smo mi i kako koristimo kola\u010di\u0107e na na\u0161oj veb stranici. Ova politika treba da se pro\u010dita zajedno sa https:\/\/www.gevorest.com, koja obja\u0161njava kako i za\u0161to prikupljamo, \u010duvamo, koristimo i delimo li\u010dne...","og_url":"https:\/\/www.gevorest.com\/sr\/cookie-policy\/","og_site_name":"Gevorest","article_modified_time":"2025-02-04T19:43:04+00:00","twitter_card":"summary_large_image","twitter_misc":{"Est. reading time":"6 minutes"},"schema":{"@context":"https:\/\/schema.org","@graph":[{"@type":"WebPage","@id":"https:\/\/www.gevorest.com\/sr\/cookie-policy\/","url":"https:\/\/www.gevorest.com\/sr\/cookie-policy\/","name":"Politika kola\u010di\u0107a - Gevorest","isPartOf":{"@id":"https:\/\/www.gevorest.com\/#website"},"datePublished":"2021-07-20T18:45:46+00:00","dateModified":"2025-02-04T19:43:04+00:00","breadcrumb":{"@id":"https:\/\/www.gevorest.com\/sr\/cookie-policy\/#breadcrumb"},"inLanguage":"sr-RS","potentialAction":[{"@type":"ReadAction","target":["https:\/\/www.gevorest.com\/sr\/cookie-policy\/"]}]},{"@type":"BreadcrumbList","@id":"https:\/\/www.gevorest.com\/sr\/cookie-policy\/#breadcrumb","itemListElement":[{"@type":"ListItem","position":1,"name":"Home","item":"https:\/\/www.gevorest.com\/sr\/"},{"@type":"ListItem","position":2,"name":"Politika kola\u010di\u0107a"}]},{"@type":"WebSite","@id":"https:\/\/www.gevorest.com\/#website","url":"https:\/\/www.gevorest.com\/","name":"Gevorest","description":"Serves the Quality of Sleep since 1967","publisher":{"@id":"https:\/\/www.gevorest.com\/#organization"},"potentialAction":[{"@type":"SearchAction","target":{"@type":"EntryPoint","urlTemplate":"https:\/\/www.gevorest.com\/?s={search_term_string}"},"query-input":{"@type":"PropertyValueSpecification","valueRequired":true,"valueName":"search_term_string"}}],"inLanguage":"sr-RS"},{"@type":"Organization","@id":"https:\/\/www.gevorest.com\/#organization","name":"Gevorest","url":"https:\/\/www.gevorest.com\/","logo":{"@type":"ImageObject","inLanguage":"sr-RS","@id":"https:\/\/www.gevorest.com\/#\/schema\/logo\/image\/","url":"https:\/\/www.gevorest.com\/wp-content\/uploads\/2018\/06\/gevorest_logo_2018.png","contentUrl":"https:\/\/www.gevorest.com\/wp-content\/uploads\/2018\/06\/gevorest_logo_2018.png","width":1282,"height":423,"caption":"Gevorest"},"image":{"@id":"https:\/\/www.gevorest.com\/#\/schema\/logo\/image\/"}}]}},"_links":{"self":[{"href":"https:\/\/www.gevorest.com\/sr\/wp-json\/wp\/v2\/pages\/23054","targetHints":{"allow":["GET"]}}],"collection":[{"href":"https:\/\/www.gevorest.com\/sr\/wp-json\/wp\/v2\/pages"}],"about":[{"href":"https:\/\/www.gevorest.com\/sr\/wp-json\/wp\/v2\/types\/page"}],"author":[{"embeddable":true,"href":"https:\/\/www.gevorest.com\/sr\/wp-json\/wp\/v2\/users\/1"}],"replies":[{"embeddable":true,"href":"https:\/\/www.gevorest.com\/sr\/wp-json\/wp\/v2\/comments?post=23054"}],"version-history":[{"count":0,"href":"https:\/\/www.gevorest.com\/sr\/wp-json\/wp\/v2\/pages\/23054\/revisions"}],"wp:attachment":[{"href":"https:\/\/www.gevorest.com\/sr\/wp-json\/wp\/v2\/media?parent=23054"}],"curies":[{"name":"wp","href":"https:\/\/api.w.org\/{rel}","templated":true}]}}