{"id":23464,"date":"2025-11-15T15:18:55","date_gmt":"2025-11-15T15:18:55","guid":{"rendered":"https:\/\/www.gevorest.com\/sr\/ypnos-down-duvet-four-seasons\/"},"modified":"2025-11-18T17:41:19","modified_gmt":"2025-11-18T17:41:19","slug":"duvets-ypnos-fourseasons","status":"publish","type":"page","link":"https:\/\/www.gevorest.com\/sr\/duvets-ypnos-fourseasons\/","title":{"rendered":"Ypnos Down Duvet \u2013 FOUR SEASONS"},"content":{"rendered":"<p>[vc_row row_type=&#8221;row&#8221; use_row_as_full_screen_section=&#8221;no&#8221; type=&#8221;full_width&#8221; angled_section=&#8221;no&#8221; text_align=&#8221;left&#8221; background_image_as_pattern=&#8221;without_pattern&#8221; css_animation=&#8221;&#8221;][vc_column width=&#8221;1\/2&#8243;][vc_single_image image=&#8221;23448&#8243; img_size=&#8221;full&#8221; alignment=&#8221;center&#8221; qode_css_animation=&#8221;&#8221;][\/vc_column][vc_column width=&#8221;1\/2&#8243;][vc_single_image image=&#8221;23448&#8243; img_size=&#8221;full&#8221; alignment=&#8221;center&#8221; qode_css_animation=&#8221;&#8221;][\/vc_column][\/vc_row][vc_row row_type=&#8221;row&#8221; use_row_as_full_screen_section=&#8221;no&#8221; type=&#8221;full_width&#8221; angled_section=&#8221;no&#8221; text_align=&#8221;left&#8221; background_image_as_pattern=&#8221;without_pattern&#8221; css_animation=&#8221;&#8221;][vc_column][vc_empty_space][\/vc_column][\/vc_row][vc_row row_type=&#8221;row&#8221; use_row_as_full_screen_section=&#8221;no&#8221; type=&#8221;full_width&#8221; angled_section=&#8221;no&#8221; text_align=&#8221;left&#8221; background_image_as_pattern=&#8221;without_pattern&#8221; css_animation=&#8221;&#8221;][vc_column][vc_column_text]<strong>Four Seasons\u2013<\/strong>Originalan par jorgana, spojen prakti\u010dnim dugmi\u0107ima, koristi se zajedno tokom veoma hladnih no\u0107i, a odvojeno kada je zima blaga ili tokom leta. Ovaj vi\u0161enamenski dizajn omogu\u0107ava savr\u0161enu udobnost tokom svih 365 dana u godini.[\/vc_column_text][vc_empty_space][vc_column_text]<\/p>\n<h3>Klju\u010dne karakteristike i prednosti<\/h3>\n<ul>\n<li><strong>100% Prirodno Gu\u0161\u010dije Perje<\/strong>: Etni\u010dki sakupljeno, visokokvalitetno paperje pru\u017ea izuzetnu termoizolaciju uz minimalnu te\u017einu.<\/li>\n<li><strong>Ujedna\u010dena Raspodela Toplote<\/strong>: Napredan pro\u0161iveni dizajn spre\u010dava hladne ta\u010dke i ravnomerno raspore\u0111uje toplotu.<\/li>\n<li><strong>Prozra\u010dno i Regul\u0161e Vla\u017enost<\/strong>: Odr\u017eava optimalnu temperaturu spavanja i sve\u017einu tokom cele no\u0107i.<\/li>\n<li><strong>Mekano i Izdr\u017eljivo Navlaka Platno<\/strong>: Napravljeno od gusto tkanog, hipoalergenog pamuka za glatko\u0107u i dugotrajnu za\u0161titu.<\/li>\n<li><strong>Dugotrajna<\/strong> <strong>Elasti\u010dnost:<\/strong> Stru\u010dna konstrukcija i kvalitetno punjenje osiguravaju postojan volumen i meko\u0107u.<\/li>\n<li><strong>Hipoalergijsko i Bezbedno<\/strong>: Svi Ypnos Down jorgani su NOMITE\u00ae sertifikovani, \u0161to potvr\u0111uje njihovu pogodnost za osobe sa alergijama. Punjenje je antibakterijsko i antialergijsko, obezbe\u0111uju\u0107i \u010disto i zdravo okru\u017eenje za spavanje.<\/li>\n<li><strong>Odr\u017eivo i Ekolo\u0161ki Prijateljsko<\/strong>: Napravljeni od 100% prirodnih, biorazgradivih i obnovljivih materijala \u2014 nude vrhunsku udobnost uz po\u0161tovanje \u017eivotne sredine.<\/li>\n<\/ul>\n<p>[\/vc_column_text][\/vc_column][\/vc_row][vc_row row_type=&#8221;row&#8221; use_row_as_full_screen_section=&#8221;no&#8221; type=&#8221;full_width&#8221; angled_section=&#8221;no&#8221; text_align=&#8221;left&#8221; background_image_as_pattern=&#8221;without_pattern&#8221; css_animation=&#8221;&#8221;][vc_column][vc_empty_space][\/vc_column][\/vc_row][vc_row row_type=&#8221;row&#8221; use_row_as_full_screen_section=&#8221;no&#8221; type=&#8221;full_width&#8221; angled_section=&#8221;no&#8221; text_align=&#8221;left&#8221; background_image_as_pattern=&#8221;without_pattern&#8221; css_animation=&#8221;&#8221;][vc_column width=&#8221;1\/3&#8243;][vc_column_text]<\/p>\n<h3>Dostupne dimenzije<\/h3>\n<ul>\n<li>160 x 240 cm<\/li>\n<li>220 x 240 cm<\/li>\n<li>240 x 240 cm<\/li>\n<li>260 x 240 cm<\/li>\n<li>275 x 240 cm<\/li>\n<\/ul>\n<p>[\/vc_column_text][\/vc_column][vc_column width=&#8221;1\/3&#8243;][vc_column_text]<\/p>\n<h3>Specifikacije<\/h3>\n<ul>\n<li><strong>Punjenje<\/strong>: 100% sibirsko pa\u010dije paperje<\/li>\n<li><strong>Navlaka<\/strong>: 100% pamu\u010dni perkal<\/li>\n<li><strong>Svojstva<\/strong>: Mek na dodir, protiv grinja, hipoalergen<\/li>\n<li><strong>Sertifikati<\/strong>: RDS (eti\u010dko poreklo), Oeko-Tex\u00ae Standard 100<\/li>\n<\/ul>\n<p>[\/vc_column_text][\/vc_column][vc_column width=&#8221;1\/3&#8243;][vc_column_text]<\/p>\n<h3>Nivo Topline<\/h3>\n<ul>\n<li>\u00a0Jorgan A: 140 g\/m\u00b2 \u2729\u2729\u2729<\/li>\n<li>\u00a0Jorgan B: 90 g\/m\u00b2 \u2729<\/li>\n<li>\u00a0Jorgan A+B: 230 g\/m\u00b2 \u2729\u2729\u2729\u2729<\/li>\n<\/ul>\n<p>[\/vc_column_text][\/vc_column][\/vc_row][vc_row row_type=&#8221;row&#8221; use_row_as_full_screen_section=&#8221;no&#8221; type=&#8221;full_width&#8221; angled_section=&#8221;no&#8221; text_align=&#8221;left&#8221; background_image_as_pattern=&#8221;without_pattern&#8221; css_animation=&#8221;&#8221;][vc_column][vc_empty_space][\/vc_column][\/vc_row][vc_row row_type=&#8221;row&#8221; use_row_as_full_screen_section=&#8221;no&#8221; type=&#8221;full_width&#8221; angled_section=&#8221;no&#8221; text_align=&#8221;left&#8221; background_image_as_pattern=&#8221;without_pattern&#8221; css_animation=&#8221;&#8221;][vc_column][vc_column_text]<\/p>\n<h3>Dizajn i Odr\u017eavanje<\/h3>\n<p>Da biste o\u010duvali lepotu i performanse va\u0161eg jorgana, protresite ga svakog jutra, povremeno provetrite i pratite uputstva za pranje i odr\u017eavanje na etiketi. Uz pravilnu negu, va\u0161 Ypnos Down jorgan osta\u0107e sve\u017e, pun i predivno mekan dugi niz godina.[\/vc_column_text][\/vc_column][\/vc_row][vc_row row_type=&#8221;row&#8221; use_row_as_full_screen_section=&#8221;no&#8221; type=&#8221;full_width&#8221; angled_section=&#8221;no&#8221; text_align=&#8221;left&#8221; background_image_as_pattern=&#8221;without_pattern&#8221; css_animation=&#8221;&#8221;][vc_column][vc_empty_space height=&#8221;70px&#8221;][\/vc_column][\/vc_row]<\/p>\n","protected":false},"excerpt":{"rendered":"<p>[vc_row row_type=&#8221;row&#8221; use_row_as_full_screen_section=&#8221;no&#8221; type=&#8221;full_width&#8221; angled_section=&#8221;no&#8221; text_align=&#8221;left&#8221; background_image_as_pattern=&#8221;without_pattern&#8221; css_animation=&#8221;&#8221;][vc_column width=&#8221;1\/2&#8243;][vc_single_image image=&#8221;23448&#8243; img_size=&#8221;full&#8221; alignment=&#8221;center&#8221; qode_css_animation=&#8221;&#8221;][\/vc_column][vc_column width=&#8221;1\/2&#8243;][vc_single_image image=&#8221;23448&#8243; img_size=&#8221;full&#8221; alignment=&#8221;center&#8221; qode_css_animation=&#8221;&#8221;][\/vc_column][\/vc_row][vc_row row_type=&#8221;row&#8221; use_row_as_full_screen_section=&#8221;no&#8221; type=&#8221;full_width&#8221; angled_section=&#8221;no&#8221; text_align=&#8221;left&#8221; background_image_as_pattern=&#8221;without_pattern&#8221; css_animation=&#8221;&#8221;][vc_column][vc_empty_space][\/vc_column][\/vc_row][vc_row row_type=&#8221;row&#8221; use_row_as_full_screen_section=&#8221;no&#8221; type=&#8221;full_width&#8221; angled_section=&#8221;no&#8221; text_align=&#8221;left&#8221; background_image_as_pattern=&#8221;without_pattern&#8221; css_animation=&#8221;&#8221;][vc_column][vc_column_text]Four Seasons\u2013Originalan par jorgana, spojen prakti\u010dnim dugmi\u0107ima, koristi se zajedno tokom veoma hladnih no\u0107i,&#8230;<\/p>\n","protected":false},"author":1,"featured_media":0,"parent":0,"menu_order":0,"comment_status":"closed","ping_status":"closed","template":"","meta":{"footnotes":""},"class_list":["post-23464","page","type-page","status-publish","hentry"],"yoast_head":"<!-- This site is optimized with the Yoast SEO plugin v27.2 - https:\/\/yoast.com\/product\/yoast-seo-wordpress\/ -->\n<title>Ypnos Down Duvet \u2013 FOUR SEASONS - Gevorest<\/title>\n<meta name=\"robots\" content=\"index, follow, max-snippet:-1, max-image-preview:large, max-video-preview:-1\" \/>\n<link rel=\"canonical\" href=\"https:\/\/www.gevorest.com\/sr\/duvets-ypnos-fourseasons\/\" \/>\n<meta property=\"og:locale\" content=\"sr_RS\" \/>\n<meta property=\"og:type\" content=\"article\" \/>\n<meta property=\"og:title\" content=\"Ypnos Down Duvet \u2013 FOUR SEASONS - Gevorest\" \/>\n<meta property=\"og:description\" content=\"[vc_row row_type=&#8221;row&#8221; use_row_as_full_screen_section=&#8221;no&#8221; type=&#8221;full_width&#8221; angled_section=&#8221;no&#8221; text_align=&#8221;left&#8221; background_image_as_pattern=&#8221;without_pattern&#8221; css_animation=&#8221;&#8221;][vc_column width=&#8221;1\/2&#8243;][vc_single_image image=&#8221;23448&#8243; img_size=&#8221;full&#8221; alignment=&#8221;center&#8221; qode_css_animation=&#8221;&#8221;][\/vc_column][vc_column width=&#8221;1\/2&#8243;][vc_single_image image=&#8221;23448&#8243; img_size=&#8221;full&#8221; alignment=&#8221;center&#8221; qode_css_animation=&#8221;&#8221;][\/vc_column][\/vc_row][vc_row row_type=&#8221;row&#8221; use_row_as_full_screen_section=&#8221;no&#8221; type=&#8221;full_width&#8221; angled_section=&#8221;no&#8221; text_align=&#8221;left&#8221; background_image_as_pattern=&#8221;without_pattern&#8221; css_animation=&#8221;&#8221;][vc_column][vc_empty_space][\/vc_column][\/vc_row][vc_row row_type=&#8221;row&#8221; use_row_as_full_screen_section=&#8221;no&#8221; type=&#8221;full_width&#8221; angled_section=&#8221;no&#8221; text_align=&#8221;left&#8221; background_image_as_pattern=&#8221;without_pattern&#8221; css_animation=&#8221;&#8221;][vc_column][vc_column_text]Four Seasons\u2013Originalan par jorgana, spojen prakti\u010dnim dugmi\u0107ima, koristi se zajedno tokom veoma hladnih no\u0107i,...\" \/>\n<meta property=\"og:url\" content=\"https:\/\/www.gevorest.com\/sr\/duvets-ypnos-fourseasons\/\" \/>\n<meta property=\"og:site_name\" content=\"Gevorest\" \/>\n<meta property=\"article:modified_time\" content=\"2025-11-18T17:41:19+00:00\" \/>\n<meta name=\"twitter:card\" content=\"summary_large_image\" \/>\n<meta name=\"twitter:label1\" content=\"Est. reading time\" \/>\n\t<meta name=\"twitter:data1\" content=\"3 minutes\" \/>\n<script type=\"application\/ld+json\" class=\"yoast-schema-graph\">{\"@context\":\"https:\/\/schema.org\",\"@graph\":[{\"@type\":\"WebPage\",\"@id\":\"https:\/\/www.gevorest.com\/sr\/duvets-ypnos-fourseasons\/\",\"url\":\"https:\/\/www.gevorest.com\/sr\/duvets-ypnos-fourseasons\/\",\"name\":\"Ypnos Down Duvet \u2013 FOUR SEASONS - Gevorest\",\"isPartOf\":{\"@id\":\"https:\/\/www.gevorest.com\/#website\"},\"datePublished\":\"2025-11-15T15:18:55+00:00\",\"dateModified\":\"2025-11-18T17:41:19+00:00\",\"breadcrumb\":{\"@id\":\"https:\/\/www.gevorest.com\/sr\/duvets-ypnos-fourseasons\/#breadcrumb\"},\"inLanguage\":\"sr-RS\",\"potentialAction\":[{\"@type\":\"ReadAction\",\"target\":[\"https:\/\/www.gevorest.com\/sr\/duvets-ypnos-fourseasons\/\"]}]},{\"@type\":\"BreadcrumbList\",\"@id\":\"https:\/\/www.gevorest.com\/sr\/duvets-ypnos-fourseasons\/#breadcrumb\",\"itemListElement\":[{\"@type\":\"ListItem\",\"position\":1,\"name\":\"Home\",\"item\":\"https:\/\/www.gevorest.com\/sr\/\"},{\"@type\":\"ListItem\",\"position\":2,\"name\":\"Ypnos Down Duvet \u2013 FOUR SEASONS\"}]},{\"@type\":\"WebSite\",\"@id\":\"https:\/\/www.gevorest.com\/#website\",\"url\":\"https:\/\/www.gevorest.com\/\",\"name\":\"Gevorest\",\"description\":\"Serves the Quality of Sleep since 1967\",\"publisher\":{\"@id\":\"https:\/\/www.gevorest.com\/#organization\"},\"potentialAction\":[{\"@type\":\"SearchAction\",\"target\":{\"@type\":\"EntryPoint\",\"urlTemplate\":\"https:\/\/www.gevorest.com\/?s={search_term_string}\"},\"query-input\":{\"@type\":\"PropertyValueSpecification\",\"valueRequired\":true,\"valueName\":\"search_term_string\"}}],\"inLanguage\":\"sr-RS\"},{\"@type\":\"Organization\",\"@id\":\"https:\/\/www.gevorest.com\/#organization\",\"name\":\"Gevorest\",\"url\":\"https:\/\/www.gevorest.com\/\",\"logo\":{\"@type\":\"ImageObject\",\"inLanguage\":\"sr-RS\",\"@id\":\"https:\/\/www.gevorest.com\/#\/schema\/logo\/image\/\",\"url\":\"https:\/\/www.gevorest.com\/wp-content\/uploads\/2018\/06\/gevorest_logo_2018.png\",\"contentUrl\":\"https:\/\/www.gevorest.com\/wp-content\/uploads\/2018\/06\/gevorest_logo_2018.png\",\"width\":1282,\"height\":423,\"caption\":\"Gevorest\"},\"image\":{\"@id\":\"https:\/\/www.gevorest.com\/#\/schema\/logo\/image\/\"}}]}<\/script>\n<!-- \/ Yoast SEO plugin. -->","yoast_head_json":{"title":"Ypnos Down Duvet \u2013 FOUR SEASONS - Gevorest","robots":{"index":"index","follow":"follow","max-snippet":"max-snippet:-1","max-image-preview":"max-image-preview:large","max-video-preview":"max-video-preview:-1"},"canonical":"https:\/\/www.gevorest.com\/sr\/duvets-ypnos-fourseasons\/","og_locale":"sr_RS","og_type":"article","og_title":"Ypnos Down Duvet \u2013 FOUR SEASONS - Gevorest","og_description":"[vc_row row_type=&#8221;row&#8221; use_row_as_full_screen_section=&#8221;no&#8221; type=&#8221;full_width&#8221; angled_section=&#8221;no&#8221; text_align=&#8221;left&#8221; background_image_as_pattern=&#8221;without_pattern&#8221; css_animation=&#8221;&#8221;][vc_column width=&#8221;1\/2&#8243;][vc_single_image image=&#8221;23448&#8243; img_size=&#8221;full&#8221; alignment=&#8221;center&#8221; qode_css_animation=&#8221;&#8221;][\/vc_column][vc_column width=&#8221;1\/2&#8243;][vc_single_image image=&#8221;23448&#8243; img_size=&#8221;full&#8221; alignment=&#8221;center&#8221; qode_css_animation=&#8221;&#8221;][\/vc_column][\/vc_row][vc_row row_type=&#8221;row&#8221; use_row_as_full_screen_section=&#8221;no&#8221; type=&#8221;full_width&#8221; angled_section=&#8221;no&#8221; text_align=&#8221;left&#8221; background_image_as_pattern=&#8221;without_pattern&#8221; css_animation=&#8221;&#8221;][vc_column][vc_empty_space][\/vc_column][\/vc_row][vc_row row_type=&#8221;row&#8221; use_row_as_full_screen_section=&#8221;no&#8221; type=&#8221;full_width&#8221; angled_section=&#8221;no&#8221; text_align=&#8221;left&#8221; background_image_as_pattern=&#8221;without_pattern&#8221; css_animation=&#8221;&#8221;][vc_column][vc_column_text]Four Seasons\u2013Originalan par jorgana, spojen prakti\u010dnim dugmi\u0107ima, koristi se zajedno tokom veoma hladnih no\u0107i,...","og_url":"https:\/\/www.gevorest.com\/sr\/duvets-ypnos-fourseasons\/","og_site_name":"Gevorest","article_modified_time":"2025-11-18T17:41:19+00:00","twitter_card":"summary_large_image","twitter_misc":{"Est. reading time":"3 minutes"},"schema":{"@context":"https:\/\/schema.org","@graph":[{"@type":"WebPage","@id":"https:\/\/www.gevorest.com\/sr\/duvets-ypnos-fourseasons\/","url":"https:\/\/www.gevorest.com\/sr\/duvets-ypnos-fourseasons\/","name":"Ypnos Down Duvet \u2013 FOUR SEASONS - Gevorest","isPartOf":{"@id":"https:\/\/www.gevorest.com\/#website"},"datePublished":"2025-11-15T15:18:55+00:00","dateModified":"2025-11-18T17:41:19+00:00","breadcrumb":{"@id":"https:\/\/www.gevorest.com\/sr\/duvets-ypnos-fourseasons\/#breadcrumb"},"inLanguage":"sr-RS","potentialAction":[{"@type":"ReadAction","target":["https:\/\/www.gevorest.com\/sr\/duvets-ypnos-fourseasons\/"]}]},{"@type":"BreadcrumbList","@id":"https:\/\/www.gevorest.com\/sr\/duvets-ypnos-fourseasons\/#breadcrumb","itemListElement":[{"@type":"ListItem","position":1,"name":"Home","item":"https:\/\/www.gevorest.com\/sr\/"},{"@type":"ListItem","position":2,"name":"Ypnos Down Duvet \u2013 FOUR SEASONS"}]},{"@type":"WebSite","@id":"https:\/\/www.gevorest.com\/#website","url":"https:\/\/www.gevorest.com\/","name":"Gevorest","description":"Serves the Quality of Sleep since 1967","publisher":{"@id":"https:\/\/www.gevorest.com\/#organization"},"potentialAction":[{"@type":"SearchAction","target":{"@type":"EntryPoint","urlTemplate":"https:\/\/www.gevorest.com\/?s={search_term_string}"},"query-input":{"@type":"PropertyValueSpecification","valueRequired":true,"valueName":"search_term_string"}}],"inLanguage":"sr-RS"},{"@type":"Organization","@id":"https:\/\/www.gevorest.com\/#organization","name":"Gevorest","url":"https:\/\/www.gevorest.com\/","logo":{"@type":"ImageObject","inLanguage":"sr-RS","@id":"https:\/\/www.gevorest.com\/#\/schema\/logo\/image\/","url":"https:\/\/www.gevorest.com\/wp-content\/uploads\/2018\/06\/gevorest_logo_2018.png","contentUrl":"https:\/\/www.gevorest.com\/wp-content\/uploads\/2018\/06\/gevorest_logo_2018.png","width":1282,"height":423,"caption":"Gevorest"},"image":{"@id":"https:\/\/www.gevorest.com\/#\/schema\/logo\/image\/"}}]}},"_links":{"self":[{"href":"https:\/\/www.gevorest.com\/sr\/wp-json\/wp\/v2\/pages\/23464","targetHints":{"allow":["GET"]}}],"collection":[{"href":"https:\/\/www.gevorest.com\/sr\/wp-json\/wp\/v2\/pages"}],"about":[{"href":"https:\/\/www.gevorest.com\/sr\/wp-json\/wp\/v2\/types\/page"}],"author":[{"embeddable":true,"href":"https:\/\/www.gevorest.com\/sr\/wp-json\/wp\/v2\/users\/1"}],"replies":[{"embeddable":true,"href":"https:\/\/www.gevorest.com\/sr\/wp-json\/wp\/v2\/comments?post=23464"}],"version-history":[{"count":10,"href":"https:\/\/www.gevorest.com\/sr\/wp-json\/wp\/v2\/pages\/23464\/revisions"}],"predecessor-version":[{"id":23544,"href":"https:\/\/www.gevorest.com\/sr\/wp-json\/wp\/v2\/pages\/23464\/revisions\/23544"}],"wp:attachment":[{"href":"https:\/\/www.gevorest.com\/sr\/wp-json\/wp\/v2\/media?parent=23464"}],"curies":[{"name":"wp","href":"https:\/\/api.w.org\/{rel}","templated":true}]}}