{"id":23741,"date":"2025-12-30T09:17:26","date_gmt":"2025-12-30T09:17:26","guid":{"rendered":"https:\/\/www.gevorest.com\/sr\/bedroom-furniture\/"},"modified":"2026-01-02T16:46:09","modified_gmt":"2026-01-02T16:46:09","slug":"bedroom-furniture","status":"publish","type":"page","link":"https:\/\/www.gevorest.com\/sr\/bedroom-furniture\/","title":{"rendered":"Name\u0161taj za spava\u0107u sobu"},"content":{"rendered":"<p>[vc_row row_type=&#8221;row&#8221; use_row_as_full_screen_section=&#8221;no&#8221; type=&#8221;full_width&#8221; angled_section=&#8221;no&#8221; text_align=&#8221;left&#8221; background_image_as_pattern=&#8221;without_pattern&#8221; css_animation=&#8221;&#8221;][vc_column]<div class='projects_holder_outer v3 portfolio_with_space portfolio_standard '><div class='projects_holder portfolio_main_holder clearfix v3 standard portfolio_full_image '>\n<article class='mix portfolio_category_437 ' style=''><div class='image_holder'><a itemprop='url' class='portfolio_link_for_touch' href='https:\/\/www.gevorest.com\/sr\/portfolio_page\/ovalo-bench\/' target='_self'><span class='image'><img loading=\"lazy\" decoding=\"async\" width=\"800\" height=\"525\" src=\"https:\/\/www.gevorest.com\/wp-content\/uploads\/2025\/12\/ovalo_bench_7.jpg\" class=\"attachment-full size-full wp-post-image\" alt=\"\" srcset=\"https:\/\/www.gevorest.com\/wp-content\/uploads\/2025\/12\/ovalo_bench_7.jpg 800w, https:\/\/www.gevorest.com\/wp-content\/uploads\/2025\/12\/ovalo_bench_7-300x197.jpg 300w, https:\/\/www.gevorest.com\/wp-content\/uploads\/2025\/12\/ovalo_bench_7-768x504.jpg 768w, https:\/\/www.gevorest.com\/wp-content\/uploads\/2025\/12\/ovalo_bench_7-700x459.jpg 700w\" sizes=\"auto, (max-width: 800px) 100vw, 800px\" \/><\/span><\/a><span class='text_holder'><span class='text_outer'><span class='text_inner'><span class='feature_holder'><span class=\"feature_holder_icons\"><a itemprop='url' class='preview qbutton small white' href='https:\/\/www.gevorest.com\/sr\/portfolio_page\/ovalo-bench\/' target='_self'>view<\/a><\/span><\/span><\/span><\/span><\/span><\/div><div class='portfolio_description '><h5 itemprop=\"headings\" class=\"portfolio_title entry_title\"><a itemprop=\"url\" href=\"https:\/\/www.gevorest.com\/sr\/portfolio_page\/ovalo-bench\/\"  target=\"_self\">Podno\u017eje Ovalo<\/a><\/h5><span class=\"project_category\" >Bedroom Furniture<\/span><\/div><\/article>\n<article class='mix portfolio_category_437 ' style=''><div class='image_holder'><a itemprop='url' class='portfolio_link_for_touch' href='https:\/\/www.gevorest.com\/sr\/portfolio_page\/ovalo-nightstand\/' target='_self'><span class='image'><img loading=\"lazy\" decoding=\"async\" width=\"800\" height=\"525\" src=\"https:\/\/www.gevorest.com\/wp-content\/uploads\/2026\/01\/ovalo_nightstand_low_5.jpg\" class=\"attachment-full size-full wp-post-image\" alt=\"\" srcset=\"https:\/\/www.gevorest.com\/wp-content\/uploads\/2026\/01\/ovalo_nightstand_low_5.jpg 800w, https:\/\/www.gevorest.com\/wp-content\/uploads\/2026\/01\/ovalo_nightstand_low_5-300x197.jpg 300w, https:\/\/www.gevorest.com\/wp-content\/uploads\/2026\/01\/ovalo_nightstand_low_5-768x504.jpg 768w, https:\/\/www.gevorest.com\/wp-content\/uploads\/2026\/01\/ovalo_nightstand_low_5-700x459.jpg 700w\" sizes=\"auto, (max-width: 800px) 100vw, 800px\" \/><\/span><\/a><span class='text_holder'><span class='text_outer'><span class='text_inner'><span class='feature_holder'><span class=\"feature_holder_icons\"><a itemprop='url' class='preview qbutton small white' href='https:\/\/www.gevorest.com\/sr\/portfolio_page\/ovalo-nightstand\/' target='_self'>view<\/a><\/span><\/span><\/span><\/span><\/span><\/div><div class='portfolio_description '><h5 itemprop=\"headings\" class=\"portfolio_title entry_title\"><a itemprop=\"url\" href=\"https:\/\/www.gevorest.com\/sr\/portfolio_page\/ovalo-nightstand\/\"  target=\"_self\">No\u0107ni sto\u010di\u0107 Ovalo<\/a><\/h5><span class=\"project_category\" >Bedroom Furniture<\/span><\/div><\/article>\n<article class='mix portfolio_category_437 ' style=''><div class='image_holder'><a itemprop='url' class='portfolio_link_for_touch' href='https:\/\/www.gevorest.com\/sr\/portfolio_page\/the-keeper-nightstand\/' target='_self'><span class='image'><img loading=\"lazy\" decoding=\"async\" width=\"800\" height=\"525\" src=\"https:\/\/www.gevorest.com\/wp-content\/uploads\/2026\/01\/the_keeper_4.jpg\" class=\"attachment-full size-full wp-post-image\" alt=\"\" srcset=\"https:\/\/www.gevorest.com\/wp-content\/uploads\/2026\/01\/the_keeper_4.jpg 800w, https:\/\/www.gevorest.com\/wp-content\/uploads\/2026\/01\/the_keeper_4-300x197.jpg 300w, https:\/\/www.gevorest.com\/wp-content\/uploads\/2026\/01\/the_keeper_4-768x504.jpg 768w, https:\/\/www.gevorest.com\/wp-content\/uploads\/2026\/01\/the_keeper_4-700x459.jpg 700w\" sizes=\"auto, (max-width: 800px) 100vw, 800px\" \/><\/span><\/a><span class='text_holder'><span class='text_outer'><span class='text_inner'><span class='feature_holder'><span class=\"feature_holder_icons\"><a itemprop='url' class='preview qbutton small white' href='https:\/\/www.gevorest.com\/sr\/portfolio_page\/the-keeper-nightstand\/' target='_self'>view<\/a><\/span><\/span><\/span><\/span><\/span><\/div><div class='portfolio_description '><h5 itemprop=\"headings\" class=\"portfolio_title entry_title\"><a itemprop=\"url\" href=\"https:\/\/www.gevorest.com\/sr\/portfolio_page\/the-keeper-nightstand\/\"  target=\"_self\">No\u0107ni sto\u010di\u0107 THE KEEPER<\/a><\/h5><span class=\"project_category\" >Bedroom Furniture<\/span><\/div><\/article>\n<article class='mix portfolio_category_437 ' style=''><div class='image_holder'><a itemprop='url' class='portfolio_link_for_touch' href='https:\/\/www.gevorest.com\/sr\/portfolio_page\/light-nightstand\/' target='_self'><span class='image'><img loading=\"lazy\" decoding=\"async\" width=\"800\" height=\"525\" src=\"https:\/\/www.gevorest.com\/wp-content\/uploads\/2026\/01\/light_nightstand_2.jpg\" class=\"attachment-full size-full wp-post-image\" alt=\"\" srcset=\"https:\/\/www.gevorest.com\/wp-content\/uploads\/2026\/01\/light_nightstand_2.jpg 800w, https:\/\/www.gevorest.com\/wp-content\/uploads\/2026\/01\/light_nightstand_2-300x197.jpg 300w, https:\/\/www.gevorest.com\/wp-content\/uploads\/2026\/01\/light_nightstand_2-768x504.jpg 768w, https:\/\/www.gevorest.com\/wp-content\/uploads\/2026\/01\/light_nightstand_2-700x459.jpg 700w\" sizes=\"auto, (max-width: 800px) 100vw, 800px\" \/><\/span><\/a><span class='text_holder'><span class='text_outer'><span class='text_inner'><span class='feature_holder'><span class=\"feature_holder_icons\"><a itemprop='url' class='preview qbutton small white' href='https:\/\/www.gevorest.com\/sr\/portfolio_page\/light-nightstand\/' target='_self'>view<\/a><\/span><\/span><\/span><\/span><\/span><\/div><div class='portfolio_description '><h5 itemprop=\"headings\" class=\"portfolio_title entry_title\"><a itemprop=\"url\" href=\"https:\/\/www.gevorest.com\/sr\/portfolio_page\/light-nightstand\/\"  target=\"_self\">No\u0107ni sto\u010di\u0107 LIGHT<\/a><\/h5><span class=\"project_category\" >Bedroom Furniture<\/span><\/div><\/article>\n<article class='mix portfolio_category_437 ' style=''><div class='image_holder'><a itemprop='url' class='portfolio_link_for_touch' href='https:\/\/www.gevorest.com\/sr\/portfolio_page\/vogue-nightstand\/' target='_self'><span class='image'><img loading=\"lazy\" decoding=\"async\" width=\"800\" height=\"525\" src=\"https:\/\/www.gevorest.com\/wp-content\/uploads\/2026\/01\/vogue_nightstand_1.jpg\" class=\"attachment-full size-full wp-post-image\" alt=\"\" srcset=\"https:\/\/www.gevorest.com\/wp-content\/uploads\/2026\/01\/vogue_nightstand_1.jpg 800w, https:\/\/www.gevorest.com\/wp-content\/uploads\/2026\/01\/vogue_nightstand_1-300x197.jpg 300w, https:\/\/www.gevorest.com\/wp-content\/uploads\/2026\/01\/vogue_nightstand_1-768x504.jpg 768w, https:\/\/www.gevorest.com\/wp-content\/uploads\/2026\/01\/vogue_nightstand_1-700x459.jpg 700w\" sizes=\"auto, (max-width: 800px) 100vw, 800px\" \/><\/span><\/a><span class='text_holder'><span class='text_outer'><span class='text_inner'><span class='feature_holder'><span class=\"feature_holder_icons\"><a itemprop='url' class='preview qbutton small white' href='https:\/\/www.gevorest.com\/sr\/portfolio_page\/vogue-nightstand\/' target='_self'>view<\/a><\/span><\/span><\/span><\/span><\/span><\/div><div class='portfolio_description '><h5 itemprop=\"headings\" class=\"portfolio_title entry_title\"><a itemprop=\"url\" href=\"https:\/\/www.gevorest.com\/sr\/portfolio_page\/vogue-nightstand\/\"  target=\"_self\">No\u0107ni sto\u010di\u0107 VOGUE<\/a><\/h5><span class=\"project_category\" >Bedroom Furniture<\/span><\/div><\/article>\n<article class='mix portfolio_category_437 ' style=''><div class='image_holder'><a itemprop='url' class='portfolio_link_for_touch' href='https:\/\/www.gevorest.com\/sr\/portfolio_page\/stylish-nightstand\/' target='_self'><span class='image'><img loading=\"lazy\" decoding=\"async\" width=\"800\" height=\"525\" src=\"https:\/\/www.gevorest.com\/wp-content\/uploads\/2026\/01\/stylish_nightstand_3.jpg\" class=\"attachment-full size-full wp-post-image\" alt=\"\" srcset=\"https:\/\/www.gevorest.com\/wp-content\/uploads\/2026\/01\/stylish_nightstand_3.jpg 800w, https:\/\/www.gevorest.com\/wp-content\/uploads\/2026\/01\/stylish_nightstand_3-300x197.jpg 300w, https:\/\/www.gevorest.com\/wp-content\/uploads\/2026\/01\/stylish_nightstand_3-768x504.jpg 768w, https:\/\/www.gevorest.com\/wp-content\/uploads\/2026\/01\/stylish_nightstand_3-700x459.jpg 700w\" sizes=\"auto, (max-width: 800px) 100vw, 800px\" \/><\/span><\/a><span class='text_holder'><span class='text_outer'><span class='text_inner'><span class='feature_holder'><span class=\"feature_holder_icons\"><a itemprop='url' class='preview qbutton small white' href='https:\/\/www.gevorest.com\/sr\/portfolio_page\/stylish-nightstand\/' target='_self'>view<\/a><\/span><\/span><\/span><\/span><\/span><\/div><div class='portfolio_description '><h5 itemprop=\"headings\" class=\"portfolio_title entry_title\"><a itemprop=\"url\" href=\"https:\/\/www.gevorest.com\/sr\/portfolio_page\/stylish-nightstand\/\"  target=\"_self\">No\u0107ni sto\u010di\u0107 STYLISH<\/a><\/h5><span class=\"project_category\" >Bedroom Furniture<\/span><\/div><\/article>\n<article class='mix portfolio_category_437 ' style=''><div class='image_holder'><a itemprop='url' class='portfolio_link_for_touch' href='https:\/\/www.gevorest.com\/sr\/portfolio_page\/essential-nightstand\/' target='_self'><span class='image'><img loading=\"lazy\" decoding=\"async\" width=\"800\" height=\"525\" src=\"https:\/\/www.gevorest.com\/wp-content\/uploads\/2026\/01\/essential_nightstand_5.jpg\" class=\"attachment-full size-full wp-post-image\" alt=\"\" srcset=\"https:\/\/www.gevorest.com\/wp-content\/uploads\/2026\/01\/essential_nightstand_5.jpg 800w, https:\/\/www.gevorest.com\/wp-content\/uploads\/2026\/01\/essential_nightstand_5-300x197.jpg 300w, https:\/\/www.gevorest.com\/wp-content\/uploads\/2026\/01\/essential_nightstand_5-768x504.jpg 768w, https:\/\/www.gevorest.com\/wp-content\/uploads\/2026\/01\/essential_nightstand_5-700x459.jpg 700w\" sizes=\"auto, (max-width: 800px) 100vw, 800px\" \/><\/span><\/a><span class='text_holder'><span class='text_outer'><span class='text_inner'><span class='feature_holder'><span class=\"feature_holder_icons\"><a itemprop='url' class='preview qbutton small white' href='https:\/\/www.gevorest.com\/sr\/portfolio_page\/essential-nightstand\/' target='_self'>view<\/a><\/span><\/span><\/span><\/span><\/span><\/div><div class='portfolio_description '><h5 itemprop=\"headings\" class=\"portfolio_title entry_title\"><a itemprop=\"url\" href=\"https:\/\/www.gevorest.com\/sr\/portfolio_page\/essential-nightstand\/\"  target=\"_self\">No\u0107ni sto\u010di\u0107 ESSENTIAL<\/a><\/h5><span class=\"project_category\" >Bedroom Furniture<\/span><\/div><\/article>\n<article class='mix portfolio_category_437 ' style=''><div class='image_holder'><a itemprop='url' class='portfolio_link_for_touch' href='https:\/\/www.gevorest.com\/sr\/portfolio_page\/timber-nightstand\/' target='_self'><span class='image'><img loading=\"lazy\" decoding=\"async\" width=\"800\" height=\"525\" src=\"https:\/\/www.gevorest.com\/wp-content\/uploads\/2026\/01\/timber_nightstand_1.jpg\" class=\"attachment-full size-full wp-post-image\" alt=\"\" srcset=\"https:\/\/www.gevorest.com\/wp-content\/uploads\/2026\/01\/timber_nightstand_1.jpg 800w, https:\/\/www.gevorest.com\/wp-content\/uploads\/2026\/01\/timber_nightstand_1-300x197.jpg 300w, https:\/\/www.gevorest.com\/wp-content\/uploads\/2026\/01\/timber_nightstand_1-768x504.jpg 768w, https:\/\/www.gevorest.com\/wp-content\/uploads\/2026\/01\/timber_nightstand_1-700x459.jpg 700w\" sizes=\"auto, (max-width: 800px) 100vw, 800px\" \/><\/span><\/a><span class='text_holder'><span class='text_outer'><span class='text_inner'><span class='feature_holder'><span class=\"feature_holder_icons\"><a itemprop='url' class='preview qbutton small white' href='https:\/\/www.gevorest.com\/sr\/portfolio_page\/timber-nightstand\/' target='_self'>view<\/a><\/span><\/span><\/span><\/span><\/span><\/div><div class='portfolio_description '><h5 itemprop=\"headings\" class=\"portfolio_title entry_title\"><a itemprop=\"url\" href=\"https:\/\/www.gevorest.com\/sr\/portfolio_page\/timber-nightstand\/\"  target=\"_self\">No\u0107ni sto\u010di\u0107 TIMBER<\/a><\/h5><span class=\"project_category\" >Bedroom Furniture<\/span><\/div><\/article>\n<div class='filler'><\/div>\n<div class='filler'><\/div>\n<div class='filler'><\/div>\n<\/div><\/div>[\/vc_column][\/vc_row]<\/p>\n","protected":false},"excerpt":{"rendered":"<p>[vc_row row_type=&#8221;row&#8221; use_row_as_full_screen_section=&#8221;no&#8221; type=&#8221;full_width&#8221; angled_section=&#8221;no&#8221; text_align=&#8221;left&#8221; background_image_as_pattern=&#8221;without_pattern&#8221; css_animation=&#8221;&#8221;][vc_column][\/vc_column][\/vc_row]<\/p>\n","protected":false},"author":1,"featured_media":0,"parent":0,"menu_order":0,"comment_status":"closed","ping_status":"closed","template":"","meta":{"footnotes":""},"class_list":["post-23741","page","type-page","status-publish","hentry"],"yoast_head":"<!-- This site is optimized with the Yoast SEO plugin v27.2 - https:\/\/yoast.com\/product\/yoast-seo-wordpress\/ -->\n<title>Name\u0161taj za spava\u0107u sobu - Gevorest<\/title>\n<meta name=\"robots\" content=\"index, follow, max-snippet:-1, max-image-preview:large, max-video-preview:-1\" \/>\n<link rel=\"canonical\" href=\"https:\/\/www.gevorest.com\/sr\/bedroom-furniture\/\" \/>\n<meta property=\"og:locale\" content=\"sr_RS\" \/>\n<meta property=\"og:type\" content=\"article\" \/>\n<meta property=\"og:title\" content=\"Name\u0161taj za spava\u0107u sobu - Gevorest\" \/>\n<meta property=\"og:description\" content=\"[vc_row row_type=&#8221;row&#8221; use_row_as_full_screen_section=&#8221;no&#8221; type=&#8221;full_width&#8221; angled_section=&#8221;no&#8221; text_align=&#8221;left&#8221; background_image_as_pattern=&#8221;without_pattern&#8221; css_animation=&#8221;&#8221;][vc_column][\/vc_column][\/vc_row]\" \/>\n<meta property=\"og:url\" content=\"https:\/\/www.gevorest.com\/sr\/bedroom-furniture\/\" \/>\n<meta property=\"og:site_name\" content=\"Gevorest\" \/>\n<meta property=\"article:modified_time\" content=\"2026-01-02T16:46:09+00:00\" \/>\n<meta name=\"twitter:card\" content=\"summary_large_image\" \/>\n<meta name=\"twitter:label1\" content=\"Est. reading time\" \/>\n\t<meta name=\"twitter:data1\" content=\"1 minute\" \/>\n<script type=\"application\/ld+json\" class=\"yoast-schema-graph\">{\"@context\":\"https:\/\/schema.org\",\"@graph\":[{\"@type\":\"WebPage\",\"@id\":\"https:\/\/www.gevorest.com\/sr\/bedroom-furniture\/\",\"url\":\"https:\/\/www.gevorest.com\/sr\/bedroom-furniture\/\",\"name\":\"Name\u0161taj za spava\u0107u sobu - Gevorest\",\"isPartOf\":{\"@id\":\"https:\/\/www.gevorest.com\/#website\"},\"datePublished\":\"2025-12-30T09:17:26+00:00\",\"dateModified\":\"2026-01-02T16:46:09+00:00\",\"breadcrumb\":{\"@id\":\"https:\/\/www.gevorest.com\/sr\/bedroom-furniture\/#breadcrumb\"},\"inLanguage\":\"sr-RS\",\"potentialAction\":[{\"@type\":\"ReadAction\",\"target\":[\"https:\/\/www.gevorest.com\/sr\/bedroom-furniture\/\"]}]},{\"@type\":\"BreadcrumbList\",\"@id\":\"https:\/\/www.gevorest.com\/sr\/bedroom-furniture\/#breadcrumb\",\"itemListElement\":[{\"@type\":\"ListItem\",\"position\":1,\"name\":\"Home\",\"item\":\"https:\/\/www.gevorest.com\/sr\/\"},{\"@type\":\"ListItem\",\"position\":2,\"name\":\"Name\u0161taj za spava\u0107u sobu\"}]},{\"@type\":\"WebSite\",\"@id\":\"https:\/\/www.gevorest.com\/#website\",\"url\":\"https:\/\/www.gevorest.com\/\",\"name\":\"Gevorest\",\"description\":\"Serves the Quality of Sleep since 1967\",\"publisher\":{\"@id\":\"https:\/\/www.gevorest.com\/#organization\"},\"potentialAction\":[{\"@type\":\"SearchAction\",\"target\":{\"@type\":\"EntryPoint\",\"urlTemplate\":\"https:\/\/www.gevorest.com\/?s={search_term_string}\"},\"query-input\":{\"@type\":\"PropertyValueSpecification\",\"valueRequired\":true,\"valueName\":\"search_term_string\"}}],\"inLanguage\":\"sr-RS\"},{\"@type\":\"Organization\",\"@id\":\"https:\/\/www.gevorest.com\/#organization\",\"name\":\"Gevorest\",\"url\":\"https:\/\/www.gevorest.com\/\",\"logo\":{\"@type\":\"ImageObject\",\"inLanguage\":\"sr-RS\",\"@id\":\"https:\/\/www.gevorest.com\/#\/schema\/logo\/image\/\",\"url\":\"https:\/\/www.gevorest.com\/wp-content\/uploads\/2018\/06\/gevorest_logo_2018.png\",\"contentUrl\":\"https:\/\/www.gevorest.com\/wp-content\/uploads\/2018\/06\/gevorest_logo_2018.png\",\"width\":1282,\"height\":423,\"caption\":\"Gevorest\"},\"image\":{\"@id\":\"https:\/\/www.gevorest.com\/#\/schema\/logo\/image\/\"}}]}<\/script>\n<!-- \/ Yoast SEO plugin. -->","yoast_head_json":{"title":"Name\u0161taj za spava\u0107u sobu - Gevorest","robots":{"index":"index","follow":"follow","max-snippet":"max-snippet:-1","max-image-preview":"max-image-preview:large","max-video-preview":"max-video-preview:-1"},"canonical":"https:\/\/www.gevorest.com\/sr\/bedroom-furniture\/","og_locale":"sr_RS","og_type":"article","og_title":"Name\u0161taj za spava\u0107u sobu - Gevorest","og_description":"[vc_row row_type=&#8221;row&#8221; use_row_as_full_screen_section=&#8221;no&#8221; type=&#8221;full_width&#8221; angled_section=&#8221;no&#8221; text_align=&#8221;left&#8221; background_image_as_pattern=&#8221;without_pattern&#8221; css_animation=&#8221;&#8221;][vc_column][\/vc_column][\/vc_row]","og_url":"https:\/\/www.gevorest.com\/sr\/bedroom-furniture\/","og_site_name":"Gevorest","article_modified_time":"2026-01-02T16:46:09+00:00","twitter_card":"summary_large_image","twitter_misc":{"Est. reading time":"1 minute"},"schema":{"@context":"https:\/\/schema.org","@graph":[{"@type":"WebPage","@id":"https:\/\/www.gevorest.com\/sr\/bedroom-furniture\/","url":"https:\/\/www.gevorest.com\/sr\/bedroom-furniture\/","name":"Name\u0161taj za spava\u0107u sobu - Gevorest","isPartOf":{"@id":"https:\/\/www.gevorest.com\/#website"},"datePublished":"2025-12-30T09:17:26+00:00","dateModified":"2026-01-02T16:46:09+00:00","breadcrumb":{"@id":"https:\/\/www.gevorest.com\/sr\/bedroom-furniture\/#breadcrumb"},"inLanguage":"sr-RS","potentialAction":[{"@type":"ReadAction","target":["https:\/\/www.gevorest.com\/sr\/bedroom-furniture\/"]}]},{"@type":"BreadcrumbList","@id":"https:\/\/www.gevorest.com\/sr\/bedroom-furniture\/#breadcrumb","itemListElement":[{"@type":"ListItem","position":1,"name":"Home","item":"https:\/\/www.gevorest.com\/sr\/"},{"@type":"ListItem","position":2,"name":"Name\u0161taj za spava\u0107u sobu"}]},{"@type":"WebSite","@id":"https:\/\/www.gevorest.com\/#website","url":"https:\/\/www.gevorest.com\/","name":"Gevorest","description":"Serves the Quality of Sleep since 1967","publisher":{"@id":"https:\/\/www.gevorest.com\/#organization"},"potentialAction":[{"@type":"SearchAction","target":{"@type":"EntryPoint","urlTemplate":"https:\/\/www.gevorest.com\/?s={search_term_string}"},"query-input":{"@type":"PropertyValueSpecification","valueRequired":true,"valueName":"search_term_string"}}],"inLanguage":"sr-RS"},{"@type":"Organization","@id":"https:\/\/www.gevorest.com\/#organization","name":"Gevorest","url":"https:\/\/www.gevorest.com\/","logo":{"@type":"ImageObject","inLanguage":"sr-RS","@id":"https:\/\/www.gevorest.com\/#\/schema\/logo\/image\/","url":"https:\/\/www.gevorest.com\/wp-content\/uploads\/2018\/06\/gevorest_logo_2018.png","contentUrl":"https:\/\/www.gevorest.com\/wp-content\/uploads\/2018\/06\/gevorest_logo_2018.png","width":1282,"height":423,"caption":"Gevorest"},"image":{"@id":"https:\/\/www.gevorest.com\/#\/schema\/logo\/image\/"}}]}},"_links":{"self":[{"href":"https:\/\/www.gevorest.com\/sr\/wp-json\/wp\/v2\/pages\/23741","targetHints":{"allow":["GET"]}}],"collection":[{"href":"https:\/\/www.gevorest.com\/sr\/wp-json\/wp\/v2\/pages"}],"about":[{"href":"https:\/\/www.gevorest.com\/sr\/wp-json\/wp\/v2\/types\/page"}],"author":[{"embeddable":true,"href":"https:\/\/www.gevorest.com\/sr\/wp-json\/wp\/v2\/users\/1"}],"replies":[{"embeddable":true,"href":"https:\/\/www.gevorest.com\/sr\/wp-json\/wp\/v2\/comments?post=23741"}],"version-history":[{"count":2,"href":"https:\/\/www.gevorest.com\/sr\/wp-json\/wp\/v2\/pages\/23741\/revisions"}],"predecessor-version":[{"id":23827,"href":"https:\/\/www.gevorest.com\/sr\/wp-json\/wp\/v2\/pages\/23741\/revisions\/23827"}],"wp:attachment":[{"href":"https:\/\/www.gevorest.com\/sr\/wp-json\/wp\/v2\/media?parent=23741"}],"curies":[{"name":"wp","href":"https:\/\/api.w.org\/{rel}","templated":true}]}}